{"id":3713,"date":"2018-12-20T14:22:31","date_gmt":"2018-12-20T14:22:31","guid":{"rendered":"http:\/\/avada.theme-fusion.comxml\/?page_id=3713"},"modified":"2019-06-15T15:05:09","modified_gmt":"2019-06-15T19:05:09","slug":"jean-levasseur","status":"publish","type":"page","link":"https:\/\/levasseur.org\/fr\/nos-ancetres\/jean-levasseur\/","title":{"rendered":"Jean Levasseur"},"content":{"rendered":"<h1 style=\"text-align: center;\">L&rsquo;anc\u00eatre Jean LeVasseur dit Lavigne<\/h1>\n<hr \/>\n<div id=\"attachment_13963\" style=\"width: 196px\" class=\"wp-caption alignleft\"><img decoding=\"async\" aria-describedby=\"caption-attachment-13963\" class=\"wp-image-13963 size-full\" src=\"https:\/\/levasseur.org\/wp-content\/uploads\/2019\/06\/Jean_Levasseur.jpg\" alt=\"\" width=\"186\" height=\"270\" \/><p id=\"caption-attachment-13963\" class=\"wp-caption-text\">Jean Levasseur dit Lavigne \u00e9tait un ma\u00eetre menuisier et un sculpteur talentueux. Il a \u00e9pous\u00e9 Marguerite Richard.<\/p><\/div>\n<p>Nous sommes au milieu du 17e si\u00e8cle. La France cherche des hommes pour peupler sa nouvelle colonie d&rsquo;Am\u00e9rique du Nord. On cherche surtout des bras forts et des gens de m\u00e9tier. La famille Levasseur fut tent\u00e9e par l&rsquo;aventure. Jean Levasseur et son fr\u00e8re Pierre, tous deux ma\u00eetres-menuisiers ainsi que leur soeur Jeanne et son \u00e9poux Christophe de Rollet s&#8217;embarqu\u00e8rent probablement en 1651 avec le gouverneur Jean de Lauzon pour la grande aventure vers un pays inconnu. Ce couple, Jeanne Levasseur et Christophe de Rollet sont les anc\u00eatres des Drolet d&rsquo;Am\u00e9rique.<\/p>\n<p>Jean Levasseur est sans doute le plus connu des Levasseur du d\u00e9but de la colonie. Ceci ne peut surprendre personne car il fut nomm\u00e9 premier huissier au Conseil Souverain peu de temps apr\u00e8s son arriv\u00e9e au Canada. Gr\u00e2ce \u00e0 sa comp\u00e9tence, il obtint plusieurs contrats pour la r\u00e9fection de l&rsquo;\u00e9glise Notre-Dame \u00e0 Qu\u00e9bec.<\/p>\n<p>Ma\u00eetre-menuisier de Paris o\u00f9 il \u00e9tait n\u00e9 en 1622, il \u00e9tait le fils de No\u00ebl Levasseur et Genevi\u00e8ve Gaug\u00e9 ou Gauch\u00e9. Le 23 avril 1645, il signe un contrat de mariage avec Marguerite Richard devant les notaires Philippe Le Cat et Jean Le Semelier, au Chatelet \u00e0 Paris. Nous ne retrouvons pas son acte de mariage, mais il doit avoir eu lieu \u00e0 Saint-Nicolas des Champs, paroisse de Marguerite. J&rsquo;ai visit\u00e9 moi-m\u00eame cette \u00e9glise datant du 13i\u00e8me si\u00e8cle, en 1984. Elle est situ\u00e9e presqu&rsquo;au coeur de Paris \u00e0 environ 500 m\u00e8tres de la rue Gu\u00e9rin-Boisseau o\u00f9 habitait Marguerite Richard.<\/p>\n<p>Selon certains historiens, Jean arriva \u00e0 Qu\u00e9bec accompagn\u00e9 de son \u00e9pouse et de son fils Louis. Louis accompagnera son p\u00e8re, \u00e0 Paris en 1660, pour disposer d&rsquo;une maison appartenant \u00e0 Marguerite Richard. La famille Levasseur d\u00e9cidait donc de couper tous les ponts avec le vieux pays.<\/p>\n<p>Jean Levasseur peut \u00eatre consid\u00e9r\u00e9 comme le fondateur la\u00efc de la Confr\u00e9rie de Sainte-Anne \u00e0 Qu\u00e9bec. Comme le dit si bien le p\u00e8re D. Levack dans son livre \u00ab\u00a0La Confr\u00e9rie de Sainte-Anne \u00e0 Qu\u00e9bec\u00a0\u00bb, cette fondation, il l&rsquo;avait en t\u00eate probablement depuis qu&rsquo;il avait mis pied sur le sol de sa nouvelle patrie. C&rsquo;est sa signature que l&rsquo;on trouve en premier lieu au-bas de la supplique des menuisiers de Qu\u00e9bec demandant l&rsquo;incorporation de la confr\u00e9rie de Sainte-Anne. On trouve aussi la signature de Pierre Levasseur, son fr\u00e8re, G. Loyer, Pierre Biron, F. Gari\u00e9py, Pierre Miville et Raymond Paget.<\/p>\n<p>C&rsquo;est \u00e0 l&rsquo;occasion du 300e anniversaire de la fondation de la Confr\u00e9rie de Sainte-Anne en 1957 que les Levasseur se r\u00e9unissaient \u00e0 Qu\u00e9bec pour comm\u00e9morer ce grand \u00e9v\u00e8nement.<\/p>\n<p>Nous avons retrouv\u00e9 les descendants m\u00e2les de Jean dans l&rsquo;\u00e9tat du Vermont seulement, et tous sous le nom de Vasseur.<\/p>\n<p>&nbsp;<\/p>\n","protected":false},"excerpt":{"rendered":"<p>L&rsquo;anc\u00eatre Jean LeVasseur dit Lavigne Nous sommes au milieu du  [&#8230;]<\/p>\n","protected":false},"author":1,"featured_media":0,"parent":3528,"menu_order":0,"comment_status":"closed","ping_status":"closed","template":"","meta":{"footnotes":""},"class_list":["post-3713","page","type-page","status-publish","hentry"],"yoast_head":"<!-- This site is optimized with the Yoast SEO plugin v27.4 - https:\/\/yoast.com\/product\/yoast-seo-wordpress\/ -->\n<title>Jean Levasseur - Familles Levasseur et Carmel<\/title>\n<meta name=\"description\" content=\"L\u2019Association des Levasseur et Carmel d\u2019Am\u00e9rique vous permet de consulter : documents historiques concernant les anc\u00eatres Jean, Pierre et Laurent Levasseur arriv\u00e9s en Nouvelle-France au 17e si\u00e8cle. Informations, objectifs, activit\u00e9s et rassemblements.\" \/>\n<meta name=\"robots\" content=\"index, follow, max-snippet:-1, max-image-preview:large, max-video-preview:-1\" \/>\n<link rel=\"canonical\" href=\"https:\/\/levasseur.org\/fr\/nos-ancetres\/jean-levasseur\/\" \/>\n<meta property=\"og:locale\" content=\"fr_FR\" \/>\n<meta property=\"og:type\" content=\"article\" \/>\n<meta property=\"og:title\" content=\"Jean Levasseur - Familles Levasseur et Carmel\" \/>\n<meta property=\"og:description\" content=\"L\u2019Association des Levasseur et Carmel d\u2019Am\u00e9rique vous permet de consulter : documents historiques concernant les anc\u00eatres Jean, Pierre et Laurent Levasseur arriv\u00e9s en Nouvelle-France au 17e si\u00e8cle. Informations, objectifs, activit\u00e9s et rassemblements.\" \/>\n<meta property=\"og:url\" content=\"https:\/\/levasseur.org\/fr\/nos-ancetres\/jean-levasseur\/\" \/>\n<meta property=\"og:site_name\" content=\"Familles Levasseur et Carmel\" \/>\n<meta property=\"article:publisher\" content=\"https:\/\/www.facebook.com\/associationlevasseur\" \/>\n<meta property=\"article:modified_time\" content=\"2019-06-15T19:05:09+00:00\" \/>\n<meta property=\"og:image\" content=\"https:\/\/levasseur.org\/wp-content\/uploads\/2019\/06\/Jean_Levasseur.jpg\" \/>\n<meta name=\"twitter:card\" content=\"summary_large_image\" \/>\n<meta name=\"twitter:label1\" content=\"Dur\u00e9e de lecture estim\u00e9e\" \/>\n\t<meta name=\"twitter:data1\" content=\"2 minutes\" \/>\n<script type=\"application\/ld+json\" class=\"yoast-schema-graph\">{\"@context\":\"https:\\\/\\\/schema.org\",\"@graph\":[{\"@type\":\"WebPage\",\"@id\":\"https:\\\/\\\/levasseur.org\\\/fr\\\/nos-ancetres\\\/jean-levasseur\\\/\",\"url\":\"https:\\\/\\\/levasseur.org\\\/fr\\\/nos-ancetres\\\/jean-levasseur\\\/\",\"name\":\"Jean Levasseur - Familles Levasseur et Carmel\",\"isPartOf\":{\"@id\":\"https:\\\/\\\/levasseur.org\\\/fr\\\/#website\"},\"primaryImageOfPage\":{\"@id\":\"https:\\\/\\\/levasseur.org\\\/fr\\\/nos-ancetres\\\/jean-levasseur\\\/#primaryimage\"},\"image\":{\"@id\":\"https:\\\/\\\/levasseur.org\\\/fr\\\/nos-ancetres\\\/jean-levasseur\\\/#primaryimage\"},\"thumbnailUrl\":\"https:\\\/\\\/levasseur.org\\\/wp-content\\\/uploads\\\/2019\\\/06\\\/Jean_Levasseur.jpg\",\"datePublished\":\"2018-12-20T14:22:31+00:00\",\"dateModified\":\"2019-06-15T19:05:09+00:00\",\"description\":\"L\u2019Association des Levasseur et Carmel d\u2019Am\u00e9rique vous permet de consulter : documents historiques concernant les anc\u00eatres Jean, Pierre et Laurent Levasseur arriv\u00e9s en Nouvelle-France au 17e si\u00e8cle. Informations, objectifs, activit\u00e9s et rassemblements.\",\"breadcrumb\":{\"@id\":\"https:\\\/\\\/levasseur.org\\\/fr\\\/nos-ancetres\\\/jean-levasseur\\\/#breadcrumb\"},\"inLanguage\":\"fr-FR\",\"potentialAction\":[{\"@type\":\"ReadAction\",\"target\":[\"https:\\\/\\\/levasseur.org\\\/fr\\\/nos-ancetres\\\/jean-levasseur\\\/\"]}]},{\"@type\":\"ImageObject\",\"inLanguage\":\"fr-FR\",\"@id\":\"https:\\\/\\\/levasseur.org\\\/fr\\\/nos-ancetres\\\/jean-levasseur\\\/#primaryimage\",\"url\":\"https:\\\/\\\/levasseur.org\\\/wp-content\\\/uploads\\\/2019\\\/06\\\/Jean_Levasseur.jpg\",\"contentUrl\":\"https:\\\/\\\/levasseur.org\\\/wp-content\\\/uploads\\\/2019\\\/06\\\/Jean_Levasseur.jpg\"},{\"@type\":\"BreadcrumbList\",\"@id\":\"https:\\\/\\\/levasseur.org\\\/fr\\\/nos-ancetres\\\/jean-levasseur\\\/#breadcrumb\",\"itemListElement\":[{\"@type\":\"ListItem\",\"position\":1,\"name\":\"Accueil\",\"item\":\"https:\\\/\\\/levasseur.org\\\/fr\\\/\"},{\"@type\":\"ListItem\",\"position\":2,\"name\":\"Nos anc\u00eatres\",\"item\":\"https:\\\/\\\/levasseur.org\\\/fr\\\/nos-ancetres\\\/\"},{\"@type\":\"ListItem\",\"position\":3,\"name\":\"Jean Levasseur\"}]},{\"@type\":\"WebSite\",\"@id\":\"https:\\\/\\\/levasseur.org\\\/fr\\\/#website\",\"url\":\"https:\\\/\\\/levasseur.org\\\/fr\\\/\",\"name\":\"Familles Levasseur & Carmel\",\"description\":\"Du mieux que je puis\",\"publisher\":{\"@id\":\"https:\\\/\\\/levasseur.org\\\/fr\\\/#organization\"},\"potentialAction\":[{\"@type\":\"SearchAction\",\"target\":{\"@type\":\"EntryPoint\",\"urlTemplate\":\"https:\\\/\\\/levasseur.org\\\/fr\\\/?s={search_term_string}\"},\"query-input\":{\"@type\":\"PropertyValueSpecification\",\"valueRequired\":true,\"valueName\":\"search_term_string\"}}],\"inLanguage\":\"fr-FR\"},{\"@type\":\"Organization\",\"@id\":\"https:\\\/\\\/levasseur.org\\\/fr\\\/#organization\",\"name\":\"Association des Levasseur d'Am\u00e9rique\",\"url\":\"https:\\\/\\\/levasseur.org\\\/fr\\\/\",\"logo\":{\"@type\":\"ImageObject\",\"inLanguage\":\"fr-FR\",\"@id\":\"https:\\\/\\\/levasseur.org\\\/fr\\\/#\\\/schema\\\/logo\\\/image\\\/\",\"url\":\"https:\\\/\\\/levasseur.org\\\/wp-content\\\/uploads\\\/2019\\\/04\\\/blason_nouv.gif\",\"contentUrl\":\"https:\\\/\\\/levasseur.org\\\/wp-content\\\/uploads\\\/2019\\\/04\\\/blason_nouv.gif\",\"width\":500,\"height\":487,\"caption\":\"Association des Levasseur d'Am\u00e9rique\"},\"image\":{\"@id\":\"https:\\\/\\\/levasseur.org\\\/fr\\\/#\\\/schema\\\/logo\\\/image\\\/\"},\"sameAs\":[\"https:\\\/\\\/www.facebook.com\\\/associationlevasseur\"]}]}<\/script>\n<!-- \/ Yoast SEO plugin. -->","yoast_head_json":{"title":"Jean Levasseur - Familles Levasseur et Carmel","description":"L\u2019Association des Levasseur et Carmel d\u2019Am\u00e9rique vous permet de consulter : documents historiques concernant les anc\u00eatres Jean, Pierre et Laurent Levasseur arriv\u00e9s en Nouvelle-France au 17e si\u00e8cle. Informations, objectifs, activit\u00e9s et rassemblements.","robots":{"index":"index","follow":"follow","max-snippet":"max-snippet:-1","max-image-preview":"max-image-preview:large","max-video-preview":"max-video-preview:-1"},"canonical":"https:\/\/levasseur.org\/fr\/nos-ancetres\/jean-levasseur\/","og_locale":"fr_FR","og_type":"article","og_title":"Jean Levasseur - Familles Levasseur et Carmel","og_description":"L\u2019Association des Levasseur et Carmel d\u2019Am\u00e9rique vous permet de consulter : documents historiques concernant les anc\u00eatres Jean, Pierre et Laurent Levasseur arriv\u00e9s en Nouvelle-France au 17e si\u00e8cle. Informations, objectifs, activit\u00e9s et rassemblements.","og_url":"https:\/\/levasseur.org\/fr\/nos-ancetres\/jean-levasseur\/","og_site_name":"Familles Levasseur et Carmel","article_publisher":"https:\/\/www.facebook.com\/associationlevasseur","article_modified_time":"2019-06-15T19:05:09+00:00","og_image":[{"url":"https:\/\/levasseur.org\/wp-content\/uploads\/2019\/06\/Jean_Levasseur.jpg","type":"","width":"","height":""}],"twitter_card":"summary_large_image","twitter_misc":{"Dur\u00e9e de lecture estim\u00e9e":"2 minutes"},"schema":{"@context":"https:\/\/schema.org","@graph":[{"@type":"WebPage","@id":"https:\/\/levasseur.org\/fr\/nos-ancetres\/jean-levasseur\/","url":"https:\/\/levasseur.org\/fr\/nos-ancetres\/jean-levasseur\/","name":"Jean Levasseur - Familles Levasseur et Carmel","isPartOf":{"@id":"https:\/\/levasseur.org\/fr\/#website"},"primaryImageOfPage":{"@id":"https:\/\/levasseur.org\/fr\/nos-ancetres\/jean-levasseur\/#primaryimage"},"image":{"@id":"https:\/\/levasseur.org\/fr\/nos-ancetres\/jean-levasseur\/#primaryimage"},"thumbnailUrl":"https:\/\/levasseur.org\/wp-content\/uploads\/2019\/06\/Jean_Levasseur.jpg","datePublished":"2018-12-20T14:22:31+00:00","dateModified":"2019-06-15T19:05:09+00:00","description":"L\u2019Association des Levasseur et Carmel d\u2019Am\u00e9rique vous permet de consulter : documents historiques concernant les anc\u00eatres Jean, Pierre et Laurent Levasseur arriv\u00e9s en Nouvelle-France au 17e si\u00e8cle. Informations, objectifs, activit\u00e9s et rassemblements.","breadcrumb":{"@id":"https:\/\/levasseur.org\/fr\/nos-ancetres\/jean-levasseur\/#breadcrumb"},"inLanguage":"fr-FR","potentialAction":[{"@type":"ReadAction","target":["https:\/\/levasseur.org\/fr\/nos-ancetres\/jean-levasseur\/"]}]},{"@type":"ImageObject","inLanguage":"fr-FR","@id":"https:\/\/levasseur.org\/fr\/nos-ancetres\/jean-levasseur\/#primaryimage","url":"https:\/\/levasseur.org\/wp-content\/uploads\/2019\/06\/Jean_Levasseur.jpg","contentUrl":"https:\/\/levasseur.org\/wp-content\/uploads\/2019\/06\/Jean_Levasseur.jpg"},{"@type":"BreadcrumbList","@id":"https:\/\/levasseur.org\/fr\/nos-ancetres\/jean-levasseur\/#breadcrumb","itemListElement":[{"@type":"ListItem","position":1,"name":"Accueil","item":"https:\/\/levasseur.org\/fr\/"},{"@type":"ListItem","position":2,"name":"Nos anc\u00eatres","item":"https:\/\/levasseur.org\/fr\/nos-ancetres\/"},{"@type":"ListItem","position":3,"name":"Jean Levasseur"}]},{"@type":"WebSite","@id":"https:\/\/levasseur.org\/fr\/#website","url":"https:\/\/levasseur.org\/fr\/","name":"Familles Levasseur & Carmel","description":"Du mieux que je puis","publisher":{"@id":"https:\/\/levasseur.org\/fr\/#organization"},"potentialAction":[{"@type":"SearchAction","target":{"@type":"EntryPoint","urlTemplate":"https:\/\/levasseur.org\/fr\/?s={search_term_string}"},"query-input":{"@type":"PropertyValueSpecification","valueRequired":true,"valueName":"search_term_string"}}],"inLanguage":"fr-FR"},{"@type":"Organization","@id":"https:\/\/levasseur.org\/fr\/#organization","name":"Association des Levasseur d'Am\u00e9rique","url":"https:\/\/levasseur.org\/fr\/","logo":{"@type":"ImageObject","inLanguage":"fr-FR","@id":"https:\/\/levasseur.org\/fr\/#\/schema\/logo\/image\/","url":"https:\/\/levasseur.org\/wp-content\/uploads\/2019\/04\/blason_nouv.gif","contentUrl":"https:\/\/levasseur.org\/wp-content\/uploads\/2019\/04\/blason_nouv.gif","width":500,"height":487,"caption":"Association des Levasseur d'Am\u00e9rique"},"image":{"@id":"https:\/\/levasseur.org\/fr\/#\/schema\/logo\/image\/"},"sameAs":["https:\/\/www.facebook.com\/associationlevasseur"]}]}},"_links":{"self":[{"href":"https:\/\/levasseur.org\/fr\/wp-json\/wp\/v2\/pages\/3713","targetHints":{"allow":["GET"]}}],"collection":[{"href":"https:\/\/levasseur.org\/fr\/wp-json\/wp\/v2\/pages"}],"about":[{"href":"https:\/\/levasseur.org\/fr\/wp-json\/wp\/v2\/types\/page"}],"author":[{"embeddable":true,"href":"https:\/\/levasseur.org\/fr\/wp-json\/wp\/v2\/users\/1"}],"replies":[{"embeddable":true,"href":"https:\/\/levasseur.org\/fr\/wp-json\/wp\/v2\/comments?post=3713"}],"version-history":[{"count":0,"href":"https:\/\/levasseur.org\/fr\/wp-json\/wp\/v2\/pages\/3713\/revisions"}],"up":[{"embeddable":true,"href":"https:\/\/levasseur.org\/fr\/wp-json\/wp\/v2\/pages\/3528"}],"wp:attachment":[{"href":"https:\/\/levasseur.org\/fr\/wp-json\/wp\/v2\/media?parent=3713"}],"curies":[{"name":"wp","href":"https:\/\/api.w.org\/{rel}","templated":true}]}}