{"id":3678,"date":"2018-12-20T14:01:55","date_gmt":"2018-12-20T19:01:55","guid":{"rendered":"http:\/\/avada.theme-fusion.comxml\/?page_id=3678"},"modified":"2019-06-15T15:55:42","modified_gmt":"2019-06-15T19:55:42","slug":"genealogie-par-adn","status":"publish","type":"page","link":"https:\/\/levasseur.org\/fr\/genealogie-par-adn\/","title":{"rendered":"G\u00e9n\u00e9alogie par ADN"},"content":{"rendered":"<h1 style=\"text-align: center;\">G\u00e9n\u00e9alogie par ADN<\/h1>\n<hr \/>\n<p style=\"text-align: right;\">par : Gilles Carmel<\/p>\n<p><a href=\"https:\/\/levasseur.org\/wp-content\/uploads\/2019\/06\/DNA_Levasseur.jpg\"><img decoding=\"async\" class=\"size-full wp-image-13975 alignleft\" src=\"https:\/\/levasseur.org\/wp-content\/uploads\/2019\/06\/DNA_Levasseur.jpg\" alt=\"\" width=\"400\" height=\"304\" srcset=\"https:\/\/levasseur.org\/wp-content\/uploads\/2019\/06\/DNA_Levasseur-200x152.jpg 200w, https:\/\/levasseur.org\/wp-content\/uploads\/2019\/06\/DNA_Levasseur-300x228.jpg 300w, https:\/\/levasseur.org\/wp-content\/uploads\/2019\/06\/DNA_Levasseur.jpg 400w\" sizes=\"(max-width: 400px) 100vw, 400px\" \/><\/a>R\u00e9cemment j\u2019ai visionn\u00e9 \u00a0\u00bbSearch for Adam\u00a0\u00bb un documentaire du National Geographic Society sur l\u2019Adam scientifique aussi appel\u00e9 l&rsquo;EURASIEN.<\/p>\n<p>Ce documentaire du National Geographic Society nous pr\u00e9sente le projet de recherches du Dr Spencer Wells appel\u00e9 le Genographic Project. Le but est de tracer le parcours migratoire de l&rsquo;homme suite \u00e0 l&rsquo;analyse de l&rsquo;ADN\u00a0 de sujets du monde entier.<\/p>\n<p>Pour les g\u00e9n\u00e9ticiens, l&rsquo;Adam scientifique, c&rsquo;est l&rsquo;anc\u00eatre commun de tous.\u00a0 Il y a dans le chromosome Y des s\u00e9quences permettant de remonter \u00e0 nos origines les plus lointaines.\u00a0 Nos avons dans nos g\u00e8nes l\u2019histoire de tous nos anc\u00eatres. Ils ont trouv\u00e9, pour les EURASIENS (Europe-Asie), un anc\u00eatre commun. C&rsquo;est le marqueur\u00a0 M-168. Cet Adam scientifique, aussi appel\u00e9 Adam Euroasiatique,\u00a0\u00a0 a v\u00e9cu il y a environ 60 000 ans et origine de l&rsquo;Afrique. Ses descendants migr\u00e8rent hors d&rsquo;Afrique.<\/p>\n<p>Les \u00e9tudes sur l&rsquo;ADN (Acide D\u00e9soxyboNucl\u00e9ique) ont donc permis de cat\u00e9goriser une s\u00e9rie de groupes g\u00e9n\u00e9alogiques descendants d&rsquo;un anc\u00eatre commun (M-168)\u00a0 \u00e0 un moment de la pr\u00e9histoire. Ce sont des haplogroupes.\u00a0 Il y a deux sortes d&rsquo;haplogroupes\u00a0: les haplogroupes d\u00e9finissant le chromosome Y (Y-ADN) h\u00e9rit\u00e9 de p\u00e8re en fils et ceux de l&rsquo;ADN (ADN mt) h\u00e9rit\u00e9 par la m\u00e8re. Le premier renseigne sur la lign\u00e9e agnatique (ou patrilin\u00e9aire) et l&rsquo;autre sur la lign\u00e9e cognatique (ou matrilin\u00e9aire).<\/p>\n<p>Les haplogroupes Y-ADN sont utilis\u00e9s pour d\u00e9terminer si 2 individus ayant le m\u00eame patronyme descendent bien d&rsquo;un m\u00eame anc\u00eatre dans un pass\u00e9\u00a0pas trop lointain (3 \u00e0 20 g\u00e9n\u00e9rations). On se sert de marqueur STR (Short Tandem Repeat).<\/p>\n<p>Les tests SNP (Single Nucleotide Polymorphism) permettent de retracer les origines ancestrales beaucoup plus lointaines et d&rsquo;identifier le groupe ethnique antique auquel nos anc\u00eatres appartiennent (par exemple celte, juif, germanique, slave, etc.).<\/p>\n<p>Le R1B est de loin l&rsquo;haplogroupe le plus courant en Europe occidentale. Il faut noter que plusieurs Normands sont de l&rsquo;haplogroupe I. En effet Rollon et ses Vikings s\u2019install\u00e8rent\u00a0 en Normandie au d\u00e9but du Xi\u00e8me si\u00e8cle. Des n\u00e9gociations aboutissent au trait\u00e9 de Saint-Clair-sur-Epte en 911. Les historiens le consid\u00e8rent comme le premier duc de Normandie. Plusieurs familles canadiennes-fran\u00e7aises sont de l&rsquo;haplogroupe I.\u00a0 Ainsi par exemple des membres des\u00a0 familles Duseau, Amireau, B\u00e9langer, Bouchard, Tessier, Auger, Cantin, Hamel, Lacroix , etc.\u00a0 sont de l&rsquo;haplogroupe I.<\/p>\n<p>Halogroupes europ\u00e9ens voir :<\/p>\n<ul>\n<li><a href=\"http:\/\/www.eupedia.com\/europe\/origines_haplogroupes_europe.shtml\" target=\"_blank\" rel=\"noopener noreferrer\">http:\/\/www.eupedia.com\/europe\/origines_haplogroupes_europe.shtml <\/a><\/li>\n<li><a href=\"http:\/\/en.wikipedia.org\/wiki\/Haplogroup_I1_(Y-DNA)\" target=\"_blank\" rel=\"noopener noreferrer\">http:\/\/en.wikipedia.org\/wiki\/Haplogroup_I1_(Y-DNA)\u00a0<\/a><\/li>\n<\/ul>\n<p>Il fut d\u00e9cid\u00e9 par votre conseil d&rsquo;administration de profiter de ces d\u00e9couvertes scientifiques et de participer au Projet ADN d\u2019H\u00e9ritage fran\u00e7ais. Cette d\u00e9cision fut ent\u00e9rin\u00e9e lors de l&rsquo;assembl\u00e9e g\u00e9n\u00e9rale tenue \u00e0 B\u00e9cancour le 3 octobre 2009.<\/p>\n<p>Trois volontaires de la lign\u00e9e de Pierre Levasseur et trois de la lign\u00e9e de Laurent Levasseur participent actuellement \u00e0 ce projet.<\/p>\n<ul>\n<li><a href=\"http:\/\/www.frenchdna.org\/\" target=\"_blank\" rel=\"noopener noreferrer\">http:\/\/www.frenchdna.org\/\u00a0 <\/a><\/li>\n<\/ul>\n<p>Ce Projet ADN d\u2019H\u00e9ritage fran\u00e7ais (ADNHF) s\u2019adresse \u00e0 tous ceux qui pensent avoir des anc\u00eatres fran\u00e7ais, m\u00eame lointains. Ce projet existe depuis mai 2005.\u00a0 Les r\u00e9sultats (nom de code et Patronyme) sont vers\u00e9s dans une banque. Avec le temps elle deviendra assez imposante.<\/p>\n<p>Au Qu\u00e9bec, monsieur Jacques Beaugrand, chercheur scientifique retrait\u00e9, en est le pr\u00e9sident francophone. Il est membre de la Soci\u00e9t\u00e9 de g\u00e9n\u00e9alogie canadienne-fran\u00e7aise (SCGF).<\/p>\n<p>Nous avons rencontr\u00e9, \u00e0 Bromont, monsieur Beaugrand le 7 novembre 2009.\u00a0 Il fera pour nous l&rsquo;analyse des r\u00e9sultats ADN et des lign\u00e9es g\u00e9n\u00e9alogiques de 6 volontaires. Une fois qu\u2019il est certifi\u00e9 que nos volontaires ont bien un profil commun, nous\u00a0 proc\u00e9derons \u00e0 un test SNP afin de d\u00e9terminer les origines ancestrales lointaines (celte, juif, germanique, etc.)<\/p>\n<p>Monsieur Beaugrand a accept\u00e9\u00a0 de nous entretenir de la g\u00e9n\u00e9alogie par ADN et de nous livrer le fruit de ses recherches concernant les analyses ADN portant sur des Levasseur ; il sera donc notre conf\u00e9rencier lors de notre prochain rassemblement qui se tiendra \u00e0 Sherbrooke en 2011.\u00a0\u2028\u00a0\u2028Cette recherche ADN sur quelques volontaires issus de la lign\u00e9e de Laurent et quelques volontaires de la lign\u00e9e de Pierre et Jean nous permettra, nous l&rsquo;esp\u00e9rons, de r\u00e9soudre certaines questions sur les origines des Levasseur.<\/p>\n<ol>\n<li>Laurent est-il parent avec\u00a0 Pierre et Jean Levasseur?<\/li>\n<li>Par quelles migrations la souche de Laurent et celle de Pierre et Jean sont-elles pass\u00e9es?<\/li>\n<li>Le point d\u2019origine est l\u2019Afrique (M-168). Sont-ils venus directement de l&rsquo;Afrique\u00a0 en France ou sont-ils pass\u00e9s par l\u2019Asie, les pays scandinaves, les pays celtes ou par la Palestine?<\/li>\n<\/ol>\n<p>Ces tests nous permettraient de trouver la signature g\u00e9n\u00e9tique des Levasseur (Levavasseur).\u00a0 Comme le projet est en association avec la France, nous pourrions avec le temps faire des comparaisons avec les Levasseur de France. Nous soup\u00e7onnons qu\u2019il y a plusieurs groupes de\u00a0 Levasseur en France. Le patronyme Levasseur est assez courant en\u00a0 France. Il est en effet le 495e patronyme le plus port\u00e9 en France. Il y a en France plus de 600 000 patronymes dont 300 000 sont port\u00e9s par un seul individu.<\/p>\n<p>Nous invitons d&rsquo;autres Levasseur \u00e0\u00a0participer \u00e0\u00a0ce projet. Un nombre \u00e9lev\u00e9 de gens participant \u00e0 cette \u00e9tude\u00a0 ajoute des points de comparaison utiles pour d\u00e9terminer les cha\u00eenons g\u00e9n\u00e9alogiques. \u00a0 En effet certaines personnes ayant un bris dans leur cha\u00eene g\u00e9n\u00e9alogique, d\u00fb \u00e0 un manque de documents officiels, pourraient d\u00e9couvrir dans un premier temps s&rsquo;ils sont de la lign\u00e9e de Jean et Pierre, de la lign\u00e9e de Laurent ou d&rsquo;une autre lign\u00e9e de Levasseur.<\/p>\n<p>Un grand nombre de personnes participantes \u00e0 cette recherche permettrait ult\u00e9rieurement de retracer une partie de la cha\u00eene g\u00e9n\u00e9alogique manquante.<\/p>\n<p>L\u2019ADN g\u00e9n\u00e9tique ne modifiera pas notre base de donn\u00e9es actuelle. La g\u00e9n\u00e9alogie g\u00e9n\u00e9tique commence l\u00e0 o\u00f9 la g\u00e9n\u00e9alogie classique se termine. Cette derni\u00e8re s\u2019ach\u00e8ve lorsqu\u2019on n\u2019a plus de documents \u00e0 \u00e9tudier.<\/p>\n<p>Il est important de noter que le but de ce projet de recherche n\u2019est pas de d\u00e9terminer si tel individu est de la famille ou non. C\u2019est pour cela que les tests sont anonymes. Seul le patronyme avec un num\u00e9ro d\u2019\u00e9chantillon est connu.\u00a0 Nous esp\u00e9rons donc que ce nouvel outil permettra d&rsquo;en conna\u00eetre plus sur nos origines.<\/p>\n<p>&nbsp;<\/p>\n","protected":false},"excerpt":{"rendered":"<p>G\u00e9n\u00e9alogie par ADN par : Gilles Carmel R\u00e9cemment j\u2019ai visionn\u00e9  [&#8230;]<\/p>\n","protected":false},"author":1,"featured_media":0,"parent":0,"menu_order":0,"comment_status":"closed","ping_status":"closed","template":"","meta":{"footnotes":""},"class_list":["post-3678","page","type-page","status-publish","hentry"],"yoast_head":"<!-- This site is optimized with the Yoast SEO plugin v27.4 - https:\/\/yoast.com\/product\/yoast-seo-wordpress\/ -->\n<title>G\u00e9n\u00e9alogie par ADN - Familles Levasseur et Carmel<\/title>\n<meta name=\"description\" content=\"L\u2019Association des Levasseur et Carmel d\u2019Am\u00e9rique vous permet de consulter : documents historiques concernant les anc\u00eatres Jean, Pierre et Laurent Levasseur arriv\u00e9s en Nouvelle-France au 17e si\u00e8cle. Informations, objectifs, activit\u00e9s et rassemblements.\" \/>\n<meta name=\"robots\" content=\"index, follow, max-snippet:-1, max-image-preview:large, max-video-preview:-1\" \/>\n<link rel=\"canonical\" href=\"https:\/\/levasseur.org\/fr\/genealogie-par-adn\/\" \/>\n<meta property=\"og:locale\" content=\"fr_FR\" \/>\n<meta property=\"og:type\" content=\"article\" \/>\n<meta property=\"og:title\" content=\"G\u00e9n\u00e9alogie par ADN - Familles Levasseur et Carmel\" \/>\n<meta property=\"og:description\" content=\"L\u2019Association des Levasseur et Carmel d\u2019Am\u00e9rique vous permet de consulter : documents historiques concernant les anc\u00eatres Jean, Pierre et Laurent Levasseur arriv\u00e9s en Nouvelle-France au 17e si\u00e8cle. Informations, objectifs, activit\u00e9s et rassemblements.\" \/>\n<meta property=\"og:url\" content=\"https:\/\/levasseur.org\/fr\/genealogie-par-adn\/\" \/>\n<meta property=\"og:site_name\" content=\"Familles Levasseur et Carmel\" \/>\n<meta property=\"article:publisher\" content=\"https:\/\/www.facebook.com\/associationlevasseur\" \/>\n<meta property=\"article:modified_time\" content=\"2019-06-15T19:55:42+00:00\" \/>\n<meta property=\"og:image\" content=\"https:\/\/levasseur.org\/wp-content\/uploads\/2019\/06\/DNA_Levasseur.jpg\" \/>\n<meta name=\"twitter:card\" content=\"summary_large_image\" \/>\n<meta name=\"twitter:label1\" content=\"Dur\u00e9e de lecture estim\u00e9e\" \/>\n\t<meta name=\"twitter:data1\" content=\"5 minutes\" \/>\n<script type=\"application\/ld+json\" class=\"yoast-schema-graph\">{\"@context\":\"https:\\\/\\\/schema.org\",\"@graph\":[{\"@type\":\"WebPage\",\"@id\":\"https:\\\/\\\/levasseur.org\\\/fr\\\/genealogie-par-adn\\\/\",\"url\":\"https:\\\/\\\/levasseur.org\\\/fr\\\/genealogie-par-adn\\\/\",\"name\":\"G\u00e9n\u00e9alogie par ADN - Familles Levasseur et Carmel\",\"isPartOf\":{\"@id\":\"https:\\\/\\\/levasseur.org\\\/fr\\\/#website\"},\"primaryImageOfPage\":{\"@id\":\"https:\\\/\\\/levasseur.org\\\/fr\\\/genealogie-par-adn\\\/#primaryimage\"},\"image\":{\"@id\":\"https:\\\/\\\/levasseur.org\\\/fr\\\/genealogie-par-adn\\\/#primaryimage\"},\"thumbnailUrl\":\"https:\\\/\\\/levasseur.org\\\/wp-content\\\/uploads\\\/2019\\\/06\\\/DNA_Levasseur.jpg\",\"datePublished\":\"2018-12-20T19:01:55+00:00\",\"dateModified\":\"2019-06-15T19:55:42+00:00\",\"description\":\"L\u2019Association des Levasseur et Carmel d\u2019Am\u00e9rique vous permet de consulter : documents historiques concernant les anc\u00eatres Jean, Pierre et Laurent Levasseur arriv\u00e9s en Nouvelle-France au 17e si\u00e8cle. Informations, objectifs, activit\u00e9s et rassemblements.\",\"breadcrumb\":{\"@id\":\"https:\\\/\\\/levasseur.org\\\/fr\\\/genealogie-par-adn\\\/#breadcrumb\"},\"inLanguage\":\"fr-FR\",\"potentialAction\":[{\"@type\":\"ReadAction\",\"target\":[\"https:\\\/\\\/levasseur.org\\\/fr\\\/genealogie-par-adn\\\/\"]}]},{\"@type\":\"ImageObject\",\"inLanguage\":\"fr-FR\",\"@id\":\"https:\\\/\\\/levasseur.org\\\/fr\\\/genealogie-par-adn\\\/#primaryimage\",\"url\":\"https:\\\/\\\/levasseur.org\\\/wp-content\\\/uploads\\\/2019\\\/06\\\/DNA_Levasseur.jpg\",\"contentUrl\":\"https:\\\/\\\/levasseur.org\\\/wp-content\\\/uploads\\\/2019\\\/06\\\/DNA_Levasseur.jpg\"},{\"@type\":\"BreadcrumbList\",\"@id\":\"https:\\\/\\\/levasseur.org\\\/fr\\\/genealogie-par-adn\\\/#breadcrumb\",\"itemListElement\":[{\"@type\":\"ListItem\",\"position\":1,\"name\":\"Accueil\",\"item\":\"https:\\\/\\\/levasseur.org\\\/fr\\\/\"},{\"@type\":\"ListItem\",\"position\":2,\"name\":\"G\u00e9n\u00e9alogie par ADN\"}]},{\"@type\":\"WebSite\",\"@id\":\"https:\\\/\\\/levasseur.org\\\/fr\\\/#website\",\"url\":\"https:\\\/\\\/levasseur.org\\\/fr\\\/\",\"name\":\"Familles Levasseur & Carmel\",\"description\":\"Du mieux que je puis\",\"publisher\":{\"@id\":\"https:\\\/\\\/levasseur.org\\\/fr\\\/#organization\"},\"potentialAction\":[{\"@type\":\"SearchAction\",\"target\":{\"@type\":\"EntryPoint\",\"urlTemplate\":\"https:\\\/\\\/levasseur.org\\\/fr\\\/?s={search_term_string}\"},\"query-input\":{\"@type\":\"PropertyValueSpecification\",\"valueRequired\":true,\"valueName\":\"search_term_string\"}}],\"inLanguage\":\"fr-FR\"},{\"@type\":\"Organization\",\"@id\":\"https:\\\/\\\/levasseur.org\\\/fr\\\/#organization\",\"name\":\"Association des Levasseur d'Am\u00e9rique\",\"url\":\"https:\\\/\\\/levasseur.org\\\/fr\\\/\",\"logo\":{\"@type\":\"ImageObject\",\"inLanguage\":\"fr-FR\",\"@id\":\"https:\\\/\\\/levasseur.org\\\/fr\\\/#\\\/schema\\\/logo\\\/image\\\/\",\"url\":\"https:\\\/\\\/levasseur.org\\\/wp-content\\\/uploads\\\/2019\\\/04\\\/blason_nouv.gif\",\"contentUrl\":\"https:\\\/\\\/levasseur.org\\\/wp-content\\\/uploads\\\/2019\\\/04\\\/blason_nouv.gif\",\"width\":500,\"height\":487,\"caption\":\"Association des Levasseur d'Am\u00e9rique\"},\"image\":{\"@id\":\"https:\\\/\\\/levasseur.org\\\/fr\\\/#\\\/schema\\\/logo\\\/image\\\/\"},\"sameAs\":[\"https:\\\/\\\/www.facebook.com\\\/associationlevasseur\"]}]}<\/script>\n<!-- \/ Yoast SEO plugin. -->","yoast_head_json":{"title":"G\u00e9n\u00e9alogie par ADN - Familles Levasseur et Carmel","description":"L\u2019Association des Levasseur et Carmel d\u2019Am\u00e9rique vous permet de consulter : documents historiques concernant les anc\u00eatres Jean, Pierre et Laurent Levasseur arriv\u00e9s en Nouvelle-France au 17e si\u00e8cle. Informations, objectifs, activit\u00e9s et rassemblements.","robots":{"index":"index","follow":"follow","max-snippet":"max-snippet:-1","max-image-preview":"max-image-preview:large","max-video-preview":"max-video-preview:-1"},"canonical":"https:\/\/levasseur.org\/fr\/genealogie-par-adn\/","og_locale":"fr_FR","og_type":"article","og_title":"G\u00e9n\u00e9alogie par ADN - Familles Levasseur et Carmel","og_description":"L\u2019Association des Levasseur et Carmel d\u2019Am\u00e9rique vous permet de consulter : documents historiques concernant les anc\u00eatres Jean, Pierre et Laurent Levasseur arriv\u00e9s en Nouvelle-France au 17e si\u00e8cle. Informations, objectifs, activit\u00e9s et rassemblements.","og_url":"https:\/\/levasseur.org\/fr\/genealogie-par-adn\/","og_site_name":"Familles Levasseur et Carmel","article_publisher":"https:\/\/www.facebook.com\/associationlevasseur","article_modified_time":"2019-06-15T19:55:42+00:00","og_image":[{"url":"https:\/\/levasseur.org\/wp-content\/uploads\/2019\/06\/DNA_Levasseur.jpg","type":"","width":"","height":""}],"twitter_card":"summary_large_image","twitter_misc":{"Dur\u00e9e de lecture estim\u00e9e":"5 minutes"},"schema":{"@context":"https:\/\/schema.org","@graph":[{"@type":"WebPage","@id":"https:\/\/levasseur.org\/fr\/genealogie-par-adn\/","url":"https:\/\/levasseur.org\/fr\/genealogie-par-adn\/","name":"G\u00e9n\u00e9alogie par ADN - Familles Levasseur et Carmel","isPartOf":{"@id":"https:\/\/levasseur.org\/fr\/#website"},"primaryImageOfPage":{"@id":"https:\/\/levasseur.org\/fr\/genealogie-par-adn\/#primaryimage"},"image":{"@id":"https:\/\/levasseur.org\/fr\/genealogie-par-adn\/#primaryimage"},"thumbnailUrl":"https:\/\/levasseur.org\/wp-content\/uploads\/2019\/06\/DNA_Levasseur.jpg","datePublished":"2018-12-20T19:01:55+00:00","dateModified":"2019-06-15T19:55:42+00:00","description":"L\u2019Association des Levasseur et Carmel d\u2019Am\u00e9rique vous permet de consulter : documents historiques concernant les anc\u00eatres Jean, Pierre et Laurent Levasseur arriv\u00e9s en Nouvelle-France au 17e si\u00e8cle. Informations, objectifs, activit\u00e9s et rassemblements.","breadcrumb":{"@id":"https:\/\/levasseur.org\/fr\/genealogie-par-adn\/#breadcrumb"},"inLanguage":"fr-FR","potentialAction":[{"@type":"ReadAction","target":["https:\/\/levasseur.org\/fr\/genealogie-par-adn\/"]}]},{"@type":"ImageObject","inLanguage":"fr-FR","@id":"https:\/\/levasseur.org\/fr\/genealogie-par-adn\/#primaryimage","url":"https:\/\/levasseur.org\/wp-content\/uploads\/2019\/06\/DNA_Levasseur.jpg","contentUrl":"https:\/\/levasseur.org\/wp-content\/uploads\/2019\/06\/DNA_Levasseur.jpg"},{"@type":"BreadcrumbList","@id":"https:\/\/levasseur.org\/fr\/genealogie-par-adn\/#breadcrumb","itemListElement":[{"@type":"ListItem","position":1,"name":"Accueil","item":"https:\/\/levasseur.org\/fr\/"},{"@type":"ListItem","position":2,"name":"G\u00e9n\u00e9alogie par ADN"}]},{"@type":"WebSite","@id":"https:\/\/levasseur.org\/fr\/#website","url":"https:\/\/levasseur.org\/fr\/","name":"Familles Levasseur & Carmel","description":"Du mieux que je puis","publisher":{"@id":"https:\/\/levasseur.org\/fr\/#organization"},"potentialAction":[{"@type":"SearchAction","target":{"@type":"EntryPoint","urlTemplate":"https:\/\/levasseur.org\/fr\/?s={search_term_string}"},"query-input":{"@type":"PropertyValueSpecification","valueRequired":true,"valueName":"search_term_string"}}],"inLanguage":"fr-FR"},{"@type":"Organization","@id":"https:\/\/levasseur.org\/fr\/#organization","name":"Association des Levasseur d'Am\u00e9rique","url":"https:\/\/levasseur.org\/fr\/","logo":{"@type":"ImageObject","inLanguage":"fr-FR","@id":"https:\/\/levasseur.org\/fr\/#\/schema\/logo\/image\/","url":"https:\/\/levasseur.org\/wp-content\/uploads\/2019\/04\/blason_nouv.gif","contentUrl":"https:\/\/levasseur.org\/wp-content\/uploads\/2019\/04\/blason_nouv.gif","width":500,"height":487,"caption":"Association des Levasseur d'Am\u00e9rique"},"image":{"@id":"https:\/\/levasseur.org\/fr\/#\/schema\/logo\/image\/"},"sameAs":["https:\/\/www.facebook.com\/associationlevasseur"]}]}},"_links":{"self":[{"href":"https:\/\/levasseur.org\/fr\/wp-json\/wp\/v2\/pages\/3678","targetHints":{"allow":["GET"]}}],"collection":[{"href":"https:\/\/levasseur.org\/fr\/wp-json\/wp\/v2\/pages"}],"about":[{"href":"https:\/\/levasseur.org\/fr\/wp-json\/wp\/v2\/types\/page"}],"author":[{"embeddable":true,"href":"https:\/\/levasseur.org\/fr\/wp-json\/wp\/v2\/users\/1"}],"replies":[{"embeddable":true,"href":"https:\/\/levasseur.org\/fr\/wp-json\/wp\/v2\/comments?post=3678"}],"version-history":[{"count":0,"href":"https:\/\/levasseur.org\/fr\/wp-json\/wp\/v2\/pages\/3678\/revisions"}],"wp:attachment":[{"href":"https:\/\/levasseur.org\/fr\/wp-json\/wp\/v2\/media?parent=3678"}],"curies":[{"name":"wp","href":"https:\/\/api.w.org\/{rel}","templated":true}]}}