{"id":29119,"date":"2025-03-17T17:06:31","date_gmt":"2025-03-17T21:06:31","guid":{"rendered":"https:\/\/levasseur.org\/vassaur\/"},"modified":"2025-04-22T03:24:05","modified_gmt":"2025-04-22T07:24:05","slug":"vassaur","status":"publish","type":"page","link":"https:\/\/levasseur.org\/fr\/vassaur\/","title":{"rendered":"Les Vassaur  &#8211; Une famille canadienne \u00e9migr\u00e9 au \u00c9tats-Unis"},"content":{"rendered":"<p><div class=\"fusion-fullwidth fullwidth-box fusion-builder-row-1 fusion-flex-container nonhundred-percent-fullwidth non-hundred-percent-height-scrolling\" style=\"--awb-border-radius-top-left:0px;--awb-border-radius-top-right:0px;--awb-border-radius-bottom-right:0px;--awb-border-radius-bottom-left:0px;--awb-flex-wrap:wrap;\" ><div class=\"fusion-builder-row fusion-row fusion-flex-align-items-flex-start fusion-flex-content-wrap\" style=\"max-width:1144px;margin-left: calc(-4% \/ 2 );margin-right: calc(-4% \/ 2 );\"><div class=\"fusion-layout-column fusion_builder_column fusion-builder-column-0 fusion_builder_column_1_1 1_1 fusion-flex-column\" style=\"--awb-bg-size:cover;--awb-width-large:100%;--awb-margin-top-large:0px;--awb-spacing-right-large:1.92%;--awb-margin-bottom-large:0px;--awb-spacing-left-large:1.92%;--awb-width-medium:100%;--awb-spacing-right-medium:1.92%;--awb-spacing-left-medium:1.92%;--awb-width-small:100%;--awb-spacing-right-small:1.92%;--awb-spacing-left-small:1.92%;\"><div class=\"fusion-column-wrapper fusion-flex-justify-content-flex-start fusion-content-layout-column\"><div class=\"fusion-text fusion-text-1\"><h1 style=\"text-align: center;\">La famille Vassaur en Arkansas<\/h1>\n<\/div><div class=\"fusion-text fusion-text-2\"><p style=\"text-align: center;\">Une lign\u00e9e de descendants de Pierre Levasseur a \u00e9migr\u00e9 en Arkansas au XVIIIe si\u00e8cle<\/p>\n<h6 style=\"text-align: right;\"><a href=\"https:\/\/levasseur.org\/en\/vassaur\/\">english version<\/a><\/h6>\n<\/div><div class=\"fusion-text fusion-text-3\"><hr \/>\n<\/div><\/div><\/div><\/div><\/div><div class=\"fusion-fullwidth fullwidth-box fusion-builder-row-2 fusion-flex-container has-pattern-background has-mask-background nonhundred-percent-fullwidth non-hundred-percent-height-scrolling\" style=\"--awb-border-radius-top-left:0px;--awb-border-radius-top-right:0px;--awb-border-radius-bottom-right:0px;--awb-border-radius-bottom-left:0px;--awb-flex-wrap:wrap;\" ><div class=\"fusion-builder-row fusion-row fusion-flex-align-items-flex-start fusion-flex-content-wrap\" style=\"max-width:1144px;margin-left: calc(-4% \/ 2 );margin-right: calc(-4% \/ 2 );\"><div class=\"fusion-layout-column fusion_builder_column fusion-builder-column-1 fusion_builder_column_3_4 3_4 fusion-flex-column\" style=\"--awb-bg-size:cover;--awb-width-large:75%;--awb-margin-top-large:0px;--awb-spacing-right-large:2.56%;--awb-margin-bottom-large:20px;--awb-spacing-left-large:2.56%;--awb-width-medium:100%;--awb-order-medium:0;--awb-spacing-right-medium:1.92%;--awb-spacing-left-medium:1.92%;--awb-width-small:100%;--awb-order-small:0;--awb-spacing-right-small:1.92%;--awb-spacing-left-small:1.92%;\"><div class=\"fusion-column-wrapper fusion-column-has-shadow fusion-flex-justify-content-flex-start fusion-content-layout-column\"><div class=\"fusion-text fusion-text-4\" style=\"--awb-content-alignment:justify;\"><p><strong>Stanislas LeVasseur<\/strong>, fils de Pierre-No\u00ebl LeVasseur et de Marie-Agn\u00e8s de Lajoue, est n\u00e9 le 2 juin 1732 \u00e0 Qu\u00e9bec. Il a \u00e9pous\u00e9 Marie-Fran\u00e7oise de l&rsquo;Oeil le 25 octobre 1756, \u00e9galement \u00e0 Qu\u00e9bec. Marie-Fran\u00e7oise, fille de Fran\u00e7ois de l\u2019Oeil et de Charlotte Corbin, \u00e9tait n\u00e9e le 28 avril 1736 dans cette m\u00eame ville.<\/p>\n<p>Stanislas exer\u00e7ait les m\u00e9tiers de ma\u00eetre-charpentier et sculpteur. Lui et son fr\u00e8re Charles ont re\u00e7u leur \u00e9ducation et leur formation de leur p\u00e8re, le r\u00e9put\u00e9 Pierre-No\u00ebl LeVasseur. Selon le manuscrit de l&rsquo;am\u00e9ricain <a href=\"https:\/\/levasseur.org\/fr\/hcj_levasseur\/\" target=\"_blank\" rel=\"noopener\">Jean-Charles-Henri LeVasseur<\/a>, Stanislas fut \u00e9lu \u00e0 la L\u00e9gislature de l\u2019Illinois le 10 f\u00e9vrier 1782. Il avait quitt\u00e9 Qu\u00e9bec avec sa famille en 1772 pour s\u2019\u00e9tablir \u00e0 Kaskaskia, en Illinois.<\/p>\n<p><strong><img decoding=\"async\" class=\"alignleft wp-image-29089\" src=\"https:\/\/levasseur.org\/wp-content\/uploads\/2025\/03\/jdv2-249x300.jpg\" alt=\"\" width=\"213\" height=\"257\" srcset=\"https:\/\/levasseur.org\/wp-content\/uploads\/2025\/03\/jdv2-200x241.jpg 200w, https:\/\/levasseur.org\/wp-content\/uploads\/2025\/03\/jdv2-249x300.jpg 249w, https:\/\/levasseur.org\/wp-content\/uploads\/2025\/03\/jdv2-400x481.jpg 400w, https:\/\/levasseur.org\/wp-content\/uploads\/2025\/03\/jdv2.jpg 562w\" sizes=\"(max-width: 213px) 100vw, 213px\" \/>Jean Duval Vassaur\/Vasseur\/LeVasseur<\/strong>, petit-fils de Stanislas, est n\u00e9 vers 1802 \u00e0 Arkansas Post, dans le Territoire de la Louisiane. Il \u00e9tait plus commun\u00e9ment appel\u00e9 John, forme anglaise du pr\u00e9nom Jean. Fils d\u2019\u00c9tienne Victorie LeVasseur et de Marie Louise Jardelas, John s\u2019est mari\u00e9 une premi\u00e8re fois avec <strong>Catherine Godin<\/strong> le 12 f\u00e9vrier 1829, dans le comt\u00e9 de l\u2019Arkansas, en Arkansas. Catherine est d\u00e9c\u00e9d\u00e9e subitement \u00e0 une date inconnue.<\/p>\n<p>Apr\u00e8s son d\u00e9c\u00e8s, John a \u00e9pous\u00e9 en secondes noces <strong>Louisa Jane Linn<\/strong> (ou Lynn), le 21 janvier 1851, \u00e0 l\u2019\u00e9glise catholique de Nouvelle-Gascone, dans le comt\u00e9 de Desha, Arkansas. Louisa Jane est n\u00e9e en 1829, dans le Tennessee ou au Kentucky. Elle \u00e9tait la fille de John W. Linn (ou Lynn) et d\u2019une m\u00e8re dont le nom reste inconnu.<\/p>\n<\/div><\/div><\/div><div class=\"fusion-layout-column fusion_builder_column fusion-builder-column-2 fusion_builder_column_1_4 1_4 fusion-flex-column\" style=\"--awb-bg-size:cover;--awb-width-large:25%;--awb-margin-top-large:0px;--awb-spacing-right-large:7.68%;--awb-margin-bottom-large:20px;--awb-spacing-left-large:7.68%;--awb-width-medium:100%;--awb-order-medium:0;--awb-spacing-right-medium:1.92%;--awb-spacing-left-medium:1.92%;--awb-width-small:100%;--awb-order-small:0;--awb-spacing-right-small:1.92%;--awb-spacing-left-small:1.92%;\"><div class=\"fusion-column-wrapper fusion-column-has-shadow fusion-flex-justify-content-flex-start fusion-content-layout-column\"><a class=\"_df_thumb \"  href=\"#\"  data-slug=\"29140\" data-_slug=\"29140\" _slug=\"29140\" data-title=\"familles-vassaur\" id=\"df_29140\" data-df-option=\"df_option_29140\" thumb=\"https:\/\/levasseur.org\/wp-content\/uploads\/dflip-thumbs\/29140.jpeg?1742895716\"  >Familles Vassaur<\/a><script class=\"df-shortcode-script\" nowprocket type=\"application\/javascript\">window.df_option_29140 = {\"source\":\"https:\\\/\\\/levasseur.org\\\/wp-content\\\/uploads\\\/2025\\\/03\\\/vasseur_20250501.pdf\",\"outline\":[],\"overwritePDFOutline\":false,\"pageMode\":\"1\",\"pageSize\":\"0\",\"slug\":\"29140\",\"wpOptions\":\"true\",\"id\":29140}; if(window.DFLIP && window.DFLIP.parseBooks){window.DFLIP.parseBooks();}<\/script>\n<div class=\"fusion-text fusion-text-5\"><p><img decoding=\"async\" class=\"aligncenter wp-image-29125\" src=\"https:\/\/levasseur.org\/wp-content\/uploads\/2025\/03\/fleche_rouge-278x300.jpg\" alt=\"\" width=\"29\" height=\"31\" srcset=\"https:\/\/levasseur.org\/wp-content\/uploads\/2025\/03\/fleche_rouge-200x216.jpg 200w, https:\/\/levasseur.org\/wp-content\/uploads\/2025\/03\/fleche_rouge-278x300.jpg 278w, https:\/\/levasseur.org\/wp-content\/uploads\/2025\/03\/fleche_rouge-400x431.jpg 400w, https:\/\/levasseur.org\/wp-content\/uploads\/2025\/03\/fleche_rouge.jpg 486w\" sizes=\"(max-width: 29px) 100vw, 29px\" \/><\/p>\n<h5 style=\"text-align: center;\"><span style=\"color: #ff0000;\"><strong>Cliquez sur l&rsquo;image<\/strong><\/span> pour voir une version en ligne de ce document. Cliquez sur \u00ab\u00a0Toggle Full Page\u00a0\u00bb En bas pour voir en plein \u00e9cran. Sur votre tablette, en mode paysage, vous pouvez activer \u00ab\u00a0Simple Page View\u00a0\u00bb. <strong>Vous pouvez \u00e9galement t\u00e9l\u00e9charger ce document, <a href=\"https:\/\/levasseur.org\/capsules\/20250501_fr.pdf\" target=\"_blank\" rel=\"noopener\">en cliquant ici<\/a><\/strong><\/h5>\n<\/div><\/div><\/div><\/div><\/div><div class=\"fusion-fullwidth fullwidth-box fusion-builder-row-3 fusion-flex-container has-pattern-background has-mask-background nonhundred-percent-fullwidth non-hundred-percent-height-scrolling\" style=\"--awb-border-radius-top-left:0px;--awb-border-radius-top-right:0px;--awb-border-radius-bottom-right:0px;--awb-border-radius-bottom-left:0px;--awb-flex-wrap:wrap;\" ><div class=\"fusion-builder-row fusion-row fusion-flex-align-items-flex-start fusion-flex-content-wrap\" style=\"max-width:1144px;margin-left: calc(-4% \/ 2 );margin-right: calc(-4% \/ 2 );\"><div class=\"fusion-layout-column fusion_builder_column fusion-builder-column-3 fusion_builder_column_1_1 1_1 fusion-flex-column\" style=\"--awb-bg-size:cover;--awb-width-large:100%;--awb-margin-top-large:0px;--awb-spacing-right-large:1.92%;--awb-margin-bottom-large:20px;--awb-spacing-left-large:1.92%;--awb-width-medium:100%;--awb-order-medium:0;--awb-spacing-right-medium:1.92%;--awb-spacing-left-medium:1.92%;--awb-width-small:100%;--awb-order-small:0;--awb-spacing-right-small:1.92%;--awb-spacing-left-small:1.92%;\"><div class=\"fusion-column-wrapper fusion-column-has-shadow fusion-flex-justify-content-flex-start fusion-content-layout-column\"><div class=\"fusion-text fusion-text-6\"><hr \/>\n<p><a href=\"https:\/\/vassaur.org\"><img decoding=\"async\" class=\"wp-image-29097 alignright\" src=\"https:\/\/levasseur.org\/wp-content\/uploads\/2025\/03\/vassaurhp-1-162x300.jpg\" alt=\"\" width=\"127\" height=\"235\" srcset=\"https:\/\/levasseur.org\/wp-content\/uploads\/2025\/03\/vassaurhp-1-162x300.jpg 162w, https:\/\/levasseur.org\/wp-content\/uploads\/2025\/03\/vassaurhp-1-200x370.jpg 200w, https:\/\/levasseur.org\/wp-content\/uploads\/2025\/03\/vassaurhp-1-400x740.jpg 400w, https:\/\/levasseur.org\/wp-content\/uploads\/2025\/03\/vassaurhp-1.jpg 430w\" sizes=\"(max-width: 127px) 100vw, 127px\" \/><\/a><\/p>\n<p>Pour celles et ceux qui souhaitent en savoir plus sur l\u2019histoire des descendants de <strong>Stanislas LeVasseur<\/strong>, une base de donn\u00e9es de photographies et des documents in\u00e9dits sont accessibles \u00e0 l\u2019adresse suivante : <a href=\"https:\/\/vassaur.org\" target=\"_blank\" rel=\"noopener\">https:\/\/vassaur.org<\/a> (site en anglais).<\/p>\n<p>Les familles Vassaur, anciennement connues sous le nom de LeVasseur, ont jou\u00e9 un r\u00f4le important dans la colonisation de la r\u00e9gion appel\u00e9e <em>\u00ab\u00a0Le berceau du Mississippi\u00a0\u00bb<\/em>, un lieu cl\u00e9 de la pr\u00e9sence europ\u00e9enne en Am\u00e9rique du Nord. Stanislas LeVasseur, un membre marquant de cette lign\u00e9e, fut le premier de sa famille \u00e0 quitter le Qu\u00e9bec pour s\u2019installer aux \u00c9tats-Unis.<\/p>\n<p class=\"\" data-start=\"831\" data-end=\"902\">Deux bases de donn\u00e9es distinctes sont disponibles sur le site <a href=\"https:\/\/vassaur.org\">https:\/\/vassaur.org<\/a> pour vos recherches :<\/p>\n<ol>\n<li data-start=\"906\" data-end=\"1000\">La premi\u00e8re provient directement des archives de l\u2019<a href=\"https:\/\/levasseur.org\">Association des Levasseur d\u2019Am\u00e9rique<\/a>.<\/li>\n<li data-start=\"1003\" data-end=\"1118\">La seconde a \u00e9t\u00e9 import\u00e9e depuis <em data-start=\"1036\" data-end=\"1050\">ancestry.com<\/em> et aimablement transmise par <a href=\"mailto:cheryl@levasseur.org\" target=\"_blank\" rel=\"noopener\">Cheryl Vasseur<\/a>, gestionnaire du site Web.<\/li>\n<\/ol>\n<p class=\"\" data-start=\"1120\" data-end=\"1267\">\ud83d\ude4f Un merci tout sp\u00e9cial \u00e0 <strong data-start=\"1147\" data-end=\"1169\">Joceline Levasseur<\/strong>, g\u00e9n\u00e9alogiste de l\u2019Association, pour son excellent travail de recherche sur les familles Vassaur.<\/p>\n<\/div><\/div><\/div><\/div><\/div><\/p>\n","protected":false},"excerpt":{"rendered":"","protected":false},"author":1,"featured_media":0,"parent":0,"menu_order":0,"comment_status":"closed","ping_status":"closed","template":"","meta":{"footnotes":""},"class_list":["post-29119","page","type-page","status-publish","hentry"],"yoast_head":"<!-- This site is optimized with the Yoast SEO plugin v27.4 - https:\/\/yoast.com\/product\/yoast-seo-wordpress\/ -->\n<title>Les Vassaur - Une famille canadienne \u00e9migr\u00e9 au \u00c9tats-Unis - Familles Levasseur et Carmel<\/title>\n<meta name=\"description\" content=\"L\u2019Association des Levasseur et Carmel d\u2019Am\u00e9rique vous permet de consulter : documents historiques concernant les anc\u00eatres Jean, Pierre et Laurent Levasseur arriv\u00e9s en Nouvelle-France au 17e si\u00e8cle. Informations, objectifs, activit\u00e9s et rassemblements.\" \/>\n<meta name=\"robots\" content=\"index, follow, max-snippet:-1, max-image-preview:large, max-video-preview:-1\" \/>\n<link rel=\"canonical\" href=\"https:\/\/levasseur.org\/fr\/vassaur\/\" \/>\n<meta property=\"og:locale\" content=\"fr_FR\" \/>\n<meta property=\"og:type\" content=\"article\" \/>\n<meta property=\"og:title\" content=\"Les Vassaur - Une famille canadienne \u00e9migr\u00e9 au \u00c9tats-Unis - Familles Levasseur et Carmel\" \/>\n<meta property=\"og:description\" content=\"L\u2019Association des Levasseur et Carmel d\u2019Am\u00e9rique vous permet de consulter : documents historiques concernant les anc\u00eatres Jean, Pierre et Laurent Levasseur arriv\u00e9s en Nouvelle-France au 17e si\u00e8cle. Informations, objectifs, activit\u00e9s et rassemblements.\" \/>\n<meta property=\"og:url\" content=\"https:\/\/levasseur.org\/fr\/vassaur\/\" \/>\n<meta property=\"og:site_name\" content=\"Familles Levasseur et Carmel\" \/>\n<meta property=\"article:publisher\" content=\"https:\/\/www.facebook.com\/associationlevasseur\" \/>\n<meta property=\"article:modified_time\" content=\"2025-04-22T07:24:05+00:00\" \/>\n<meta property=\"og:image\" content=\"https:\/\/levasseur.org\/wp-content\/uploads\/2025\/03\/jdv2-249x300.jpg\" \/>\n<meta name=\"twitter:card\" content=\"summary_large_image\" \/>\n<meta name=\"twitter:label1\" content=\"Dur\u00e9e de lecture estim\u00e9e\" \/>\n\t<meta name=\"twitter:data1\" content=\"18 minutes\" \/>\n<script type=\"application\/ld+json\" class=\"yoast-schema-graph\">{\"@context\":\"https:\\\/\\\/schema.org\",\"@graph\":[{\"@type\":\"WebPage\",\"@id\":\"https:\\\/\\\/levasseur.org\\\/fr\\\/vassaur\\\/\",\"url\":\"https:\\\/\\\/levasseur.org\\\/fr\\\/vassaur\\\/\",\"name\":\"Les Vassaur - Une famille canadienne \u00e9migr\u00e9 au \u00c9tats-Unis - Familles Levasseur et Carmel\",\"isPartOf\":{\"@id\":\"https:\\\/\\\/levasseur.org\\\/fr\\\/#website\"},\"primaryImageOfPage\":{\"@id\":\"https:\\\/\\\/levasseur.org\\\/fr\\\/vassaur\\\/#primaryimage\"},\"image\":{\"@id\":\"https:\\\/\\\/levasseur.org\\\/fr\\\/vassaur\\\/#primaryimage\"},\"thumbnailUrl\":\"https:\\\/\\\/levasseur.org\\\/wp-content\\\/uploads\\\/2025\\\/03\\\/jdv2-249x300.jpg\",\"datePublished\":\"2025-03-17T21:06:31+00:00\",\"dateModified\":\"2025-04-22T07:24:05+00:00\",\"description\":\"L\u2019Association des Levasseur et Carmel d\u2019Am\u00e9rique vous permet de consulter : documents historiques concernant les anc\u00eatres Jean, Pierre et Laurent Levasseur arriv\u00e9s en Nouvelle-France au 17e si\u00e8cle. Informations, objectifs, activit\u00e9s et rassemblements.\",\"breadcrumb\":{\"@id\":\"https:\\\/\\\/levasseur.org\\\/fr\\\/vassaur\\\/#breadcrumb\"},\"inLanguage\":\"fr-FR\",\"potentialAction\":[{\"@type\":\"ReadAction\",\"target\":[\"https:\\\/\\\/levasseur.org\\\/fr\\\/vassaur\\\/\"]}]},{\"@type\":\"ImageObject\",\"inLanguage\":\"fr-FR\",\"@id\":\"https:\\\/\\\/levasseur.org\\\/fr\\\/vassaur\\\/#primaryimage\",\"url\":\"https:\\\/\\\/levasseur.org\\\/wp-content\\\/uploads\\\/2025\\\/03\\\/jdv2-249x300.jpg\",\"contentUrl\":\"https:\\\/\\\/levasseur.org\\\/wp-content\\\/uploads\\\/2025\\\/03\\\/jdv2-249x300.jpg\"},{\"@type\":\"BreadcrumbList\",\"@id\":\"https:\\\/\\\/levasseur.org\\\/fr\\\/vassaur\\\/#breadcrumb\",\"itemListElement\":[{\"@type\":\"ListItem\",\"position\":1,\"name\":\"Accueil\",\"item\":\"https:\\\/\\\/levasseur.org\\\/fr\\\/\"},{\"@type\":\"ListItem\",\"position\":2,\"name\":\"Les Vassaur &#8211; Une famille canadienne \u00e9migr\u00e9 au \u00c9tats-Unis\"}]},{\"@type\":\"WebSite\",\"@id\":\"https:\\\/\\\/levasseur.org\\\/fr\\\/#website\",\"url\":\"https:\\\/\\\/levasseur.org\\\/fr\\\/\",\"name\":\"Familles Levasseur & Carmel\",\"description\":\"Du mieux que je puis\",\"publisher\":{\"@id\":\"https:\\\/\\\/levasseur.org\\\/fr\\\/#organization\"},\"potentialAction\":[{\"@type\":\"SearchAction\",\"target\":{\"@type\":\"EntryPoint\",\"urlTemplate\":\"https:\\\/\\\/levasseur.org\\\/fr\\\/?s={search_term_string}\"},\"query-input\":{\"@type\":\"PropertyValueSpecification\",\"valueRequired\":true,\"valueName\":\"search_term_string\"}}],\"inLanguage\":\"fr-FR\"},{\"@type\":\"Organization\",\"@id\":\"https:\\\/\\\/levasseur.org\\\/fr\\\/#organization\",\"name\":\"Association des Levasseur d'Am\u00e9rique\",\"url\":\"https:\\\/\\\/levasseur.org\\\/fr\\\/\",\"logo\":{\"@type\":\"ImageObject\",\"inLanguage\":\"fr-FR\",\"@id\":\"https:\\\/\\\/levasseur.org\\\/fr\\\/#\\\/schema\\\/logo\\\/image\\\/\",\"url\":\"https:\\\/\\\/levasseur.org\\\/wp-content\\\/uploads\\\/2019\\\/04\\\/blason_nouv.gif\",\"contentUrl\":\"https:\\\/\\\/levasseur.org\\\/wp-content\\\/uploads\\\/2019\\\/04\\\/blason_nouv.gif\",\"width\":500,\"height\":487,\"caption\":\"Association des Levasseur d'Am\u00e9rique\"},\"image\":{\"@id\":\"https:\\\/\\\/levasseur.org\\\/fr\\\/#\\\/schema\\\/logo\\\/image\\\/\"},\"sameAs\":[\"https:\\\/\\\/www.facebook.com\\\/associationlevasseur\"]}]}<\/script>\n<!-- \/ Yoast SEO plugin. -->","yoast_head_json":{"title":"Les Vassaur - Une famille canadienne \u00e9migr\u00e9 au \u00c9tats-Unis - Familles Levasseur et Carmel","description":"L\u2019Association des Levasseur et Carmel d\u2019Am\u00e9rique vous permet de consulter : documents historiques concernant les anc\u00eatres Jean, Pierre et Laurent Levasseur arriv\u00e9s en Nouvelle-France au 17e si\u00e8cle. Informations, objectifs, activit\u00e9s et rassemblements.","robots":{"index":"index","follow":"follow","max-snippet":"max-snippet:-1","max-image-preview":"max-image-preview:large","max-video-preview":"max-video-preview:-1"},"canonical":"https:\/\/levasseur.org\/fr\/vassaur\/","og_locale":"fr_FR","og_type":"article","og_title":"Les Vassaur - Une famille canadienne \u00e9migr\u00e9 au \u00c9tats-Unis - Familles Levasseur et Carmel","og_description":"L\u2019Association des Levasseur et Carmel d\u2019Am\u00e9rique vous permet de consulter : documents historiques concernant les anc\u00eatres Jean, Pierre et Laurent Levasseur arriv\u00e9s en Nouvelle-France au 17e si\u00e8cle. Informations, objectifs, activit\u00e9s et rassemblements.","og_url":"https:\/\/levasseur.org\/fr\/vassaur\/","og_site_name":"Familles Levasseur et Carmel","article_publisher":"https:\/\/www.facebook.com\/associationlevasseur","article_modified_time":"2025-04-22T07:24:05+00:00","og_image":[{"url":"https:\/\/levasseur.org\/wp-content\/uploads\/2025\/03\/jdv2-249x300.jpg","type":"","width":"","height":""}],"twitter_card":"summary_large_image","twitter_misc":{"Dur\u00e9e de lecture estim\u00e9e":"18 minutes"},"schema":{"@context":"https:\/\/schema.org","@graph":[{"@type":"WebPage","@id":"https:\/\/levasseur.org\/fr\/vassaur\/","url":"https:\/\/levasseur.org\/fr\/vassaur\/","name":"Les Vassaur - Une famille canadienne \u00e9migr\u00e9 au \u00c9tats-Unis - Familles Levasseur et Carmel","isPartOf":{"@id":"https:\/\/levasseur.org\/fr\/#website"},"primaryImageOfPage":{"@id":"https:\/\/levasseur.org\/fr\/vassaur\/#primaryimage"},"image":{"@id":"https:\/\/levasseur.org\/fr\/vassaur\/#primaryimage"},"thumbnailUrl":"https:\/\/levasseur.org\/wp-content\/uploads\/2025\/03\/jdv2-249x300.jpg","datePublished":"2025-03-17T21:06:31+00:00","dateModified":"2025-04-22T07:24:05+00:00","description":"L\u2019Association des Levasseur et Carmel d\u2019Am\u00e9rique vous permet de consulter : documents historiques concernant les anc\u00eatres Jean, Pierre et Laurent Levasseur arriv\u00e9s en Nouvelle-France au 17e si\u00e8cle. Informations, objectifs, activit\u00e9s et rassemblements.","breadcrumb":{"@id":"https:\/\/levasseur.org\/fr\/vassaur\/#breadcrumb"},"inLanguage":"fr-FR","potentialAction":[{"@type":"ReadAction","target":["https:\/\/levasseur.org\/fr\/vassaur\/"]}]},{"@type":"ImageObject","inLanguage":"fr-FR","@id":"https:\/\/levasseur.org\/fr\/vassaur\/#primaryimage","url":"https:\/\/levasseur.org\/wp-content\/uploads\/2025\/03\/jdv2-249x300.jpg","contentUrl":"https:\/\/levasseur.org\/wp-content\/uploads\/2025\/03\/jdv2-249x300.jpg"},{"@type":"BreadcrumbList","@id":"https:\/\/levasseur.org\/fr\/vassaur\/#breadcrumb","itemListElement":[{"@type":"ListItem","position":1,"name":"Accueil","item":"https:\/\/levasseur.org\/fr\/"},{"@type":"ListItem","position":2,"name":"Les Vassaur &#8211; Une famille canadienne \u00e9migr\u00e9 au \u00c9tats-Unis"}]},{"@type":"WebSite","@id":"https:\/\/levasseur.org\/fr\/#website","url":"https:\/\/levasseur.org\/fr\/","name":"Familles Levasseur & Carmel","description":"Du mieux que je puis","publisher":{"@id":"https:\/\/levasseur.org\/fr\/#organization"},"potentialAction":[{"@type":"SearchAction","target":{"@type":"EntryPoint","urlTemplate":"https:\/\/levasseur.org\/fr\/?s={search_term_string}"},"query-input":{"@type":"PropertyValueSpecification","valueRequired":true,"valueName":"search_term_string"}}],"inLanguage":"fr-FR"},{"@type":"Organization","@id":"https:\/\/levasseur.org\/fr\/#organization","name":"Association des Levasseur d'Am\u00e9rique","url":"https:\/\/levasseur.org\/fr\/","logo":{"@type":"ImageObject","inLanguage":"fr-FR","@id":"https:\/\/levasseur.org\/fr\/#\/schema\/logo\/image\/","url":"https:\/\/levasseur.org\/wp-content\/uploads\/2019\/04\/blason_nouv.gif","contentUrl":"https:\/\/levasseur.org\/wp-content\/uploads\/2019\/04\/blason_nouv.gif","width":500,"height":487,"caption":"Association des Levasseur d'Am\u00e9rique"},"image":{"@id":"https:\/\/levasseur.org\/fr\/#\/schema\/logo\/image\/"},"sameAs":["https:\/\/www.facebook.com\/associationlevasseur"]}]}},"_links":{"self":[{"href":"https:\/\/levasseur.org\/fr\/wp-json\/wp\/v2\/pages\/29119","targetHints":{"allow":["GET"]}}],"collection":[{"href":"https:\/\/levasseur.org\/fr\/wp-json\/wp\/v2\/pages"}],"about":[{"href":"https:\/\/levasseur.org\/fr\/wp-json\/wp\/v2\/types\/page"}],"author":[{"embeddable":true,"href":"https:\/\/levasseur.org\/fr\/wp-json\/wp\/v2\/users\/1"}],"replies":[{"embeddable":true,"href":"https:\/\/levasseur.org\/fr\/wp-json\/wp\/v2\/comments?post=29119"}],"version-history":[{"count":0,"href":"https:\/\/levasseur.org\/fr\/wp-json\/wp\/v2\/pages\/29119\/revisions"}],"wp:attachment":[{"href":"https:\/\/levasseur.org\/fr\/wp-json\/wp\/v2\/media?parent=29119"}],"curies":[{"name":"wp","href":"https:\/\/api.w.org\/{rel}","templated":true}]}}