{"id":29066,"date":"2025-06-01T08:23:53","date_gmt":"2025-06-01T12:23:53","guid":{"rendered":"https:\/\/levasseur.org\/?page_id=29066"},"modified":"2025-07-06T08:42:18","modified_gmt":"2025-07-06T12:42:18","slug":"familles_carmel_usa","status":"publish","type":"page","link":"https:\/\/levasseur.org\/fr\/familles_carmel_usa\/","title":{"rendered":"Les Carmel &#8211; Une famille franco-am\u00e9ricaine"},"content":{"rendered":"<p><div class=\"fusion-fullwidth fullwidth-box fusion-builder-row-1 fusion-flex-container nonhundred-percent-fullwidth non-hundred-percent-height-scrolling\" style=\"--awb-border-radius-top-left:0px;--awb-border-radius-top-right:0px;--awb-border-radius-bottom-right:0px;--awb-border-radius-bottom-left:0px;--awb-flex-wrap:wrap;\" ><div class=\"fusion-builder-row fusion-row fusion-flex-align-items-flex-start fusion-flex-content-wrap\" style=\"max-width:1144px;margin-left: calc(-4% \/ 2 );margin-right: calc(-4% \/ 2 );\"><div class=\"fusion-layout-column fusion_builder_column fusion-builder-column-0 fusion_builder_column_1_1 1_1 fusion-flex-column\" style=\"--awb-bg-size:cover;--awb-width-large:100%;--awb-margin-top-large:0px;--awb-spacing-right-large:1.92%;--awb-margin-bottom-large:0px;--awb-spacing-left-large:1.92%;--awb-width-medium:100%;--awb-spacing-right-medium:1.92%;--awb-spacing-left-medium:1.92%;--awb-width-small:100%;--awb-spacing-right-small:1.92%;--awb-spacing-left-small:1.92%;\"><div class=\"fusion-column-wrapper fusion-flex-justify-content-flex-start fusion-content-layout-column\"><div class=\"fusion-title title fusion-title-1 fusion-sep-none fusion-title-text fusion-title-size-one\" style=\"--awb-margin-top-small:0px;--awb-margin-right-small:0px;--awb-margin-bottom-small:10px;--awb-margin-left-small:0px;\"><h1 class=\"fusion-title-heading title-heading-left\" style=\"margin:0;\"><h1 style=\"text-align: center;\">A French Canadian American Family<\/h1>\n<h1 style=\"text-align: center;\">The Carmels (1596-2022)<\/h1>\n<hr \/>\n<h1 style=\"text-align: center;\"><\/h1><\/h1><\/div><\/div><\/div><\/div><\/div><div class=\"fusion-fullwidth fullwidth-box fusion-builder-row-2 fusion-flex-container has-pattern-background has-mask-background nonhundred-percent-fullwidth non-hundred-percent-height-scrolling\" style=\"--awb-border-radius-top-left:0px;--awb-border-radius-top-right:0px;--awb-border-radius-bottom-right:0px;--awb-border-radius-bottom-left:0px;--awb-flex-wrap:wrap;\" ><div class=\"fusion-builder-row fusion-row fusion-flex-align-items-flex-start fusion-flex-content-wrap\" style=\"max-width:1144px;margin-left: calc(-4% \/ 2 );margin-right: calc(-4% \/ 2 );\"><div class=\"fusion-layout-column fusion_builder_column fusion-builder-column-1 fusion_builder_column_3_4 3_4 fusion-flex-column\" style=\"--awb-bg-size:cover;--awb-width-large:75%;--awb-margin-top-large:0px;--awb-spacing-right-large:2.56%;--awb-margin-bottom-large:20px;--awb-spacing-left-large:2.56%;--awb-width-medium:100%;--awb-order-medium:0;--awb-spacing-right-medium:1.92%;--awb-spacing-left-medium:1.92%;--awb-width-small:100%;--awb-order-small:0;--awb-spacing-right-small:1.92%;--awb-spacing-left-small:1.92%;\" data-scroll-devices=\"small-visibility,medium-visibility,large-visibility\"><div class=\"fusion-column-wrapper fusion-column-has-shadow fusion-flex-justify-content-flex-start fusion-content-layout-column\"><div class=\"fusion-text fusion-text-1\"><p style=\"text-align: center;\">Prendre note que ce volumineux document de 85 pages est pr\u00e9sent\u00e9 en anglais seulement (L&rsquo;Association des Familles Levasseur et Carmel n&rsquo;a pas les ressources disponibles pour proc\u00e9der \u00e0 la traduction de ce document vers le fran\u00e7ais). Le t\u00e9l\u00e9chargement sous format PDF n&rsquo;est pas offert pour cette publication. Seule une version pour consultation en ligne est disponible.<\/p>\n<hr \/>\n<p style=\"text-align: left;\">Le texte de <strong>M. Thomas Harte<\/strong> pr\u00e9sente l\u2019histoire fascinante de la famille Carmel, d\u2019origine fran\u00e7aise, s\u2019\u00e9tendant sur plusieurs si\u00e8cles, \u00e0 commencer par Pierre Levasseur, l\u2019anc\u00eatre direct qui quitta Paris pour s\u2019\u00e9tablir en Nouvelle-France au XVIIe si\u00e8cle. Initialement appel\u00e9e Levasseur, la famille adopta plus tard le surnom \u00ab dit Carmel \u00bb, une pratique courante \u00e0 l\u2019\u00e9poque pour distinguer les familles portant des noms communs. Pierre Levasseur et ses descendants devinrent des artisans renomm\u00e9s, notamment pour leur travail dans la construction de structures telles que la cath\u00e9drale Notre-Dame de Qu\u00e9bec.<\/p>\n<p><img decoding=\"async\" class=\"alignleft wp-image-28324\" src=\"https:\/\/levasseur.org\/wp-content\/uploads\/2024\/09\/TH_003-225x300.webp\" alt=\"\" width=\"143\" height=\"191\" srcset=\"https:\/\/levasseur.org\/wp-content\/uploads\/2024\/09\/TH_003-200x267.webp 200w, https:\/\/levasseur.org\/wp-content\/uploads\/2024\/09\/TH_003-225x300.webp 225w, https:\/\/levasseur.org\/wp-content\/uploads\/2024\/09\/TH_003-400x533.webp 400w, https:\/\/levasseur.org\/wp-content\/uploads\/2024\/09\/TH_003.webp 412w\" sizes=\"(max-width: 143px) 100vw, 143px\" \/>L\u2019ouvrage d\u00e9taille les difficult\u00e9s auxquelles ces premiers colons furent confront\u00e9s, notamment les guerres contre les Iroquois et les Britanniques, ainsi que le climat rigoureux et les maladies. Malgr\u00e9 ces d\u00e9fis, la famille Carmel, au fil d<img decoding=\"async\" class=\"alignright wp-image-29405 size-medium\" src=\"https:\/\/levasseur.org\/wp-content\/uploads\/2025\/06\/The_Carmels-300x199.jpg\" alt=\"\" width=\"300\" height=\"199\" srcset=\"https:\/\/levasseur.org\/wp-content\/uploads\/2025\/06\/The_Carmels-200x133.jpg 200w, https:\/\/levasseur.org\/wp-content\/uploads\/2025\/06\/The_Carmels-300x199.jpg 300w, https:\/\/levasseur.org\/wp-content\/uploads\/2025\/06\/The_Carmels-400x265.jpg 400w, https:\/\/levasseur.org\/wp-content\/uploads\/2025\/06\/The_Carmels-600x398.jpg 600w, https:\/\/levasseur.org\/wp-content\/uploads\/2025\/06\/The_Carmels-768x509.jpg 768w, https:\/\/levasseur.org\/wp-content\/uploads\/2025\/06\/The_Carmels.jpg 796w\" sizes=\"(max-width: 300px) 100vw, 300px\" \/>es g\u00e9n\u00e9rations, s\u2019enracina solidement dans la colonie, jouant un r\u00f4le important dans la construction et l\u2019expansion de la ville de Qu\u00e9bec. Le r\u00e9cit \u00e9voque \u00e9galement les migrations successives de la famille vers les Adirondacks aux \u00c9tats-Unis, puis vers le Massachusetts au XIXe si\u00e8cle, attir\u00e9e par de meilleures opportunit\u00e9s \u00e9conomiques.<\/p>\n<p>M. Harte rend hommage \u00e0 la r\u00e9silience et \u00e0 l\u2019adaptabilit\u00e9 de ses anc\u00eatres, qui non seulement surmont\u00e8rent les difficult\u00e9s de l\u2019immigration, mais prosp\u00e9r\u00e8rent aussi dans des environnements tr\u00e8s diff\u00e9rents, allant du Qu\u00e9bec rural aux villes industrielles am\u00e9ricaines. Le livre explore \u00e9galement les relations entre les diff\u00e9rentes branches de la famille Carmel et d\u2019autres familles pionni\u00e8res telles que les Gagn\u00e9, Cloutier et Dion, qui contribu\u00e8rent \u00e9galement \u00e0 fa\u00e7onner l\u2019h\u00e9ritage familial.<\/p>\n<p>Cet ouvrage constitue une contribution pr\u00e9cieuse \u00e0 la m\u00e9moire familiale, retra\u00e7ant non seulement les origines de la famille Carmel, mais aussi les choix de vie et les circonstances qui ont influenc\u00e9 son parcours. M. Thomas Harte m\u00e9rite de sinc\u00e8res remerciements pour ses recherches approfondies et son d\u00e9vouement \u00e0 la pr\u00e9servation de cette histoire, un h\u00e9ritage pr\u00e9cieux pour les g\u00e9n\u00e9rations futures.<\/p>\n<\/div><\/div><\/div><div class=\"fusion-layout-column fusion_builder_column fusion-builder-column-2 fusion_builder_column_1_4 1_4 fusion-flex-column\" style=\"--awb-bg-size:cover;--awb-width-large:25%;--awb-margin-top-large:0px;--awb-spacing-right-large:7.68%;--awb-margin-bottom-large:20px;--awb-spacing-left-large:7.68%;--awb-width-medium:100%;--awb-order-medium:0;--awb-spacing-right-medium:1.92%;--awb-spacing-left-medium:1.92%;--awb-width-small:100%;--awb-order-small:0;--awb-spacing-right-small:1.92%;--awb-spacing-left-small:1.92%;\"><div class=\"fusion-column-wrapper fusion-column-has-shadow fusion-flex-justify-content-flex-start fusion-content-layout-column\"><CENTER>[<a class=\"_df_thumb \"  href=\"#\"  data-slug=\"29027\" data-_slug=\"29027\" _slug=\"29027\" data-title=\"the-carmel-family-mr-thomas-harte\" id=\"df_29027\" data-df-option=\"df_option_29027\" thumb=\"https:\/\/levasseur.org\/wp-content\/uploads\/dflip-thumbs\/29027.jpeg?1741946145\"  >The Carmel Family (Mr Thomas Harte)<\/a><script class=\"df-shortcode-script\" nowprocket type=\"application\/javascript\">window.df_option_29027 = {\"source\":\"https:\\\/\\\/levasseur.org\\\/wp-content\\\/uploads\\\/2024\\\/10\\\/202500801_en.pdf\",\"outline\":[],\"overwritePDFOutline\":false,\"pageSize\":\"0\",\"slug\":\"29027\",\"wpOptions\":\"true\",\"id\":29027}; if(window.DFLIP && window.DFLIP.parseBooks){window.DFLIP.parseBooks();}<\/script><\/CENTER><div class=\"fusion-text fusion-text-2\"><p style=\"text-align: center;\"><b><span style=\"color: #ff0000;\">Cliquez sur l&rsquo;image pour <span style=\"caret-color: #ff0000;\">visualiser<\/span> cet ouvrage.<\/span><\/b><\/p>\n<p style=\"text-align: center;\">Cliquez sur \u00ab\u00a0Basculer la page compl\u00e8te\u00a0\u00bb pour afficher en plein \u00e9cran. Sur votre tablette, en mode paysage, vous pouvez activer \u00ab\u00a0Simple Page View\u00a0\u00bb.<\/p>\n<\/div><\/div><\/div><\/div><\/div><\/p>\n","protected":false},"excerpt":{"rendered":"","protected":false},"author":1,"featured_media":0,"parent":0,"menu_order":0,"comment_status":"closed","ping_status":"closed","template":"","meta":{"footnotes":""},"class_list":["post-29066","page","type-page","status-publish","hentry"],"yoast_head":"<!-- This site is optimized with the Yoast SEO plugin v27.3 - https:\/\/yoast.com\/product\/yoast-seo-wordpress\/ -->\n<title>Les Carmel - Une famille franco-am\u00e9ricaine - Familles Levasseur et Carmel<\/title>\n<meta name=\"description\" content=\"L\u2019Association des Levasseur et Carmel d\u2019Am\u00e9rique vous permet de consulter : documents historiques concernant les anc\u00eatres Jean, Pierre et Laurent Levasseur arriv\u00e9s en Nouvelle-France au 17e si\u00e8cle. Informations, objectifs, activit\u00e9s et rassemblements.\" \/>\n<meta name=\"robots\" content=\"index, follow, max-snippet:-1, max-image-preview:large, max-video-preview:-1\" \/>\n<link rel=\"canonical\" href=\"https:\/\/levasseur.org\/fr\/familles_carmel_usa\/\" \/>\n<meta property=\"og:locale\" content=\"fr_FR\" \/>\n<meta property=\"og:type\" content=\"article\" \/>\n<meta property=\"og:title\" content=\"Les Carmel - Une famille franco-am\u00e9ricaine - Familles Levasseur et Carmel\" \/>\n<meta property=\"og:description\" content=\"L\u2019Association des Levasseur et Carmel d\u2019Am\u00e9rique vous permet de consulter : documents historiques concernant les anc\u00eatres Jean, Pierre et Laurent Levasseur arriv\u00e9s en Nouvelle-France au 17e si\u00e8cle. Informations, objectifs, activit\u00e9s et rassemblements.\" \/>\n<meta property=\"og:url\" content=\"https:\/\/levasseur.org\/fr\/familles_carmel_usa\/\" \/>\n<meta property=\"og:site_name\" content=\"Familles Levasseur et Carmel\" \/>\n<meta property=\"article:publisher\" content=\"https:\/\/www.facebook.com\/associationlevasseur\" \/>\n<meta property=\"article:modified_time\" content=\"2025-07-06T12:42:18+00:00\" \/>\n<meta property=\"og:image\" content=\"https:\/\/levasseur.org\/wp-content\/uploads\/2024\/09\/TH_003.webp\" \/>\n\t<meta property=\"og:image:width\" content=\"412\" \/>\n\t<meta property=\"og:image:height\" content=\"549\" \/>\n\t<meta property=\"og:image:type\" content=\"image\/webp\" \/>\n<meta name=\"twitter:card\" content=\"summary_large_image\" \/>\n<meta name=\"twitter:label1\" content=\"Dur\u00e9e de lecture estim\u00e9e\" \/>\n\t<meta name=\"twitter:data1\" content=\"13 minutes\" \/>\n<script type=\"application\/ld+json\" class=\"yoast-schema-graph\">{\"@context\":\"https:\\\/\\\/schema.org\",\"@graph\":[{\"@type\":\"WebPage\",\"@id\":\"https:\\\/\\\/levasseur.org\\\/fr\\\/familles_carmel_usa\\\/\",\"url\":\"https:\\\/\\\/levasseur.org\\\/fr\\\/familles_carmel_usa\\\/\",\"name\":\"Les Carmel - Une famille franco-am\u00e9ricaine - Familles Levasseur et Carmel\",\"isPartOf\":{\"@id\":\"https:\\\/\\\/levasseur.org\\\/fr\\\/#website\"},\"primaryImageOfPage\":{\"@id\":\"https:\\\/\\\/levasseur.org\\\/fr\\\/familles_carmel_usa\\\/#primaryimage\"},\"image\":{\"@id\":\"https:\\\/\\\/levasseur.org\\\/fr\\\/familles_carmel_usa\\\/#primaryimage\"},\"thumbnailUrl\":\"https:\\\/\\\/levasseur.org\\\/wp-content\\\/uploads\\\/2024\\\/09\\\/TH_003-225x300.webp\",\"datePublished\":\"2025-06-01T12:23:53+00:00\",\"dateModified\":\"2025-07-06T12:42:18+00:00\",\"description\":\"L\u2019Association des Levasseur et Carmel d\u2019Am\u00e9rique vous permet de consulter : documents historiques concernant les anc\u00eatres Jean, Pierre et Laurent Levasseur arriv\u00e9s en Nouvelle-France au 17e si\u00e8cle. Informations, objectifs, activit\u00e9s et rassemblements.\",\"breadcrumb\":{\"@id\":\"https:\\\/\\\/levasseur.org\\\/fr\\\/familles_carmel_usa\\\/#breadcrumb\"},\"inLanguage\":\"fr-FR\",\"potentialAction\":[{\"@type\":\"ReadAction\",\"target\":[\"https:\\\/\\\/levasseur.org\\\/fr\\\/familles_carmel_usa\\\/\"]}]},{\"@type\":\"ImageObject\",\"inLanguage\":\"fr-FR\",\"@id\":\"https:\\\/\\\/levasseur.org\\\/fr\\\/familles_carmel_usa\\\/#primaryimage\",\"url\":\"https:\\\/\\\/levasseur.org\\\/wp-content\\\/uploads\\\/2024\\\/09\\\/TH_003-225x300.webp\",\"contentUrl\":\"https:\\\/\\\/levasseur.org\\\/wp-content\\\/uploads\\\/2024\\\/09\\\/TH_003-225x300.webp\"},{\"@type\":\"BreadcrumbList\",\"@id\":\"https:\\\/\\\/levasseur.org\\\/fr\\\/familles_carmel_usa\\\/#breadcrumb\",\"itemListElement\":[{\"@type\":\"ListItem\",\"position\":1,\"name\":\"Accueil\",\"item\":\"https:\\\/\\\/levasseur.org\\\/fr\\\/\"},{\"@type\":\"ListItem\",\"position\":2,\"name\":\"Les Carmel &#8211; Une famille franco-am\u00e9ricaine\"}]},{\"@type\":\"WebSite\",\"@id\":\"https:\\\/\\\/levasseur.org\\\/fr\\\/#website\",\"url\":\"https:\\\/\\\/levasseur.org\\\/fr\\\/\",\"name\":\"Familles Levasseur & Carmel\",\"description\":\"Du mieux que je puis\",\"publisher\":{\"@id\":\"https:\\\/\\\/levasseur.org\\\/fr\\\/#organization\"},\"potentialAction\":[{\"@type\":\"SearchAction\",\"target\":{\"@type\":\"EntryPoint\",\"urlTemplate\":\"https:\\\/\\\/levasseur.org\\\/fr\\\/?s={search_term_string}\"},\"query-input\":{\"@type\":\"PropertyValueSpecification\",\"valueRequired\":true,\"valueName\":\"search_term_string\"}}],\"inLanguage\":\"fr-FR\"},{\"@type\":\"Organization\",\"@id\":\"https:\\\/\\\/levasseur.org\\\/fr\\\/#organization\",\"name\":\"Association des Levasseur d'Am\u00e9rique\",\"url\":\"https:\\\/\\\/levasseur.org\\\/fr\\\/\",\"logo\":{\"@type\":\"ImageObject\",\"inLanguage\":\"fr-FR\",\"@id\":\"https:\\\/\\\/levasseur.org\\\/fr\\\/#\\\/schema\\\/logo\\\/image\\\/\",\"url\":\"https:\\\/\\\/levasseur.org\\\/wp-content\\\/uploads\\\/2019\\\/04\\\/blason_nouv.gif\",\"contentUrl\":\"https:\\\/\\\/levasseur.org\\\/wp-content\\\/uploads\\\/2019\\\/04\\\/blason_nouv.gif\",\"width\":500,\"height\":487,\"caption\":\"Association des Levasseur d'Am\u00e9rique\"},\"image\":{\"@id\":\"https:\\\/\\\/levasseur.org\\\/fr\\\/#\\\/schema\\\/logo\\\/image\\\/\"},\"sameAs\":[\"https:\\\/\\\/www.facebook.com\\\/associationlevasseur\"]}]}<\/script>\n<!-- \/ Yoast SEO plugin. -->","yoast_head_json":{"title":"Les Carmel - Une famille franco-am\u00e9ricaine - Familles Levasseur et Carmel","description":"L\u2019Association des Levasseur et Carmel d\u2019Am\u00e9rique vous permet de consulter : documents historiques concernant les anc\u00eatres Jean, Pierre et Laurent Levasseur arriv\u00e9s en Nouvelle-France au 17e si\u00e8cle. Informations, objectifs, activit\u00e9s et rassemblements.","robots":{"index":"index","follow":"follow","max-snippet":"max-snippet:-1","max-image-preview":"max-image-preview:large","max-video-preview":"max-video-preview:-1"},"canonical":"https:\/\/levasseur.org\/fr\/familles_carmel_usa\/","og_locale":"fr_FR","og_type":"article","og_title":"Les Carmel - Une famille franco-am\u00e9ricaine - Familles Levasseur et Carmel","og_description":"L\u2019Association des Levasseur et Carmel d\u2019Am\u00e9rique vous permet de consulter : documents historiques concernant les anc\u00eatres Jean, Pierre et Laurent Levasseur arriv\u00e9s en Nouvelle-France au 17e si\u00e8cle. Informations, objectifs, activit\u00e9s et rassemblements.","og_url":"https:\/\/levasseur.org\/fr\/familles_carmel_usa\/","og_site_name":"Familles Levasseur et Carmel","article_publisher":"https:\/\/www.facebook.com\/associationlevasseur","article_modified_time":"2025-07-06T12:42:18+00:00","og_image":[{"width":412,"height":549,"url":"https:\/\/levasseur.org\/wp-content\/uploads\/2024\/09\/TH_003.webp","type":"image\/webp"}],"twitter_card":"summary_large_image","twitter_misc":{"Dur\u00e9e de lecture estim\u00e9e":"13 minutes"},"schema":{"@context":"https:\/\/schema.org","@graph":[{"@type":"WebPage","@id":"https:\/\/levasseur.org\/fr\/familles_carmel_usa\/","url":"https:\/\/levasseur.org\/fr\/familles_carmel_usa\/","name":"Les Carmel - Une famille franco-am\u00e9ricaine - Familles Levasseur et Carmel","isPartOf":{"@id":"https:\/\/levasseur.org\/fr\/#website"},"primaryImageOfPage":{"@id":"https:\/\/levasseur.org\/fr\/familles_carmel_usa\/#primaryimage"},"image":{"@id":"https:\/\/levasseur.org\/fr\/familles_carmel_usa\/#primaryimage"},"thumbnailUrl":"https:\/\/levasseur.org\/wp-content\/uploads\/2024\/09\/TH_003-225x300.webp","datePublished":"2025-06-01T12:23:53+00:00","dateModified":"2025-07-06T12:42:18+00:00","description":"L\u2019Association des Levasseur et Carmel d\u2019Am\u00e9rique vous permet de consulter : documents historiques concernant les anc\u00eatres Jean, Pierre et Laurent Levasseur arriv\u00e9s en Nouvelle-France au 17e si\u00e8cle. Informations, objectifs, activit\u00e9s et rassemblements.","breadcrumb":{"@id":"https:\/\/levasseur.org\/fr\/familles_carmel_usa\/#breadcrumb"},"inLanguage":"fr-FR","potentialAction":[{"@type":"ReadAction","target":["https:\/\/levasseur.org\/fr\/familles_carmel_usa\/"]}]},{"@type":"ImageObject","inLanguage":"fr-FR","@id":"https:\/\/levasseur.org\/fr\/familles_carmel_usa\/#primaryimage","url":"https:\/\/levasseur.org\/wp-content\/uploads\/2024\/09\/TH_003-225x300.webp","contentUrl":"https:\/\/levasseur.org\/wp-content\/uploads\/2024\/09\/TH_003-225x300.webp"},{"@type":"BreadcrumbList","@id":"https:\/\/levasseur.org\/fr\/familles_carmel_usa\/#breadcrumb","itemListElement":[{"@type":"ListItem","position":1,"name":"Accueil","item":"https:\/\/levasseur.org\/fr\/"},{"@type":"ListItem","position":2,"name":"Les Carmel &#8211; Une famille franco-am\u00e9ricaine"}]},{"@type":"WebSite","@id":"https:\/\/levasseur.org\/fr\/#website","url":"https:\/\/levasseur.org\/fr\/","name":"Familles Levasseur & Carmel","description":"Du mieux que je puis","publisher":{"@id":"https:\/\/levasseur.org\/fr\/#organization"},"potentialAction":[{"@type":"SearchAction","target":{"@type":"EntryPoint","urlTemplate":"https:\/\/levasseur.org\/fr\/?s={search_term_string}"},"query-input":{"@type":"PropertyValueSpecification","valueRequired":true,"valueName":"search_term_string"}}],"inLanguage":"fr-FR"},{"@type":"Organization","@id":"https:\/\/levasseur.org\/fr\/#organization","name":"Association des Levasseur d'Am\u00e9rique","url":"https:\/\/levasseur.org\/fr\/","logo":{"@type":"ImageObject","inLanguage":"fr-FR","@id":"https:\/\/levasseur.org\/fr\/#\/schema\/logo\/image\/","url":"https:\/\/levasseur.org\/wp-content\/uploads\/2019\/04\/blason_nouv.gif","contentUrl":"https:\/\/levasseur.org\/wp-content\/uploads\/2019\/04\/blason_nouv.gif","width":500,"height":487,"caption":"Association des Levasseur d'Am\u00e9rique"},"image":{"@id":"https:\/\/levasseur.org\/fr\/#\/schema\/logo\/image\/"},"sameAs":["https:\/\/www.facebook.com\/associationlevasseur"]}]}},"_links":{"self":[{"href":"https:\/\/levasseur.org\/fr\/wp-json\/wp\/v2\/pages\/29066","targetHints":{"allow":["GET"]}}],"collection":[{"href":"https:\/\/levasseur.org\/fr\/wp-json\/wp\/v2\/pages"}],"about":[{"href":"https:\/\/levasseur.org\/fr\/wp-json\/wp\/v2\/types\/page"}],"author":[{"embeddable":true,"href":"https:\/\/levasseur.org\/fr\/wp-json\/wp\/v2\/users\/1"}],"replies":[{"embeddable":true,"href":"https:\/\/levasseur.org\/fr\/wp-json\/wp\/v2\/comments?post=29066"}],"version-history":[{"count":3,"href":"https:\/\/levasseur.org\/fr\/wp-json\/wp\/v2\/pages\/29066\/revisions"}],"predecessor-version":[{"id":29475,"href":"https:\/\/levasseur.org\/fr\/wp-json\/wp\/v2\/pages\/29066\/revisions\/29475"}],"wp:attachment":[{"href":"https:\/\/levasseur.org\/fr\/wp-json\/wp\/v2\/media?parent=29066"}],"curies":[{"name":"wp","href":"https:\/\/api.w.org\/{rel}","templated":true}]}}