{"id":2776,"date":"2013-01-21T19:10:06","date_gmt":"2013-01-21T19:10:06","guid":{"rendered":"https:\/\/avada.theme-fusion.com\/?page_id=2776"},"modified":"2026-01-01T15:39:33","modified_gmt":"2026-01-01T20:39:33","slug":"publications","status":"publish","type":"page","link":"https:\/\/levasseur.org\/fr\/publications\/","title":{"rendered":"Autres publications"},"content":{"rendered":"<h1 style=\"text-align: center;\">Diverses publications<\/h1>\n<hr \/>\n<p>Voici quelques publications parues sur les Levasseur et leurs descendants. <strong>Certaines peuvent \u00eatre consult\u00e9es en ligne, sur notre site Web<\/strong>.\u00a0Prenez note que les faits, dates et autres renseignements retrouv\u00e9s dans \u00a0ces ouvrages n&rsquo;engagent que leur auteur(e). Nous avons trouv\u00e9 quelques erreurs et omissions dans ces ouvrages. Le chercheur rigoureux devra se r\u00e9f\u00e9rer <a href=\"https:\/\/levasseur.org\/tng\" target=\"_blank\" rel=\"noopener\">\u00e0 notre base de donn\u00e9es en ligne<\/a> pour valider les donn\u00e9es retrouv\u00e9es dans ces ouvrages. <strong>La consultation en ligne est r\u00e9serv\u00e9e \u00e0 nos membres en r\u00e8gle<\/strong>. <a href=\"webmaster@levasseur.org\">Contactez-nous pour avoir vos acc\u00e8s.<\/a><\/p>\n<p>Pour acc\u00e9der directement \u00e0 l&rsquo;ensemble des publications de Jean-Marie Levasseur, vous pouvez \u00e9galement vous rendre \u00e0 adresse, car nous avons cr\u00e9\u00e9 une section enti\u00e8rement consacr\u00e9e \u00e0 ce chercheur : <a href=\"https:\/\/jean-marie.levasseur.org\" target=\"_blank\" rel=\"noopener\">https:\/\/jean-marie.levasseur.org<\/a>.<\/p>\n<hr \/>\n<ul>\n<li>Auteur : <strong>Jean-Marie Levasseur<\/strong>\n<ul>\n<li>Titre : <span style=\"color: #0000ff;\"><strong>Les Levasseur de Saint-Maurice<\/strong><\/span> <strong>(<span style=\"color: #ff0000;\"><a style=\"color: #ff0000;\" href=\"https:\/\/levasseur.org\/fr\/les-levasseur-de-saint-maurice\/\" target=\"_blank\" rel=\"noopener\">consultation en ligne &#8211; R\u00e9serv\u00e9 \u00e0 nos membres<\/a><\/span>)<\/strong><\/li>\n<li>Le tome 1 (114 pages) est intitul\u00e9 \u00ab Les personnes \u00bb. Il d\u00e9crit les pionniers de St-Maurice (1831-1851), la rel\u00e8ve (1851-1881), la consolidation (1881-1901) et la modernisation au 20e si\u00e8cle. Les annexes contiennent des analyses des diff\u00e9rents recensements et un album de photos. Suivent une liste des sources et la table des mati\u00e8res. Le tome 2 (158 pages) est intitul\u00e9 \u00ab Les terres \u00bb. Il situe les premi\u00e8res terres, puis il pr\u00e9cise les d\u00e9buts des pionniers, la transmission des lots et la localisation des lots. Dans les instruments de travail, on trouve, entre autres, Le censier B-2, 1888-1926, Saint-Maurice, Seigneurie du Cap-de-la-Madeleine, une compilation exceptionnelle faite par Mme Joceline Levasseur de St-Maurice (2011)<\/li>\n<\/ul>\n<\/li>\n<li>Auteur : <strong>Jean-Marie Levasseur<\/strong>\n<ul>\n<li>Titre : <span style=\"color: #0000ff;\"><strong>Aim\u00e9 Levasseur (1850-1906)<\/strong><\/span> <strong>(<span style=\"color: #ff0000;\"><a style=\"color: #ff0000;\" href=\"https:\/\/levasseur.org\/fr\/aime-levasseur\/\" target=\"_blank\" rel=\"noopener\">consultation en ligne &#8211; R\u00e9serv\u00e9 \u00e0 nos membres<\/a><\/span>)<\/strong><\/li>\n<li>Trois-Rivi\u00e8res, 2002, 262 pages.\u00a0Le tome 1 (164 pages) contient une esquisse historique, un roman historique, des donn\u00e9es g\u00e9n\u00e9alogiques sur Aim\u00e9 et son \u00e9pouse, Clarisse Levasseur, des documents officiels, une bibliographie et une table des mati\u00e8res d\u00e9taill\u00e9e. Aim\u00e9 Levasseur, n\u00e9 \u00e0 B\u00e9cancour, a d\u2019abord fait l\u2019exp\u00e9rience de la vie militaire dans sa jeunesse, au Canada et en Europe. Par la suite, il a \u00e9t\u00e9 cultivateur \u00e0 St-Maurice, o\u00f9 il a \u00e9t\u00e9 conseiller municipal, puis pr\u00e9sident de la Commission scolaire.\u00a0Le tome 2 (pages 165-262) contient des documents compl\u00e9mentaires et des photos avec commentaires.<\/li>\n<\/ul>\n<\/li>\n<li>Auteur : <strong>Jean-Marie Levasseur\u00a0<\/strong>\n<ul>\n<li>Titre : <span style=\"color: #0000ff;\"><strong>Les Levasseur \u00e0 Trois-Rivi\u00e8res au 18e si\u00e8cle<\/strong><\/span>, Trois-Rivi\u00e8res, 2014, 20 pages.<\/li>\n<li>Cette brochure recueille l\u2019essentiel d\u2019une conf\u00e9rence donn\u00e9e \u00e0 Trois-Rivi\u00e8res, le 6 septembre 2014, lors du Rassemblement des Levasseur. Il y est question de tous les Levasseur qui ont demeur\u00e9 \u00e0 Trois-Rivi\u00e8res au 18e si\u00e8cle, mais plus sp\u00e9cialement de Denis-Joseph Levasseur (1712-1792), qui est arriv\u00e9 \u00e0 Trois-Rivi\u00e8res en 1736 et s\u2019y est \u00e9tabli d\u00e9finitivement. La brochure contient aussi des renseignements sur la ville de Trois-Rivi\u00e8res au 18e si\u00e8cle, sur les trois r\u00e9sidences de Denis-Joseph et sur les orientations de ses enfants<\/li>\n<\/ul>\n<\/li>\n<li><span style=\"color: #000000;\"><a style=\"color: #000000;\" href=\"https:\/\/levasseur.org\/fr\/publication-adrien-levasseur-origines-pierre-levasseur\/\" target=\"_blank\" rel=\"noopener\">Auteur<\/a><\/span> : <strong>J.F.\u00a0Adrien Levasseur<\/strong>\n<ul>\n<li>Titre : <span style=\"color: #0000ff;\"><strong>Pierre Levasseur dit Lesp\u00e9rance <\/strong><\/span>(Non disponible pour\u00a0consultation en ligne)<\/li>\n<li>Biblioth\u00e8que Nationale du Qu\u00e9bec\u00a0Biblioth\u00e8que Nationale, Ottawa\u00a0D\u00e9pot L\u00e9gal 4e trimestre 1989\u00a0ISBN 2-9801208-2-0<\/li>\n<li>Adrien Levasseur a toujours eu beaucoup d\u2019int\u00e9r\u00eat pour l\u2019histoire et la g\u00e9n\u00e9alogie. C\u2019est ainsi qu\u2019au d\u00e9but des ann\u00e9es \u201960, il commen\u00e7a des recherches sur la g\u00e9n\u00e9alogie de la famille Levasseur et de celle de son \u00e9pouse C\u00e9cile Thibault. Ces nombreuses et laborieuses ann\u00e9es de recherche lui ont permis, au cours de sa trop br\u00e8ve retraite, de publier quelques ouvrages.<\/li>\n<\/ul>\n<\/li>\n<li><span style=\"color: #000000;\"><a style=\"color: #000000;\" href=\"https:\/\/levasseur.org\/fr\/publication-adrien-levasseur-origines-laurent\/\" target=\"_blank\" rel=\"noopener\">Auteur<\/a><\/span> : <strong>J.F. Adrien Levasseur<\/strong>\n<ul>\n<li>Titre : <strong><span style=\"color: #0000ff;\">Laurent Levasseur, les origines<\/span>\u00a0<\/strong><\/li>\n<li>Biblioth\u00e8que Nationale du Qu\u00e9bec,\u00a0Biblioth\u00e8que Nationale, Ottawa,\u00a0D\u00e9pot L\u00e9gal 2e trimestre 1988,\u00a0ISBN 2-9801208-1-2<\/li>\n<\/ul>\n<\/li>\n<li>Auteur : <strong>G\u00e9rard Levasseur, S.C<\/strong>.\n<ul>\n<li>Titre : <span style=\"color: #0000ff;\"><strong>Il Faut Marcher une Longue Route<\/strong><\/span> (biographie) <strong>(<span style=\"color: #ff0000;\"><a style=\"color: #ff0000;\" href=\"https:\/\/levasseur.org\/fr\/publication-gerard-levasseur-biographie\/\" target=\"_blank\" rel=\"noopener\">consultation en ligne &#8211; R\u00e9serv\u00e9 aux membres<\/a><\/span>)<\/strong><\/li>\n<\/ul>\n<\/li>\n<li>Auteur : <strong>G\u00e9rard Levasseur S.C.<\/strong>\n<ul>\n<li>Titre : D&rsquo;Hier \u00e0 Aujourd&rsquo;hui<\/li>\n<li>Description : 149 f., [1] f. de pl. : portr. ; 28 cm. Fran\u00e7ais \u2013 French<\/li>\n<\/ul>\n<\/li>\n<li>Auteure : <strong>France Levasseur-Ouimet<\/strong>\n<ul>\n<li>Titre : <span style=\"color: #0000ff;\"><strong>Les Levasseur de Fort Kent, AB<\/strong><\/span><\/li>\n<\/ul>\n<\/li>\n<li><span style=\"color: #000000;\"><a style=\"color: #000000;\" href=\"https:\/\/levasseur.org\/fr\/alfred_levasseur\/\" target=\"_blank\" rel=\"noopener\">Auteur<\/a> <\/span>: <strong>Alfred Levasseur<\/strong>\n<ul>\n<li>Titre : <strong><span style=\"color: #0000ff;\">G\u00e9n\u00e9alogie et histoire de Laurent Levasseur<\/span>\u00a0<\/strong>(Non disponible pour\u00a0consultation en ligne)<\/li>\n<li>Notre premier anc\u00eatre, et ses descendants au Canada. Pionnier de la Seigneurie de Lauzon. Son fils Pierre, pionnier de la Seignerie de Kamouraska de 1701-2 \u00e0 1738. Bref historique des Levasseur de passage au Canada et ceux qui se sont \u00e9tablis de 1542 \u00e0 1700<\/li>\n<\/ul>\n<\/li>\n<li>Auteur : <strong>Honor\u00e9 G. Levasseur<\/strong>\n<ul>\n<li>Titre : <span style=\"color: #0000ff;\"><strong>Les Levasseur du Manitoba<\/strong><\/span>\u00a0(anglais)<strong> (<span style=\"color: #ff0000;\"><a style=\"color: #ff0000;\" href=\"https:\/\/levasseur.org\/fr\/honore-g-levasseur\/\" target=\"_blank\" rel=\"noopener\">consultation en ligne &#8211; R\u00e9serv\u00e9 aux membres<\/a><\/span>)<\/strong><\/li>\n<\/ul>\n<\/li>\n<li>Auteur : <strong>Joan Vassar<\/strong>\n<ul>\n<li>Titre : <strong><span style=\"color: #0000ff;\">A Journey \u2013 Ancestors of Joseph<\/span> <span style=\"color: #0000ff;\">Levasseur\/Vassar\/Vasseu<\/span><\/strong><span style=\"color: #0000ff;\">r<\/span> <strong>(<span style=\"color: #ff0000;\"><a style=\"color: #ff0000;\" href=\"https:\/\/levasseur.org\/fr\/joan-vassar-a-journey\/\" target=\"_blank\" rel=\"noopener\">consultation en ligne<\/a><\/span>)<\/strong><\/li>\n<\/ul>\n<\/li>\n<li>Auteure : <strong>Louise-Anne Scheer<\/strong>\n<ul>\n<li>Titre : <strong><span style=\"color: #0000ff;\">My Family Tree including photos<\/span> (2004)<\/strong> <strong>(<a href=\"https:\/\/levasseur.org\/fr\/louise_scheer\/\" target=\"_blank\" rel=\"noopener\"><span style=\"color: #ff0000;\">consultation en ligne &#8211; R\u00e9serv\u00e9 aux membres<\/span><\/a>)<\/strong><\/li>\n<\/ul>\n<\/li>\n<li>Auteur : <strong>Henri-Jean-Charles Levasseur<\/strong>\n<ul>\n<li>Titre : <span style=\"color: #0000ff;\"><strong>Donn\u00e9es g\u00e9n\u00e9alogiques \u2013 Livre 1 et 2<\/strong><\/span><\/li>\n<li>Henri-Charles-Jean Levasseur est n\u00e9 le 11 juillet 1892 \u00e0 Chicago, Illinois, dans la paroisse de Saint-Boniface. Il \u00e9tait c\u00e9libataire et le dernier de sa lign\u00e9e. Il \u00e9tait aussi comptable et chimiste. Il vivait \u00e0 Portland, Oregon o\u00f9 il \u00e9tait attitr\u00e9 au service des r\u00e9clamations de l\u2019emploi; il a \u00e9t\u00e9 membre de l\u2019Assembl\u00e9e l\u00e9gislative de l\u2019\u00e9tat de l\u2019Or\u00e9gon. Il \u00e9tait aussi membre des Chevaliers de Colomb. Pendant vingt ans, il fit des \u00e9tudes sur les familles Levasseur d\u2019Am\u00e9rique. Son manuscrit a \u00e9t\u00e9 d\u00e9pos\u00e9 aux Archives nationales de Qu\u00e9bec ainsi qu\u2019\u00e0 la Soci\u00e9t\u00e9 g\u00e9n\u00e9alogique canadienne-fran\u00e7aise.<\/li>\n<\/ul>\n<\/li>\n<li>Auteure : <strong>Pearl Levasseur-Smith<\/strong>\n<ul>\n<li>Titre : <span style=\"color: #0000ff;\"><strong>Our French Connection: Pierre Levasseur<\/strong><\/span><\/li>\n<li>Madame LeVasseur Smith s\u2019est particuli\u00e8rement attard\u00e9e \u00e0 documenter les nombreux travaux des sculpteurs Levasseur, descendants de l\u2019anc\u00eatre Pierre Levasseur. Cet ouvrage, abondamment illustr\u00e9 de photos et d\u2019illustrations, est un outil important pour quiconque d\u00e9sire en savoir plus sur cette p\u00e9riode o\u00f9 des Levasseur ont marqu\u00e9 leur \u00e9poque par des oeuvres exceptionnelles. De nombreuses photos en couleurs des oeuvres de Levasseur sont int\u00e9gr\u00e9es \u00e0 cet ouvrage.<\/li>\n<\/ul>\n<\/li>\n<li>Auteur : <strong>Vincent Levasseur<\/strong>\n<ul>\n<li>Titre : <span style=\"color: #0000ff;\"><strong>Dictionnaire Laurent Levasseur\u00a01670-1992<\/strong><\/span> : les descendants de Laurent Levasseur et Marie Marchand (30 avril 1670) \u2013 compil\u00e9 par Vincent Levasseur<\/li>\n<li>Vincent commen\u00e7a la compilation des Levasseur en Am\u00e9rique. Il cr\u00e9a une premi\u00e8re base de donn\u00e9es et il publia deux volumes en 1992 dont un, avec les descendants de Laurent et l\u2019autre, de Pierre. Aujourd\u2019hui, Vincent travaille toujours afin d\u2019am\u00e9liorer la base de donn\u00e9es. Ces contributions aux Levasseur de l\u2019Am\u00e9rique sont incalculables et nous lui en sommes tous tr\u00e8s reconnaissants. Vincent se r\u00e9jouit de ce qu\u2019il a accompli en g\u00e9n\u00e9alogie. Mais sa plus grande satisfaction est de r\u00e9aliser qu\u2019une \u00e9quipe de soutien assure le suivi de ce qu\u2019il a commenc\u00e9.<\/li>\n<\/ul>\n<\/li>\n<li>Auteur : <strong>Vincent Levasseur<\/strong>\n<ul>\n<li>Titre : <span style=\"color: #0000ff;\"><strong>Regroupement des familles Levasseur<\/strong><\/span> <strong><span style=\"color: #0000ff;\">1646-1998<\/span><\/strong>: les descendants de Jean Levasseur et Marguerite Richard et de Pierre Levasseur et Jeanne de Chanverlange.<\/li>\n<\/ul>\n<\/li>\n<\/ul>\n","protected":false},"excerpt":{"rendered":"<p>Diverses publications Voici quelques publications parues sur les Levasseur et  [&#8230;]<\/p>\n","protected":false},"author":1,"featured_media":0,"parent":0,"menu_order":0,"comment_status":"open","ping_status":"closed","template":"","meta":{"footnotes":""},"class_list":["post-2776","page","type-page","status-publish","hentry"],"yoast_head":"<!-- This site is optimized with the Yoast SEO plugin v27.3 - https:\/\/yoast.com\/product\/yoast-seo-wordpress\/ -->\n<title>Autres publications - Familles Levasseur et Carmel<\/title>\n<meta name=\"description\" content=\"L\u2019Association des Levasseur et Carmel d\u2019Am\u00e9rique vous permet de consulter : documents historiques concernant les anc\u00eatres Jean, Pierre et Laurent Levasseur arriv\u00e9s en Nouvelle-France au 17e si\u00e8cle. Informations, objectifs, activit\u00e9s et rassemblements.\" \/>\n<meta name=\"robots\" content=\"index, follow, max-snippet:-1, max-image-preview:large, max-video-preview:-1\" \/>\n<link rel=\"canonical\" href=\"https:\/\/levasseur.org\/fr\/publications\/\" \/>\n<meta property=\"og:locale\" content=\"fr_FR\" \/>\n<meta property=\"og:type\" content=\"article\" \/>\n<meta property=\"og:title\" content=\"Autres publications - Familles Levasseur et Carmel\" \/>\n<meta property=\"og:description\" content=\"L\u2019Association des Levasseur et Carmel d\u2019Am\u00e9rique vous permet de consulter : documents historiques concernant les anc\u00eatres Jean, Pierre et Laurent Levasseur arriv\u00e9s en Nouvelle-France au 17e si\u00e8cle. Informations, objectifs, activit\u00e9s et rassemblements.\" \/>\n<meta property=\"og:url\" content=\"https:\/\/levasseur.org\/fr\/publications\/\" \/>\n<meta property=\"og:site_name\" content=\"Familles Levasseur et Carmel\" \/>\n<meta property=\"article:publisher\" content=\"https:\/\/www.facebook.com\/associationlevasseur\" \/>\n<meta property=\"article:modified_time\" content=\"2026-01-01T20:39:33+00:00\" \/>\n<meta name=\"twitter:card\" content=\"summary_large_image\" \/>\n<meta name=\"twitter:label1\" content=\"Dur\u00e9e de lecture estim\u00e9e\" \/>\n\t<meta name=\"twitter:data1\" content=\"6 minutes\" \/>\n<script type=\"application\/ld+json\" class=\"yoast-schema-graph\">{\"@context\":\"https:\\\/\\\/schema.org\",\"@graph\":[{\"@type\":\"WebPage\",\"@id\":\"https:\\\/\\\/levasseur.org\\\/fr\\\/publications\\\/\",\"url\":\"https:\\\/\\\/levasseur.org\\\/fr\\\/publications\\\/\",\"name\":\"Autres publications - Familles Levasseur et Carmel\",\"isPartOf\":{\"@id\":\"https:\\\/\\\/levasseur.org\\\/fr\\\/#website\"},\"datePublished\":\"2013-01-21T19:10:06+00:00\",\"dateModified\":\"2026-01-01T20:39:33+00:00\",\"description\":\"L\u2019Association des Levasseur et Carmel d\u2019Am\u00e9rique vous permet de consulter : documents historiques concernant les anc\u00eatres Jean, Pierre et Laurent Levasseur arriv\u00e9s en Nouvelle-France au 17e si\u00e8cle. Informations, objectifs, activit\u00e9s et rassemblements.\",\"breadcrumb\":{\"@id\":\"https:\\\/\\\/levasseur.org\\\/fr\\\/publications\\\/#breadcrumb\"},\"inLanguage\":\"fr-FR\",\"potentialAction\":[{\"@type\":\"ReadAction\",\"target\":[\"https:\\\/\\\/levasseur.org\\\/fr\\\/publications\\\/\"]}]},{\"@type\":\"BreadcrumbList\",\"@id\":\"https:\\\/\\\/levasseur.org\\\/fr\\\/publications\\\/#breadcrumb\",\"itemListElement\":[{\"@type\":\"ListItem\",\"position\":1,\"name\":\"Accueil\",\"item\":\"https:\\\/\\\/levasseur.org\\\/fr\\\/\"},{\"@type\":\"ListItem\",\"position\":2,\"name\":\"Autres publications\"}]},{\"@type\":\"WebSite\",\"@id\":\"https:\\\/\\\/levasseur.org\\\/fr\\\/#website\",\"url\":\"https:\\\/\\\/levasseur.org\\\/fr\\\/\",\"name\":\"Familles Levasseur & Carmel\",\"description\":\"Du mieux que je puis\",\"publisher\":{\"@id\":\"https:\\\/\\\/levasseur.org\\\/fr\\\/#organization\"},\"potentialAction\":[{\"@type\":\"SearchAction\",\"target\":{\"@type\":\"EntryPoint\",\"urlTemplate\":\"https:\\\/\\\/levasseur.org\\\/fr\\\/?s={search_term_string}\"},\"query-input\":{\"@type\":\"PropertyValueSpecification\",\"valueRequired\":true,\"valueName\":\"search_term_string\"}}],\"inLanguage\":\"fr-FR\"},{\"@type\":\"Organization\",\"@id\":\"https:\\\/\\\/levasseur.org\\\/fr\\\/#organization\",\"name\":\"Association des Levasseur d'Am\u00e9rique\",\"url\":\"https:\\\/\\\/levasseur.org\\\/fr\\\/\",\"logo\":{\"@type\":\"ImageObject\",\"inLanguage\":\"fr-FR\",\"@id\":\"https:\\\/\\\/levasseur.org\\\/fr\\\/#\\\/schema\\\/logo\\\/image\\\/\",\"url\":\"https:\\\/\\\/levasseur.org\\\/wp-content\\\/uploads\\\/2019\\\/04\\\/blason_nouv.gif\",\"contentUrl\":\"https:\\\/\\\/levasseur.org\\\/wp-content\\\/uploads\\\/2019\\\/04\\\/blason_nouv.gif\",\"width\":500,\"height\":487,\"caption\":\"Association des Levasseur d'Am\u00e9rique\"},\"image\":{\"@id\":\"https:\\\/\\\/levasseur.org\\\/fr\\\/#\\\/schema\\\/logo\\\/image\\\/\"},\"sameAs\":[\"https:\\\/\\\/www.facebook.com\\\/associationlevasseur\"]}]}<\/script>\n<!-- \/ Yoast SEO plugin. -->","yoast_head_json":{"title":"Autres publications - Familles Levasseur et Carmel","description":"L\u2019Association des Levasseur et Carmel d\u2019Am\u00e9rique vous permet de consulter : documents historiques concernant les anc\u00eatres Jean, Pierre et Laurent Levasseur arriv\u00e9s en Nouvelle-France au 17e si\u00e8cle. Informations, objectifs, activit\u00e9s et rassemblements.","robots":{"index":"index","follow":"follow","max-snippet":"max-snippet:-1","max-image-preview":"max-image-preview:large","max-video-preview":"max-video-preview:-1"},"canonical":"https:\/\/levasseur.org\/fr\/publications\/","og_locale":"fr_FR","og_type":"article","og_title":"Autres publications - Familles Levasseur et Carmel","og_description":"L\u2019Association des Levasseur et Carmel d\u2019Am\u00e9rique vous permet de consulter : documents historiques concernant les anc\u00eatres Jean, Pierre et Laurent Levasseur arriv\u00e9s en Nouvelle-France au 17e si\u00e8cle. Informations, objectifs, activit\u00e9s et rassemblements.","og_url":"https:\/\/levasseur.org\/fr\/publications\/","og_site_name":"Familles Levasseur et Carmel","article_publisher":"https:\/\/www.facebook.com\/associationlevasseur","article_modified_time":"2026-01-01T20:39:33+00:00","twitter_card":"summary_large_image","twitter_misc":{"Dur\u00e9e de lecture estim\u00e9e":"6 minutes"},"schema":{"@context":"https:\/\/schema.org","@graph":[{"@type":"WebPage","@id":"https:\/\/levasseur.org\/fr\/publications\/","url":"https:\/\/levasseur.org\/fr\/publications\/","name":"Autres publications - Familles Levasseur et Carmel","isPartOf":{"@id":"https:\/\/levasseur.org\/fr\/#website"},"datePublished":"2013-01-21T19:10:06+00:00","dateModified":"2026-01-01T20:39:33+00:00","description":"L\u2019Association des Levasseur et Carmel d\u2019Am\u00e9rique vous permet de consulter : documents historiques concernant les anc\u00eatres Jean, Pierre et Laurent Levasseur arriv\u00e9s en Nouvelle-France au 17e si\u00e8cle. Informations, objectifs, activit\u00e9s et rassemblements.","breadcrumb":{"@id":"https:\/\/levasseur.org\/fr\/publications\/#breadcrumb"},"inLanguage":"fr-FR","potentialAction":[{"@type":"ReadAction","target":["https:\/\/levasseur.org\/fr\/publications\/"]}]},{"@type":"BreadcrumbList","@id":"https:\/\/levasseur.org\/fr\/publications\/#breadcrumb","itemListElement":[{"@type":"ListItem","position":1,"name":"Accueil","item":"https:\/\/levasseur.org\/fr\/"},{"@type":"ListItem","position":2,"name":"Autres publications"}]},{"@type":"WebSite","@id":"https:\/\/levasseur.org\/fr\/#website","url":"https:\/\/levasseur.org\/fr\/","name":"Familles Levasseur & Carmel","description":"Du mieux que je puis","publisher":{"@id":"https:\/\/levasseur.org\/fr\/#organization"},"potentialAction":[{"@type":"SearchAction","target":{"@type":"EntryPoint","urlTemplate":"https:\/\/levasseur.org\/fr\/?s={search_term_string}"},"query-input":{"@type":"PropertyValueSpecification","valueRequired":true,"valueName":"search_term_string"}}],"inLanguage":"fr-FR"},{"@type":"Organization","@id":"https:\/\/levasseur.org\/fr\/#organization","name":"Association des Levasseur d'Am\u00e9rique","url":"https:\/\/levasseur.org\/fr\/","logo":{"@type":"ImageObject","inLanguage":"fr-FR","@id":"https:\/\/levasseur.org\/fr\/#\/schema\/logo\/image\/","url":"https:\/\/levasseur.org\/wp-content\/uploads\/2019\/04\/blason_nouv.gif","contentUrl":"https:\/\/levasseur.org\/wp-content\/uploads\/2019\/04\/blason_nouv.gif","width":500,"height":487,"caption":"Association des Levasseur d'Am\u00e9rique"},"image":{"@id":"https:\/\/levasseur.org\/fr\/#\/schema\/logo\/image\/"},"sameAs":["https:\/\/www.facebook.com\/associationlevasseur"]}]}},"_links":{"self":[{"href":"https:\/\/levasseur.org\/fr\/wp-json\/wp\/v2\/pages\/2776","targetHints":{"allow":["GET"]}}],"collection":[{"href":"https:\/\/levasseur.org\/fr\/wp-json\/wp\/v2\/pages"}],"about":[{"href":"https:\/\/levasseur.org\/fr\/wp-json\/wp\/v2\/types\/page"}],"author":[{"embeddable":true,"href":"https:\/\/levasseur.org\/fr\/wp-json\/wp\/v2\/users\/1"}],"replies":[{"embeddable":true,"href":"https:\/\/levasseur.org\/fr\/wp-json\/wp\/v2\/comments?post=2776"}],"version-history":[{"count":3,"href":"https:\/\/levasseur.org\/fr\/wp-json\/wp\/v2\/pages\/2776\/revisions"}],"predecessor-version":[{"id":29747,"href":"https:\/\/levasseur.org\/fr\/wp-json\/wp\/v2\/pages\/2776\/revisions\/29747"}],"wp:attachment":[{"href":"https:\/\/levasseur.org\/fr\/wp-json\/wp\/v2\/media?parent=2776"}],"curies":[{"name":"wp","href":"https:\/\/api.w.org\/{rel}","templated":true}]}}