{"id":25946,"date":"2023-07-22T06:52:15","date_gmt":"2023-07-22T10:52:15","guid":{"rendered":"https:\/\/levasseur.org\/?page_id=25946"},"modified":"2023-07-22T06:52:15","modified_gmt":"2023-07-22T10:52:15","slug":"jmlevasseur","status":"publish","type":"page","link":"https:\/\/levasseur.org\/fr\/lassociation\/jmlevasseur\/","title":{"rendered":"Jean-Marie Levasseur"},"content":{"rendered":"<h1 style=\"text-align: center;\">Nos g\u00e9n\u00e9alogistes et historiens<\/h1>\n<h1 style=\"text-align: center;\">Jean-Marie Levasseur<\/h1>\n<hr \/>\n<h1 style=\"text-align: left;\"><\/h1>\n<p><a href=\"https:\/\/levasseur.org\/wp-content\/uploads\/2023\/02\/JM_Levasseur.jpg\"><img decoding=\"async\" class=\"wp-image-25899 alignright\" src=\"https:\/\/levasseur.org\/wp-content\/uploads\/2023\/02\/JM_Levasseur.jpg\" alt=\"\" width=\"150\" height=\"201\" srcset=\"https:\/\/levasseur.org\/wp-content\/uploads\/2023\/02\/JM_Levasseur-200x269.jpg 200w, https:\/\/levasseur.org\/wp-content\/uploads\/2023\/02\/JM_Levasseur-223x300.jpg 223w, https:\/\/levasseur.org\/wp-content\/uploads\/2023\/02\/JM_Levasseur.jpg 356w\" sizes=\"(max-width: 150px) 100vw, 150px\" \/><\/a>L\u2019abb\u00e9 Jean-Marie est devenu membre de l\u2019association, lors de sa fondation en 1988. Travailleur infatigable, sa contribution est tr\u00e8s importante dans le domaine de l\u2019histoire de familles Levasseur. Il a publi\u00e9\u00a0 plusieurs \u00e9crits.<\/p>\n<p>Mentionnons\u00a0:<\/p>\n<ol>\n<li>L\u2019histoire de son grand-p\u00e8re : \u00abAim\u00e9 Levasseur 1850-1906\u00bb. Cette publication est disponible en ligne sur le site de l\u2019association. <a href=\"https:\/\/levasseur.org\/fr\/aime-levasseur\/\" target=\"_blank\" rel=\"noopener\">Publication : Jean-Marie Levasseur &#8211; Aim\u00e9 Levasseur 1850-1906 &#8211; Levasseur &amp; Carmel Association<\/a>.<\/li>\n<li>L\u2019histoire des Levasseur \u00e0 Saint-Maurice. \u00abLes Levasseur de Saint-Maurice\u00bb, 2 volumes. Son grand-p\u00e8re a v\u00e9cu dans cette paroisse. <a href=\"https:\/\/levasseur.org\/fr\/les-levasseur-de-saint-maurice\/\">Cette publication est disponible en ligne sur le site de l\u2019association. Publication : Jean-Marie Levasseur : Les Levasseur de Saint-Maurice &#8211; Levasseur &amp; Carmel Association<\/a>.<\/li>\n<li>L\u2019histoire de Denis-Joseph Levasseur, petit-fils de l\u2019anc\u00eatre Pierre Levasseur qui est venu s\u2019installer \u00e0 Trois-Rivi\u00e8res. La Mauricie et le Centre du Qu\u00e9bec comptent de nombreux descendants de Denis-Joseph. <a href=\"https:\/\/levasseur.org\/fr\/publication-denis-joseph-levasseur\/\" target=\"_blank\" rel=\"noopener\">Un document \u00abDenis-Joseph Levasseur (1712-1792) dans le Trois-Rivi\u00e8res du 18e si\u00e8cle\u00bb a \u00e9t\u00e9 publi\u00e9<\/a>.<\/li>\n<\/ol>\n<p>L\u2019abb\u00e9 Jean-Marie Levasseur a particip\u00e9 \u00e0 de nombreux rassemblements de l\u2019association. Il a donn\u00e9 des conf\u00e9rences \u00e0 plusieurs reprises.<\/p>\n<p>L\u2019association a perdu un tr\u00e8s grand collaborateur, un chercheur passionn\u00e9 de l\u2019histoire des Levasseur, une personne accueillante, \u00e0 l\u2019\u00e9coute des personnes.<\/p>\n<p><a href=\"https:\/\/levasseur.org\/wp-content\/uploads\/2023\/02\/Jean-Marie-Levasseur-\u2013-Eventail-genealogique.jpg\"><img decoding=\"async\" class=\"aligncenter size-large wp-image-25902\" src=\"https:\/\/levasseur.org\/wp-content\/uploads\/2023\/02\/Jean-Marie-Levasseur-\u2013-Eventail-genealogique-1024x800.jpg\" alt=\"\" width=\"1024\" height=\"800\" srcset=\"https:\/\/levasseur.org\/wp-content\/uploads\/2023\/02\/Jean-Marie-Levasseur-\u2013-Eventail-genealogique-200x156.jpg 200w, https:\/\/levasseur.org\/wp-content\/uploads\/2023\/02\/Jean-Marie-Levasseur-\u2013-Eventail-genealogique-300x234.jpg 300w, https:\/\/levasseur.org\/wp-content\/uploads\/2023\/02\/Jean-Marie-Levasseur-\u2013-Eventail-genealogique-400x312.jpg 400w, https:\/\/levasseur.org\/wp-content\/uploads\/2023\/02\/Jean-Marie-Levasseur-\u2013-Eventail-genealogique-600x468.jpg 600w, https:\/\/levasseur.org\/wp-content\/uploads\/2023\/02\/Jean-Marie-Levasseur-\u2013-Eventail-genealogique-768x600.jpg 768w, https:\/\/levasseur.org\/wp-content\/uploads\/2023\/02\/Jean-Marie-Levasseur-\u2013-Eventail-genealogique-800x625.jpg 800w, https:\/\/levasseur.org\/wp-content\/uploads\/2023\/02\/Jean-Marie-Levasseur-\u2013-Eventail-genealogique-1024x800.jpg 1024w, https:\/\/levasseur.org\/wp-content\/uploads\/2023\/02\/Jean-Marie-Levasseur-\u2013-Eventail-genealogique-1200x937.jpg 1200w, https:\/\/levasseur.org\/wp-content\/uploads\/2023\/02\/Jean-Marie-Levasseur-\u2013-Eventail-genealogique-1536x1199.jpg 1536w, https:\/\/levasseur.org\/wp-content\/uploads\/2023\/02\/Jean-Marie-Levasseur-\u2013-Eventail-genealogique.jpg 1606w\" sizes=\"(max-width: 1024px) 100vw, 1024px\" \/><\/a><\/p>\n","protected":false},"excerpt":{"rendered":"<p>Nos g\u00e9n\u00e9alogistes et historiens Jean-Marie Levasseur L\u2019abb\u00e9 Jean-Marie est devenu  [&#8230;]<\/p>\n","protected":false},"author":1,"featured_media":0,"parent":94,"menu_order":0,"comment_status":"open","ping_status":"closed","template":"","meta":{"footnotes":""},"class_list":["post-25946","page","type-page","status-publish","hentry"],"yoast_head":"<!-- This site is optimized with the Yoast SEO plugin v27.4 - https:\/\/yoast.com\/product\/yoast-seo-wordpress\/ -->\n<title>Jean-Marie Levasseur - Familles Levasseur et Carmel<\/title>\n<meta name=\"description\" content=\"L\u2019Association des Levasseur et Carmel d\u2019Am\u00e9rique vous permet de consulter : documents historiques concernant les anc\u00eatres Jean, Pierre et Laurent Levasseur arriv\u00e9s en Nouvelle-France au 17e si\u00e8cle. Informations, objectifs, activit\u00e9s et rassemblements.\" \/>\n<meta name=\"robots\" content=\"index, follow, max-snippet:-1, max-image-preview:large, max-video-preview:-1\" \/>\n<link rel=\"canonical\" href=\"https:\/\/levasseur.org\/fr\/lassociation\/jmlevasseur\/\" \/>\n<meta property=\"og:locale\" content=\"fr_FR\" \/>\n<meta property=\"og:type\" content=\"article\" \/>\n<meta property=\"og:title\" content=\"Jean-Marie Levasseur - Familles Levasseur et Carmel\" \/>\n<meta property=\"og:description\" content=\"L\u2019Association des Levasseur et Carmel d\u2019Am\u00e9rique vous permet de consulter : documents historiques concernant les anc\u00eatres Jean, Pierre et Laurent Levasseur arriv\u00e9s en Nouvelle-France au 17e si\u00e8cle. Informations, objectifs, activit\u00e9s et rassemblements.\" \/>\n<meta property=\"og:url\" content=\"https:\/\/levasseur.org\/fr\/lassociation\/jmlevasseur\/\" \/>\n<meta property=\"og:site_name\" content=\"Familles Levasseur et Carmel\" \/>\n<meta property=\"article:publisher\" content=\"https:\/\/www.facebook.com\/associationlevasseur\" \/>\n<meta property=\"og:image\" content=\"https:\/\/levasseur.org\/wp-content\/uploads\/2023\/02\/JM_Levasseur.jpg\" \/>\n<meta name=\"twitter:card\" content=\"summary_large_image\" \/>\n<meta name=\"twitter:label1\" content=\"Dur\u00e9e de lecture estim\u00e9e\" \/>\n\t<meta name=\"twitter:data1\" content=\"1 minute\" \/>\n<script type=\"application\/ld+json\" class=\"yoast-schema-graph\">{\"@context\":\"https:\\\/\\\/schema.org\",\"@graph\":[{\"@type\":\"WebPage\",\"@id\":\"https:\\\/\\\/levasseur.org\\\/fr\\\/lassociation\\\/jmlevasseur\\\/\",\"url\":\"https:\\\/\\\/levasseur.org\\\/fr\\\/lassociation\\\/jmlevasseur\\\/\",\"name\":\"Jean-Marie Levasseur - Familles Levasseur et Carmel\",\"isPartOf\":{\"@id\":\"https:\\\/\\\/levasseur.org\\\/fr\\\/#website\"},\"primaryImageOfPage\":{\"@id\":\"https:\\\/\\\/levasseur.org\\\/fr\\\/lassociation\\\/jmlevasseur\\\/#primaryimage\"},\"image\":{\"@id\":\"https:\\\/\\\/levasseur.org\\\/fr\\\/lassociation\\\/jmlevasseur\\\/#primaryimage\"},\"thumbnailUrl\":\"https:\\\/\\\/levasseur.org\\\/wp-content\\\/uploads\\\/2023\\\/02\\\/JM_Levasseur.jpg\",\"datePublished\":\"2023-07-22T10:52:15+00:00\",\"description\":\"L\u2019Association des Levasseur et Carmel d\u2019Am\u00e9rique vous permet de consulter : documents historiques concernant les anc\u00eatres Jean, Pierre et Laurent Levasseur arriv\u00e9s en Nouvelle-France au 17e si\u00e8cle. Informations, objectifs, activit\u00e9s et rassemblements.\",\"breadcrumb\":{\"@id\":\"https:\\\/\\\/levasseur.org\\\/fr\\\/lassociation\\\/jmlevasseur\\\/#breadcrumb\"},\"inLanguage\":\"fr-FR\",\"potentialAction\":[{\"@type\":\"ReadAction\",\"target\":[\"https:\\\/\\\/levasseur.org\\\/fr\\\/lassociation\\\/jmlevasseur\\\/\"]}]},{\"@type\":\"ImageObject\",\"inLanguage\":\"fr-FR\",\"@id\":\"https:\\\/\\\/levasseur.org\\\/fr\\\/lassociation\\\/jmlevasseur\\\/#primaryimage\",\"url\":\"https:\\\/\\\/levasseur.org\\\/wp-content\\\/uploads\\\/2023\\\/02\\\/JM_Levasseur.jpg\",\"contentUrl\":\"https:\\\/\\\/levasseur.org\\\/wp-content\\\/uploads\\\/2023\\\/02\\\/JM_Levasseur.jpg\"},{\"@type\":\"BreadcrumbList\",\"@id\":\"https:\\\/\\\/levasseur.org\\\/fr\\\/lassociation\\\/jmlevasseur\\\/#breadcrumb\",\"itemListElement\":[{\"@type\":\"ListItem\",\"position\":1,\"name\":\"Accueil\",\"item\":\"https:\\\/\\\/levasseur.org\\\/fr\\\/\"},{\"@type\":\"ListItem\",\"position\":2,\"name\":\"L&rsquo;Association\",\"item\":\"https:\\\/\\\/levasseur.org\\\/fr\\\/lassociation\\\/\"},{\"@type\":\"ListItem\",\"position\":3,\"name\":\"Jean-Marie Levasseur\"}]},{\"@type\":\"WebSite\",\"@id\":\"https:\\\/\\\/levasseur.org\\\/fr\\\/#website\",\"url\":\"https:\\\/\\\/levasseur.org\\\/fr\\\/\",\"name\":\"Familles Levasseur & Carmel\",\"description\":\"Du mieux que je puis\",\"publisher\":{\"@id\":\"https:\\\/\\\/levasseur.org\\\/fr\\\/#organization\"},\"potentialAction\":[{\"@type\":\"SearchAction\",\"target\":{\"@type\":\"EntryPoint\",\"urlTemplate\":\"https:\\\/\\\/levasseur.org\\\/fr\\\/?s={search_term_string}\"},\"query-input\":{\"@type\":\"PropertyValueSpecification\",\"valueRequired\":true,\"valueName\":\"search_term_string\"}}],\"inLanguage\":\"fr-FR\"},{\"@type\":\"Organization\",\"@id\":\"https:\\\/\\\/levasseur.org\\\/fr\\\/#organization\",\"name\":\"Association des Levasseur d'Am\u00e9rique\",\"url\":\"https:\\\/\\\/levasseur.org\\\/fr\\\/\",\"logo\":{\"@type\":\"ImageObject\",\"inLanguage\":\"fr-FR\",\"@id\":\"https:\\\/\\\/levasseur.org\\\/fr\\\/#\\\/schema\\\/logo\\\/image\\\/\",\"url\":\"https:\\\/\\\/levasseur.org\\\/wp-content\\\/uploads\\\/2019\\\/04\\\/blason_nouv.gif\",\"contentUrl\":\"https:\\\/\\\/levasseur.org\\\/wp-content\\\/uploads\\\/2019\\\/04\\\/blason_nouv.gif\",\"width\":500,\"height\":487,\"caption\":\"Association des Levasseur d'Am\u00e9rique\"},\"image\":{\"@id\":\"https:\\\/\\\/levasseur.org\\\/fr\\\/#\\\/schema\\\/logo\\\/image\\\/\"},\"sameAs\":[\"https:\\\/\\\/www.facebook.com\\\/associationlevasseur\"]}]}<\/script>\n<!-- \/ Yoast SEO plugin. -->","yoast_head_json":{"title":"Jean-Marie Levasseur - Familles Levasseur et Carmel","description":"L\u2019Association des Levasseur et Carmel d\u2019Am\u00e9rique vous permet de consulter : documents historiques concernant les anc\u00eatres Jean, Pierre et Laurent Levasseur arriv\u00e9s en Nouvelle-France au 17e si\u00e8cle. Informations, objectifs, activit\u00e9s et rassemblements.","robots":{"index":"index","follow":"follow","max-snippet":"max-snippet:-1","max-image-preview":"max-image-preview:large","max-video-preview":"max-video-preview:-1"},"canonical":"https:\/\/levasseur.org\/fr\/lassociation\/jmlevasseur\/","og_locale":"fr_FR","og_type":"article","og_title":"Jean-Marie Levasseur - Familles Levasseur et Carmel","og_description":"L\u2019Association des Levasseur et Carmel d\u2019Am\u00e9rique vous permet de consulter : documents historiques concernant les anc\u00eatres Jean, Pierre et Laurent Levasseur arriv\u00e9s en Nouvelle-France au 17e si\u00e8cle. Informations, objectifs, activit\u00e9s et rassemblements.","og_url":"https:\/\/levasseur.org\/fr\/lassociation\/jmlevasseur\/","og_site_name":"Familles Levasseur et Carmel","article_publisher":"https:\/\/www.facebook.com\/associationlevasseur","og_image":[{"url":"https:\/\/levasseur.org\/wp-content\/uploads\/2023\/02\/JM_Levasseur.jpg","type":"","width":"","height":""}],"twitter_card":"summary_large_image","twitter_misc":{"Dur\u00e9e de lecture estim\u00e9e":"1 minute"},"schema":{"@context":"https:\/\/schema.org","@graph":[{"@type":"WebPage","@id":"https:\/\/levasseur.org\/fr\/lassociation\/jmlevasseur\/","url":"https:\/\/levasseur.org\/fr\/lassociation\/jmlevasseur\/","name":"Jean-Marie Levasseur - Familles Levasseur et Carmel","isPartOf":{"@id":"https:\/\/levasseur.org\/fr\/#website"},"primaryImageOfPage":{"@id":"https:\/\/levasseur.org\/fr\/lassociation\/jmlevasseur\/#primaryimage"},"image":{"@id":"https:\/\/levasseur.org\/fr\/lassociation\/jmlevasseur\/#primaryimage"},"thumbnailUrl":"https:\/\/levasseur.org\/wp-content\/uploads\/2023\/02\/JM_Levasseur.jpg","datePublished":"2023-07-22T10:52:15+00:00","description":"L\u2019Association des Levasseur et Carmel d\u2019Am\u00e9rique vous permet de consulter : documents historiques concernant les anc\u00eatres Jean, Pierre et Laurent Levasseur arriv\u00e9s en Nouvelle-France au 17e si\u00e8cle. Informations, objectifs, activit\u00e9s et rassemblements.","breadcrumb":{"@id":"https:\/\/levasseur.org\/fr\/lassociation\/jmlevasseur\/#breadcrumb"},"inLanguage":"fr-FR","potentialAction":[{"@type":"ReadAction","target":["https:\/\/levasseur.org\/fr\/lassociation\/jmlevasseur\/"]}]},{"@type":"ImageObject","inLanguage":"fr-FR","@id":"https:\/\/levasseur.org\/fr\/lassociation\/jmlevasseur\/#primaryimage","url":"https:\/\/levasseur.org\/wp-content\/uploads\/2023\/02\/JM_Levasseur.jpg","contentUrl":"https:\/\/levasseur.org\/wp-content\/uploads\/2023\/02\/JM_Levasseur.jpg"},{"@type":"BreadcrumbList","@id":"https:\/\/levasseur.org\/fr\/lassociation\/jmlevasseur\/#breadcrumb","itemListElement":[{"@type":"ListItem","position":1,"name":"Accueil","item":"https:\/\/levasseur.org\/fr\/"},{"@type":"ListItem","position":2,"name":"L&rsquo;Association","item":"https:\/\/levasseur.org\/fr\/lassociation\/"},{"@type":"ListItem","position":3,"name":"Jean-Marie Levasseur"}]},{"@type":"WebSite","@id":"https:\/\/levasseur.org\/fr\/#website","url":"https:\/\/levasseur.org\/fr\/","name":"Familles Levasseur & Carmel","description":"Du mieux que je puis","publisher":{"@id":"https:\/\/levasseur.org\/fr\/#organization"},"potentialAction":[{"@type":"SearchAction","target":{"@type":"EntryPoint","urlTemplate":"https:\/\/levasseur.org\/fr\/?s={search_term_string}"},"query-input":{"@type":"PropertyValueSpecification","valueRequired":true,"valueName":"search_term_string"}}],"inLanguage":"fr-FR"},{"@type":"Organization","@id":"https:\/\/levasseur.org\/fr\/#organization","name":"Association des Levasseur d'Am\u00e9rique","url":"https:\/\/levasseur.org\/fr\/","logo":{"@type":"ImageObject","inLanguage":"fr-FR","@id":"https:\/\/levasseur.org\/fr\/#\/schema\/logo\/image\/","url":"https:\/\/levasseur.org\/wp-content\/uploads\/2019\/04\/blason_nouv.gif","contentUrl":"https:\/\/levasseur.org\/wp-content\/uploads\/2019\/04\/blason_nouv.gif","width":500,"height":487,"caption":"Association des Levasseur d'Am\u00e9rique"},"image":{"@id":"https:\/\/levasseur.org\/fr\/#\/schema\/logo\/image\/"},"sameAs":["https:\/\/www.facebook.com\/associationlevasseur"]}]}},"_links":{"self":[{"href":"https:\/\/levasseur.org\/fr\/wp-json\/wp\/v2\/pages\/25946","targetHints":{"allow":["GET"]}}],"collection":[{"href":"https:\/\/levasseur.org\/fr\/wp-json\/wp\/v2\/pages"}],"about":[{"href":"https:\/\/levasseur.org\/fr\/wp-json\/wp\/v2\/types\/page"}],"author":[{"embeddable":true,"href":"https:\/\/levasseur.org\/fr\/wp-json\/wp\/v2\/users\/1"}],"replies":[{"embeddable":true,"href":"https:\/\/levasseur.org\/fr\/wp-json\/wp\/v2\/comments?post=25946"}],"version-history":[{"count":0,"href":"https:\/\/levasseur.org\/fr\/wp-json\/wp\/v2\/pages\/25946\/revisions"}],"up":[{"embeddable":true,"href":"https:\/\/levasseur.org\/fr\/wp-json\/wp\/v2\/pages\/94"}],"wp:attachment":[{"href":"https:\/\/levasseur.org\/fr\/wp-json\/wp\/v2\/media?parent=25946"}],"curies":[{"name":"wp","href":"https:\/\/api.w.org\/{rel}","templated":true}]}}