{"id":25495,"date":"2023-01-15T06:40:13","date_gmt":"2023-01-15T11:40:13","guid":{"rendered":"https:\/\/levasseur.org\/?page_id=25495"},"modified":"2026-01-01T15:54:47","modified_gmt":"2026-01-01T20:54:47","slug":"aime-levasseur","status":"publish","type":"page","link":"https:\/\/levasseur.org\/fr\/aime-levasseur\/","title":{"rendered":"Publication : Jean-Marie Levasseur &#8211; Aim\u00e9 Levasseur (1850-1906)"},"content":{"rendered":"<h1 style=\"text-align: center;\"><span style=\"color: #3366ff;\">Publication : Aim\u00e9 Levasseur 1850-1906<\/span><\/h1>\n<hr \/>\n<p style=\"text-align: right;\">Auteur : Jean-Marie Levasseur<br \/>\nPublication mise en ligne le 30 janvier 2024<br \/>\nConsultez \u00e9galement le site Web consacr\u00e9 \u00e0 Jean-Marie Levasseur :<a href=\"https:\/\/jean-marie.levasseur.org\" target=\"_blank\" rel=\"noopener\"> https:\/\/jean-marie.levasseur.org<\/a><\/p>\n<hr \/>\n<div class=\"page\" title=\"Page 1\">\n<div class=\"section\">\n<div class=\"layoutArea\">\n<div class=\"column\">\n<p style=\"text-align: center;\">Le tome 1 (164 pages) contient une esquisse historique, un roman historique, des donn\u00e9es g\u00e9n\u00e9alogiques sur Aim\u00e9 et son \u00e9pouse, Clarisse Levasseur, des documents officiels, une bibliographie et une table des mati\u00e8res d\u00e9taill\u00e9e. Aim\u00e9 Levasseur, n\u00e9 \u00e0 B\u00e9cancour, a d\u2019abord fait l\u2019exp\u00e9rience de la vie militaire dans sa jeunesse, au Canada et en Europe. Par la suite, il a \u00e9t\u00e9 cultivateur \u00e0 St-Maurice, o\u00f9 il a \u00e9t\u00e9 conseiller municipal, puis pr\u00e9sident de la Commission scolaire.<br \/>\nLe tome 2 (pages 165-262) contient des documents compl\u00e9mentaires et des photos avec commentaires.<\/p>\n<p style=\"text-align: center;\">N&rsquo;oubliez pas de cliquer sur ce symbole <strong>au bas du document de consultation<\/strong>, pour passer en affichage plein \u00e9cran :<\/p>\n<\/div>\n<\/div>\n<div class=\"layoutArea\">\n<div class=\"column\">\n<p><a href=\"https:\/\/levasseur.org\/fr\/les-levasseur-de-saint-maurice\/icone\/\" rel=\"attachment wp-att-25471\"><img decoding=\"async\" class=\"wp-image-25471 aligncenter\" src=\"https:\/\/levasseur.org\/wp-content\/uploads\/2023\/01\/icone.jpg\" alt=\"\" width=\"41\" height=\"36\" \/><\/a><div class=\"_df_book df-container df-loading \"  data-slug=\"jean-marie-levasseur-aime-levasseur\" data-_slug=\"jean-marie-levasseur-aime-levasseur\" _slug=\"jean-marie-levasseur-aime-levasseur\" data-title=\"jml-aime-levasseur\" id=\"df_25485\" data-df-option=\"df_option_25485\" ><\/div><script class=\"df-shortcode-script\" nowprocket type=\"application\/javascript\">window.df_option_25485 = {\"source\":\"https:\\\/\\\/levasseur.org\\\/wp-content\\\/uploads\\\/2023\\\/01\\\/Aime_Levasseur.pdf\",\"outline\":[],\"autoEnableOutline\":false,\"autoEnableThumbnail\":false,\"overwritePDFOutline\":false,\"pageSize\":\"0\",\"direction\":\"1\",\"slug\":\"jean-marie-levasseur-aime-levasseur\",\"wpOptions\":\"true\",\"id\":25485}; if(window.DFLIP && window.DFLIP.parseBooks){window.DFLIP.parseBooks();}<\/script><\/p>\n<p>&nbsp;<\/p>\n<\/div>\n<\/div>\n<\/div>\n<\/div>\n","protected":false},"excerpt":{"rendered":"<p>Publication : Aim\u00e9 Levasseur 1850-1906 Auteur : Jean-Marie Levasseur Publication  [&#8230;]<\/p>\n","protected":false},"author":1,"featured_media":0,"parent":0,"menu_order":0,"comment_status":"closed","ping_status":"closed","template":"","meta":{"footnotes":""},"class_list":["post-25495","page","type-page","status-publish","hentry"],"yoast_head":"<!-- This site is optimized with the Yoast SEO plugin v27.3 - https:\/\/yoast.com\/product\/yoast-seo-wordpress\/ -->\n<title>Publication : Jean-Marie Levasseur - Aim\u00e9 Levasseur (1850-1906) - Familles Levasseur et Carmel<\/title>\n<meta name=\"description\" content=\"L\u2019Association des Levasseur et Carmel d\u2019Am\u00e9rique vous permet de consulter : documents historiques concernant les anc\u00eatres Jean, Pierre et Laurent Levasseur arriv\u00e9s en Nouvelle-France au 17e si\u00e8cle. Informations, objectifs, activit\u00e9s et rassemblements. % %\" \/>\n<meta name=\"robots\" content=\"index, follow, max-snippet:-1, max-image-preview:large, max-video-preview:-1\" \/>\n<link rel=\"canonical\" href=\"https:\/\/levasseur.org\/fr\/aime-levasseur\/\" \/>\n<meta property=\"og:locale\" content=\"fr_FR\" \/>\n<meta property=\"og:type\" content=\"article\" \/>\n<meta property=\"og:title\" content=\"Publication : Jean-Marie Levasseur - Aim\u00e9 Levasseur (1850-1906) - Familles Levasseur et Carmel\" \/>\n<meta property=\"og:description\" content=\"L\u2019Association des Levasseur et Carmel d\u2019Am\u00e9rique vous permet de consulter : documents historiques concernant les anc\u00eatres Jean, Pierre et Laurent Levasseur arriv\u00e9s en Nouvelle-France au 17e si\u00e8cle. Informations, objectifs, activit\u00e9s et rassemblements. % %\" \/>\n<meta property=\"og:url\" content=\"https:\/\/levasseur.org\/fr\/aime-levasseur\/\" \/>\n<meta property=\"og:site_name\" content=\"Familles Levasseur et Carmel\" \/>\n<meta property=\"article:publisher\" content=\"https:\/\/www.facebook.com\/associationlevasseur\" \/>\n<meta property=\"article:modified_time\" content=\"2026-01-01T20:54:47+00:00\" \/>\n<meta property=\"og:image\" content=\"https:\/\/levasseur.org\/wp-content\/uploads\/2023\/01\/icone.jpg\" \/>\n\t<meta property=\"og:image:width\" content=\"72\" \/>\n\t<meta property=\"og:image:height\" content=\"64\" \/>\n\t<meta property=\"og:image:type\" content=\"image\/jpeg\" \/>\n<meta name=\"twitter:card\" content=\"summary_large_image\" \/>\n<meta name=\"twitter:label1\" content=\"Dur\u00e9e de lecture estim\u00e9e\" \/>\n\t<meta name=\"twitter:data1\" content=\"1 minute\" \/>\n<script type=\"application\/ld+json\" class=\"yoast-schema-graph\">{\"@context\":\"https:\\\/\\\/schema.org\",\"@graph\":[{\"@type\":\"WebPage\",\"@id\":\"https:\\\/\\\/levasseur.org\\\/fr\\\/aime-levasseur\\\/\",\"url\":\"https:\\\/\\\/levasseur.org\\\/fr\\\/aime-levasseur\\\/\",\"name\":\"Publication : Jean-Marie Levasseur - Aim\u00e9 Levasseur (1850-1906) - Familles Levasseur et Carmel\",\"isPartOf\":{\"@id\":\"https:\\\/\\\/levasseur.org\\\/fr\\\/#website\"},\"primaryImageOfPage\":{\"@id\":\"https:\\\/\\\/levasseur.org\\\/fr\\\/aime-levasseur\\\/#primaryimage\"},\"image\":{\"@id\":\"https:\\\/\\\/levasseur.org\\\/fr\\\/aime-levasseur\\\/#primaryimage\"},\"thumbnailUrl\":\"https:\\\/\\\/levasseur.org\\\/wp-content\\\/uploads\\\/2023\\\/01\\\/icone.jpg\",\"datePublished\":\"2023-01-15T11:40:13+00:00\",\"dateModified\":\"2026-01-01T20:54:47+00:00\",\"description\":\"L\u2019Association des Levasseur et Carmel d\u2019Am\u00e9rique vous permet de consulter : documents historiques concernant les anc\u00eatres Jean, Pierre et Laurent Levasseur arriv\u00e9s en Nouvelle-France au 17e si\u00e8cle. Informations, objectifs, activit\u00e9s et rassemblements. % %\",\"breadcrumb\":{\"@id\":\"https:\\\/\\\/levasseur.org\\\/fr\\\/aime-levasseur\\\/#breadcrumb\"},\"inLanguage\":\"fr-FR\",\"potentialAction\":[{\"@type\":\"ReadAction\",\"target\":[\"https:\\\/\\\/levasseur.org\\\/fr\\\/aime-levasseur\\\/\"]}]},{\"@type\":\"ImageObject\",\"inLanguage\":\"fr-FR\",\"@id\":\"https:\\\/\\\/levasseur.org\\\/fr\\\/aime-levasseur\\\/#primaryimage\",\"url\":\"https:\\\/\\\/levasseur.org\\\/wp-content\\\/uploads\\\/2023\\\/01\\\/icone.jpg\",\"contentUrl\":\"https:\\\/\\\/levasseur.org\\\/wp-content\\\/uploads\\\/2023\\\/01\\\/icone.jpg\"},{\"@type\":\"BreadcrumbList\",\"@id\":\"https:\\\/\\\/levasseur.org\\\/fr\\\/aime-levasseur\\\/#breadcrumb\",\"itemListElement\":[{\"@type\":\"ListItem\",\"position\":1,\"name\":\"Accueil\",\"item\":\"https:\\\/\\\/levasseur.org\\\/fr\\\/\"},{\"@type\":\"ListItem\",\"position\":2,\"name\":\"Publication : Jean-Marie Levasseur &#8211; Aim\u00e9 Levasseur (1850-1906)\"}]},{\"@type\":\"WebSite\",\"@id\":\"https:\\\/\\\/levasseur.org\\\/fr\\\/#website\",\"url\":\"https:\\\/\\\/levasseur.org\\\/fr\\\/\",\"name\":\"Familles Levasseur & Carmel\",\"description\":\"Du mieux que je puis\",\"publisher\":{\"@id\":\"https:\\\/\\\/levasseur.org\\\/fr\\\/#organization\"},\"potentialAction\":[{\"@type\":\"SearchAction\",\"target\":{\"@type\":\"EntryPoint\",\"urlTemplate\":\"https:\\\/\\\/levasseur.org\\\/fr\\\/?s={search_term_string}\"},\"query-input\":{\"@type\":\"PropertyValueSpecification\",\"valueRequired\":true,\"valueName\":\"search_term_string\"}}],\"inLanguage\":\"fr-FR\"},{\"@type\":\"Organization\",\"@id\":\"https:\\\/\\\/levasseur.org\\\/fr\\\/#organization\",\"name\":\"Association des Levasseur d'Am\u00e9rique\",\"url\":\"https:\\\/\\\/levasseur.org\\\/fr\\\/\",\"logo\":{\"@type\":\"ImageObject\",\"inLanguage\":\"fr-FR\",\"@id\":\"https:\\\/\\\/levasseur.org\\\/fr\\\/#\\\/schema\\\/logo\\\/image\\\/\",\"url\":\"https:\\\/\\\/levasseur.org\\\/wp-content\\\/uploads\\\/2019\\\/04\\\/blason_nouv.gif\",\"contentUrl\":\"https:\\\/\\\/levasseur.org\\\/wp-content\\\/uploads\\\/2019\\\/04\\\/blason_nouv.gif\",\"width\":500,\"height\":487,\"caption\":\"Association des Levasseur d'Am\u00e9rique\"},\"image\":{\"@id\":\"https:\\\/\\\/levasseur.org\\\/fr\\\/#\\\/schema\\\/logo\\\/image\\\/\"},\"sameAs\":[\"https:\\\/\\\/www.facebook.com\\\/associationlevasseur\"]}]}<\/script>\n<!-- \/ Yoast SEO plugin. -->","yoast_head_json":{"title":"Publication : Jean-Marie Levasseur - Aim\u00e9 Levasseur (1850-1906) - Familles Levasseur et Carmel","description":"L\u2019Association des Levasseur et Carmel d\u2019Am\u00e9rique vous permet de consulter : documents historiques concernant les anc\u00eatres Jean, Pierre et Laurent Levasseur arriv\u00e9s en Nouvelle-France au 17e si\u00e8cle. Informations, objectifs, activit\u00e9s et rassemblements. % %","robots":{"index":"index","follow":"follow","max-snippet":"max-snippet:-1","max-image-preview":"max-image-preview:large","max-video-preview":"max-video-preview:-1"},"canonical":"https:\/\/levasseur.org\/fr\/aime-levasseur\/","og_locale":"fr_FR","og_type":"article","og_title":"Publication : Jean-Marie Levasseur - Aim\u00e9 Levasseur (1850-1906) - Familles Levasseur et Carmel","og_description":"L\u2019Association des Levasseur et Carmel d\u2019Am\u00e9rique vous permet de consulter : documents historiques concernant les anc\u00eatres Jean, Pierre et Laurent Levasseur arriv\u00e9s en Nouvelle-France au 17e si\u00e8cle. Informations, objectifs, activit\u00e9s et rassemblements. % %","og_url":"https:\/\/levasseur.org\/fr\/aime-levasseur\/","og_site_name":"Familles Levasseur et Carmel","article_publisher":"https:\/\/www.facebook.com\/associationlevasseur","article_modified_time":"2026-01-01T20:54:47+00:00","og_image":[{"width":72,"height":64,"url":"https:\/\/levasseur.org\/wp-content\/uploads\/2023\/01\/icone.jpg","type":"image\/jpeg"}],"twitter_card":"summary_large_image","twitter_misc":{"Dur\u00e9e de lecture estim\u00e9e":"1 minute"},"schema":{"@context":"https:\/\/schema.org","@graph":[{"@type":"WebPage","@id":"https:\/\/levasseur.org\/fr\/aime-levasseur\/","url":"https:\/\/levasseur.org\/fr\/aime-levasseur\/","name":"Publication : Jean-Marie Levasseur - Aim\u00e9 Levasseur (1850-1906) - Familles Levasseur et Carmel","isPartOf":{"@id":"https:\/\/levasseur.org\/fr\/#website"},"primaryImageOfPage":{"@id":"https:\/\/levasseur.org\/fr\/aime-levasseur\/#primaryimage"},"image":{"@id":"https:\/\/levasseur.org\/fr\/aime-levasseur\/#primaryimage"},"thumbnailUrl":"https:\/\/levasseur.org\/wp-content\/uploads\/2023\/01\/icone.jpg","datePublished":"2023-01-15T11:40:13+00:00","dateModified":"2026-01-01T20:54:47+00:00","description":"L\u2019Association des Levasseur et Carmel d\u2019Am\u00e9rique vous permet de consulter : documents historiques concernant les anc\u00eatres Jean, Pierre et Laurent Levasseur arriv\u00e9s en Nouvelle-France au 17e si\u00e8cle. Informations, objectifs, activit\u00e9s et rassemblements. % %","breadcrumb":{"@id":"https:\/\/levasseur.org\/fr\/aime-levasseur\/#breadcrumb"},"inLanguage":"fr-FR","potentialAction":[{"@type":"ReadAction","target":["https:\/\/levasseur.org\/fr\/aime-levasseur\/"]}]},{"@type":"ImageObject","inLanguage":"fr-FR","@id":"https:\/\/levasseur.org\/fr\/aime-levasseur\/#primaryimage","url":"https:\/\/levasseur.org\/wp-content\/uploads\/2023\/01\/icone.jpg","contentUrl":"https:\/\/levasseur.org\/wp-content\/uploads\/2023\/01\/icone.jpg"},{"@type":"BreadcrumbList","@id":"https:\/\/levasseur.org\/fr\/aime-levasseur\/#breadcrumb","itemListElement":[{"@type":"ListItem","position":1,"name":"Accueil","item":"https:\/\/levasseur.org\/fr\/"},{"@type":"ListItem","position":2,"name":"Publication : Jean-Marie Levasseur &#8211; Aim\u00e9 Levasseur (1850-1906)"}]},{"@type":"WebSite","@id":"https:\/\/levasseur.org\/fr\/#website","url":"https:\/\/levasseur.org\/fr\/","name":"Familles Levasseur & Carmel","description":"Du mieux que je puis","publisher":{"@id":"https:\/\/levasseur.org\/fr\/#organization"},"potentialAction":[{"@type":"SearchAction","target":{"@type":"EntryPoint","urlTemplate":"https:\/\/levasseur.org\/fr\/?s={search_term_string}"},"query-input":{"@type":"PropertyValueSpecification","valueRequired":true,"valueName":"search_term_string"}}],"inLanguage":"fr-FR"},{"@type":"Organization","@id":"https:\/\/levasseur.org\/fr\/#organization","name":"Association des Levasseur d'Am\u00e9rique","url":"https:\/\/levasseur.org\/fr\/","logo":{"@type":"ImageObject","inLanguage":"fr-FR","@id":"https:\/\/levasseur.org\/fr\/#\/schema\/logo\/image\/","url":"https:\/\/levasseur.org\/wp-content\/uploads\/2019\/04\/blason_nouv.gif","contentUrl":"https:\/\/levasseur.org\/wp-content\/uploads\/2019\/04\/blason_nouv.gif","width":500,"height":487,"caption":"Association des Levasseur d'Am\u00e9rique"},"image":{"@id":"https:\/\/levasseur.org\/fr\/#\/schema\/logo\/image\/"},"sameAs":["https:\/\/www.facebook.com\/associationlevasseur"]}]}},"_links":{"self":[{"href":"https:\/\/levasseur.org\/fr\/wp-json\/wp\/v2\/pages\/25495","targetHints":{"allow":["GET"]}}],"collection":[{"href":"https:\/\/levasseur.org\/fr\/wp-json\/wp\/v2\/pages"}],"about":[{"href":"https:\/\/levasseur.org\/fr\/wp-json\/wp\/v2\/types\/page"}],"author":[{"embeddable":true,"href":"https:\/\/levasseur.org\/fr\/wp-json\/wp\/v2\/users\/1"}],"replies":[{"embeddable":true,"href":"https:\/\/levasseur.org\/fr\/wp-json\/wp\/v2\/comments?post=25495"}],"version-history":[{"count":1,"href":"https:\/\/levasseur.org\/fr\/wp-json\/wp\/v2\/pages\/25495\/revisions"}],"predecessor-version":[{"id":29748,"href":"https:\/\/levasseur.org\/fr\/wp-json\/wp\/v2\/pages\/25495\/revisions\/29748"}],"wp:attachment":[{"href":"https:\/\/levasseur.org\/fr\/wp-json\/wp\/v2\/media?parent=25495"}],"curies":[{"name":"wp","href":"https:\/\/api.w.org\/{rel}","templated":true}]}}