{"id":14858,"date":"2019-11-10T07:55:14","date_gmt":"2019-11-10T12:55:14","guid":{"rendered":"https:\/\/levasseur.org\/?page_id=14858"},"modified":"2019-11-13T05:00:33","modified_gmt":"2019-11-13T10:00:33","slug":"necrologies","status":"publish","type":"page","link":"https:\/\/levasseur.org\/fr\/necrologies\/","title":{"rendered":"Necrologies"},"content":{"rendered":"<h1 style=\"text-align: center;\">Notices n\u00e9crologiques<\/h1>\n<hr \/>\n<h2 style=\"text-align: center;\">\u00ab\u00a0Plus d\u2019un millier de photographies et documents\u00a0dans la section \u00ab N\u00e9crologies \u00bb\u00a0\u00bb<\/h2>\n<hr \/>\n<p><img decoding=\"async\" class=\"alignleft wp-image-14861\" src=\"https:\/\/levasseur.org\/wp-content\/uploads\/2019\/11\/necrologies-1024x891.jpg\" alt=\"Section N\u00e9crologies sur le site Web de l'Association des Levasseur d'Am\u00e9rique inc\" width=\"337\" height=\"293\" \/>J\u2019ai entrepris un travail consid\u00e9rable ces derniers mois, afin d\u2019int\u00e9grer des documents in\u00e9dits dans notre base de donn\u00e9es sur notre site Web. Au-del\u00e0 de simples saisies de renseignements nominatifs de nos familles Levasseur et Carmel, il nous semblait particuli\u00e8rement important de compl\u00e9ter toutes ces fiches par l\u2019ajout de photos ou d\u2019autres documents, transmis par nos membres ou trouv\u00e9s suite \u00e0 nos propres recherches sur l\u2019Internet.<\/p>\n<p>Ainsi, j\u2019ai ins\u00e9r\u00e9 des photographies, n\u00e9crologies, cartes mortuaires et signets de nos d\u00e9funts dans la section \u00abN\u00e9crologies\/Obituaries\u00bb de notre site d\u00e9di\u00e9 au traitement de nos bases de donn\u00e9es. Plus d\u2019un millier d\u2019images y ont d\u00e9j\u00e0 \u00e9t\u00e9 t\u00e9l\u00e9charg\u00e9es; des centaines d\u2019autres seront ajout\u00e9es d\u2019ici les prochains mois. \u00c0 ce rythme, d\u2019ici peu de temps, il nous sera possible de lier une dizaine de milliers de photos ou documents \u00e0 nos fiches nominatives sur le site.<\/p>\n<p>La plupart du temps, ces images seront li\u00e9es \u00e0 une personne. Lors de la mise \u00e0 jour des bases de donn\u00e9es (deux fois l\u2019an), les nouveaux enregistrements compil\u00e9s par notre g\u00e9n\u00e9alogiste, Joceline Levasseur, seront ajout\u00e9s sur notre application. Nous vous invitons d\u2019ailleurs \u00e0 nous transmettre des informations par notre formulaire de collecte g\u00e9n\u00e9alogique sur notre site Web.<\/p>\n<p style=\"text-align: right;\"><a href=\"membership@levasseur.org\">Gilles Carmel<\/a><\/p>\n<hr \/>\n<ul>\n<li>Pour acc\u00e9der aux instructions pour la consultation de cette section du site Web, <a href=\"https:\/\/levasseur.org\/infos\/f\/20200101.pdf\" target=\"_blank\" rel=\"noopener noreferrer\">vous pouvez suivre ce lien<\/a>\u00a0(document PDF).<\/li>\n<li>Puis, pour acc\u00e9der aux documents \u00e0 la section des n\u00e9crologies, <a href=\"https:\/\/levasseur.org\/tng\/\" target=\"_blank\" rel=\"noopener noreferrer\">veuillez suivre ce lien<\/a>, cliquez sur le lien \u00ab\u00a0<strong>N\u00e9crologies\/Obituaries<\/strong>\u00a0\u00bb en bas, \u00e0 droite.<\/li>\n<li><u>Pour le moment, cette section est r\u00e9serv\u00e9e aux membres<\/u>. Vous pouvez devenir membre <a href=\"https:\/\/levasseur.org\/devenir-membre\/\" target=\"_blank\" rel=\"noopener noreferrer\">en cliquant sur ce lien<\/a>. Vos codes d&rsquo;acc\u00e8s vous seront transmis rapidement par courriel.<\/li>\n<\/ul>\n","protected":false},"excerpt":{"rendered":"<p>Notices n\u00e9crologiques \u00ab\u00a0Plus d\u2019un millier de photographies et documents\u00a0dans la  [&#8230;]<\/p>\n","protected":false},"author":1,"featured_media":0,"parent":0,"menu_order":0,"comment_status":"closed","ping_status":"closed","template":"","meta":{"footnotes":""},"class_list":["post-14858","page","type-page","status-publish","hentry"],"yoast_head":"<!-- This site is optimized with the Yoast SEO plugin v27.3 - https:\/\/yoast.com\/product\/yoast-seo-wordpress\/ -->\n<title>Necrologies - Familles Levasseur et Carmel<\/title>\n<meta name=\"description\" content=\"L\u2019Association des Levasseur et Carmel d\u2019Am\u00e9rique vous permet de consulter : documents historiques concernant les anc\u00eatres Jean, Pierre et Laurent Levasseur arriv\u00e9s en Nouvelle-France au 17e si\u00e8cle. Informations, objectifs, activit\u00e9s et rassemblements.\" \/>\n<meta name=\"robots\" content=\"index, follow, max-snippet:-1, max-image-preview:large, max-video-preview:-1\" \/>\n<link rel=\"canonical\" href=\"https:\/\/levasseur.org\/fr\/necrologies\/\" \/>\n<meta property=\"og:locale\" content=\"fr_FR\" \/>\n<meta property=\"og:type\" content=\"article\" \/>\n<meta property=\"og:title\" content=\"Necrologies - Familles Levasseur et Carmel\" \/>\n<meta property=\"og:description\" content=\"L\u2019Association des Levasseur et Carmel d\u2019Am\u00e9rique vous permet de consulter : documents historiques concernant les anc\u00eatres Jean, Pierre et Laurent Levasseur arriv\u00e9s en Nouvelle-France au 17e si\u00e8cle. Informations, objectifs, activit\u00e9s et rassemblements.\" \/>\n<meta property=\"og:url\" content=\"https:\/\/levasseur.org\/fr\/necrologies\/\" \/>\n<meta property=\"og:site_name\" content=\"Familles Levasseur et Carmel\" \/>\n<meta property=\"article:publisher\" content=\"https:\/\/www.facebook.com\/associationlevasseur\" \/>\n<meta property=\"article:modified_time\" content=\"2019-11-13T10:00:33+00:00\" \/>\n<meta property=\"og:image\" content=\"https:\/\/levasseur.org\/wp-content\/uploads\/2019\/11\/necrologies-1024x891.jpg\" \/>\n<meta name=\"twitter:card\" content=\"summary_large_image\" \/>\n<meta name=\"twitter:label1\" content=\"Dur\u00e9e de lecture estim\u00e9e\" \/>\n\t<meta name=\"twitter:data1\" content=\"2 minutes\" \/>\n<script type=\"application\/ld+json\" class=\"yoast-schema-graph\">{\"@context\":\"https:\\\/\\\/schema.org\",\"@graph\":[{\"@type\":\"WebPage\",\"@id\":\"https:\\\/\\\/levasseur.org\\\/fr\\\/necrologies\\\/\",\"url\":\"https:\\\/\\\/levasseur.org\\\/fr\\\/necrologies\\\/\",\"name\":\"Necrologies - Familles Levasseur et Carmel\",\"isPartOf\":{\"@id\":\"https:\\\/\\\/levasseur.org\\\/fr\\\/#website\"},\"primaryImageOfPage\":{\"@id\":\"https:\\\/\\\/levasseur.org\\\/fr\\\/necrologies\\\/#primaryimage\"},\"image\":{\"@id\":\"https:\\\/\\\/levasseur.org\\\/fr\\\/necrologies\\\/#primaryimage\"},\"thumbnailUrl\":\"https:\\\/\\\/levasseur.org\\\/wp-content\\\/uploads\\\/2019\\\/11\\\/necrologies-1024x891.jpg\",\"datePublished\":\"2019-11-10T12:55:14+00:00\",\"dateModified\":\"2019-11-13T10:00:33+00:00\",\"description\":\"L\u2019Association des Levasseur et Carmel d\u2019Am\u00e9rique vous permet de consulter : documents historiques concernant les anc\u00eatres Jean, Pierre et Laurent Levasseur arriv\u00e9s en Nouvelle-France au 17e si\u00e8cle. Informations, objectifs, activit\u00e9s et rassemblements.\",\"breadcrumb\":{\"@id\":\"https:\\\/\\\/levasseur.org\\\/fr\\\/necrologies\\\/#breadcrumb\"},\"inLanguage\":\"fr-FR\",\"potentialAction\":[{\"@type\":\"ReadAction\",\"target\":[\"https:\\\/\\\/levasseur.org\\\/fr\\\/necrologies\\\/\"]}]},{\"@type\":\"ImageObject\",\"inLanguage\":\"fr-FR\",\"@id\":\"https:\\\/\\\/levasseur.org\\\/fr\\\/necrologies\\\/#primaryimage\",\"url\":\"https:\\\/\\\/levasseur.org\\\/wp-content\\\/uploads\\\/2019\\\/11\\\/necrologies-1024x891.jpg\",\"contentUrl\":\"https:\\\/\\\/levasseur.org\\\/wp-content\\\/uploads\\\/2019\\\/11\\\/necrologies-1024x891.jpg\"},{\"@type\":\"BreadcrumbList\",\"@id\":\"https:\\\/\\\/levasseur.org\\\/fr\\\/necrologies\\\/#breadcrumb\",\"itemListElement\":[{\"@type\":\"ListItem\",\"position\":1,\"name\":\"Accueil\",\"item\":\"https:\\\/\\\/levasseur.org\\\/fr\\\/\"},{\"@type\":\"ListItem\",\"position\":2,\"name\":\"Necrologies\"}]},{\"@type\":\"WebSite\",\"@id\":\"https:\\\/\\\/levasseur.org\\\/fr\\\/#website\",\"url\":\"https:\\\/\\\/levasseur.org\\\/fr\\\/\",\"name\":\"Familles Levasseur & Carmel\",\"description\":\"Du mieux que je puis\",\"publisher\":{\"@id\":\"https:\\\/\\\/levasseur.org\\\/fr\\\/#organization\"},\"potentialAction\":[{\"@type\":\"SearchAction\",\"target\":{\"@type\":\"EntryPoint\",\"urlTemplate\":\"https:\\\/\\\/levasseur.org\\\/fr\\\/?s={search_term_string}\"},\"query-input\":{\"@type\":\"PropertyValueSpecification\",\"valueRequired\":true,\"valueName\":\"search_term_string\"}}],\"inLanguage\":\"fr-FR\"},{\"@type\":\"Organization\",\"@id\":\"https:\\\/\\\/levasseur.org\\\/fr\\\/#organization\",\"name\":\"Association des Levasseur d'Am\u00e9rique\",\"url\":\"https:\\\/\\\/levasseur.org\\\/fr\\\/\",\"logo\":{\"@type\":\"ImageObject\",\"inLanguage\":\"fr-FR\",\"@id\":\"https:\\\/\\\/levasseur.org\\\/fr\\\/#\\\/schema\\\/logo\\\/image\\\/\",\"url\":\"https:\\\/\\\/levasseur.org\\\/wp-content\\\/uploads\\\/2019\\\/04\\\/blason_nouv.gif\",\"contentUrl\":\"https:\\\/\\\/levasseur.org\\\/wp-content\\\/uploads\\\/2019\\\/04\\\/blason_nouv.gif\",\"width\":500,\"height\":487,\"caption\":\"Association des Levasseur d'Am\u00e9rique\"},\"image\":{\"@id\":\"https:\\\/\\\/levasseur.org\\\/fr\\\/#\\\/schema\\\/logo\\\/image\\\/\"},\"sameAs\":[\"https:\\\/\\\/www.facebook.com\\\/associationlevasseur\"]}]}<\/script>\n<!-- \/ Yoast SEO plugin. -->","yoast_head_json":{"title":"Necrologies - Familles Levasseur et Carmel","description":"L\u2019Association des Levasseur et Carmel d\u2019Am\u00e9rique vous permet de consulter : documents historiques concernant les anc\u00eatres Jean, Pierre et Laurent Levasseur arriv\u00e9s en Nouvelle-France au 17e si\u00e8cle. Informations, objectifs, activit\u00e9s et rassemblements.","robots":{"index":"index","follow":"follow","max-snippet":"max-snippet:-1","max-image-preview":"max-image-preview:large","max-video-preview":"max-video-preview:-1"},"canonical":"https:\/\/levasseur.org\/fr\/necrologies\/","og_locale":"fr_FR","og_type":"article","og_title":"Necrologies - Familles Levasseur et Carmel","og_description":"L\u2019Association des Levasseur et Carmel d\u2019Am\u00e9rique vous permet de consulter : documents historiques concernant les anc\u00eatres Jean, Pierre et Laurent Levasseur arriv\u00e9s en Nouvelle-France au 17e si\u00e8cle. Informations, objectifs, activit\u00e9s et rassemblements.","og_url":"https:\/\/levasseur.org\/fr\/necrologies\/","og_site_name":"Familles Levasseur et Carmel","article_publisher":"https:\/\/www.facebook.com\/associationlevasseur","article_modified_time":"2019-11-13T10:00:33+00:00","og_image":[{"url":"https:\/\/levasseur.org\/wp-content\/uploads\/2019\/11\/necrologies-1024x891.jpg","type":"","width":"","height":""}],"twitter_card":"summary_large_image","twitter_misc":{"Dur\u00e9e de lecture estim\u00e9e":"2 minutes"},"schema":{"@context":"https:\/\/schema.org","@graph":[{"@type":"WebPage","@id":"https:\/\/levasseur.org\/fr\/necrologies\/","url":"https:\/\/levasseur.org\/fr\/necrologies\/","name":"Necrologies - Familles Levasseur et Carmel","isPartOf":{"@id":"https:\/\/levasseur.org\/fr\/#website"},"primaryImageOfPage":{"@id":"https:\/\/levasseur.org\/fr\/necrologies\/#primaryimage"},"image":{"@id":"https:\/\/levasseur.org\/fr\/necrologies\/#primaryimage"},"thumbnailUrl":"https:\/\/levasseur.org\/wp-content\/uploads\/2019\/11\/necrologies-1024x891.jpg","datePublished":"2019-11-10T12:55:14+00:00","dateModified":"2019-11-13T10:00:33+00:00","description":"L\u2019Association des Levasseur et Carmel d\u2019Am\u00e9rique vous permet de consulter : documents historiques concernant les anc\u00eatres Jean, Pierre et Laurent Levasseur arriv\u00e9s en Nouvelle-France au 17e si\u00e8cle. Informations, objectifs, activit\u00e9s et rassemblements.","breadcrumb":{"@id":"https:\/\/levasseur.org\/fr\/necrologies\/#breadcrumb"},"inLanguage":"fr-FR","potentialAction":[{"@type":"ReadAction","target":["https:\/\/levasseur.org\/fr\/necrologies\/"]}]},{"@type":"ImageObject","inLanguage":"fr-FR","@id":"https:\/\/levasseur.org\/fr\/necrologies\/#primaryimage","url":"https:\/\/levasseur.org\/wp-content\/uploads\/2019\/11\/necrologies-1024x891.jpg","contentUrl":"https:\/\/levasseur.org\/wp-content\/uploads\/2019\/11\/necrologies-1024x891.jpg"},{"@type":"BreadcrumbList","@id":"https:\/\/levasseur.org\/fr\/necrologies\/#breadcrumb","itemListElement":[{"@type":"ListItem","position":1,"name":"Accueil","item":"https:\/\/levasseur.org\/fr\/"},{"@type":"ListItem","position":2,"name":"Necrologies"}]},{"@type":"WebSite","@id":"https:\/\/levasseur.org\/fr\/#website","url":"https:\/\/levasseur.org\/fr\/","name":"Familles Levasseur & Carmel","description":"Du mieux que je puis","publisher":{"@id":"https:\/\/levasseur.org\/fr\/#organization"},"potentialAction":[{"@type":"SearchAction","target":{"@type":"EntryPoint","urlTemplate":"https:\/\/levasseur.org\/fr\/?s={search_term_string}"},"query-input":{"@type":"PropertyValueSpecification","valueRequired":true,"valueName":"search_term_string"}}],"inLanguage":"fr-FR"},{"@type":"Organization","@id":"https:\/\/levasseur.org\/fr\/#organization","name":"Association des Levasseur d'Am\u00e9rique","url":"https:\/\/levasseur.org\/fr\/","logo":{"@type":"ImageObject","inLanguage":"fr-FR","@id":"https:\/\/levasseur.org\/fr\/#\/schema\/logo\/image\/","url":"https:\/\/levasseur.org\/wp-content\/uploads\/2019\/04\/blason_nouv.gif","contentUrl":"https:\/\/levasseur.org\/wp-content\/uploads\/2019\/04\/blason_nouv.gif","width":500,"height":487,"caption":"Association des Levasseur d'Am\u00e9rique"},"image":{"@id":"https:\/\/levasseur.org\/fr\/#\/schema\/logo\/image\/"},"sameAs":["https:\/\/www.facebook.com\/associationlevasseur"]}]}},"_links":{"self":[{"href":"https:\/\/levasseur.org\/fr\/wp-json\/wp\/v2\/pages\/14858","targetHints":{"allow":["GET"]}}],"collection":[{"href":"https:\/\/levasseur.org\/fr\/wp-json\/wp\/v2\/pages"}],"about":[{"href":"https:\/\/levasseur.org\/fr\/wp-json\/wp\/v2\/types\/page"}],"author":[{"embeddable":true,"href":"https:\/\/levasseur.org\/fr\/wp-json\/wp\/v2\/users\/1"}],"replies":[{"embeddable":true,"href":"https:\/\/levasseur.org\/fr\/wp-json\/wp\/v2\/comments?post=14858"}],"version-history":[{"count":0,"href":"https:\/\/levasseur.org\/fr\/wp-json\/wp\/v2\/pages\/14858\/revisions"}],"wp:attachment":[{"href":"https:\/\/levasseur.org\/fr\/wp-json\/wp\/v2\/media?parent=14858"}],"curies":[{"name":"wp","href":"https:\/\/api.w.org\/{rel}","templated":true}]}}