{"id":14855,"date":"2019-11-10T08:09:56","date_gmt":"2019-11-10T13:09:56","guid":{"rendered":"https:\/\/levasseur.org\/?page_id=14855"},"modified":"2019-11-11T18:47:51","modified_gmt":"2019-11-11T23:47:51","slug":"albums-photos","status":"publish","type":"page","link":"https:\/\/levasseur.org\/fr\/albums-photos\/","title":{"rendered":"Albums-Photos"},"content":{"rendered":"<h1 style=\"text-align: center;\">Albums photo des familles Levasseur<\/h1>\n<hr \/>\n<h2 style=\"text-align: center;\">\u00ab\u00a0Des centaines de photographies anciennes sont regroup\u00e9es\u00a0dans des dizaines d&rsquo;albums photos\u00a0\u00bb<\/h2>\n<hr \/>\n<p style=\"text-align: left;\"><img decoding=\"async\" class=\"alignleft wp-image-14854\" src=\"https:\/\/levasseur.org\/wp-content\/uploads\/2019\/11\/albums_tng-1-1024x853.jpg\" alt=\"Albums de photos anciennes de familles Levasseur\" width=\"599\" height=\"499\" srcset=\"https:\/\/levasseur.org\/wp-content\/uploads\/2019\/11\/albums_tng-1-200x167.jpg 200w, https:\/\/levasseur.org\/wp-content\/uploads\/2019\/11\/albums_tng-1-300x250.jpg 300w, https:\/\/levasseur.org\/wp-content\/uploads\/2019\/11\/albums_tng-1-400x333.jpg 400w, https:\/\/levasseur.org\/wp-content\/uploads\/2019\/11\/albums_tng-1-600x500.jpg 600w, https:\/\/levasseur.org\/wp-content\/uploads\/2019\/11\/albums_tng-1-768x639.jpg 768w, https:\/\/levasseur.org\/wp-content\/uploads\/2019\/11\/albums_tng-1-800x666.jpg 800w, https:\/\/levasseur.org\/wp-content\/uploads\/2019\/11\/albums_tng-1-1024x853.jpg 1024w, https:\/\/levasseur.org\/wp-content\/uploads\/2019\/11\/albums_tng-1-1200x999.jpg 1200w\" sizes=\"(max-width: 599px) 100vw, 599px\" \/>Nous avons ainsi regroup\u00e9 dans cette section de notre site Web de donn\u00e9es g\u00e9n\u00e9alogiques des photos et documents d&rsquo;\u00e9poque qui nous ont \u00e9t\u00e9 remis par des personnes ayant dans leurs familles des anc\u00eatres Levasseur.<\/p>\n<p style=\"text-align: left;\">Nous vous invitons \u00e0 nous transmettre vos photos anciennes pour publication sur le site Web. Visitez l&rsquo;accueil du site Web www.levasseur.org dans la section \u00ab\u00a0<a href=\"https:\/\/levasseur.org\/envoyez-nous-vos-fichiers\/\" target=\"_blank\" rel=\"noopener noreferrer\">Vos Fichiers<\/a>\u00a0\u00bb pour nous envoyer vos photos accompagn\u00e9es de courtes descriptions.<\/p>\n<p style=\"text-align: left;\">Dans la description sommaire du contenu de ces albums sur notre site, \u00a0nous indiquons de quelle descendance de l&rsquo;anc\u00eatre Levasseur proviennent ces photos (Laurent ou Pierre) et nous avons pens\u00e9 publier un \u00e9ventail g\u00e9n\u00e9alogique de cinq g\u00e9n\u00e9rations du souscripteur.<\/p>\n<p>Pour acc\u00e9der aux documents \u00e0 la section des albums-photos, <a href=\"https:\/\/levasseur.org\/tng\/\" target=\"_blank\" rel=\"noopener noreferrer\">veuillez suivre ce lien<\/a>, puis cliquez sur le lien \u00ab\u00a0<strong>Albums<\/strong>\u00a0\u00bb en bas, dans la section \u00e0 droite. Vous retrouvez alors un menu comme illustr\u00e9 \u00e0 droite de ce texte.<\/p>\n<p><u>Pour le moment, cette section des photos anciennes est r\u00e9serv\u00e9e aux membres<\/u>. Vous pouvez devenir membre <a href=\"https:\/\/levasseur.org\/devenir-membre\/\" target=\"_blank\" rel=\"noopener noreferrer\">en cliquant sur ce lien<\/a>. Vos codes d\u2019acc\u00e8s vous seront transmis rapidement par courriel.<\/p>\n","protected":false},"excerpt":{"rendered":"<p>Albums photo des familles Levasseur \u00ab\u00a0Des centaines de photographies anciennes  [&#8230;]<\/p>\n","protected":false},"author":1,"featured_media":0,"parent":0,"menu_order":0,"comment_status":"closed","ping_status":"closed","template":"","meta":{"footnotes":""},"class_list":["post-14855","page","type-page","status-publish","hentry"],"yoast_head":"<!-- This site is optimized with the Yoast SEO plugin v27.4 - https:\/\/yoast.com\/product\/yoast-seo-wordpress\/ -->\n<title>Albums-Photos - Familles Levasseur et Carmel<\/title>\n<meta name=\"description\" content=\"L\u2019Association des Levasseur et Carmel d\u2019Am\u00e9rique vous permet de consulter : documents historiques concernant les anc\u00eatres Jean, Pierre et Laurent Levasseur arriv\u00e9s en Nouvelle-France au 17e si\u00e8cle. Informations, objectifs, activit\u00e9s et rassemblements.\" \/>\n<meta name=\"robots\" content=\"index, follow, max-snippet:-1, max-image-preview:large, max-video-preview:-1\" \/>\n<link rel=\"canonical\" href=\"https:\/\/levasseur.org\/fr\/albums-photos\/\" \/>\n<meta property=\"og:locale\" content=\"fr_FR\" \/>\n<meta property=\"og:type\" content=\"article\" \/>\n<meta property=\"og:title\" content=\"Albums-Photos - Familles Levasseur et Carmel\" \/>\n<meta property=\"og:description\" content=\"L\u2019Association des Levasseur et Carmel d\u2019Am\u00e9rique vous permet de consulter : documents historiques concernant les anc\u00eatres Jean, Pierre et Laurent Levasseur arriv\u00e9s en Nouvelle-France au 17e si\u00e8cle. Informations, objectifs, activit\u00e9s et rassemblements.\" \/>\n<meta property=\"og:url\" content=\"https:\/\/levasseur.org\/fr\/albums-photos\/\" \/>\n<meta property=\"og:site_name\" content=\"Familles Levasseur et Carmel\" \/>\n<meta property=\"article:publisher\" content=\"https:\/\/www.facebook.com\/associationlevasseur\" \/>\n<meta property=\"article:modified_time\" content=\"2019-11-11T23:47:51+00:00\" \/>\n<meta property=\"og:image\" content=\"https:\/\/levasseur.org\/wp-content\/uploads\/2019\/11\/albums_tng-1-1024x853.jpg\" \/>\n<meta name=\"twitter:card\" content=\"summary_large_image\" \/>\n<meta name=\"twitter:label1\" content=\"Dur\u00e9e de lecture estim\u00e9e\" \/>\n\t<meta name=\"twitter:data1\" content=\"1 minute\" \/>\n<script type=\"application\/ld+json\" class=\"yoast-schema-graph\">{\"@context\":\"https:\\\/\\\/schema.org\",\"@graph\":[{\"@type\":\"WebPage\",\"@id\":\"https:\\\/\\\/levasseur.org\\\/fr\\\/albums-photos\\\/\",\"url\":\"https:\\\/\\\/levasseur.org\\\/fr\\\/albums-photos\\\/\",\"name\":\"Albums-Photos - Familles Levasseur et Carmel\",\"isPartOf\":{\"@id\":\"https:\\\/\\\/levasseur.org\\\/fr\\\/#website\"},\"primaryImageOfPage\":{\"@id\":\"https:\\\/\\\/levasseur.org\\\/fr\\\/albums-photos\\\/#primaryimage\"},\"image\":{\"@id\":\"https:\\\/\\\/levasseur.org\\\/fr\\\/albums-photos\\\/#primaryimage\"},\"thumbnailUrl\":\"https:\\\/\\\/levasseur.org\\\/wp-content\\\/uploads\\\/2019\\\/11\\\/albums_tng-1-1024x853.jpg\",\"datePublished\":\"2019-11-10T13:09:56+00:00\",\"dateModified\":\"2019-11-11T23:47:51+00:00\",\"description\":\"L\u2019Association des Levasseur et Carmel d\u2019Am\u00e9rique vous permet de consulter : documents historiques concernant les anc\u00eatres Jean, Pierre et Laurent Levasseur arriv\u00e9s en Nouvelle-France au 17e si\u00e8cle. Informations, objectifs, activit\u00e9s et rassemblements.\",\"breadcrumb\":{\"@id\":\"https:\\\/\\\/levasseur.org\\\/fr\\\/albums-photos\\\/#breadcrumb\"},\"inLanguage\":\"fr-FR\",\"potentialAction\":[{\"@type\":\"ReadAction\",\"target\":[\"https:\\\/\\\/levasseur.org\\\/fr\\\/albums-photos\\\/\"]}]},{\"@type\":\"ImageObject\",\"inLanguage\":\"fr-FR\",\"@id\":\"https:\\\/\\\/levasseur.org\\\/fr\\\/albums-photos\\\/#primaryimage\",\"url\":\"https:\\\/\\\/levasseur.org\\\/wp-content\\\/uploads\\\/2019\\\/11\\\/albums_tng-1-1024x853.jpg\",\"contentUrl\":\"https:\\\/\\\/levasseur.org\\\/wp-content\\\/uploads\\\/2019\\\/11\\\/albums_tng-1-1024x853.jpg\"},{\"@type\":\"BreadcrumbList\",\"@id\":\"https:\\\/\\\/levasseur.org\\\/fr\\\/albums-photos\\\/#breadcrumb\",\"itemListElement\":[{\"@type\":\"ListItem\",\"position\":1,\"name\":\"Accueil\",\"item\":\"https:\\\/\\\/levasseur.org\\\/fr\\\/\"},{\"@type\":\"ListItem\",\"position\":2,\"name\":\"Albums-Photos\"}]},{\"@type\":\"WebSite\",\"@id\":\"https:\\\/\\\/levasseur.org\\\/fr\\\/#website\",\"url\":\"https:\\\/\\\/levasseur.org\\\/fr\\\/\",\"name\":\"Familles Levasseur & Carmel\",\"description\":\"Du mieux que je puis\",\"publisher\":{\"@id\":\"https:\\\/\\\/levasseur.org\\\/fr\\\/#organization\"},\"potentialAction\":[{\"@type\":\"SearchAction\",\"target\":{\"@type\":\"EntryPoint\",\"urlTemplate\":\"https:\\\/\\\/levasseur.org\\\/fr\\\/?s={search_term_string}\"},\"query-input\":{\"@type\":\"PropertyValueSpecification\",\"valueRequired\":true,\"valueName\":\"search_term_string\"}}],\"inLanguage\":\"fr-FR\"},{\"@type\":\"Organization\",\"@id\":\"https:\\\/\\\/levasseur.org\\\/fr\\\/#organization\",\"name\":\"Association des Levasseur d'Am\u00e9rique\",\"url\":\"https:\\\/\\\/levasseur.org\\\/fr\\\/\",\"logo\":{\"@type\":\"ImageObject\",\"inLanguage\":\"fr-FR\",\"@id\":\"https:\\\/\\\/levasseur.org\\\/fr\\\/#\\\/schema\\\/logo\\\/image\\\/\",\"url\":\"https:\\\/\\\/levasseur.org\\\/wp-content\\\/uploads\\\/2019\\\/04\\\/blason_nouv.gif\",\"contentUrl\":\"https:\\\/\\\/levasseur.org\\\/wp-content\\\/uploads\\\/2019\\\/04\\\/blason_nouv.gif\",\"width\":500,\"height\":487,\"caption\":\"Association des Levasseur d'Am\u00e9rique\"},\"image\":{\"@id\":\"https:\\\/\\\/levasseur.org\\\/fr\\\/#\\\/schema\\\/logo\\\/image\\\/\"},\"sameAs\":[\"https:\\\/\\\/www.facebook.com\\\/associationlevasseur\"]}]}<\/script>\n<!-- \/ Yoast SEO plugin. -->","yoast_head_json":{"title":"Albums-Photos - Familles Levasseur et Carmel","description":"L\u2019Association des Levasseur et Carmel d\u2019Am\u00e9rique vous permet de consulter : documents historiques concernant les anc\u00eatres Jean, Pierre et Laurent Levasseur arriv\u00e9s en Nouvelle-France au 17e si\u00e8cle. Informations, objectifs, activit\u00e9s et rassemblements.","robots":{"index":"index","follow":"follow","max-snippet":"max-snippet:-1","max-image-preview":"max-image-preview:large","max-video-preview":"max-video-preview:-1"},"canonical":"https:\/\/levasseur.org\/fr\/albums-photos\/","og_locale":"fr_FR","og_type":"article","og_title":"Albums-Photos - Familles Levasseur et Carmel","og_description":"L\u2019Association des Levasseur et Carmel d\u2019Am\u00e9rique vous permet de consulter : documents historiques concernant les anc\u00eatres Jean, Pierre et Laurent Levasseur arriv\u00e9s en Nouvelle-France au 17e si\u00e8cle. Informations, objectifs, activit\u00e9s et rassemblements.","og_url":"https:\/\/levasseur.org\/fr\/albums-photos\/","og_site_name":"Familles Levasseur et Carmel","article_publisher":"https:\/\/www.facebook.com\/associationlevasseur","article_modified_time":"2019-11-11T23:47:51+00:00","og_image":[{"url":"https:\/\/levasseur.org\/wp-content\/uploads\/2019\/11\/albums_tng-1-1024x853.jpg","type":"","width":"","height":""}],"twitter_card":"summary_large_image","twitter_misc":{"Dur\u00e9e de lecture estim\u00e9e":"1 minute"},"schema":{"@context":"https:\/\/schema.org","@graph":[{"@type":"WebPage","@id":"https:\/\/levasseur.org\/fr\/albums-photos\/","url":"https:\/\/levasseur.org\/fr\/albums-photos\/","name":"Albums-Photos - Familles Levasseur et Carmel","isPartOf":{"@id":"https:\/\/levasseur.org\/fr\/#website"},"primaryImageOfPage":{"@id":"https:\/\/levasseur.org\/fr\/albums-photos\/#primaryimage"},"image":{"@id":"https:\/\/levasseur.org\/fr\/albums-photos\/#primaryimage"},"thumbnailUrl":"https:\/\/levasseur.org\/wp-content\/uploads\/2019\/11\/albums_tng-1-1024x853.jpg","datePublished":"2019-11-10T13:09:56+00:00","dateModified":"2019-11-11T23:47:51+00:00","description":"L\u2019Association des Levasseur et Carmel d\u2019Am\u00e9rique vous permet de consulter : documents historiques concernant les anc\u00eatres Jean, Pierre et Laurent Levasseur arriv\u00e9s en Nouvelle-France au 17e si\u00e8cle. Informations, objectifs, activit\u00e9s et rassemblements.","breadcrumb":{"@id":"https:\/\/levasseur.org\/fr\/albums-photos\/#breadcrumb"},"inLanguage":"fr-FR","potentialAction":[{"@type":"ReadAction","target":["https:\/\/levasseur.org\/fr\/albums-photos\/"]}]},{"@type":"ImageObject","inLanguage":"fr-FR","@id":"https:\/\/levasseur.org\/fr\/albums-photos\/#primaryimage","url":"https:\/\/levasseur.org\/wp-content\/uploads\/2019\/11\/albums_tng-1-1024x853.jpg","contentUrl":"https:\/\/levasseur.org\/wp-content\/uploads\/2019\/11\/albums_tng-1-1024x853.jpg"},{"@type":"BreadcrumbList","@id":"https:\/\/levasseur.org\/fr\/albums-photos\/#breadcrumb","itemListElement":[{"@type":"ListItem","position":1,"name":"Accueil","item":"https:\/\/levasseur.org\/fr\/"},{"@type":"ListItem","position":2,"name":"Albums-Photos"}]},{"@type":"WebSite","@id":"https:\/\/levasseur.org\/fr\/#website","url":"https:\/\/levasseur.org\/fr\/","name":"Familles Levasseur & Carmel","description":"Du mieux que je puis","publisher":{"@id":"https:\/\/levasseur.org\/fr\/#organization"},"potentialAction":[{"@type":"SearchAction","target":{"@type":"EntryPoint","urlTemplate":"https:\/\/levasseur.org\/fr\/?s={search_term_string}"},"query-input":{"@type":"PropertyValueSpecification","valueRequired":true,"valueName":"search_term_string"}}],"inLanguage":"fr-FR"},{"@type":"Organization","@id":"https:\/\/levasseur.org\/fr\/#organization","name":"Association des Levasseur d'Am\u00e9rique","url":"https:\/\/levasseur.org\/fr\/","logo":{"@type":"ImageObject","inLanguage":"fr-FR","@id":"https:\/\/levasseur.org\/fr\/#\/schema\/logo\/image\/","url":"https:\/\/levasseur.org\/wp-content\/uploads\/2019\/04\/blason_nouv.gif","contentUrl":"https:\/\/levasseur.org\/wp-content\/uploads\/2019\/04\/blason_nouv.gif","width":500,"height":487,"caption":"Association des Levasseur d'Am\u00e9rique"},"image":{"@id":"https:\/\/levasseur.org\/fr\/#\/schema\/logo\/image\/"},"sameAs":["https:\/\/www.facebook.com\/associationlevasseur"]}]}},"_links":{"self":[{"href":"https:\/\/levasseur.org\/fr\/wp-json\/wp\/v2\/pages\/14855","targetHints":{"allow":["GET"]}}],"collection":[{"href":"https:\/\/levasseur.org\/fr\/wp-json\/wp\/v2\/pages"}],"about":[{"href":"https:\/\/levasseur.org\/fr\/wp-json\/wp\/v2\/types\/page"}],"author":[{"embeddable":true,"href":"https:\/\/levasseur.org\/fr\/wp-json\/wp\/v2\/users\/1"}],"replies":[{"embeddable":true,"href":"https:\/\/levasseur.org\/fr\/wp-json\/wp\/v2\/comments?post=14855"}],"version-history":[{"count":0,"href":"https:\/\/levasseur.org\/fr\/wp-json\/wp\/v2\/pages\/14855\/revisions"}],"wp:attachment":[{"href":"https:\/\/levasseur.org\/fr\/wp-json\/wp\/v2\/media?parent=14855"}],"curies":[{"name":"wp","href":"https:\/\/api.w.org\/{rel}","templated":true}]}}