{"id":14000,"date":"2019-06-26T12:25:47","date_gmt":"2019-06-26T16:25:47","guid":{"rendered":"https:\/\/levasseur.org\/?page_id=14000"},"modified":"2019-06-26T12:25:47","modified_gmt":"2019-06-26T16:25:47","slug":"assemblee-generale-2019","status":"publish","type":"page","link":"https:\/\/levasseur.org\/fr\/assemblee-generale-2019\/","title":{"rendered":"Assembl\u00e9e g\u00e9n\u00e9rale 2019"},"content":{"rendered":"<div>\n<h1 style=\"text-align: center;\">Assembl\u00e9e g\u00e9n\u00e9rale des membres 2019<\/h1>\n<hr \/>\n<h1 style=\"text-align: center;\"><span style=\"font-size: 14pt;\"><span style=\"font-family: verdana, geneva, sans-serif;\">Assembl\u00e9e g\u00e9n\u00e9rale des membres de <\/span><span style=\"font-family: verdana, geneva, sans-serif;\">l&rsquo;Association des Levasseur d&rsquo;Am\u00e9rique<\/span><\/span><br \/>\n<span style=\"font-size: 14pt; font-family: verdana, geneva, sans-serif;\">Samedi le 14 septembre 2019 \u00e0 9:35<\/span><br \/>\n<span style=\"font-size: 14pt; font-family: verdana, geneva, sans-serif;\">\u00e0 l\u2019H\u00f4tel le Travelodge Qu\u00e9bec 3125, boulevard Hochelaga, Qu\u00e9bec.<\/span><\/h1>\n<p><a href=\"https:\/\/levasseur.org\/quebec2019\/ag2019_oj_f.pdf\" target=\"_blank\" rel=\"noopener noreferrer\">Version PDF de ce document\u00a0 <\/a> &#8211; <a href=\"https:\/\/levasseur.org\/infos\/f\/quebec2019.pdf\" target=\"_blank\" rel=\"noopener noreferrer\">Programme du rassemblement Qu\u00e9bec 2019<\/a><\/p>\n<hr \/>\n<h1 style=\"text-align: center;\"><strong>Ordre du jour<br \/>\n<\/strong><\/h1>\n<ol>\n<li><span style=\"font-size: 14pt;\">Adoption de l\u2019ordre du jour et nomination d\u2019un(e) secr\u00e9taire.<\/span><\/li>\n<li><span style=\"font-size: 14pt;\">Lecture et adoption du proc\u00e8s-verbal de la derni\u00e8re assembl\u00e9e g\u00e9n\u00e9rale tenue le 25 ao\u00fbt 2018, \u00e0 l\u2019H\u00f4tel le Dauphin de Drummondville.<\/span><\/li>\n<li><span style=\"font-size: 14pt;\">Nomination d\u2019un(e) secr\u00e9taire par le pr\u00e9sident, vice-pr\u00e9sident et secr\u00e9taire.<\/span><\/li>\n<li><span style=\"font-size: 14pt;\">Nomination du v\u00e9rificateur.<\/span><\/li>\n<li><span style=\"font-size: 14pt;\">Rapport du pr\u00e9sident. Roger Levasseur<\/span><\/li>\n<li><span style=\"font-size: 14pt;\">Rapport de la tr\u00e9sori\u00e8re. Pauline Carmel<\/span><\/li>\n<li><span style=\"font-size: 14pt;\">Rapport de la g\u00e9n\u00e9alogiste. Joceline Levasseur<\/span><\/li>\n<li><span style=\"font-size: 14pt;\">Rapport concernant le nombre de membres et discussion sur l\u2019\u00e9tat et l\u2019avenir de l\u2019ALA (Comparaison entre juillet 2018 et juillet 2019). Gilles Carmel,Roger Levasseur et Jean-Pierre Levasseur.(compte rendu de la rencontre informelle du vendredi)<\/span><\/li>\n<li><span style=\"font-size: 14pt;\">Rapport du r\u00e9dacteur du Journal de l\u2019ALA. Jean-Pierre et Roger Levasseur<\/span><\/li>\n<li><span style=\"font-size: 14pt;\">Rapport du webmestre. Jean-Pierre Levasseur et Roger Levasseur<\/span><\/li>\n<li><span style=\"font-size: 14pt;\">Rapport de la responsable de Facebook. Carmen Trottier<\/span><\/li>\n<li><span style=\"font-size: 14pt;\">Compte rendu de l\u2019assembl\u00e9e g\u00e9n\u00e9rale de la FAFQ (F\u00e9d\u00e9ration des associations de familles du Qu\u00e9bec). Huguette Levasseur<\/span><\/li>\n<li><span style=\"font-size: 14pt;\">Varia.<\/span><\/li>\n<li><span style=\"font-size: 14pt;\">Lev\u00e9e de l\u2019assembl\u00e9e<\/span><\/li>\n<\/ol>\n<\/div>\n","protected":false},"excerpt":{"rendered":"<p>Assembl\u00e9e g\u00e9n\u00e9rale des membres 2019 Assembl\u00e9e g\u00e9n\u00e9rale des membres de  [&#8230;]<\/p>\n","protected":false},"author":1,"featured_media":0,"parent":0,"menu_order":0,"comment_status":"closed","ping_status":"closed","template":"","meta":{"footnotes":""},"class_list":["post-14000","page","type-page","status-publish","hentry"],"yoast_head":"<!-- This site is optimized with the Yoast SEO plugin v27.5 - https:\/\/yoast.com\/product\/yoast-seo-wordpress\/ -->\n<title>Assembl\u00e9e g\u00e9n\u00e9rale 2019 - Familles Levasseur et Carmel<\/title>\n<meta name=\"description\" content=\"L\u2019Association des Levasseur et Carmel d\u2019Am\u00e9rique vous permet de consulter : documents historiques concernant les anc\u00eatres Jean, Pierre et Laurent Levasseur arriv\u00e9s en Nouvelle-France au 17e si\u00e8cle. Informations, objectifs, activit\u00e9s et rassemblements.\" \/>\n<meta name=\"robots\" content=\"index, follow, max-snippet:-1, max-image-preview:large, max-video-preview:-1\" \/>\n<link rel=\"canonical\" href=\"https:\/\/levasseur.org\/fr\/assemblee-generale-2019\/\" \/>\n<meta property=\"og:locale\" content=\"fr_FR\" \/>\n<meta property=\"og:type\" content=\"article\" \/>\n<meta property=\"og:title\" content=\"Assembl\u00e9e g\u00e9n\u00e9rale 2019 - Familles Levasseur et Carmel\" \/>\n<meta property=\"og:description\" content=\"L\u2019Association des Levasseur et Carmel d\u2019Am\u00e9rique vous permet de consulter : documents historiques concernant les anc\u00eatres Jean, Pierre et Laurent Levasseur arriv\u00e9s en Nouvelle-France au 17e si\u00e8cle. Informations, objectifs, activit\u00e9s et rassemblements.\" \/>\n<meta property=\"og:url\" content=\"https:\/\/levasseur.org\/fr\/assemblee-generale-2019\/\" \/>\n<meta property=\"og:site_name\" content=\"Familles Levasseur et Carmel\" \/>\n<meta property=\"article:publisher\" content=\"https:\/\/www.facebook.com\/associationlevasseur\" \/>\n<meta name=\"twitter:card\" content=\"summary_large_image\" \/>\n<meta name=\"twitter:label1\" content=\"Dur\u00e9e de lecture estim\u00e9e\" \/>\n\t<meta name=\"twitter:data1\" content=\"1 minute\" \/>\n<script type=\"application\/ld+json\" class=\"yoast-schema-graph\">{\"@context\":\"https:\\\/\\\/schema.org\",\"@graph\":[{\"@type\":\"WebPage\",\"@id\":\"https:\\\/\\\/levasseur.org\\\/fr\\\/assemblee-generale-2019\\\/\",\"url\":\"https:\\\/\\\/levasseur.org\\\/fr\\\/assemblee-generale-2019\\\/\",\"name\":\"Assembl\u00e9e g\u00e9n\u00e9rale 2019 - Familles Levasseur et Carmel\",\"isPartOf\":{\"@id\":\"https:\\\/\\\/levasseur.org\\\/fr\\\/#website\"},\"datePublished\":\"2019-06-26T16:25:47+00:00\",\"description\":\"L\u2019Association des Levasseur et Carmel d\u2019Am\u00e9rique vous permet de consulter : documents historiques concernant les anc\u00eatres Jean, Pierre et Laurent Levasseur arriv\u00e9s en Nouvelle-France au 17e si\u00e8cle. Informations, objectifs, activit\u00e9s et rassemblements.\",\"breadcrumb\":{\"@id\":\"https:\\\/\\\/levasseur.org\\\/fr\\\/assemblee-generale-2019\\\/#breadcrumb\"},\"inLanguage\":\"fr-FR\",\"potentialAction\":[{\"@type\":\"ReadAction\",\"target\":[\"https:\\\/\\\/levasseur.org\\\/fr\\\/assemblee-generale-2019\\\/\"]}]},{\"@type\":\"BreadcrumbList\",\"@id\":\"https:\\\/\\\/levasseur.org\\\/fr\\\/assemblee-generale-2019\\\/#breadcrumb\",\"itemListElement\":[{\"@type\":\"ListItem\",\"position\":1,\"name\":\"Accueil\",\"item\":\"https:\\\/\\\/levasseur.org\\\/fr\\\/\"},{\"@type\":\"ListItem\",\"position\":2,\"name\":\"Assembl\u00e9e g\u00e9n\u00e9rale 2019\"}]},{\"@type\":\"WebSite\",\"@id\":\"https:\\\/\\\/levasseur.org\\\/fr\\\/#website\",\"url\":\"https:\\\/\\\/levasseur.org\\\/fr\\\/\",\"name\":\"Familles Levasseur & Carmel\",\"description\":\"Du mieux que je puis\",\"publisher\":{\"@id\":\"https:\\\/\\\/levasseur.org\\\/fr\\\/#organization\"},\"potentialAction\":[{\"@type\":\"SearchAction\",\"target\":{\"@type\":\"EntryPoint\",\"urlTemplate\":\"https:\\\/\\\/levasseur.org\\\/fr\\\/?s={search_term_string}\"},\"query-input\":{\"@type\":\"PropertyValueSpecification\",\"valueRequired\":true,\"valueName\":\"search_term_string\"}}],\"inLanguage\":\"fr-FR\"},{\"@type\":\"Organization\",\"@id\":\"https:\\\/\\\/levasseur.org\\\/fr\\\/#organization\",\"name\":\"Association des Levasseur d'Am\u00e9rique\",\"url\":\"https:\\\/\\\/levasseur.org\\\/fr\\\/\",\"logo\":{\"@type\":\"ImageObject\",\"inLanguage\":\"fr-FR\",\"@id\":\"https:\\\/\\\/levasseur.org\\\/fr\\\/#\\\/schema\\\/logo\\\/image\\\/\",\"url\":\"https:\\\/\\\/levasseur.org\\\/wp-content\\\/uploads\\\/2019\\\/04\\\/blason_nouv.gif\",\"contentUrl\":\"https:\\\/\\\/levasseur.org\\\/wp-content\\\/uploads\\\/2019\\\/04\\\/blason_nouv.gif\",\"width\":500,\"height\":487,\"caption\":\"Association des Levasseur d'Am\u00e9rique\"},\"image\":{\"@id\":\"https:\\\/\\\/levasseur.org\\\/fr\\\/#\\\/schema\\\/logo\\\/image\\\/\"},\"sameAs\":[\"https:\\\/\\\/www.facebook.com\\\/associationlevasseur\"]}]}<\/script>\n<!-- \/ Yoast SEO plugin. -->","yoast_head_json":{"title":"Assembl\u00e9e g\u00e9n\u00e9rale 2019 - Familles Levasseur et Carmel","description":"L\u2019Association des Levasseur et Carmel d\u2019Am\u00e9rique vous permet de consulter : documents historiques concernant les anc\u00eatres Jean, Pierre et Laurent Levasseur arriv\u00e9s en Nouvelle-France au 17e si\u00e8cle. Informations, objectifs, activit\u00e9s et rassemblements.","robots":{"index":"index","follow":"follow","max-snippet":"max-snippet:-1","max-image-preview":"max-image-preview:large","max-video-preview":"max-video-preview:-1"},"canonical":"https:\/\/levasseur.org\/fr\/assemblee-generale-2019\/","og_locale":"fr_FR","og_type":"article","og_title":"Assembl\u00e9e g\u00e9n\u00e9rale 2019 - Familles Levasseur et Carmel","og_description":"L\u2019Association des Levasseur et Carmel d\u2019Am\u00e9rique vous permet de consulter : documents historiques concernant les anc\u00eatres Jean, Pierre et Laurent Levasseur arriv\u00e9s en Nouvelle-France au 17e si\u00e8cle. Informations, objectifs, activit\u00e9s et rassemblements.","og_url":"https:\/\/levasseur.org\/fr\/assemblee-generale-2019\/","og_site_name":"Familles Levasseur et Carmel","article_publisher":"https:\/\/www.facebook.com\/associationlevasseur","twitter_card":"summary_large_image","twitter_misc":{"Dur\u00e9e de lecture estim\u00e9e":"1 minute"},"schema":{"@context":"https:\/\/schema.org","@graph":[{"@type":"WebPage","@id":"https:\/\/levasseur.org\/fr\/assemblee-generale-2019\/","url":"https:\/\/levasseur.org\/fr\/assemblee-generale-2019\/","name":"Assembl\u00e9e g\u00e9n\u00e9rale 2019 - Familles Levasseur et Carmel","isPartOf":{"@id":"https:\/\/levasseur.org\/fr\/#website"},"datePublished":"2019-06-26T16:25:47+00:00","description":"L\u2019Association des Levasseur et Carmel d\u2019Am\u00e9rique vous permet de consulter : documents historiques concernant les anc\u00eatres Jean, Pierre et Laurent Levasseur arriv\u00e9s en Nouvelle-France au 17e si\u00e8cle. Informations, objectifs, activit\u00e9s et rassemblements.","breadcrumb":{"@id":"https:\/\/levasseur.org\/fr\/assemblee-generale-2019\/#breadcrumb"},"inLanguage":"fr-FR","potentialAction":[{"@type":"ReadAction","target":["https:\/\/levasseur.org\/fr\/assemblee-generale-2019\/"]}]},{"@type":"BreadcrumbList","@id":"https:\/\/levasseur.org\/fr\/assemblee-generale-2019\/#breadcrumb","itemListElement":[{"@type":"ListItem","position":1,"name":"Accueil","item":"https:\/\/levasseur.org\/fr\/"},{"@type":"ListItem","position":2,"name":"Assembl\u00e9e g\u00e9n\u00e9rale 2019"}]},{"@type":"WebSite","@id":"https:\/\/levasseur.org\/fr\/#website","url":"https:\/\/levasseur.org\/fr\/","name":"Familles Levasseur & Carmel","description":"Du mieux que je puis","publisher":{"@id":"https:\/\/levasseur.org\/fr\/#organization"},"potentialAction":[{"@type":"SearchAction","target":{"@type":"EntryPoint","urlTemplate":"https:\/\/levasseur.org\/fr\/?s={search_term_string}"},"query-input":{"@type":"PropertyValueSpecification","valueRequired":true,"valueName":"search_term_string"}}],"inLanguage":"fr-FR"},{"@type":"Organization","@id":"https:\/\/levasseur.org\/fr\/#organization","name":"Association des Levasseur d'Am\u00e9rique","url":"https:\/\/levasseur.org\/fr\/","logo":{"@type":"ImageObject","inLanguage":"fr-FR","@id":"https:\/\/levasseur.org\/fr\/#\/schema\/logo\/image\/","url":"https:\/\/levasseur.org\/wp-content\/uploads\/2019\/04\/blason_nouv.gif","contentUrl":"https:\/\/levasseur.org\/wp-content\/uploads\/2019\/04\/blason_nouv.gif","width":500,"height":487,"caption":"Association des Levasseur d'Am\u00e9rique"},"image":{"@id":"https:\/\/levasseur.org\/fr\/#\/schema\/logo\/image\/"},"sameAs":["https:\/\/www.facebook.com\/associationlevasseur"]}]}},"_links":{"self":[{"href":"https:\/\/levasseur.org\/fr\/wp-json\/wp\/v2\/pages\/14000","targetHints":{"allow":["GET"]}}],"collection":[{"href":"https:\/\/levasseur.org\/fr\/wp-json\/wp\/v2\/pages"}],"about":[{"href":"https:\/\/levasseur.org\/fr\/wp-json\/wp\/v2\/types\/page"}],"author":[{"embeddable":true,"href":"https:\/\/levasseur.org\/fr\/wp-json\/wp\/v2\/users\/1"}],"replies":[{"embeddable":true,"href":"https:\/\/levasseur.org\/fr\/wp-json\/wp\/v2\/comments?post=14000"}],"version-history":[{"count":0,"href":"https:\/\/levasseur.org\/fr\/wp-json\/wp\/v2\/pages\/14000\/revisions"}],"wp:attachment":[{"href":"https:\/\/levasseur.org\/fr\/wp-json\/wp\/v2\/media?parent=14000"}],"curies":[{"name":"wp","href":"https:\/\/api.w.org\/{rel}","templated":true}]}}