{"id":13909,"date":"2019-04-27T17:30:22","date_gmt":"2019-04-27T21:30:22","guid":{"rendered":"https:\/\/levasseur.org\/?page_id=13909"},"modified":"2025-03-01T10:18:54","modified_gmt":"2025-03-01T15:18:54","slug":"tgl","status":"publish","type":"page","link":"https:\/\/levasseur.org\/fr\/tgl\/","title":{"rendered":"Transport Guy Levasseur"},"content":{"rendered":"<h1 style=\"text-align: center;\">Transport Guy Levasseur inc<\/h1>\n<hr \/>\n<h1 style=\"text-align: center;\">Merci \u00e0 nos commanditaires<\/h1>\n<hr \/>\n<p><strong>Transport Guy Levasseur Inc<\/strong> est fier de s&rsquo;associer au site de l&rsquo;<strong>Association des Levasseur d&rsquo;Am\u00e9rique<\/strong>. La r\u00e9gion de Poh\u00e9n\u00e9gamook est le berceau de plusieurs familles Levasseur maintenant bien \u00e9tablies sur tout le nord-est du continent.<\/p>\n<p style=\"text-align: center;\">Pour rejoindre l&rsquo;entreprise : <a href=\"mailto:info@levasseurtransport.com\">info@levasseurtransport.com<\/a><\/p>\n<p style=\"text-align: center;\">T\u00e9l\u00e9phone : (418) 859-2294<\/p>\n<p style=\"text-align: center;\">Facebook : <a href=\"https:\/\/www.facebook.com\/transportguylevasseur\/\" target=\"_blank\" rel=\"noopener\">https:\/\/www.facebook.com\/transportguylevasseur\/<\/a><\/p>\n<hr \/>\n<p><strong><a href=\"https:\/\/levasseur.org\/wp-content\/uploads\/2024\/04\/guylevasseur-jpg.webp\"><img decoding=\"async\" class=\"aligncenter size-full wp-image-27934\" src=\"https:\/\/levasseur.org\/wp-content\/uploads\/2024\/04\/guylevasseur-jpg.webp\" alt=\"\" width=\"1924\" height=\"804\" srcset=\"https:\/\/levasseur.org\/wp-content\/uploads\/2024\/04\/guylevasseur-200x84.webp 200w, https:\/\/levasseur.org\/wp-content\/uploads\/2024\/04\/guylevasseur-300x125.webp 300w, https:\/\/levasseur.org\/wp-content\/uploads\/2024\/04\/guylevasseur-400x167.webp 400w, https:\/\/levasseur.org\/wp-content\/uploads\/2024\/04\/guylevasseur-600x251.webp 600w, https:\/\/levasseur.org\/wp-content\/uploads\/2024\/04\/guylevasseur-768x321.webp 768w, https:\/\/levasseur.org\/wp-content\/uploads\/2024\/04\/guylevasseur-800x334.webp 800w, https:\/\/levasseur.org\/wp-content\/uploads\/2024\/04\/guylevasseur-1024x428.webp 1024w, https:\/\/levasseur.org\/wp-content\/uploads\/2024\/04\/guylevasseur-1200x501.webp 1200w, https:\/\/levasseur.org\/wp-content\/uploads\/2024\/04\/guylevasseur-1536x642.webp 1536w, https:\/\/levasseur.org\/wp-content\/uploads\/2024\/04\/guylevasseur-jpg.webp 1924w\" sizes=\"(max-width: 1924px) 100vw, 1924px\" \/><\/a><\/strong><\/p>\n<p><strong>Transport Guy Levasseur inc<\/strong>. est une entreprise de transport routier de marchandises g\u00e9n\u00e9rales. Son si\u00e8ge social se situe \u00e0 Poh\u00e9n\u00e9gamook dans le quartier d\u2019Escourt. L\u2019\u00e9conomie de cette ville est principalement constitu\u00e9e du tourisme et de l\u2019industrie foresti\u00e8re. Cette entreprise s\u2019inscrit donc dans un milieu propice au transport de bois. Sa proximit\u00e9 avec l\u2019\u00e9tat du Maine et avec la province du Nouveau-Brunswick apporte un \u00e9l\u00e9ment favorable au d\u00e9veloppement d\u2019un tel service. C\u2019est pour cette raison, et par go\u00fbt personnel, que Monsieur Levasseur d\u00e9buta sa carri\u00e8re dans le milieu du camionnage.<\/p>\n<p>L\u2019entreprise d\u00e9buta ses activit\u00e9s en 1974, alors que le propri\u00e9taire actuel, Monsieur Guy Levasseur, proc\u00e9dait \u00e0 l\u2019achat de son premier camion, afin d\u2019\u0153uvrer principalement en for\u00eat. L\u2019ajout de nouveaux v\u00e9hicules se fit de fa\u00e7on graduelle. C\u2019est en 1979 que l\u2019entreprise s\u2019incorpora et prit pour d\u00e9nomination sociale Transport Guy Levasseur inc., elle comptait environ 3 camions et les employ\u00e9s \u00e9taient principalement les fr\u00e8res de monsieur Levasseur.<\/p>\n<p>En 1984, soit 10 ans apr\u00e8s ses d\u00e9buts, l\u2019entreprise comptait en tout 13 employ\u00e9s, 6 camions et 8 remorques. Ce n\u2019est qu\u2019en 1989 que commen\u00e7a la construction du garage actuellement situ\u00e9 au 876 rue Principale o\u00f9 tiennent \u00e9galement lieu les bureaux de la compagnie. Aujourd\u2019hui, apr\u00e8s plus de 30 ans d\u2019op\u00e9rations, Transport Guy Levasseur inc. compte \u00e0 son actif environ 75 camions, 175 remorques et soixante-quinze employ\u00e9s(es)s.<\/p>\n<p>L\u2019ann\u00e9e 2024 souligne le 50e anniversaire de la fondation de l\u2019entreprise. Avec une philosophie d\u2019entreprise bas\u00e9e sur la s\u00e9curit\u00e9 et sur le respect de la parole donn\u00e9e, Transport Guy Levasseur inc. esp\u00e8re \u00eatre encore longtemps une entreprise dynamique capable d\u2019offrir un service fiable et de qualit\u00e9.<\/p>\n<p style=\"text-align: right;\"><span style=\"color: #000080; font-family: Technical;\"><big>Source : <\/big><\/span><a href=\"http:\/\/www.mrctemiscouata.qc.ca\/pme\/entreprises\/TGL\/index.html\"><span style=\"font-family: Technical;\">http:\/\/www.mrctemiscouata.qc.ca\/pme\/entreprises\/TGL\/index.html<\/span><\/a><\/p>\n<hr \/>\n<p>Transport de produits forestiers<br \/>\n876, rue Principale<br \/>\nPoh\u00e9n\u00e9gamook<br \/>\nG0L 1J0<\/p>\n<div class=\"x1hq5gj4\">\n<div class=\"x13faqbe x78zum5 xdt5ytf\">\n<div class=\"x9f619 x1n2onr6 x1ja2u2z x78zum5 x1r8uery x1iyjqo2 xs83m0k xeuugli x1nhvcw1 x1qjc9v5 xozqiw3 x1q0g3np xexx8yu xykv574 xbmpl8g x4cne27 xifccgj\">\n<div class=\"x9f619 x1n2onr6 x1ja2u2z x78zum5 xdt5ytf x2lah0s x193iq5w xeuugli xsyo7zv x16hj40l x10b6aqq x1yrsyyn\"><img decoding=\"async\" class=\"x1b0d499 xuo83w3\" src=\"https:\/\/static.xx.fbcdn.net\/rsrc.php\/v3\/yl\/r\/mxbGn5aKz1f.png\" alt=\"\" width=\"24\" height=\"24\" \/><\/div>\n<div class=\"x9f619 x1n2onr6 x1ja2u2z x78zum5 xdt5ytf x193iq5w xeuugli x1r8uery x1iyjqo2 xs83m0k xamitd3 xsyo7zv x16hj40l x10b6aqq x1yrsyyn\">\n<div class=\"x1e56ztr x1gslohp\">\n<div class=\"x78zum5 xdt5ytf xz62fqu x16ldp7u\">\n<div class=\"xu06os2 x1ok221b\"><span class=\"x193iq5w xeuugli x13faqbe x1vvkbs xlh3980 xvmahel x1n0sxbx x1lliihq x1s928wv xhkezso x1gmr53x x1cpjm7i x1fgarty x1943h6x x4zkp8e x3x7a5m x6prxxf xvq8zen xo1l8bm xzsf02u x1yc453h\" dir=\"auto\">(418) 859-2294<\/span><\/div>\n<div class=\"xu06os2 x1ok221b\">\n<div class=\"x9f619 x1n2onr6 x1ja2u2z x78zum5 x2lah0s x1qughib x1qjc9v5 xozqiw3 x1q0g3np xexx8yu xykv574 xbmpl8g x4cne27 xifccgj\">\n<div class=\"x9f619 x1n2onr6 x1ja2u2z x78zum5 xdt5ytf x2lah0s x193iq5w xeuugli xsyo7zv x16hj40l x10b6aqq x1yrsyyn\">\n<div class=\"x78zum5 xdt5ytf xz62fqu x16ldp7u\">\n<div class=\"xu06os2 x1ok221b\">\n<div>Cellulaire<\/div>\n<\/div>\n<\/div>\n<\/div>\n<\/div>\n<\/div>\n<\/div>\n<\/div>\n<\/div>\n<\/div>\n<\/div>\n<\/div>\n<div class=\"xat24cr\">\n<div class=\"x13faqbe x78zum5 xdt5ytf\">\n<div class=\"x9f619 x1n2onr6 x1ja2u2z x78zum5 x1r8uery x1iyjqo2 xs83m0k xeuugli x1nhvcw1 x1qjc9v5 xozqiw3 x1q0g3np xexx8yu xykv574 xbmpl8g x4cne27 xifccgj\">\n<div class=\"x9f619 x1n2onr6 x1ja2u2z x78zum5 xdt5ytf x2lah0s x193iq5w xeuugli xsyo7zv x16hj40l x10b6aqq x1yrsyyn\"><img decoding=\"async\" class=\"x1b0d499 xuo83w3\" src=\"https:\/\/static.xx.fbcdn.net\/rsrc.php\/v3\/yi\/r\/VtfpQ9pmUXR.png\" alt=\"\" width=\"24\" height=\"24\" \/><\/div>\n<div class=\"x9f619 x1n2onr6 x1ja2u2z x78zum5 xdt5ytf x193iq5w xeuugli x1r8uery x1iyjqo2 xs83m0k xamitd3 xsyo7zv x16hj40l x10b6aqq x1yrsyyn\">\n<div class=\"x1e56ztr x1gslohp\">\n<div class=\"x78zum5 xdt5ytf xz62fqu x16ldp7u\">\n<div class=\"xu06os2 x1ok221b\"><span class=\"x193iq5w xeuugli x13faqbe x1vvkbs xlh3980 xvmahel x1n0sxbx x1lliihq x1s928wv xhkezso x1gmr53x x1cpjm7i x1fgarty x1943h6x x4zkp8e x3x7a5m x6prxxf xvq8zen xo1l8bm xzsf02u x1yc453h\" dir=\"auto\">info@levasseurtransport.com<\/span><\/div>\n<div class=\"xu06os2 x1ok221b\">\n<div class=\"x9f619 x1n2onr6 x1ja2u2z x78zum5 x2lah0s x1qughib x1qjc9v5 xozqiw3 x1q0g3np xexx8yu xykv574 xbmpl8g x4cne27 xifccgj\">\n<div class=\"x9f619 x1n2onr6 x1ja2u2z x78zum5 xdt5ytf x2lah0s x193iq5w xeuugli xsyo7zv x16hj40l x10b6aqq x1yrsyyn\">\n<div class=\"x78zum5 xdt5ytf xz62fqu x16ldp7u\">\n<div class=\"xu06os2 x1ok221b\">\n<div>Adresse courriel<\/div>\n<\/div>\n<\/div>\n<\/div>\n<\/div>\n<\/div>\n<\/div>\n<\/div>\n<\/div>\n<\/div>\n<\/div>\n<\/div>\n","protected":false},"excerpt":{"rendered":"<p>Transport Guy Levasseur inc Merci \u00e0 nos commanditaires Transport Guy  [&#8230;]<\/p>\n","protected":false},"author":1,"featured_media":0,"parent":0,"menu_order":0,"comment_status":"closed","ping_status":"closed","template":"","meta":{"footnotes":""},"class_list":["post-13909","page","type-page","status-publish","hentry"],"yoast_head":"<!-- This site is optimized with the Yoast SEO plugin v27.4 - https:\/\/yoast.com\/product\/yoast-seo-wordpress\/ -->\n<title>Transport Guy Levasseur - Familles Levasseur et Carmel<\/title>\n<meta name=\"description\" content=\"L\u2019Association des Levasseur et Carmel d\u2019Am\u00e9rique vous permet de consulter : documents historiques concernant les anc\u00eatres Jean, Pierre et Laurent Levasseur arriv\u00e9s en Nouvelle-France au 17e si\u00e8cle. Informations, objectifs, activit\u00e9s et rassemblements.\" \/>\n<meta name=\"robots\" content=\"index, follow, max-snippet:-1, max-image-preview:large, max-video-preview:-1\" \/>\n<link rel=\"canonical\" href=\"https:\/\/levasseur.org\/fr\/tgl\/\" \/>\n<meta property=\"og:locale\" content=\"fr_FR\" \/>\n<meta property=\"og:type\" content=\"article\" \/>\n<meta property=\"og:title\" content=\"Transport Guy Levasseur - Familles Levasseur et Carmel\" \/>\n<meta property=\"og:description\" content=\"L\u2019Association des Levasseur et Carmel d\u2019Am\u00e9rique vous permet de consulter : documents historiques concernant les anc\u00eatres Jean, Pierre et Laurent Levasseur arriv\u00e9s en Nouvelle-France au 17e si\u00e8cle. Informations, objectifs, activit\u00e9s et rassemblements.\" \/>\n<meta property=\"og:url\" content=\"https:\/\/levasseur.org\/fr\/tgl\/\" \/>\n<meta property=\"og:site_name\" content=\"Familles Levasseur et Carmel\" \/>\n<meta property=\"article:publisher\" content=\"https:\/\/www.facebook.com\/associationlevasseur\" \/>\n<meta property=\"article:modified_time\" content=\"2025-03-01T15:18:54+00:00\" \/>\n<meta property=\"og:image\" content=\"https:\/\/levasseur.org\/wp-content\/uploads\/2024\/04\/guylevasseur-jpg.webp\" \/>\n<meta name=\"twitter:card\" content=\"summary_large_image\" \/>\n<meta name=\"twitter:label1\" content=\"Dur\u00e9e de lecture estim\u00e9e\" \/>\n\t<meta name=\"twitter:data1\" content=\"2 minutes\" \/>\n<script type=\"application\/ld+json\" class=\"yoast-schema-graph\">{\"@context\":\"https:\\\/\\\/schema.org\",\"@graph\":[{\"@type\":\"WebPage\",\"@id\":\"https:\\\/\\\/levasseur.org\\\/fr\\\/tgl\\\/\",\"url\":\"https:\\\/\\\/levasseur.org\\\/fr\\\/tgl\\\/\",\"name\":\"Transport Guy Levasseur - Familles Levasseur et Carmel\",\"isPartOf\":{\"@id\":\"https:\\\/\\\/levasseur.org\\\/fr\\\/#website\"},\"primaryImageOfPage\":{\"@id\":\"https:\\\/\\\/levasseur.org\\\/fr\\\/tgl\\\/#primaryimage\"},\"image\":{\"@id\":\"https:\\\/\\\/levasseur.org\\\/fr\\\/tgl\\\/#primaryimage\"},\"thumbnailUrl\":\"https:\\\/\\\/levasseur.org\\\/wp-content\\\/uploads\\\/2024\\\/04\\\/guylevasseur-jpg.webp\",\"datePublished\":\"2019-04-27T21:30:22+00:00\",\"dateModified\":\"2025-03-01T15:18:54+00:00\",\"description\":\"L\u2019Association des Levasseur et Carmel d\u2019Am\u00e9rique vous permet de consulter : documents historiques concernant les anc\u00eatres Jean, Pierre et Laurent Levasseur arriv\u00e9s en Nouvelle-France au 17e si\u00e8cle. Informations, objectifs, activit\u00e9s et rassemblements.\",\"breadcrumb\":{\"@id\":\"https:\\\/\\\/levasseur.org\\\/fr\\\/tgl\\\/#breadcrumb\"},\"inLanguage\":\"fr-FR\",\"potentialAction\":[{\"@type\":\"ReadAction\",\"target\":[\"https:\\\/\\\/levasseur.org\\\/fr\\\/tgl\\\/\"]}]},{\"@type\":\"ImageObject\",\"inLanguage\":\"fr-FR\",\"@id\":\"https:\\\/\\\/levasseur.org\\\/fr\\\/tgl\\\/#primaryimage\",\"url\":\"https:\\\/\\\/levasseur.org\\\/wp-content\\\/uploads\\\/2024\\\/04\\\/guylevasseur-jpg.webp\",\"contentUrl\":\"https:\\\/\\\/levasseur.org\\\/wp-content\\\/uploads\\\/2024\\\/04\\\/guylevasseur-jpg.webp\"},{\"@type\":\"BreadcrumbList\",\"@id\":\"https:\\\/\\\/levasseur.org\\\/fr\\\/tgl\\\/#breadcrumb\",\"itemListElement\":[{\"@type\":\"ListItem\",\"position\":1,\"name\":\"Accueil\",\"item\":\"https:\\\/\\\/levasseur.org\\\/fr\\\/\"},{\"@type\":\"ListItem\",\"position\":2,\"name\":\"Transport Guy Levasseur\"}]},{\"@type\":\"WebSite\",\"@id\":\"https:\\\/\\\/levasseur.org\\\/fr\\\/#website\",\"url\":\"https:\\\/\\\/levasseur.org\\\/fr\\\/\",\"name\":\"Familles Levasseur & Carmel\",\"description\":\"Du mieux que je puis\",\"publisher\":{\"@id\":\"https:\\\/\\\/levasseur.org\\\/fr\\\/#organization\"},\"potentialAction\":[{\"@type\":\"SearchAction\",\"target\":{\"@type\":\"EntryPoint\",\"urlTemplate\":\"https:\\\/\\\/levasseur.org\\\/fr\\\/?s={search_term_string}\"},\"query-input\":{\"@type\":\"PropertyValueSpecification\",\"valueRequired\":true,\"valueName\":\"search_term_string\"}}],\"inLanguage\":\"fr-FR\"},{\"@type\":\"Organization\",\"@id\":\"https:\\\/\\\/levasseur.org\\\/fr\\\/#organization\",\"name\":\"Association des Levasseur d'Am\u00e9rique\",\"url\":\"https:\\\/\\\/levasseur.org\\\/fr\\\/\",\"logo\":{\"@type\":\"ImageObject\",\"inLanguage\":\"fr-FR\",\"@id\":\"https:\\\/\\\/levasseur.org\\\/fr\\\/#\\\/schema\\\/logo\\\/image\\\/\",\"url\":\"https:\\\/\\\/levasseur.org\\\/wp-content\\\/uploads\\\/2019\\\/04\\\/blason_nouv.gif\",\"contentUrl\":\"https:\\\/\\\/levasseur.org\\\/wp-content\\\/uploads\\\/2019\\\/04\\\/blason_nouv.gif\",\"width\":500,\"height\":487,\"caption\":\"Association des Levasseur d'Am\u00e9rique\"},\"image\":{\"@id\":\"https:\\\/\\\/levasseur.org\\\/fr\\\/#\\\/schema\\\/logo\\\/image\\\/\"},\"sameAs\":[\"https:\\\/\\\/www.facebook.com\\\/associationlevasseur\"]}]}<\/script>\n<!-- \/ Yoast SEO plugin. -->","yoast_head_json":{"title":"Transport Guy Levasseur - Familles Levasseur et Carmel","description":"L\u2019Association des Levasseur et Carmel d\u2019Am\u00e9rique vous permet de consulter : documents historiques concernant les anc\u00eatres Jean, Pierre et Laurent Levasseur arriv\u00e9s en Nouvelle-France au 17e si\u00e8cle. Informations, objectifs, activit\u00e9s et rassemblements.","robots":{"index":"index","follow":"follow","max-snippet":"max-snippet:-1","max-image-preview":"max-image-preview:large","max-video-preview":"max-video-preview:-1"},"canonical":"https:\/\/levasseur.org\/fr\/tgl\/","og_locale":"fr_FR","og_type":"article","og_title":"Transport Guy Levasseur - Familles Levasseur et Carmel","og_description":"L\u2019Association des Levasseur et Carmel d\u2019Am\u00e9rique vous permet de consulter : documents historiques concernant les anc\u00eatres Jean, Pierre et Laurent Levasseur arriv\u00e9s en Nouvelle-France au 17e si\u00e8cle. Informations, objectifs, activit\u00e9s et rassemblements.","og_url":"https:\/\/levasseur.org\/fr\/tgl\/","og_site_name":"Familles Levasseur et Carmel","article_publisher":"https:\/\/www.facebook.com\/associationlevasseur","article_modified_time":"2025-03-01T15:18:54+00:00","og_image":[{"url":"https:\/\/levasseur.org\/wp-content\/uploads\/2024\/04\/guylevasseur-jpg.webp","type":"","width":"","height":""}],"twitter_card":"summary_large_image","twitter_misc":{"Dur\u00e9e de lecture estim\u00e9e":"2 minutes"},"schema":{"@context":"https:\/\/schema.org","@graph":[{"@type":"WebPage","@id":"https:\/\/levasseur.org\/fr\/tgl\/","url":"https:\/\/levasseur.org\/fr\/tgl\/","name":"Transport Guy Levasseur - Familles Levasseur et Carmel","isPartOf":{"@id":"https:\/\/levasseur.org\/fr\/#website"},"primaryImageOfPage":{"@id":"https:\/\/levasseur.org\/fr\/tgl\/#primaryimage"},"image":{"@id":"https:\/\/levasseur.org\/fr\/tgl\/#primaryimage"},"thumbnailUrl":"https:\/\/levasseur.org\/wp-content\/uploads\/2024\/04\/guylevasseur-jpg.webp","datePublished":"2019-04-27T21:30:22+00:00","dateModified":"2025-03-01T15:18:54+00:00","description":"L\u2019Association des Levasseur et Carmel d\u2019Am\u00e9rique vous permet de consulter : documents historiques concernant les anc\u00eatres Jean, Pierre et Laurent Levasseur arriv\u00e9s en Nouvelle-France au 17e si\u00e8cle. Informations, objectifs, activit\u00e9s et rassemblements.","breadcrumb":{"@id":"https:\/\/levasseur.org\/fr\/tgl\/#breadcrumb"},"inLanguage":"fr-FR","potentialAction":[{"@type":"ReadAction","target":["https:\/\/levasseur.org\/fr\/tgl\/"]}]},{"@type":"ImageObject","inLanguage":"fr-FR","@id":"https:\/\/levasseur.org\/fr\/tgl\/#primaryimage","url":"https:\/\/levasseur.org\/wp-content\/uploads\/2024\/04\/guylevasseur-jpg.webp","contentUrl":"https:\/\/levasseur.org\/wp-content\/uploads\/2024\/04\/guylevasseur-jpg.webp"},{"@type":"BreadcrumbList","@id":"https:\/\/levasseur.org\/fr\/tgl\/#breadcrumb","itemListElement":[{"@type":"ListItem","position":1,"name":"Accueil","item":"https:\/\/levasseur.org\/fr\/"},{"@type":"ListItem","position":2,"name":"Transport Guy Levasseur"}]},{"@type":"WebSite","@id":"https:\/\/levasseur.org\/fr\/#website","url":"https:\/\/levasseur.org\/fr\/","name":"Familles Levasseur & Carmel","description":"Du mieux que je puis","publisher":{"@id":"https:\/\/levasseur.org\/fr\/#organization"},"potentialAction":[{"@type":"SearchAction","target":{"@type":"EntryPoint","urlTemplate":"https:\/\/levasseur.org\/fr\/?s={search_term_string}"},"query-input":{"@type":"PropertyValueSpecification","valueRequired":true,"valueName":"search_term_string"}}],"inLanguage":"fr-FR"},{"@type":"Organization","@id":"https:\/\/levasseur.org\/fr\/#organization","name":"Association des Levasseur d'Am\u00e9rique","url":"https:\/\/levasseur.org\/fr\/","logo":{"@type":"ImageObject","inLanguage":"fr-FR","@id":"https:\/\/levasseur.org\/fr\/#\/schema\/logo\/image\/","url":"https:\/\/levasseur.org\/wp-content\/uploads\/2019\/04\/blason_nouv.gif","contentUrl":"https:\/\/levasseur.org\/wp-content\/uploads\/2019\/04\/blason_nouv.gif","width":500,"height":487,"caption":"Association des Levasseur d'Am\u00e9rique"},"image":{"@id":"https:\/\/levasseur.org\/fr\/#\/schema\/logo\/image\/"},"sameAs":["https:\/\/www.facebook.com\/associationlevasseur"]}]}},"_links":{"self":[{"href":"https:\/\/levasseur.org\/fr\/wp-json\/wp\/v2\/pages\/13909","targetHints":{"allow":["GET"]}}],"collection":[{"href":"https:\/\/levasseur.org\/fr\/wp-json\/wp\/v2\/pages"}],"about":[{"href":"https:\/\/levasseur.org\/fr\/wp-json\/wp\/v2\/types\/page"}],"author":[{"embeddable":true,"href":"https:\/\/levasseur.org\/fr\/wp-json\/wp\/v2\/users\/1"}],"replies":[{"embeddable":true,"href":"https:\/\/levasseur.org\/fr\/wp-json\/wp\/v2\/comments?post=13909"}],"version-history":[{"count":0,"href":"https:\/\/levasseur.org\/fr\/wp-json\/wp\/v2\/pages\/13909\/revisions"}],"wp:attachment":[{"href":"https:\/\/levasseur.org\/fr\/wp-json\/wp\/v2\/media?parent=13909"}],"curies":[{"name":"wp","href":"https:\/\/api.w.org\/{rel}","templated":true}]}}