{"id":13326,"date":"2019-04-01T18:25:21","date_gmt":"2019-04-01T22:25:21","guid":{"rendered":"https:\/\/levasseur.org\/?page_id=13326"},"modified":"2026-02-06T05:03:45","modified_gmt":"2026-02-06T10:03:45","slug":"les-armoiries","status":"publish","type":"page","link":"https:\/\/levasseur.org\/fr\/les-armoiries\/","title":{"rendered":"Les armoiries"},"content":{"rendered":"<h1 style=\"text-align: center;\">Nos armoiries<\/h1>\n<hr \/>\n<h1 style=\"text-align: center;\"><strong>Historique et signification<\/strong><\/h1>\n<p>Le 21 mars 1989 \u00e9tait constitu\u00e9e l\u2019Association des Levasseur d\u2019Am\u00e9rique selon une charte \u00e9manant du ministre de la Consommation et des Corporations en vertu de la Loi sur les corporations canadiennes. Les objectifs de l\u2019Association sont : de regrouper les familles Levasseur d\u2019Am\u00e9rique, de pr\u00e9server leur patrimoine collectif, de promouvoir la recherche et la diffusion de donn\u00e9es historiques et g\u00e9n\u00e9alogiques concernant les Levasseur d\u2019Am\u00e9rique et d\u2019honorer la m\u00e9moire des anc\u00eatres Jean, Pierre et Laurent Levasseur et les r\u00e9alisations de leurs descendants par des documents, des plaques et d\u2019autres signes distinctifs.<\/p>\n<p>Au d\u00e9but des ann\u00e9es 1990, l\u2019Association souhaitait avoir un blason par lequel elle-m\u00eame et ses membres pourraient s\u2019identifier et se distinguer. Plusieurs associations avaient d\u00e9j\u00e0 un blason, mais peu \u00e9taient alors reconnus par l\u2019Autorit\u00e9 h\u00e9raldique du Canada.<\/p>\n<p>L\u2019Association des Levasseur a donc fait des d\u00e9marches pour \u00e9laborer un blason. Un artiste dessinateur nous a alors propos\u00e9 diff\u00e9rentes hypoth\u00e8ses. Nous avions comme objectif d\u2019avoir un blason simple pas trop charg\u00e9 et qui pourrait repr\u00e9senter les origines des deux branches des Levasseur, soit Pierre et Jean qui \u00e9taient ma\u00eetres-menuisiers ainsi que Laurent qui cultivait une terre. Nous voulions \u00e9galement repr\u00e9senter l\u2019ensemble des Levasseur de l\u2019Am\u00e9rique de nos origines \u00e0 nos jours et des valeurs qui animent et ont anim\u00e9 nos anc\u00eatres et leur descendance.<\/p>\n<p><img decoding=\"async\" class=\"alignleft\" src=\"https:\/\/levasseur.org\/images\/blason_ancien.jpg\" width=\"182\" height=\"236\" \/>Apr\u00e8s plusieurs mod\u00e8les, le conseil d\u2019administration a retenu un premier blason l\u00e9g\u00e8rement diff\u00e9rent de celui d\u2019aujourd\u2019hui. Le premier blason \u00e9tait de couleur jaune pour le chevron et la bande du haut et, de chaque c\u00f4t\u00e9 du chevron, nous avions un \u00e9l\u00e9ment. En haut \u00e0 gauche du chevron, nous avions une charrue repr\u00e9sentant la branche de Laurent Levasseur. En haut \u00e0 droite du chevron, nous avions un ciseau \u00e0 sculpter repr\u00e9sentant la branche de Pierre et Jean Levasseur. Enfin en bas du chevron, nous avions un arbre dont nous ne pouvions distinguer l\u2019essence.<\/p>\n<p>Apr\u00e8s quelques ann\u00e9es avec ce blason, nous avons en novembre 1995 pr\u00e9sent\u00e9 \u00e0 l\u2019Autorit\u00e9 h\u00e9raldique du Canada une demande pour \u00e9mettre un blason reconnu, enregistr\u00e9 sp\u00e9cifiquement au nom de l\u2019Association des Levasseur.<\/p>\n<p><img decoding=\"async\" class=\"alignright\" src=\"https:\/\/levasseur.org\/images\/blason_nouveau.jpg\" width=\"223\" height=\"217\" \/>Le 15 octobre 1997, le H\u00e9raut d\u2019armes du Canada a conc\u00e9d\u00e9 et assign\u00e9 \u00e0 l\u2019Association des Levasseur d\u2019Am\u00e9rique les armes suivantes :<\/p>\n<p><em>D\u2019azur \u00e0 un chevron d\u2019argent accompagn\u00e9 en pointe d\u2019un ch\u00eane du m\u00eame, au chef aussi d\u2019argent charg\u00e9 d\u2019une feuille d\u2019\u00e9rable de gueules accost\u00e9e \u00e0 dextre d\u2019une fleur de lis d\u2019azur et \u00e0 senestre d\u2019une \u00e9toile du m\u00eame; Et pour devise : DU MIEUX QUE JE PUIS<\/em>.<\/p>\n<p>Le nouveau blason est encore plus simple et moins charg\u00e9 que le pr\u00e9c\u00e9dent nous avons perdu la charrue et le ciseau \u00e0 sculpter. L\u2019arbre est plus d\u00e9fini en devenant un ch\u00eane.<\/p>\n<p>Voici la signification des \u00e9l\u00e9ments et des couleurs de notre blason :<\/p>\n<p><strong>ARGENT :<\/strong> Couleur qui rappelle la beaut\u00e9 et la puret\u00e9 : deux caract\u00e9ristiques des \u0153uvres de nos anc\u00eatres et des descendants.<\/p>\n<p><strong>AZUR :<\/strong> Couleur repr\u00e9sentant la justice et la loyaut\u00e9 que nous privil\u00e9gions.<\/p>\n<p><strong>CHEVRON :<\/strong> Le chevron est une pi\u00e8ce servant \u00e0 soutenir et symbolise ici le support et l\u2019entraide entre les Levasseur. \u00c9galement la pointe du chevron symbolise aussi la charrue de la branche de Laurent.<\/p>\n<p><strong>LE CH\u00caNE :<\/strong> Ce ch\u00eane repr\u00e9sente le mat\u00e9riau utilis\u00e9 par nos anc\u00eatres sculpteurs et menuisiers. Il repr\u00e9sente sur le blason nos racines, la continuit\u00e9, nos traditions.<\/p>\n<p><strong>FLEUR DE LYS :<\/strong> Repr\u00e9sente la France, nos origines.<\/p>\n<p><strong>FEUILLE D\u2019\u00c9RABLE : <\/strong>Les Levasseur de tout le Canada.<\/p>\n<p><strong>L\u2019\u00c9TOILE \u00c0 CINQ POINTES :<\/strong> Les Levasseur des \u00c9tats-Unis et des cinq continents.<\/p>\n<p><strong>NOTRE DEVISE<\/strong> : \u00ab DU MIEUX QUE JE PUIS \u00bb Faire de son mieux en toutes circonstances avec ce que l\u2019on est, ce que l\u2019on a et \u00e0 notre mesure.<\/p>\n<p>Le\u00a0 blason a \u00e9t\u00e9 conc\u00e9d\u00e9 et assign\u00e9 par le H\u00e9raut d&rsquo;Armes du Canada, le 15 octobre 1997.<\/p>\n<p style=\"text-align: right;\">par : Paul Levasseur (046)<\/p>\n<p>&nbsp;<\/p>\n<p>&nbsp;<\/p>\n","protected":false},"excerpt":{"rendered":"<p>Nos armoiries Historique et signification Le 21 mars 1989 \u00e9tait  [&#8230;]<\/p>\n","protected":false},"author":1,"featured_media":0,"parent":0,"menu_order":0,"comment_status":"closed","ping_status":"closed","template":"","meta":{"footnotes":""},"class_list":["post-13326","page","type-page","status-publish","hentry"],"yoast_head":"<!-- This site is optimized with the Yoast SEO plugin v27.3 - https:\/\/yoast.com\/product\/yoast-seo-wordpress\/ -->\n<title>Les armoiries - Familles Levasseur et Carmel<\/title>\n<meta name=\"description\" content=\"L\u2019Association des Levasseur et Carmel d\u2019Am\u00e9rique vous permet de consulter : documents historiques concernant les anc\u00eatres Jean, Pierre et Laurent Levasseur arriv\u00e9s en Nouvelle-France au 17e si\u00e8cle. Informations, objectifs, activit\u00e9s et rassemblements.\" \/>\n<meta name=\"robots\" content=\"index, follow, max-snippet:-1, max-image-preview:large, max-video-preview:-1\" \/>\n<link rel=\"canonical\" href=\"https:\/\/levasseur.org\/fr\/les-armoiries\/\" \/>\n<meta property=\"og:locale\" content=\"fr_FR\" \/>\n<meta property=\"og:type\" content=\"article\" \/>\n<meta property=\"og:title\" content=\"Les armoiries - Familles Levasseur et Carmel\" \/>\n<meta property=\"og:description\" content=\"L\u2019Association des Levasseur et Carmel d\u2019Am\u00e9rique vous permet de consulter : documents historiques concernant les anc\u00eatres Jean, Pierre et Laurent Levasseur arriv\u00e9s en Nouvelle-France au 17e si\u00e8cle. Informations, objectifs, activit\u00e9s et rassemblements.\" \/>\n<meta property=\"og:url\" content=\"https:\/\/levasseur.org\/fr\/les-armoiries\/\" \/>\n<meta property=\"og:site_name\" content=\"Familles Levasseur et Carmel\" \/>\n<meta property=\"article:publisher\" content=\"https:\/\/www.facebook.com\/associationlevasseur\" \/>\n<meta property=\"article:modified_time\" content=\"2026-02-06T10:03:45+00:00\" \/>\n<meta property=\"og:image\" content=\"https:\/\/levasseur.org\/images\/blason_ancien.jpg\" \/>\n<meta name=\"twitter:card\" content=\"summary_large_image\" \/>\n<meta name=\"twitter:label1\" content=\"Dur\u00e9e de lecture estim\u00e9e\" \/>\n\t<meta name=\"twitter:data1\" content=\"3 minutes\" \/>\n<script type=\"application\/ld+json\" class=\"yoast-schema-graph\">{\"@context\":\"https:\\\/\\\/schema.org\",\"@graph\":[{\"@type\":\"WebPage\",\"@id\":\"https:\\\/\\\/levasseur.org\\\/fr\\\/les-armoiries\\\/\",\"url\":\"https:\\\/\\\/levasseur.org\\\/fr\\\/les-armoiries\\\/\",\"name\":\"Les armoiries - Familles Levasseur et Carmel\",\"isPartOf\":{\"@id\":\"https:\\\/\\\/levasseur.org\\\/fr\\\/#website\"},\"primaryImageOfPage\":{\"@id\":\"https:\\\/\\\/levasseur.org\\\/fr\\\/les-armoiries\\\/#primaryimage\"},\"image\":{\"@id\":\"https:\\\/\\\/levasseur.org\\\/fr\\\/les-armoiries\\\/#primaryimage\"},\"thumbnailUrl\":\"https:\\\/\\\/levasseur.org\\\/images\\\/blason_ancien.jpg\",\"datePublished\":\"2019-04-01T22:25:21+00:00\",\"dateModified\":\"2026-02-06T10:03:45+00:00\",\"description\":\"L\u2019Association des Levasseur et Carmel d\u2019Am\u00e9rique vous permet de consulter : documents historiques concernant les anc\u00eatres Jean, Pierre et Laurent Levasseur arriv\u00e9s en Nouvelle-France au 17e si\u00e8cle. Informations, objectifs, activit\u00e9s et rassemblements.\",\"breadcrumb\":{\"@id\":\"https:\\\/\\\/levasseur.org\\\/fr\\\/les-armoiries\\\/#breadcrumb\"},\"inLanguage\":\"fr-FR\",\"potentialAction\":[{\"@type\":\"ReadAction\",\"target\":[\"https:\\\/\\\/levasseur.org\\\/fr\\\/les-armoiries\\\/\"]}]},{\"@type\":\"ImageObject\",\"inLanguage\":\"fr-FR\",\"@id\":\"https:\\\/\\\/levasseur.org\\\/fr\\\/les-armoiries\\\/#primaryimage\",\"url\":\"https:\\\/\\\/levasseur.org\\\/images\\\/blason_ancien.jpg\",\"contentUrl\":\"https:\\\/\\\/levasseur.org\\\/images\\\/blason_ancien.jpg\"},{\"@type\":\"BreadcrumbList\",\"@id\":\"https:\\\/\\\/levasseur.org\\\/fr\\\/les-armoiries\\\/#breadcrumb\",\"itemListElement\":[{\"@type\":\"ListItem\",\"position\":1,\"name\":\"Accueil\",\"item\":\"https:\\\/\\\/levasseur.org\\\/fr\\\/\"},{\"@type\":\"ListItem\",\"position\":2,\"name\":\"Les armoiries\"}]},{\"@type\":\"WebSite\",\"@id\":\"https:\\\/\\\/levasseur.org\\\/fr\\\/#website\",\"url\":\"https:\\\/\\\/levasseur.org\\\/fr\\\/\",\"name\":\"Familles Levasseur & Carmel\",\"description\":\"Du mieux que je puis\",\"publisher\":{\"@id\":\"https:\\\/\\\/levasseur.org\\\/fr\\\/#organization\"},\"potentialAction\":[{\"@type\":\"SearchAction\",\"target\":{\"@type\":\"EntryPoint\",\"urlTemplate\":\"https:\\\/\\\/levasseur.org\\\/fr\\\/?s={search_term_string}\"},\"query-input\":{\"@type\":\"PropertyValueSpecification\",\"valueRequired\":true,\"valueName\":\"search_term_string\"}}],\"inLanguage\":\"fr-FR\"},{\"@type\":\"Organization\",\"@id\":\"https:\\\/\\\/levasseur.org\\\/fr\\\/#organization\",\"name\":\"Association des Levasseur d'Am\u00e9rique\",\"url\":\"https:\\\/\\\/levasseur.org\\\/fr\\\/\",\"logo\":{\"@type\":\"ImageObject\",\"inLanguage\":\"fr-FR\",\"@id\":\"https:\\\/\\\/levasseur.org\\\/fr\\\/#\\\/schema\\\/logo\\\/image\\\/\",\"url\":\"https:\\\/\\\/levasseur.org\\\/wp-content\\\/uploads\\\/2019\\\/04\\\/blason_nouv.gif\",\"contentUrl\":\"https:\\\/\\\/levasseur.org\\\/wp-content\\\/uploads\\\/2019\\\/04\\\/blason_nouv.gif\",\"width\":500,\"height\":487,\"caption\":\"Association des Levasseur d'Am\u00e9rique\"},\"image\":{\"@id\":\"https:\\\/\\\/levasseur.org\\\/fr\\\/#\\\/schema\\\/logo\\\/image\\\/\"},\"sameAs\":[\"https:\\\/\\\/www.facebook.com\\\/associationlevasseur\"]}]}<\/script>\n<!-- \/ Yoast SEO plugin. -->","yoast_head_json":{"title":"Les armoiries - Familles Levasseur et Carmel","description":"L\u2019Association des Levasseur et Carmel d\u2019Am\u00e9rique vous permet de consulter : documents historiques concernant les anc\u00eatres Jean, Pierre et Laurent Levasseur arriv\u00e9s en Nouvelle-France au 17e si\u00e8cle. Informations, objectifs, activit\u00e9s et rassemblements.","robots":{"index":"index","follow":"follow","max-snippet":"max-snippet:-1","max-image-preview":"max-image-preview:large","max-video-preview":"max-video-preview:-1"},"canonical":"https:\/\/levasseur.org\/fr\/les-armoiries\/","og_locale":"fr_FR","og_type":"article","og_title":"Les armoiries - Familles Levasseur et Carmel","og_description":"L\u2019Association des Levasseur et Carmel d\u2019Am\u00e9rique vous permet de consulter : documents historiques concernant les anc\u00eatres Jean, Pierre et Laurent Levasseur arriv\u00e9s en Nouvelle-France au 17e si\u00e8cle. Informations, objectifs, activit\u00e9s et rassemblements.","og_url":"https:\/\/levasseur.org\/fr\/les-armoiries\/","og_site_name":"Familles Levasseur et Carmel","article_publisher":"https:\/\/www.facebook.com\/associationlevasseur","article_modified_time":"2026-02-06T10:03:45+00:00","og_image":[{"url":"https:\/\/levasseur.org\/images\/blason_ancien.jpg","type":"","width":"","height":""}],"twitter_card":"summary_large_image","twitter_misc":{"Dur\u00e9e de lecture estim\u00e9e":"3 minutes"},"schema":{"@context":"https:\/\/schema.org","@graph":[{"@type":"WebPage","@id":"https:\/\/levasseur.org\/fr\/les-armoiries\/","url":"https:\/\/levasseur.org\/fr\/les-armoiries\/","name":"Les armoiries - Familles Levasseur et Carmel","isPartOf":{"@id":"https:\/\/levasseur.org\/fr\/#website"},"primaryImageOfPage":{"@id":"https:\/\/levasseur.org\/fr\/les-armoiries\/#primaryimage"},"image":{"@id":"https:\/\/levasseur.org\/fr\/les-armoiries\/#primaryimage"},"thumbnailUrl":"https:\/\/levasseur.org\/images\/blason_ancien.jpg","datePublished":"2019-04-01T22:25:21+00:00","dateModified":"2026-02-06T10:03:45+00:00","description":"L\u2019Association des Levasseur et Carmel d\u2019Am\u00e9rique vous permet de consulter : documents historiques concernant les anc\u00eatres Jean, Pierre et Laurent Levasseur arriv\u00e9s en Nouvelle-France au 17e si\u00e8cle. Informations, objectifs, activit\u00e9s et rassemblements.","breadcrumb":{"@id":"https:\/\/levasseur.org\/fr\/les-armoiries\/#breadcrumb"},"inLanguage":"fr-FR","potentialAction":[{"@type":"ReadAction","target":["https:\/\/levasseur.org\/fr\/les-armoiries\/"]}]},{"@type":"ImageObject","inLanguage":"fr-FR","@id":"https:\/\/levasseur.org\/fr\/les-armoiries\/#primaryimage","url":"https:\/\/levasseur.org\/images\/blason_ancien.jpg","contentUrl":"https:\/\/levasseur.org\/images\/blason_ancien.jpg"},{"@type":"BreadcrumbList","@id":"https:\/\/levasseur.org\/fr\/les-armoiries\/#breadcrumb","itemListElement":[{"@type":"ListItem","position":1,"name":"Accueil","item":"https:\/\/levasseur.org\/fr\/"},{"@type":"ListItem","position":2,"name":"Les armoiries"}]},{"@type":"WebSite","@id":"https:\/\/levasseur.org\/fr\/#website","url":"https:\/\/levasseur.org\/fr\/","name":"Familles Levasseur & Carmel","description":"Du mieux que je puis","publisher":{"@id":"https:\/\/levasseur.org\/fr\/#organization"},"potentialAction":[{"@type":"SearchAction","target":{"@type":"EntryPoint","urlTemplate":"https:\/\/levasseur.org\/fr\/?s={search_term_string}"},"query-input":{"@type":"PropertyValueSpecification","valueRequired":true,"valueName":"search_term_string"}}],"inLanguage":"fr-FR"},{"@type":"Organization","@id":"https:\/\/levasseur.org\/fr\/#organization","name":"Association des Levasseur d'Am\u00e9rique","url":"https:\/\/levasseur.org\/fr\/","logo":{"@type":"ImageObject","inLanguage":"fr-FR","@id":"https:\/\/levasseur.org\/fr\/#\/schema\/logo\/image\/","url":"https:\/\/levasseur.org\/wp-content\/uploads\/2019\/04\/blason_nouv.gif","contentUrl":"https:\/\/levasseur.org\/wp-content\/uploads\/2019\/04\/blason_nouv.gif","width":500,"height":487,"caption":"Association des Levasseur d'Am\u00e9rique"},"image":{"@id":"https:\/\/levasseur.org\/fr\/#\/schema\/logo\/image\/"},"sameAs":["https:\/\/www.facebook.com\/associationlevasseur"]}]}},"_links":{"self":[{"href":"https:\/\/levasseur.org\/fr\/wp-json\/wp\/v2\/pages\/13326","targetHints":{"allow":["GET"]}}],"collection":[{"href":"https:\/\/levasseur.org\/fr\/wp-json\/wp\/v2\/pages"}],"about":[{"href":"https:\/\/levasseur.org\/fr\/wp-json\/wp\/v2\/types\/page"}],"author":[{"embeddable":true,"href":"https:\/\/levasseur.org\/fr\/wp-json\/wp\/v2\/users\/1"}],"replies":[{"embeddable":true,"href":"https:\/\/levasseur.org\/fr\/wp-json\/wp\/v2\/comments?post=13326"}],"version-history":[{"count":1,"href":"https:\/\/levasseur.org\/fr\/wp-json\/wp\/v2\/pages\/13326\/revisions"}],"predecessor-version":[{"id":29810,"href":"https:\/\/levasseur.org\/fr\/wp-json\/wp\/v2\/pages\/13326\/revisions\/29810"}],"wp:attachment":[{"href":"https:\/\/levasseur.org\/fr\/wp-json\/wp\/v2\/media?parent=13326"}],"curies":[{"name":"wp","href":"https:\/\/api.w.org\/{rel}","templated":true}]}}