{"id":10045,"date":"2018-12-20T18:05:25","date_gmt":"2018-12-20T23:05:25","guid":{"rendered":"http:\/\/avada.theme-fusion.comxml\/?page_id=10045"},"modified":"2021-10-17T09:48:58","modified_gmt":"2021-10-17T13:48:58","slug":"nos-bases-de-donnees","status":"publish","type":"page","link":"https:\/\/levasseur.org\/fr\/outils-de-recherche\/nos-bases-de-donnees\/","title":{"rendered":"Nos bases de donn\u00e9es"},"content":{"rendered":"<h1 style=\"text-align: center;\">Nos bases de donn\u00e9es<\/h1>\n<hr \/>\n<p>L&rsquo;Association des Levasseur d&rsquo;Am\u00e9rique poss\u00e8de une banque de donn\u00e9es de plus de 140,000 enregistrements. Celle-ci est le fruit de plusieurs ann\u00e9es de travail du fondateur de l&rsquo;Association et g\u00e9n\u00e9alogiste Vincent Levasseur. La mise \u00e0 jour est assur\u00e9e gr\u00e2ce au travail continuel de Joceline Levasseur et de Gilles Carmel.<\/p>\n<p id=\"yiv9051118531yqtfd13506\">Pour acc\u00e9der \u00e0 cette gigantesque source d\u2019information, il\u00a0s\u2019agit de devenir membre de notre association (20$ par ann\u00e9e). <a href=\"https:\/\/levasseur.org\/outils-de-recherche\/nos-bases-de-donnees\/\" target=\"_blank\" rel=\"noopener noreferrer\">Veuillez simplement suivre ce lien pour votre paiement<\/a>\u00a0(carte de cr\u00e9dit via le site PayPal).\u00a0Dans les\u00a0heures qui\u00a0suivront la r\u00e9ception de votre paiement, vos codes d\u2019acc\u00e8s vous seront envoy\u00e9s \u00e0 votre\u00a0adresse courriel. Votre adh\u00e9sion vous donne \u00e9galement acc\u00e8s \u00e0 toutes les archives de\u00a0l\u2019association\u00a0depuis sa fondation et \u00e0 des milliers de photos anciennes et de n\u00e9crologies.<\/p>\n<p style=\"text-align: center;\"><a href=\"https:\/\/iowa.shnw.net\/~levasseu\/\" target=\"_blank\" rel=\"noopener noreferrer\">https:\/\/levasseur.org\/tng\/<\/a>ou par ce lien direct : <a href=\"https:\/\/iowa.shnw.net\/~levasseu\/\" target=\"_blank\" rel=\"noopener noreferrer\">https:\/\/iowa.shnw.net\/~levasseu\/<\/a><\/p>\n<p><a href=\"https:\/\/levasseur.org\/wp-content\/uploads\/2019\/03\/tng.jpg\"><img decoding=\"async\" class=\"wp-image-12567 aligncenter\" src=\"https:\/\/levasseur.org\/wp-content\/uploads\/2019\/03\/tng.jpg\" alt=\"\" width=\"595\" height=\"361\" srcset=\"https:\/\/levasseur.org\/wp-content\/uploads\/2019\/03\/tng-200x121.jpg 200w, https:\/\/levasseur.org\/wp-content\/uploads\/2019\/03\/tng-300x182.jpg 300w, https:\/\/levasseur.org\/wp-content\/uploads\/2019\/03\/tng-400x243.jpg 400w, https:\/\/levasseur.org\/wp-content\/uploads\/2019\/03\/tng-600x364.jpg 600w, https:\/\/levasseur.org\/wp-content\/uploads\/2019\/03\/tng-768x466.jpg 768w, https:\/\/levasseur.org\/wp-content\/uploads\/2019\/03\/tng-800x486.jpg 800w, https:\/\/levasseur.org\/wp-content\/uploads\/2019\/03\/tng-1024x622.jpg 1024w, https:\/\/levasseur.org\/wp-content\/uploads\/2019\/03\/tng-1200x728.jpg 1200w, https:\/\/levasseur.org\/wp-content\/uploads\/2019\/03\/tng.jpg 1700w\" sizes=\"(max-width: 595px) 100vw, 595px\" \/><\/a><\/p>\n<p>Le conseil d&rsquo;administration de votre association vous souhaite une bonne session de travail. N&rsquo;oubliez pas de nous transmettre vos ajouts ou corrections.<\/p>\n<p>Pour nous joindre :<\/p>\n<p>Webmestre et responsable technique : <a href=\"mailto:webmaster@levasseur.org\">Jean-Pierre Levasseur<\/a><\/p>\n<p>G\u00e9n\u00e9alogiste de l&rsquo;association : <a href=\"mailto:jolevasseur@videotron.ca\">Joceline Levasseur<\/a><\/p>\n<style><\/style>\n<p>&nbsp;<\/p>\n","protected":false},"excerpt":{"rendered":"<p>Nos bases de donn\u00e9es L&rsquo;Association des Levasseur d&rsquo;Am\u00e9rique poss\u00e8de une  [&#8230;]<\/p>\n","protected":false},"author":1,"featured_media":0,"parent":10042,"menu_order":0,"comment_status":"closed","ping_status":"closed","template":"","meta":{"footnotes":""},"class_list":["post-10045","page","type-page","status-publish","hentry"],"yoast_head":"<!-- This site is optimized with the Yoast SEO plugin v27.3 - https:\/\/yoast.com\/product\/yoast-seo-wordpress\/ -->\n<title>Nos bases de donn\u00e9es - Familles Levasseur et Carmel<\/title>\n<meta name=\"description\" content=\"L\u2019Association des Levasseur et Carmel d\u2019Am\u00e9rique vous permet de consulter : documents historiques concernant les anc\u00eatres Jean, Pierre et Laurent Levasseur arriv\u00e9s en Nouvelle-France au 17e si\u00e8cle. Informations, objectifs, activit\u00e9s et rassemblements.\" \/>\n<meta name=\"robots\" content=\"index, follow, max-snippet:-1, max-image-preview:large, max-video-preview:-1\" \/>\n<link rel=\"canonical\" href=\"https:\/\/levasseur.org\/fr\/outils-de-recherche\/nos-bases-de-donnees\/\" \/>\n<meta property=\"og:locale\" content=\"fr_FR\" \/>\n<meta property=\"og:type\" content=\"article\" \/>\n<meta property=\"og:title\" content=\"Nos bases de donn\u00e9es - Familles Levasseur et Carmel\" \/>\n<meta property=\"og:description\" content=\"L\u2019Association des Levasseur et Carmel d\u2019Am\u00e9rique vous permet de consulter : documents historiques concernant les anc\u00eatres Jean, Pierre et Laurent Levasseur arriv\u00e9s en Nouvelle-France au 17e si\u00e8cle. Informations, objectifs, activit\u00e9s et rassemblements.\" \/>\n<meta property=\"og:url\" content=\"https:\/\/levasseur.org\/fr\/outils-de-recherche\/nos-bases-de-donnees\/\" \/>\n<meta property=\"og:site_name\" content=\"Familles Levasseur et Carmel\" \/>\n<meta property=\"article:publisher\" content=\"https:\/\/www.facebook.com\/associationlevasseur\" \/>\n<meta property=\"article:modified_time\" content=\"2021-10-17T13:48:58+00:00\" \/>\n<meta property=\"og:image\" content=\"https:\/\/levasseur.org\/wp-content\/uploads\/2019\/03\/tng.jpg\" \/>\n<meta name=\"twitter:card\" content=\"summary_large_image\" \/>\n<meta name=\"twitter:label1\" content=\"Dur\u00e9e de lecture estim\u00e9e\" \/>\n\t<meta name=\"twitter:data1\" content=\"1 minute\" \/>\n<script type=\"application\/ld+json\" class=\"yoast-schema-graph\">{\"@context\":\"https:\\\/\\\/schema.org\",\"@graph\":[{\"@type\":\"WebPage\",\"@id\":\"https:\\\/\\\/levasseur.org\\\/fr\\\/outils-de-recherche\\\/nos-bases-de-donnees\\\/\",\"url\":\"https:\\\/\\\/levasseur.org\\\/fr\\\/outils-de-recherche\\\/nos-bases-de-donnees\\\/\",\"name\":\"Nos bases de donn\u00e9es - Familles Levasseur et Carmel\",\"isPartOf\":{\"@id\":\"https:\\\/\\\/levasseur.org\\\/fr\\\/#website\"},\"primaryImageOfPage\":{\"@id\":\"https:\\\/\\\/levasseur.org\\\/fr\\\/outils-de-recherche\\\/nos-bases-de-donnees\\\/#primaryimage\"},\"image\":{\"@id\":\"https:\\\/\\\/levasseur.org\\\/fr\\\/outils-de-recherche\\\/nos-bases-de-donnees\\\/#primaryimage\"},\"thumbnailUrl\":\"https:\\\/\\\/levasseur.org\\\/wp-content\\\/uploads\\\/2019\\\/03\\\/tng.jpg\",\"datePublished\":\"2018-12-20T23:05:25+00:00\",\"dateModified\":\"2021-10-17T13:48:58+00:00\",\"description\":\"L\u2019Association des Levasseur et Carmel d\u2019Am\u00e9rique vous permet de consulter : documents historiques concernant les anc\u00eatres Jean, Pierre et Laurent Levasseur arriv\u00e9s en Nouvelle-France au 17e si\u00e8cle. Informations, objectifs, activit\u00e9s et rassemblements.\",\"breadcrumb\":{\"@id\":\"https:\\\/\\\/levasseur.org\\\/fr\\\/outils-de-recherche\\\/nos-bases-de-donnees\\\/#breadcrumb\"},\"inLanguage\":\"fr-FR\",\"potentialAction\":[{\"@type\":\"ReadAction\",\"target\":[\"https:\\\/\\\/levasseur.org\\\/fr\\\/outils-de-recherche\\\/nos-bases-de-donnees\\\/\"]}]},{\"@type\":\"ImageObject\",\"inLanguage\":\"fr-FR\",\"@id\":\"https:\\\/\\\/levasseur.org\\\/fr\\\/outils-de-recherche\\\/nos-bases-de-donnees\\\/#primaryimage\",\"url\":\"https:\\\/\\\/levasseur.org\\\/wp-content\\\/uploads\\\/2019\\\/03\\\/tng.jpg\",\"contentUrl\":\"https:\\\/\\\/levasseur.org\\\/wp-content\\\/uploads\\\/2019\\\/03\\\/tng.jpg\"},{\"@type\":\"BreadcrumbList\",\"@id\":\"https:\\\/\\\/levasseur.org\\\/fr\\\/outils-de-recherche\\\/nos-bases-de-donnees\\\/#breadcrumb\",\"itemListElement\":[{\"@type\":\"ListItem\",\"position\":1,\"name\":\"Accueil\",\"item\":\"https:\\\/\\\/levasseur.org\\\/fr\\\/\"},{\"@type\":\"ListItem\",\"position\":2,\"name\":\"Outils de recherche\",\"item\":\"https:\\\/\\\/levasseur.org\\\/fr\\\/outils-de-recherche\\\/\"},{\"@type\":\"ListItem\",\"position\":3,\"name\":\"Nos bases de donn\u00e9es\"}]},{\"@type\":\"WebSite\",\"@id\":\"https:\\\/\\\/levasseur.org\\\/fr\\\/#website\",\"url\":\"https:\\\/\\\/levasseur.org\\\/fr\\\/\",\"name\":\"Familles Levasseur & Carmel\",\"description\":\"Du mieux que je puis\",\"publisher\":{\"@id\":\"https:\\\/\\\/levasseur.org\\\/fr\\\/#organization\"},\"potentialAction\":[{\"@type\":\"SearchAction\",\"target\":{\"@type\":\"EntryPoint\",\"urlTemplate\":\"https:\\\/\\\/levasseur.org\\\/fr\\\/?s={search_term_string}\"},\"query-input\":{\"@type\":\"PropertyValueSpecification\",\"valueRequired\":true,\"valueName\":\"search_term_string\"}}],\"inLanguage\":\"fr-FR\"},{\"@type\":\"Organization\",\"@id\":\"https:\\\/\\\/levasseur.org\\\/fr\\\/#organization\",\"name\":\"Association des Levasseur d'Am\u00e9rique\",\"url\":\"https:\\\/\\\/levasseur.org\\\/fr\\\/\",\"logo\":{\"@type\":\"ImageObject\",\"inLanguage\":\"fr-FR\",\"@id\":\"https:\\\/\\\/levasseur.org\\\/fr\\\/#\\\/schema\\\/logo\\\/image\\\/\",\"url\":\"https:\\\/\\\/levasseur.org\\\/wp-content\\\/uploads\\\/2019\\\/04\\\/blason_nouv.gif\",\"contentUrl\":\"https:\\\/\\\/levasseur.org\\\/wp-content\\\/uploads\\\/2019\\\/04\\\/blason_nouv.gif\",\"width\":500,\"height\":487,\"caption\":\"Association des Levasseur d'Am\u00e9rique\"},\"image\":{\"@id\":\"https:\\\/\\\/levasseur.org\\\/fr\\\/#\\\/schema\\\/logo\\\/image\\\/\"},\"sameAs\":[\"https:\\\/\\\/www.facebook.com\\\/associationlevasseur\"]}]}<\/script>\n<!-- \/ Yoast SEO plugin. -->","yoast_head_json":{"title":"Nos bases de donn\u00e9es - Familles Levasseur et Carmel","description":"L\u2019Association des Levasseur et Carmel d\u2019Am\u00e9rique vous permet de consulter : documents historiques concernant les anc\u00eatres Jean, Pierre et Laurent Levasseur arriv\u00e9s en Nouvelle-France au 17e si\u00e8cle. Informations, objectifs, activit\u00e9s et rassemblements.","robots":{"index":"index","follow":"follow","max-snippet":"max-snippet:-1","max-image-preview":"max-image-preview:large","max-video-preview":"max-video-preview:-1"},"canonical":"https:\/\/levasseur.org\/fr\/outils-de-recherche\/nos-bases-de-donnees\/","og_locale":"fr_FR","og_type":"article","og_title":"Nos bases de donn\u00e9es - Familles Levasseur et Carmel","og_description":"L\u2019Association des Levasseur et Carmel d\u2019Am\u00e9rique vous permet de consulter : documents historiques concernant les anc\u00eatres Jean, Pierre et Laurent Levasseur arriv\u00e9s en Nouvelle-France au 17e si\u00e8cle. Informations, objectifs, activit\u00e9s et rassemblements.","og_url":"https:\/\/levasseur.org\/fr\/outils-de-recherche\/nos-bases-de-donnees\/","og_site_name":"Familles Levasseur et Carmel","article_publisher":"https:\/\/www.facebook.com\/associationlevasseur","article_modified_time":"2021-10-17T13:48:58+00:00","og_image":[{"url":"https:\/\/levasseur.org\/wp-content\/uploads\/2019\/03\/tng.jpg","type":"","width":"","height":""}],"twitter_card":"summary_large_image","twitter_misc":{"Dur\u00e9e de lecture estim\u00e9e":"1 minute"},"schema":{"@context":"https:\/\/schema.org","@graph":[{"@type":"WebPage","@id":"https:\/\/levasseur.org\/fr\/outils-de-recherche\/nos-bases-de-donnees\/","url":"https:\/\/levasseur.org\/fr\/outils-de-recherche\/nos-bases-de-donnees\/","name":"Nos bases de donn\u00e9es - Familles Levasseur et Carmel","isPartOf":{"@id":"https:\/\/levasseur.org\/fr\/#website"},"primaryImageOfPage":{"@id":"https:\/\/levasseur.org\/fr\/outils-de-recherche\/nos-bases-de-donnees\/#primaryimage"},"image":{"@id":"https:\/\/levasseur.org\/fr\/outils-de-recherche\/nos-bases-de-donnees\/#primaryimage"},"thumbnailUrl":"https:\/\/levasseur.org\/wp-content\/uploads\/2019\/03\/tng.jpg","datePublished":"2018-12-20T23:05:25+00:00","dateModified":"2021-10-17T13:48:58+00:00","description":"L\u2019Association des Levasseur et Carmel d\u2019Am\u00e9rique vous permet de consulter : documents historiques concernant les anc\u00eatres Jean, Pierre et Laurent Levasseur arriv\u00e9s en Nouvelle-France au 17e si\u00e8cle. Informations, objectifs, activit\u00e9s et rassemblements.","breadcrumb":{"@id":"https:\/\/levasseur.org\/fr\/outils-de-recherche\/nos-bases-de-donnees\/#breadcrumb"},"inLanguage":"fr-FR","potentialAction":[{"@type":"ReadAction","target":["https:\/\/levasseur.org\/fr\/outils-de-recherche\/nos-bases-de-donnees\/"]}]},{"@type":"ImageObject","inLanguage":"fr-FR","@id":"https:\/\/levasseur.org\/fr\/outils-de-recherche\/nos-bases-de-donnees\/#primaryimage","url":"https:\/\/levasseur.org\/wp-content\/uploads\/2019\/03\/tng.jpg","contentUrl":"https:\/\/levasseur.org\/wp-content\/uploads\/2019\/03\/tng.jpg"},{"@type":"BreadcrumbList","@id":"https:\/\/levasseur.org\/fr\/outils-de-recherche\/nos-bases-de-donnees\/#breadcrumb","itemListElement":[{"@type":"ListItem","position":1,"name":"Accueil","item":"https:\/\/levasseur.org\/fr\/"},{"@type":"ListItem","position":2,"name":"Outils de recherche","item":"https:\/\/levasseur.org\/fr\/outils-de-recherche\/"},{"@type":"ListItem","position":3,"name":"Nos bases de donn\u00e9es"}]},{"@type":"WebSite","@id":"https:\/\/levasseur.org\/fr\/#website","url":"https:\/\/levasseur.org\/fr\/","name":"Familles Levasseur & Carmel","description":"Du mieux que je puis","publisher":{"@id":"https:\/\/levasseur.org\/fr\/#organization"},"potentialAction":[{"@type":"SearchAction","target":{"@type":"EntryPoint","urlTemplate":"https:\/\/levasseur.org\/fr\/?s={search_term_string}"},"query-input":{"@type":"PropertyValueSpecification","valueRequired":true,"valueName":"search_term_string"}}],"inLanguage":"fr-FR"},{"@type":"Organization","@id":"https:\/\/levasseur.org\/fr\/#organization","name":"Association des Levasseur d'Am\u00e9rique","url":"https:\/\/levasseur.org\/fr\/","logo":{"@type":"ImageObject","inLanguage":"fr-FR","@id":"https:\/\/levasseur.org\/fr\/#\/schema\/logo\/image\/","url":"https:\/\/levasseur.org\/wp-content\/uploads\/2019\/04\/blason_nouv.gif","contentUrl":"https:\/\/levasseur.org\/wp-content\/uploads\/2019\/04\/blason_nouv.gif","width":500,"height":487,"caption":"Association des Levasseur d'Am\u00e9rique"},"image":{"@id":"https:\/\/levasseur.org\/fr\/#\/schema\/logo\/image\/"},"sameAs":["https:\/\/www.facebook.com\/associationlevasseur"]}]}},"_links":{"self":[{"href":"https:\/\/levasseur.org\/fr\/wp-json\/wp\/v2\/pages\/10045","targetHints":{"allow":["GET"]}}],"collection":[{"href":"https:\/\/levasseur.org\/fr\/wp-json\/wp\/v2\/pages"}],"about":[{"href":"https:\/\/levasseur.org\/fr\/wp-json\/wp\/v2\/types\/page"}],"author":[{"embeddable":true,"href":"https:\/\/levasseur.org\/fr\/wp-json\/wp\/v2\/users\/1"}],"replies":[{"embeddable":true,"href":"https:\/\/levasseur.org\/fr\/wp-json\/wp\/v2\/comments?post=10045"}],"version-history":[{"count":0,"href":"https:\/\/levasseur.org\/fr\/wp-json\/wp\/v2\/pages\/10045\/revisions"}],"up":[{"embeddable":true,"href":"https:\/\/levasseur.org\/fr\/wp-json\/wp\/v2\/pages\/10042"}],"wp:attachment":[{"href":"https:\/\/levasseur.org\/fr\/wp-json\/wp\/v2\/media?parent=10045"}],"curies":[{"name":"wp","href":"https:\/\/api.w.org\/{rel}","templated":true}]}}