{"id":10040,"date":"2018-12-20T18:02:44","date_gmt":"2018-12-20T18:02:44","guid":{"rendered":"http:\/\/avada.theme-fusion.comxml\/?page_id=10040"},"modified":"2019-04-12T17:30:55","modified_gmt":"2019-04-12T21:30:55","slug":"autres-levasseur","status":"publish","type":"page","link":"https:\/\/levasseur.org\/fr\/nos-ancetres\/autres-levasseur\/","title":{"rendered":"Autres Levasseur"},"content":{"rendered":"<h1 style=\"text-align: center;\">Autres anc\u00eatres Levasseur<\/h1>\n<hr \/>\n<p><strong>Jeanne Levasseur<\/strong><\/p>\n<p>Jeanne est la s\u0153ur de Jean et Pierre Levasseur qui sont venus en Nouvelle-France. Elle arrive au pays, mari\u00e9e \u00e0 Christophe Drolet. En 1654, leur fils Pierre sera baptis\u00e9 \u00e0 Qu\u00e9bec. Jeanne et Christophe retourneront en France en 1672. Leur fils Pierre restera au pays et sera \u00e0 l&rsquo;origine de tous les Drolet d&rsquo;Am\u00e9rique.<\/p>\n<p><strong>Louis Levasseur sieur de Lesp\u00e9rance (vers 1636-1690)<\/strong><\/p>\n<p>Louis est originaire de Saint-Jacques de Paris. Il \u00e9pouse Marguerite B\u00e9langer, le 13 d\u00e9cembre 1666 \u00e0 Ch\u00e2teau-Richer, Montmorency, QC. Il d\u00e9c\u00e8de \u00e0 Qu\u00e9bec en 1690. Sa descendance est estim\u00e9e \u00e0 13 personnes.<\/p>\n<p><strong>Henri Lamarre dit Belisle (vers 1669-1740), anc\u00eatre des Levasseur dit Belisle<\/strong><\/p>\n<p>Henri est originaire de Saint-Michel-la-Palud, Angers, Maine-et-Loire, en France. Il est le fils d&rsquo;Antoine Lamarre et de Marguerite Levasseur. Il est ma\u00eetre-chirurgien. Il se marie une premi\u00e8re fois sous les noms de Henri Lamarre dit Belisle, avec Catherine Demosny, le 26 juin 1690 \u00e0 Qu\u00e9bec. Par la suite, il adopte le nom de Henri Belisle. En deuxi\u00e8mes noces, Henri \u00e9pouse Fran\u00e7oise Perinne Dandonneau, le 26 novembre 1705, \u00e0 Champlain. En troisi\u00e8mes noces, il prend Jeanne Archambault comme \u00e9pouse, le 25 ao\u00fbt 1712, \u00e0 Pointe-aux-Trembles, Montr\u00e9al. Des descendants de ce troisi\u00e8me mariage ont adopt\u00e9 les noms de famille Levasseur dit Belisle. Henri est l&rsquo;anc\u00eatre des Levasseur dit Belisle.<\/p>\n<p><strong>Charles-Ren\u00e9 Vassor dit Lafraicheur (vers 1724-1781)<\/strong><\/p>\n<p>Charles-Ren\u00e9 est originaire de la paroisse Saint-Andr\u00e9-des-Arts de Paris. Il se marie, une premi\u00e8re fois avec Genevi\u00e8ve Grosnier le 13 janvier 1750, \u00e0 Qu\u00e9bec. Dans son acte de mariage, on dit qu&rsquo;il est soldat de la Compagnie de Saint-Vincent. Il \u00e9pouse en deuxi\u00e8mes noces Josephte Bouteiller le 4 avril 1758 \u00e0 Rivi\u00e8re-des-Prairies. En troisi\u00e8mes noces, il se marie avec Amable Poudret dit Lavigne le 12 octobre 1761 \u00e0 Rivi\u00e8re-des-Prairies. Apr\u00e8s 1772, lors du bapt\u00eame de ses enfants, il adopte le nom de Levasseur. Sa descendance est estim\u00e9e \u00e0 201 personnes.<\/p>\n<p><strong>Jacques Levasseur de Ner\u00e9 (vers 1662-vers 1723)<\/strong><\/p>\n<p>Jacques est originaire de Paris. Il se marie avec Marie Fran\u00e7oise Achille Chaveneau, vers 1694, en France. Il arrive en Nouvelle-France en 1694, comme ing\u00e9nieur militaire du roi. Il retourne en France. Sa descendance est estim\u00e9e \u00e0 14 personnes.<\/p>\n<p><strong>Pierre Levasseur dit Saint-Pierre (vers 1719-1774)<\/strong><\/p>\n<p>Pierre est originaire de Notre-Dame de Peronne, Picardie. Il \u00e9pouse Marie-Louise Durbois dit L\u00e9onard, le 31 ao\u00fbt 1750 au Fort Fr\u00e9d\u00e9ric, Beauharnois. Il d\u00e9c\u00e8de \u00e0 Montr\u00e9al, le 25 novembre 1774. Sa descendance est estim\u00e9e \u00e0 10 personnes.<\/p>\n<p><strong>Jean LeVasseur (vers 1683- avant 03-11-1734)<\/strong><\/p>\n<p>Jean est originaire de Saint-Jacques, Dieppe, en Normandie. En Nouvelle-France, il \u00e9tait soldat de la Marine, compagnie de Dumesnil. Il se marie avec Barbe Chevalier, le 14 mars 1713 \u00e0 Montr\u00e9al. Une fille assure sa descendance.<\/p>\n<p><strong>Pierre Levasseur<\/strong><\/p>\n<p>Pierre est originaire de Saint-Germain-l&rsquo;Auxerrois, Paris. Il est le fils de Pierre Levasseur et de Marie Garnier. Il se marie avec Marie-Jeanne J\u00e9r\u00e9mie, le 19 f\u00e9vrier 1719 \u00e0 Qu\u00e9bec. Celle-ci est veuve de Samuel Lecompte. Ses parents sont No\u00ebl J\u00e9r\u00e9mie dit Lamontagne et Jeanne Peltier. Ce couple n&rsquo;a pas eu de descendants en Nouvelle-France.<\/p>\n<p><strong>Ren\u00e9-Nicolas Levasseur (vers 1707-1784)<\/strong><\/p>\n<p>Ren\u00e9-Nicolas est n\u00e9 \u00e0 Rochefort. Il est chef de la construction navale royale et inspecteur des bois et for\u00eats au Canada. En 1738, le roi l&rsquo;envoie \u00e0 Qu\u00e9bec pour \u00e9tablir des chantiers de construction navale. Il arrive avec son \u00e9pouse Ang\u00e9line Juste ainsi que ses filles Marie-Fran\u00e7oise-Ren\u00e9e et Marie-Anne. La premi\u00e8re se marie avec Barth\u00e9lemy Martin le 31 ao\u00fbt 1752, \u00e0 Qu\u00e9bec et Marie-Anne \u00e9pouse Alexandre Robert le 21 septembre 1760, \u00e0 l&rsquo;\u00e9glise Notre-Dame de Montr\u00e9al. Ren\u00e9-Nicolas et sa famille sont retourn\u00e9s en France en 1760.<\/p>\n<h3><strong>Michel Levasseur<\/strong><\/h3>\n<p>Michel est orf\u00e8vre et il r\u00e9side en Nouvelle-France de 1699 \u00e0 1712 environ. Il \u00e9tait l&rsquo;\u00e9poux de Madeleine Villers. Ce couple fera baptiser sept enfants \u00e0 Qu\u00e9bec entre 1700 et 1710. Trois de leurs enfants d\u00e9c\u00e8dent en bas \u00e2ge. La derni\u00e8re est d\u00e9c\u00e9d\u00e9e le 8 f\u00e9vrier 1712 \u00e0 L&rsquo;Ancienne-Lorette. Michel a enseign\u00e9 l&rsquo;orf\u00e8vrerie aux apprentis Pierre Gauvreau et Jacques Pag\u00e9 dit Carcy. On peut penser qu&rsquo;il est retourn\u00e9 en France apr\u00e8s 1712.<\/p>\n<p><strong>Fran\u00e7ois Vavasseur<\/strong><\/p>\n<p>Fran\u00e7ois est n\u00e9 vers 1702. Il est originaire d&rsquo;Orl\u00e9ans, en France. Il \u00e9pouse Marguerite Chaille, \u00e0 Qu\u00e9bec en 1732. Quatre enfants seront baptis\u00e9s \u00e0 Qu\u00e9bec.<\/p>\n<p><strong>Jeanne Levasseur (1631-1673)<\/strong><\/p>\n<p>Jeanne est une Fille du Roi, originaire de Rouen (St-\u00c9loi). Elle est la fille de Nicolas Levasseur et de Catherine Leforestier. Elle \u00e9pouse Barth\u00e9lemy Tesson \u00e0 Qu\u00e9bec, le 24 octobre 1667. Elle d\u00e9c\u00e8de en France le 29 mai 1673.<\/p>\n<p><strong>Sieur Le Vasseur<\/strong><\/p>\n<p>En 1542, il y a un Sieur Le Vasseur qui se noie lors d&rsquo;un voyage d&rsquo;exploration sur la rivi\u00e8re Saguenay. Il \u00e9tait l&rsquo;un des passagers du voyage du Sieur Jean-Fran\u00e7ois de La Rocque de Roberval en Nouvelle-France.<\/p>\n<p><strong>Jacques Levasseur<\/strong><\/p>\n<p>Jacques est originaire de l&rsquo;\u00c9v\u00each\u00e9 de Lisieux, en France. Au recensement de 1666, il est un domestique engag\u00e9 chez Marie Bourdon, veuve de Jean Gloria. Il est alors \u00e2g\u00e9 de 33 ans.<\/p>\n<p><strong>Jean Levasseur<\/strong><\/p>\n<p>Au recensement de 1666, Jean, \u00e2g\u00e9 de 20 ans, est un domestique engag\u00e9 chez Jacques Bilodeau, habitant de l&rsquo;\u00cele d&rsquo;Orl\u00e9ans.<\/p>\n<p><strong>Jean Levasseur<\/strong><\/p>\n<p>Au recensement de 1667, Jean, \u00e2g\u00e9 de 28 ans, est un domestique engag\u00e9 chez Jean Primont, habitant de l&rsquo;\u00cele d&rsquo;Orl\u00e9ans.<\/p>\n<p><strong>Guillaume Levasseur<\/strong><\/p>\n<p>En 1601, Guillaume Levasseur, cartographe europ\u00e9en influent, a dress\u00e9 la carte de l&rsquo;oc\u00e9an Atlantique. Cette carte pr\u00e9sente entre autres, la g\u00e9ographie de l&rsquo;Est du Canada. Le golfe et le fleuve Saint-Laurent y sont dessin\u00e9s. Les noms de QUEBECQ, 3 RIVIERES, HOCHELAGA, TADOUSSAC y sont inscrits. Guillaume Levasseur \u00e9tait originaire de Dieppe en Normandie. \u00c0 l&rsquo;\u00e9poque, les cartographes travaillaient avec les explorateurs et les p\u00eacheurs qui exploraient les c\u00f4tes. Ceux-ci leur transmettaient des renseignements sur leurs voyages. Les cartographes dressaient alors les cartes. Guillaume Levasseur est-il venu en Nouvelle-France ? Nous l&rsquo;ignorons.<\/p>\n<p>&nbsp;<\/p>\n","protected":false},"excerpt":{"rendered":"<p>Autres anc\u00eatres Levasseur Jeanne Levasseur Jeanne est la s\u0153ur de  [&#8230;]<\/p>\n","protected":false},"author":1,"featured_media":0,"parent":3528,"menu_order":0,"comment_status":"closed","ping_status":"closed","template":"","meta":{"footnotes":""},"class_list":["post-10040","page","type-page","status-publish","hentry"],"yoast_head":"<!-- This site is optimized with the Yoast SEO plugin v27.4 - https:\/\/yoast.com\/product\/yoast-seo-wordpress\/ -->\n<title>Autres Levasseur - Familles Levasseur et Carmel<\/title>\n<meta name=\"description\" content=\"L\u2019Association des Levasseur et Carmel d\u2019Am\u00e9rique vous permet de consulter : documents historiques concernant les anc\u00eatres Jean, Pierre et Laurent Levasseur arriv\u00e9s en Nouvelle-France au 17e si\u00e8cle. Informations, objectifs, activit\u00e9s et rassemblements.\" \/>\n<meta name=\"robots\" content=\"index, follow, max-snippet:-1, max-image-preview:large, max-video-preview:-1\" \/>\n<link rel=\"canonical\" href=\"https:\/\/levasseur.org\/fr\/nos-ancetres\/autres-levasseur\/\" \/>\n<meta property=\"og:locale\" content=\"fr_FR\" \/>\n<meta property=\"og:type\" content=\"article\" \/>\n<meta property=\"og:title\" content=\"Autres Levasseur - Familles Levasseur et Carmel\" \/>\n<meta property=\"og:description\" content=\"L\u2019Association des Levasseur et Carmel d\u2019Am\u00e9rique vous permet de consulter : documents historiques concernant les anc\u00eatres Jean, Pierre et Laurent Levasseur arriv\u00e9s en Nouvelle-France au 17e si\u00e8cle. Informations, objectifs, activit\u00e9s et rassemblements.\" \/>\n<meta property=\"og:url\" content=\"https:\/\/levasseur.org\/fr\/nos-ancetres\/autres-levasseur\/\" \/>\n<meta property=\"og:site_name\" content=\"Familles Levasseur et Carmel\" \/>\n<meta property=\"article:publisher\" content=\"https:\/\/www.facebook.com\/associationlevasseur\" \/>\n<meta property=\"article:modified_time\" content=\"2019-04-12T21:30:55+00:00\" \/>\n<meta name=\"twitter:card\" content=\"summary_large_image\" \/>\n<meta name=\"twitter:label1\" content=\"Dur\u00e9e de lecture estim\u00e9e\" \/>\n\t<meta name=\"twitter:data1\" content=\"5 minutes\" \/>\n<script type=\"application\/ld+json\" class=\"yoast-schema-graph\">{\"@context\":\"https:\\\/\\\/schema.org\",\"@graph\":[{\"@type\":\"WebPage\",\"@id\":\"https:\\\/\\\/levasseur.org\\\/fr\\\/nos-ancetres\\\/autres-levasseur\\\/\",\"url\":\"https:\\\/\\\/levasseur.org\\\/fr\\\/nos-ancetres\\\/autres-levasseur\\\/\",\"name\":\"Autres Levasseur - Familles Levasseur et Carmel\",\"isPartOf\":{\"@id\":\"https:\\\/\\\/levasseur.org\\\/fr\\\/#website\"},\"datePublished\":\"2018-12-20T18:02:44+00:00\",\"dateModified\":\"2019-04-12T21:30:55+00:00\",\"description\":\"L\u2019Association des Levasseur et Carmel d\u2019Am\u00e9rique vous permet de consulter : documents historiques concernant les anc\u00eatres Jean, Pierre et Laurent Levasseur arriv\u00e9s en Nouvelle-France au 17e si\u00e8cle. Informations, objectifs, activit\u00e9s et rassemblements.\",\"breadcrumb\":{\"@id\":\"https:\\\/\\\/levasseur.org\\\/fr\\\/nos-ancetres\\\/autres-levasseur\\\/#breadcrumb\"},\"inLanguage\":\"fr-FR\",\"potentialAction\":[{\"@type\":\"ReadAction\",\"target\":[\"https:\\\/\\\/levasseur.org\\\/fr\\\/nos-ancetres\\\/autres-levasseur\\\/\"]}]},{\"@type\":\"BreadcrumbList\",\"@id\":\"https:\\\/\\\/levasseur.org\\\/fr\\\/nos-ancetres\\\/autres-levasseur\\\/#breadcrumb\",\"itemListElement\":[{\"@type\":\"ListItem\",\"position\":1,\"name\":\"Accueil\",\"item\":\"https:\\\/\\\/levasseur.org\\\/fr\\\/\"},{\"@type\":\"ListItem\",\"position\":2,\"name\":\"Nos anc\u00eatres\",\"item\":\"https:\\\/\\\/levasseur.org\\\/fr\\\/nos-ancetres\\\/\"},{\"@type\":\"ListItem\",\"position\":3,\"name\":\"Autres Levasseur\"}]},{\"@type\":\"WebSite\",\"@id\":\"https:\\\/\\\/levasseur.org\\\/fr\\\/#website\",\"url\":\"https:\\\/\\\/levasseur.org\\\/fr\\\/\",\"name\":\"Familles Levasseur & Carmel\",\"description\":\"Du mieux que je puis\",\"publisher\":{\"@id\":\"https:\\\/\\\/levasseur.org\\\/fr\\\/#organization\"},\"potentialAction\":[{\"@type\":\"SearchAction\",\"target\":{\"@type\":\"EntryPoint\",\"urlTemplate\":\"https:\\\/\\\/levasseur.org\\\/fr\\\/?s={search_term_string}\"},\"query-input\":{\"@type\":\"PropertyValueSpecification\",\"valueRequired\":true,\"valueName\":\"search_term_string\"}}],\"inLanguage\":\"fr-FR\"},{\"@type\":\"Organization\",\"@id\":\"https:\\\/\\\/levasseur.org\\\/fr\\\/#organization\",\"name\":\"Association des Levasseur d'Am\u00e9rique\",\"url\":\"https:\\\/\\\/levasseur.org\\\/fr\\\/\",\"logo\":{\"@type\":\"ImageObject\",\"inLanguage\":\"fr-FR\",\"@id\":\"https:\\\/\\\/levasseur.org\\\/fr\\\/#\\\/schema\\\/logo\\\/image\\\/\",\"url\":\"https:\\\/\\\/levasseur.org\\\/wp-content\\\/uploads\\\/2019\\\/04\\\/blason_nouv.gif\",\"contentUrl\":\"https:\\\/\\\/levasseur.org\\\/wp-content\\\/uploads\\\/2019\\\/04\\\/blason_nouv.gif\",\"width\":500,\"height\":487,\"caption\":\"Association des Levasseur d'Am\u00e9rique\"},\"image\":{\"@id\":\"https:\\\/\\\/levasseur.org\\\/fr\\\/#\\\/schema\\\/logo\\\/image\\\/\"},\"sameAs\":[\"https:\\\/\\\/www.facebook.com\\\/associationlevasseur\"]}]}<\/script>\n<!-- \/ Yoast SEO plugin. -->","yoast_head_json":{"title":"Autres Levasseur - Familles Levasseur et Carmel","description":"L\u2019Association des Levasseur et Carmel d\u2019Am\u00e9rique vous permet de consulter : documents historiques concernant les anc\u00eatres Jean, Pierre et Laurent Levasseur arriv\u00e9s en Nouvelle-France au 17e si\u00e8cle. Informations, objectifs, activit\u00e9s et rassemblements.","robots":{"index":"index","follow":"follow","max-snippet":"max-snippet:-1","max-image-preview":"max-image-preview:large","max-video-preview":"max-video-preview:-1"},"canonical":"https:\/\/levasseur.org\/fr\/nos-ancetres\/autres-levasseur\/","og_locale":"fr_FR","og_type":"article","og_title":"Autres Levasseur - Familles Levasseur et Carmel","og_description":"L\u2019Association des Levasseur et Carmel d\u2019Am\u00e9rique vous permet de consulter : documents historiques concernant les anc\u00eatres Jean, Pierre et Laurent Levasseur arriv\u00e9s en Nouvelle-France au 17e si\u00e8cle. Informations, objectifs, activit\u00e9s et rassemblements.","og_url":"https:\/\/levasseur.org\/fr\/nos-ancetres\/autres-levasseur\/","og_site_name":"Familles Levasseur et Carmel","article_publisher":"https:\/\/www.facebook.com\/associationlevasseur","article_modified_time":"2019-04-12T21:30:55+00:00","twitter_card":"summary_large_image","twitter_misc":{"Dur\u00e9e de lecture estim\u00e9e":"5 minutes"},"schema":{"@context":"https:\/\/schema.org","@graph":[{"@type":"WebPage","@id":"https:\/\/levasseur.org\/fr\/nos-ancetres\/autres-levasseur\/","url":"https:\/\/levasseur.org\/fr\/nos-ancetres\/autres-levasseur\/","name":"Autres Levasseur - Familles Levasseur et Carmel","isPartOf":{"@id":"https:\/\/levasseur.org\/fr\/#website"},"datePublished":"2018-12-20T18:02:44+00:00","dateModified":"2019-04-12T21:30:55+00:00","description":"L\u2019Association des Levasseur et Carmel d\u2019Am\u00e9rique vous permet de consulter : documents historiques concernant les anc\u00eatres Jean, Pierre et Laurent Levasseur arriv\u00e9s en Nouvelle-France au 17e si\u00e8cle. Informations, objectifs, activit\u00e9s et rassemblements.","breadcrumb":{"@id":"https:\/\/levasseur.org\/fr\/nos-ancetres\/autres-levasseur\/#breadcrumb"},"inLanguage":"fr-FR","potentialAction":[{"@type":"ReadAction","target":["https:\/\/levasseur.org\/fr\/nos-ancetres\/autres-levasseur\/"]}]},{"@type":"BreadcrumbList","@id":"https:\/\/levasseur.org\/fr\/nos-ancetres\/autres-levasseur\/#breadcrumb","itemListElement":[{"@type":"ListItem","position":1,"name":"Accueil","item":"https:\/\/levasseur.org\/fr\/"},{"@type":"ListItem","position":2,"name":"Nos anc\u00eatres","item":"https:\/\/levasseur.org\/fr\/nos-ancetres\/"},{"@type":"ListItem","position":3,"name":"Autres Levasseur"}]},{"@type":"WebSite","@id":"https:\/\/levasseur.org\/fr\/#website","url":"https:\/\/levasseur.org\/fr\/","name":"Familles Levasseur & Carmel","description":"Du mieux que je puis","publisher":{"@id":"https:\/\/levasseur.org\/fr\/#organization"},"potentialAction":[{"@type":"SearchAction","target":{"@type":"EntryPoint","urlTemplate":"https:\/\/levasseur.org\/fr\/?s={search_term_string}"},"query-input":{"@type":"PropertyValueSpecification","valueRequired":true,"valueName":"search_term_string"}}],"inLanguage":"fr-FR"},{"@type":"Organization","@id":"https:\/\/levasseur.org\/fr\/#organization","name":"Association des Levasseur d'Am\u00e9rique","url":"https:\/\/levasseur.org\/fr\/","logo":{"@type":"ImageObject","inLanguage":"fr-FR","@id":"https:\/\/levasseur.org\/fr\/#\/schema\/logo\/image\/","url":"https:\/\/levasseur.org\/wp-content\/uploads\/2019\/04\/blason_nouv.gif","contentUrl":"https:\/\/levasseur.org\/wp-content\/uploads\/2019\/04\/blason_nouv.gif","width":500,"height":487,"caption":"Association des Levasseur d'Am\u00e9rique"},"image":{"@id":"https:\/\/levasseur.org\/fr\/#\/schema\/logo\/image\/"},"sameAs":["https:\/\/www.facebook.com\/associationlevasseur"]}]}},"_links":{"self":[{"href":"https:\/\/levasseur.org\/fr\/wp-json\/wp\/v2\/pages\/10040","targetHints":{"allow":["GET"]}}],"collection":[{"href":"https:\/\/levasseur.org\/fr\/wp-json\/wp\/v2\/pages"}],"about":[{"href":"https:\/\/levasseur.org\/fr\/wp-json\/wp\/v2\/types\/page"}],"author":[{"embeddable":true,"href":"https:\/\/levasseur.org\/fr\/wp-json\/wp\/v2\/users\/1"}],"replies":[{"embeddable":true,"href":"https:\/\/levasseur.org\/fr\/wp-json\/wp\/v2\/comments?post=10040"}],"version-history":[{"count":0,"href":"https:\/\/levasseur.org\/fr\/wp-json\/wp\/v2\/pages\/10040\/revisions"}],"up":[{"embeddable":true,"href":"https:\/\/levasseur.org\/fr\/wp-json\/wp\/v2\/pages\/3528"}],"wp:attachment":[{"href":"https:\/\/levasseur.org\/fr\/wp-json\/wp\/v2\/media?parent=10040"}],"curies":[{"name":"wp","href":"https:\/\/api.w.org\/{rel}","templated":true}]}}