{"id":10038,"date":"2018-12-20T13:44:00","date_gmt":"2018-12-20T18:44:00","guid":{"rendered":"http:\/\/avada.theme-fusion.comxml\/?page_id=10038"},"modified":"2019-04-07T18:55:39","modified_gmt":"2019-04-07T22:55:39","slug":"chronologie","status":"publish","type":"page","link":"https:\/\/levasseur.org\/fr\/nos-ancetres\/chronologie\/","title":{"rendered":"Chronologie"},"content":{"rendered":"<h1 style=\"text-align: center;\">Chronologie<\/h1>\n<hr \/>\n<h1 style=\"text-align: center;\">La vie de nos anc\u00eatres \u00e0 travers l&rsquo;histoire<\/h1>\n<ul>\n<li>1535 L\u2018explorateur fran\u00e7ais Jacques Cartier d\u00e9couvre le Canada.<\/li>\n<li>1608 Samuel de Champlain fonde Qu\u00e9bec.<\/li>\n<li>1617 Louis H\u00e9bert est le premier agriculteur \u00e0 s\u2019\u00e9tablir \u00e0 Qu\u00e9bec et ses terres couvrent l\u2019actuel Quartier latin.<\/li>\n<li>1635 Fondation du coll\u00e8ge des J\u00e9suites \u00e0 Qu\u00e9bec.<\/li>\n<li>1639 Arriv\u00e9e des Ursulines et des Augustines \u00e0 Qu\u00e9bec.<\/li>\n<li>1651 <strong>Jean Levasseur<\/strong> arrive au pays accompagn\u00e9 de son \u00e9pouse. Il est ma\u00eetre-menuisier.<\/li>\n<li>1654 Arriv\u00e9e de <strong>Pierre Levasseur <\/strong>(1627-1694) \u00e0 Qu\u00e9bec. Il sera ma\u00eetre-menuisier.<\/li>\n<li>1663 Arriv\u00e9e probable de <strong>Laurent Levasseur<\/strong>,\u00a0 (1648-1726). Il est un engag\u00e9, chez Guillemette H\u00e9bert, au recensement de 1666, il a 18 ans.<\/li>\n<li>1663 <strong>Jean Levasseur<\/strong> est nomm\u00e9 huissier au Conseil Souverain.<\/li>\n<li>1663 Mgr Fran\u00e7ois de Laval fonde le S\u00e9minaire de Qu\u00e9bec.<\/li>\n<li>1666 Lors du recensement, <strong>Laurent <\/strong><strong>Levasseur<\/strong> est engag\u00e9 chez Guillemette H\u00e9bert. Il a 18 ans.<\/li>\n<li>1669 <strong>Laurent Levasseur<\/strong> loue une habitation sur la C\u00f4te de Lauzon. Il se marie deux mois plus tard.<\/li>\n<li>1681 Lors du recensement de 1681<strong>, Jean Levasseur<\/strong> est \u00e0 la Pr\u00e9v\u00f4t\u00e9 Royale de Qu\u00e9bec. Il est huissier.<\/li>\n<li>1681 Lors du recensement, <strong>Pierre Levasseur<\/strong> demeure \u00e0 la Haute-Ville de Qu\u00e9bec.<\/li>\n<li>1681 Lors du recensement <strong>Laurent <\/strong><strong>Levasseur<\/strong> habite la C\u00f4te de Lauzon.<\/li>\n<li>1685 Le premier palais de l&rsquo;Intendant est inaugur\u00e9.<\/li>\n<li>1686 D\u00e9c\u00e8s de <strong>Jean Levasseur<\/strong>.<\/li>\n<li>1694 D\u00e9c\u00e8s de <strong>Pierre Levasseur <\/strong>\u00e0 l\u2019H\u00f4tel-Dieu de Qu\u00e9bec.<\/li>\n<li>1726 D\u00e9c\u00e8s de <strong><span style=\"color: #008000;\">Laurent<\/span><\/strong><strong> Levasseur<\/strong>.<\/li>\n<li>1759 Lors de la bataille des Plaines d\u2019Abraham, les troupes britanniques remportent la victoire sur les troupes fran\u00e7aises. Mort des commandants Montcalm et Wolfe.<\/li>\n<li>1834 Incendie du Ch\u00e2teau Saint-Louis, la r\u00e9sidence des gouverneurs.<\/li>\n<li>1852 Fondation de l\u2019Universit\u00e9 Laval, la premi\u00e8re universit\u00e9 de langue fran\u00e7aise en Am\u00e9rique.<\/li>\n<li>1871 D\u00e9part des derni\u00e8res troupes britanniques en service \u00e0 Qu\u00e9bec.<\/li>\n<li>1877-1886 La construction de l\u2019H\u00f4tel du Parlement actuel.<\/li>\n<li>1893 L\u2019inauguration du Ch\u00e2teau Frontenac.<\/li>\n<li>1943-1944 Winston Churchill, premier ministre de la Grande-Bretagne, et Franklin D. Roosevelt, pr\u00e9sident des \u00c9tats-Unis, participent aux Conf\u00e9rences de Qu\u00e9bec.<\/li>\n<li>1985 L\u2019arrondissement historique de Qu\u00e9bec est inscrit sur la liste du Patrimoine mondial de l\u2019UNESCO.<\/li>\n<li>2008 F\u00eates du 400e anniversaire de la fondation de la ville de Qu\u00e9bec.<\/li>\n<\/ul>\n<p>&nbsp;<\/p>\n","protected":false},"excerpt":{"rendered":"<p>Chronologie La vie de nos anc\u00eatres \u00e0 travers l&rsquo;histoire 1535  [&#8230;]<\/p>\n","protected":false},"author":1,"featured_media":0,"parent":3528,"menu_order":0,"comment_status":"closed","ping_status":"closed","template":"","meta":{"footnotes":""},"class_list":["post-10038","page","type-page","status-publish","hentry"],"yoast_head":"<!-- This site is optimized with the Yoast SEO plugin v27.4 - https:\/\/yoast.com\/product\/yoast-seo-wordpress\/ -->\n<title>Chronologie - Familles Levasseur et Carmel<\/title>\n<meta name=\"description\" content=\"L\u2019Association des Levasseur et Carmel d\u2019Am\u00e9rique vous permet de consulter : documents historiques concernant les anc\u00eatres Jean, Pierre et Laurent Levasseur arriv\u00e9s en Nouvelle-France au 17e si\u00e8cle. Informations, objectifs, activit\u00e9s et rassemblements.\" \/>\n<meta name=\"robots\" content=\"index, follow, max-snippet:-1, max-image-preview:large, max-video-preview:-1\" \/>\n<link rel=\"canonical\" href=\"https:\/\/levasseur.org\/fr\/nos-ancetres\/chronologie\/\" \/>\n<meta property=\"og:locale\" content=\"fr_FR\" \/>\n<meta property=\"og:type\" content=\"article\" \/>\n<meta property=\"og:title\" content=\"Chronologie - Familles Levasseur et Carmel\" \/>\n<meta property=\"og:description\" content=\"L\u2019Association des Levasseur et Carmel d\u2019Am\u00e9rique vous permet de consulter : documents historiques concernant les anc\u00eatres Jean, Pierre et Laurent Levasseur arriv\u00e9s en Nouvelle-France au 17e si\u00e8cle. Informations, objectifs, activit\u00e9s et rassemblements.\" \/>\n<meta property=\"og:url\" content=\"https:\/\/levasseur.org\/fr\/nos-ancetres\/chronologie\/\" \/>\n<meta property=\"og:site_name\" content=\"Familles Levasseur et Carmel\" \/>\n<meta property=\"article:publisher\" content=\"https:\/\/www.facebook.com\/associationlevasseur\" \/>\n<meta property=\"article:modified_time\" content=\"2019-04-07T22:55:39+00:00\" \/>\n<meta name=\"twitter:card\" content=\"summary_large_image\" \/>\n<meta name=\"twitter:label1\" content=\"Dur\u00e9e de lecture estim\u00e9e\" \/>\n\t<meta name=\"twitter:data1\" content=\"2 minutes\" \/>\n<script type=\"application\/ld+json\" class=\"yoast-schema-graph\">{\"@context\":\"https:\\\/\\\/schema.org\",\"@graph\":[{\"@type\":\"WebPage\",\"@id\":\"https:\\\/\\\/levasseur.org\\\/fr\\\/nos-ancetres\\\/chronologie\\\/\",\"url\":\"https:\\\/\\\/levasseur.org\\\/fr\\\/nos-ancetres\\\/chronologie\\\/\",\"name\":\"Chronologie - Familles Levasseur et Carmel\",\"isPartOf\":{\"@id\":\"https:\\\/\\\/levasseur.org\\\/fr\\\/#website\"},\"datePublished\":\"2018-12-20T18:44:00+00:00\",\"dateModified\":\"2019-04-07T22:55:39+00:00\",\"description\":\"L\u2019Association des Levasseur et Carmel d\u2019Am\u00e9rique vous permet de consulter : documents historiques concernant les anc\u00eatres Jean, Pierre et Laurent Levasseur arriv\u00e9s en Nouvelle-France au 17e si\u00e8cle. Informations, objectifs, activit\u00e9s et rassemblements.\",\"breadcrumb\":{\"@id\":\"https:\\\/\\\/levasseur.org\\\/fr\\\/nos-ancetres\\\/chronologie\\\/#breadcrumb\"},\"inLanguage\":\"fr-FR\",\"potentialAction\":[{\"@type\":\"ReadAction\",\"target\":[\"https:\\\/\\\/levasseur.org\\\/fr\\\/nos-ancetres\\\/chronologie\\\/\"]}]},{\"@type\":\"BreadcrumbList\",\"@id\":\"https:\\\/\\\/levasseur.org\\\/fr\\\/nos-ancetres\\\/chronologie\\\/#breadcrumb\",\"itemListElement\":[{\"@type\":\"ListItem\",\"position\":1,\"name\":\"Accueil\",\"item\":\"https:\\\/\\\/levasseur.org\\\/fr\\\/\"},{\"@type\":\"ListItem\",\"position\":2,\"name\":\"Nos anc\u00eatres\",\"item\":\"https:\\\/\\\/levasseur.org\\\/fr\\\/nos-ancetres\\\/\"},{\"@type\":\"ListItem\",\"position\":3,\"name\":\"Chronologie\"}]},{\"@type\":\"WebSite\",\"@id\":\"https:\\\/\\\/levasseur.org\\\/fr\\\/#website\",\"url\":\"https:\\\/\\\/levasseur.org\\\/fr\\\/\",\"name\":\"Familles Levasseur & Carmel\",\"description\":\"Du mieux que je puis\",\"publisher\":{\"@id\":\"https:\\\/\\\/levasseur.org\\\/fr\\\/#organization\"},\"potentialAction\":[{\"@type\":\"SearchAction\",\"target\":{\"@type\":\"EntryPoint\",\"urlTemplate\":\"https:\\\/\\\/levasseur.org\\\/fr\\\/?s={search_term_string}\"},\"query-input\":{\"@type\":\"PropertyValueSpecification\",\"valueRequired\":true,\"valueName\":\"search_term_string\"}}],\"inLanguage\":\"fr-FR\"},{\"@type\":\"Organization\",\"@id\":\"https:\\\/\\\/levasseur.org\\\/fr\\\/#organization\",\"name\":\"Association des Levasseur d'Am\u00e9rique\",\"url\":\"https:\\\/\\\/levasseur.org\\\/fr\\\/\",\"logo\":{\"@type\":\"ImageObject\",\"inLanguage\":\"fr-FR\",\"@id\":\"https:\\\/\\\/levasseur.org\\\/fr\\\/#\\\/schema\\\/logo\\\/image\\\/\",\"url\":\"https:\\\/\\\/levasseur.org\\\/wp-content\\\/uploads\\\/2019\\\/04\\\/blason_nouv.gif\",\"contentUrl\":\"https:\\\/\\\/levasseur.org\\\/wp-content\\\/uploads\\\/2019\\\/04\\\/blason_nouv.gif\",\"width\":500,\"height\":487,\"caption\":\"Association des Levasseur d'Am\u00e9rique\"},\"image\":{\"@id\":\"https:\\\/\\\/levasseur.org\\\/fr\\\/#\\\/schema\\\/logo\\\/image\\\/\"},\"sameAs\":[\"https:\\\/\\\/www.facebook.com\\\/associationlevasseur\"]}]}<\/script>\n<!-- \/ Yoast SEO plugin. -->","yoast_head_json":{"title":"Chronologie - Familles Levasseur et Carmel","description":"L\u2019Association des Levasseur et Carmel d\u2019Am\u00e9rique vous permet de consulter : documents historiques concernant les anc\u00eatres Jean, Pierre et Laurent Levasseur arriv\u00e9s en Nouvelle-France au 17e si\u00e8cle. Informations, objectifs, activit\u00e9s et rassemblements.","robots":{"index":"index","follow":"follow","max-snippet":"max-snippet:-1","max-image-preview":"max-image-preview:large","max-video-preview":"max-video-preview:-1"},"canonical":"https:\/\/levasseur.org\/fr\/nos-ancetres\/chronologie\/","og_locale":"fr_FR","og_type":"article","og_title":"Chronologie - Familles Levasseur et Carmel","og_description":"L\u2019Association des Levasseur et Carmel d\u2019Am\u00e9rique vous permet de consulter : documents historiques concernant les anc\u00eatres Jean, Pierre et Laurent Levasseur arriv\u00e9s en Nouvelle-France au 17e si\u00e8cle. Informations, objectifs, activit\u00e9s et rassemblements.","og_url":"https:\/\/levasseur.org\/fr\/nos-ancetres\/chronologie\/","og_site_name":"Familles Levasseur et Carmel","article_publisher":"https:\/\/www.facebook.com\/associationlevasseur","article_modified_time":"2019-04-07T22:55:39+00:00","twitter_card":"summary_large_image","twitter_misc":{"Dur\u00e9e de lecture estim\u00e9e":"2 minutes"},"schema":{"@context":"https:\/\/schema.org","@graph":[{"@type":"WebPage","@id":"https:\/\/levasseur.org\/fr\/nos-ancetres\/chronologie\/","url":"https:\/\/levasseur.org\/fr\/nos-ancetres\/chronologie\/","name":"Chronologie - Familles Levasseur et Carmel","isPartOf":{"@id":"https:\/\/levasseur.org\/fr\/#website"},"datePublished":"2018-12-20T18:44:00+00:00","dateModified":"2019-04-07T22:55:39+00:00","description":"L\u2019Association des Levasseur et Carmel d\u2019Am\u00e9rique vous permet de consulter : documents historiques concernant les anc\u00eatres Jean, Pierre et Laurent Levasseur arriv\u00e9s en Nouvelle-France au 17e si\u00e8cle. Informations, objectifs, activit\u00e9s et rassemblements.","breadcrumb":{"@id":"https:\/\/levasseur.org\/fr\/nos-ancetres\/chronologie\/#breadcrumb"},"inLanguage":"fr-FR","potentialAction":[{"@type":"ReadAction","target":["https:\/\/levasseur.org\/fr\/nos-ancetres\/chronologie\/"]}]},{"@type":"BreadcrumbList","@id":"https:\/\/levasseur.org\/fr\/nos-ancetres\/chronologie\/#breadcrumb","itemListElement":[{"@type":"ListItem","position":1,"name":"Accueil","item":"https:\/\/levasseur.org\/fr\/"},{"@type":"ListItem","position":2,"name":"Nos anc\u00eatres","item":"https:\/\/levasseur.org\/fr\/nos-ancetres\/"},{"@type":"ListItem","position":3,"name":"Chronologie"}]},{"@type":"WebSite","@id":"https:\/\/levasseur.org\/fr\/#website","url":"https:\/\/levasseur.org\/fr\/","name":"Familles Levasseur & Carmel","description":"Du mieux que je puis","publisher":{"@id":"https:\/\/levasseur.org\/fr\/#organization"},"potentialAction":[{"@type":"SearchAction","target":{"@type":"EntryPoint","urlTemplate":"https:\/\/levasseur.org\/fr\/?s={search_term_string}"},"query-input":{"@type":"PropertyValueSpecification","valueRequired":true,"valueName":"search_term_string"}}],"inLanguage":"fr-FR"},{"@type":"Organization","@id":"https:\/\/levasseur.org\/fr\/#organization","name":"Association des Levasseur d'Am\u00e9rique","url":"https:\/\/levasseur.org\/fr\/","logo":{"@type":"ImageObject","inLanguage":"fr-FR","@id":"https:\/\/levasseur.org\/fr\/#\/schema\/logo\/image\/","url":"https:\/\/levasseur.org\/wp-content\/uploads\/2019\/04\/blason_nouv.gif","contentUrl":"https:\/\/levasseur.org\/wp-content\/uploads\/2019\/04\/blason_nouv.gif","width":500,"height":487,"caption":"Association des Levasseur d'Am\u00e9rique"},"image":{"@id":"https:\/\/levasseur.org\/fr\/#\/schema\/logo\/image\/"},"sameAs":["https:\/\/www.facebook.com\/associationlevasseur"]}]}},"_links":{"self":[{"href":"https:\/\/levasseur.org\/fr\/wp-json\/wp\/v2\/pages\/10038","targetHints":{"allow":["GET"]}}],"collection":[{"href":"https:\/\/levasseur.org\/fr\/wp-json\/wp\/v2\/pages"}],"about":[{"href":"https:\/\/levasseur.org\/fr\/wp-json\/wp\/v2\/types\/page"}],"author":[{"embeddable":true,"href":"https:\/\/levasseur.org\/fr\/wp-json\/wp\/v2\/users\/1"}],"replies":[{"embeddable":true,"href":"https:\/\/levasseur.org\/fr\/wp-json\/wp\/v2\/comments?post=10038"}],"version-history":[{"count":0,"href":"https:\/\/levasseur.org\/fr\/wp-json\/wp\/v2\/pages\/10038\/revisions"}],"up":[{"embeddable":true,"href":"https:\/\/levasseur.org\/fr\/wp-json\/wp\/v2\/pages\/3528"}],"wp:attachment":[{"href":"https:\/\/levasseur.org\/fr\/wp-json\/wp\/v2\/media?parent=10038"}],"curies":[{"name":"wp","href":"https:\/\/api.w.org\/{rel}","templated":true}]}}