{"id":100,"date":"2018-12-20T14:20:47","date_gmt":"2018-12-20T19:20:47","guid":{"rendered":"https:\/\/avada.theme-fusion.com\/?page_id=100"},"modified":"2019-06-15T09:09:33","modified_gmt":"2019-06-15T13:09:33","slug":"pierre-levasseur","status":"publish","type":"page","link":"https:\/\/levasseur.org\/fr\/nos-ancetres\/pierre-levasseur\/","title":{"rendered":"Pierre Levasseur"},"content":{"rendered":"<h1 style=\"text-align: center;\">L&rsquo;anc\u00eatre Pierre Levasseur (circa 1627-1694)<\/h1>\n<hr \/>\n<p>Pierre Levasseur dit Lesp\u00e9rance \u00e9tait le fils de No\u00ebl Levasseur et de Genevi\u00e8ve Gaug\u00e9 de la paroisse Saint-Leu et Saint-Gilles, \u00e9v\u00each\u00e9 de Paris. Il est n\u00e9 vers 1627. Il serait arriv\u00e9 \u00e0 Qu\u00e9bec vers 1651. Il se marie avec Jeanne Chaverlange de Bourges (France) le 25 octobre 1655, \u00e0 Qu\u00e9bec. Pierre et son \u00e9pouse Jeanne eurent sept enfants, quatre filles et trois gar\u00e7ons.<\/p>\n<div id=\"attachment_13950\" style=\"width: 410px\" class=\"wp-caption alignleft\"><img decoding=\"async\" aria-describedby=\"caption-attachment-13950\" class=\"wp-image-13950\" src=\"https:\/\/levasseur.org\/wp-content\/uploads\/2019\/06\/St-Leu_Gilles-1024x637.jpg\" alt=\"\" width=\"400\" height=\"249\" \/><p id=\"caption-attachment-13950\" class=\"wp-caption-text\">\u00c9glise Saint Leu-Saint Gilles. Plan datant de 1550.<\/p><\/div>\n<p>En 1657, Pierre Levasseur s&rsquo;installe \u00e0 l&rsquo;\u00eele d&rsquo;Orl\u00e9ans o\u00f9 il travaille \u00ab\u00a0de bonne foi et sous l&rsquo;esp\u00e9rance qu&rsquo;il lui serait donn\u00e9 titre de concession de la dite terre\u00a0\u00bb. Mais il quitte en 1663 \u00ab\u00a0pour cause des incommodit\u00e9s que s&rsquo;y rencontrent, autant pour lui que pour sa famille\u00a0\u00bb (Acte notari\u00e9). De m\u00e9tier, il est ma\u00eetre-menuisier.<\/p>\n<p>On lui attribue, ainsi qu&rsquo;\u00e0 son fr\u00e8re Jean, la fondation de la confr\u00e9rie des Menuisiers de Madame Sainte-Anne. Les confr\u00e9ries de l\u2019\u00e9poque avaient pour but de rassembler les ouvriers d&rsquo;un m\u00eame m\u00e9tier. Plusieurs menuisiers \u00e9taient venus \u00e0 Qu\u00e9bec au d\u00e9but de la colonisation car on avait grand besoin d&rsquo;eux pour \u00e9riger de nouveaux b\u00e2timents. Certains d&rsquo;entre eux avaient d\u00e9j\u00e0 appartenu \u00e0 la confr\u00e9rie Sainte-Anne de Paris. Il \u00e9tait donc compr\u00e9hensible qu&rsquo;ils se regroupent en association semblable en Nouvelle-France.<\/p>\n<p>Parmi les fils de Pierre et de Jeanne de Chaverlange, seul leur fils Pierre aura une descendance. Antoine, l\u2019avant-dernier de leur fils, pourrait avoir \u00e9t\u00e9 soldat. Leur dernier fils, Fran\u00e7ois, \u00e9pousa Marie-Madeleine Larue, le 19 d\u00e9cembre 1694 \u00e0 Qu\u00e9bec. Ce couple n\u2019a pas eu d\u2019enfant.<\/p>\n<p>Pierre, fils, avait \u00e9pous\u00e9 en premi\u00e8res noces Madeleine Chapeau. Trois enfants na\u00eetront de cette union. En deuxi\u00e8mes noces, il avait \u00e9pous\u00e9 Anne M\u00e9nage (Mesnage) le 18 mars 1696 \u00e0 Qu\u00e9bec. Ils ont eu seize enfants.<\/p>\n<p>Pierre Levasseur, fils, est ma\u00eetre-menuisier tout comme son p\u00e8re. \u00c0 son tour, il transmettra les secrets de son m\u00e9tier \u00e0 plusieurs de ses fils. Parmi ceux-ci, on retrouve Pierre-No\u00ebl Levasseur qui deviendra ma\u00eetre-sculpteur. On lui doit plusieurs \u0153uvres dont le retable principal et la chaire de la chapelle des Ursulines de Qu\u00e9bec. \u00c0 cette \u00e9poque, les Levasseur travaillaient souvent en collaboration. Dans les livres de compte de l\u2019\u00e9poque, on voit des mentions comme \u00ab Pay\u00e9 aux Vasseurs pour un tabernacle, une statue \u2026\u00bb Plusieurs de leurs \u0153uvres ont \u00e9t\u00e9 conserv\u00e9es jusqu\u2019\u00e0 ce jour.<\/p>\n<p>Parmi les fils de Pierre II et d\u2019Anne M\u00e9nage (Mesnage), nous trouvons\u00a0:<\/p>\n<ul>\n<li>Fran\u00e7ois Levasseur dit Chaverlange qui est ma\u00eetre-menuisier \u00e0 Qu\u00e9bec.<\/li>\n<li>Pierre-Jacques Levasseur dit Carmel qui est menuisier et commer\u00e7ant. Il s\u2019\u00e9tablira \u00e0 Boucherville. Ses descendants ont adopt\u00e9 le surnom de Carmel.<\/li>\n<li>Fran\u00e7ois-Louis-Borgia Levasseur qui est voiturier et qui\u00a0 demeurait \u00e0 Qu\u00e9bec. Ses descendants ont d\u2019abord pris le nom de Levasseur dit Borgia et par la suite, ils ne retiendront que le nom de Borgia.<\/li>\n<li>Fran\u00e7ois-Ignace Levasseur qui est devenu pr\u00eatre. Il exerca son minist\u00e8re \u00e0 Lotbini\u00e8re, \u00e0 Champlain, \u00e0 Cap-de-la-Madeleine et \u00e0 L\u2019Ancienne-Lorette.<\/li>\n<li>Denis-Joseph, \u00e0 qui on attribue le plus grand nombre des descendants de Pierre Levasseur. En 1736, son fr\u00e8re Fran\u00e7ois-Ignace avait \u00e9t\u00e9 nomm\u00e9 cur\u00e9 \u00e0 Champlain, situ\u00e9 \u00e0 quelques milles au nord de Trois-Rivi\u00e8res. Probablement qu\u2019il y fait venir Denis-Joseph la m\u00eame ann\u00e9e. Comme son p\u00e8re et ses deux fr\u00e8res a\u00een\u00e9s, Denis-Joseph \u00e9tait menuisier. Il vient \u00e0 Trois-Rivi\u00e8res dans l&rsquo;espoir que cette petite ville aura plus \u00e0 lui offrir que la ville de Qu\u00e9bec o\u00f9 \u00e9taient d\u00e9j\u00e0 \u00e9tablis ses fr\u00e8res. Il y passe 18 mois \u00e0 se pr\u00e9parer une place avant d&rsquo;\u00e9pouser Charlotte Couturier dite Labont\u00e9 le 4 f\u00e9vrier 1738 \u00e0 Saint-Fran\u00e7ois-du-Lac. Ils eurent neuf enfants. Denis-Joseph encourage ses enfants \u00e0 se diriger vers l&rsquo;agriculture. Ignace s\u2019installe \u00e0 Trois-Rivi\u00e8res, Joseph s&rsquo;\u00e9tablit \u00e0 B\u00e9cancour, de l&rsquo;autre c\u00f4t\u00e9 du fleuve, vis-\u00e0-vis de Trois-Rivi\u00e8res. Fran\u00e7ois s&rsquo;\u00e9tablit \u00e0 Sainte-Ang\u00e8le de Laval et Jean-Baptiste s&rsquo;installe \u00e0 Pointe-au-Sable devenu Saint-Gr\u00e9goire. Denis-Joseph est d\u00e9c\u00e9d\u00e9 \u00e0 Trois-Rivi\u00e8res le 15 octobre 1792.<em><br \/>\n<\/em><\/li>\n<\/ul>\n<p style=\"text-align: right;\">par : Roger Levasseur<\/p>\n<p>&nbsp;<\/p>\n","protected":false},"excerpt":{"rendered":"<p>L&rsquo;anc\u00eatre Pierre Levasseur (circa 1627-1694) Pierre Levasseur dit Lesp\u00e9rance \u00e9tait  [&#8230;]<\/p>\n","protected":false},"author":1,"featured_media":0,"parent":3528,"menu_order":0,"comment_status":"open","ping_status":"closed","template":"","meta":{"footnotes":""},"class_list":["post-100","page","type-page","status-publish","hentry"],"yoast_head":"<!-- This site is optimized with the Yoast SEO plugin v27.3 - https:\/\/yoast.com\/product\/yoast-seo-wordpress\/ -->\n<title>Pierre Levasseur - Familles Levasseur &amp; Carmel<\/title>\n<meta name=\"description\" content=\"L\u2019Association des Levasseur et Carmel d\u2019Am\u00e9rique vous permet de consulter : documents historiques concernant les anc\u00eatres Jean, Pierre et Laurent Levasseur arriv\u00e9s en Nouvelle-France au 17e si\u00e8cle. Informations, objectifs, activit\u00e9s et rassemblements.\" \/>\n<meta name=\"robots\" content=\"index, follow, max-snippet:-1, max-image-preview:large, max-video-preview:-1\" \/>\n<link rel=\"canonical\" href=\"https:\/\/levasseur.org\/fr\/nos-ancetres\/pierre-levasseur\/\" \/>\n<meta property=\"og:locale\" content=\"fr_FR\" \/>\n<meta property=\"og:type\" content=\"article\" \/>\n<meta property=\"og:title\" content=\"Pierre Levasseur - Familles Levasseur &amp; Carmel\" \/>\n<meta property=\"og:description\" content=\"L\u2019Association des Levasseur et Carmel d\u2019Am\u00e9rique vous permet de consulter : documents historiques concernant les anc\u00eatres Jean, Pierre et Laurent Levasseur arriv\u00e9s en Nouvelle-France au 17e si\u00e8cle. Informations, objectifs, activit\u00e9s et rassemblements.\" \/>\n<meta property=\"og:url\" content=\"https:\/\/levasseur.org\/fr\/nos-ancetres\/pierre-levasseur\/\" \/>\n<meta property=\"og:site_name\" content=\"Familles Levasseur &amp; Carmel\" \/>\n<meta property=\"article:publisher\" content=\"https:\/\/www.facebook.com\/associationlevasseur\" \/>\n<meta property=\"article:modified_time\" content=\"2019-06-15T13:09:33+00:00\" \/>\n<meta property=\"og:image\" content=\"https:\/\/levasseur.org\/wp-content\/uploads\/2019\/06\/St-Leu_Gilles-1024x637.jpg\" \/>\n<meta name=\"twitter:card\" content=\"summary_large_image\" \/>\n<meta name=\"twitter:label1\" content=\"Dur\u00e9e de lecture estim\u00e9e\" \/>\n\t<meta name=\"twitter:data1\" content=\"3 minutes\" \/>\n<script type=\"application\/ld+json\" class=\"yoast-schema-graph\">{\"@context\":\"https:\\\/\\\/schema.org\",\"@graph\":[{\"@type\":\"WebPage\",\"@id\":\"https:\\\/\\\/levasseur.org\\\/fr\\\/nos-ancetres\\\/pierre-levasseur\\\/\",\"url\":\"https:\\\/\\\/levasseur.org\\\/fr\\\/nos-ancetres\\\/pierre-levasseur\\\/\",\"name\":\"Pierre Levasseur - Familles Levasseur &amp; Carmel\",\"isPartOf\":{\"@id\":\"https:\\\/\\\/levasseur.org\\\/fr\\\/#website\"},\"primaryImageOfPage\":{\"@id\":\"https:\\\/\\\/levasseur.org\\\/fr\\\/nos-ancetres\\\/pierre-levasseur\\\/#primaryimage\"},\"image\":{\"@id\":\"https:\\\/\\\/levasseur.org\\\/fr\\\/nos-ancetres\\\/pierre-levasseur\\\/#primaryimage\"},\"thumbnailUrl\":\"https:\\\/\\\/levasseur.org\\\/wp-content\\\/uploads\\\/2019\\\/06\\\/St-Leu_Gilles-1024x637.jpg\",\"datePublished\":\"2018-12-20T19:20:47+00:00\",\"dateModified\":\"2019-06-15T13:09:33+00:00\",\"description\":\"L\u2019Association des Levasseur et Carmel d\u2019Am\u00e9rique vous permet de consulter : documents historiques concernant les anc\u00eatres Jean, Pierre et Laurent Levasseur arriv\u00e9s en Nouvelle-France au 17e si\u00e8cle. Informations, objectifs, activit\u00e9s et rassemblements.\",\"breadcrumb\":{\"@id\":\"https:\\\/\\\/levasseur.org\\\/fr\\\/nos-ancetres\\\/pierre-levasseur\\\/#breadcrumb\"},\"inLanguage\":\"fr-FR\",\"potentialAction\":[{\"@type\":\"ReadAction\",\"target\":[\"https:\\\/\\\/levasseur.org\\\/fr\\\/nos-ancetres\\\/pierre-levasseur\\\/\"]}]},{\"@type\":\"ImageObject\",\"inLanguage\":\"fr-FR\",\"@id\":\"https:\\\/\\\/levasseur.org\\\/fr\\\/nos-ancetres\\\/pierre-levasseur\\\/#primaryimage\",\"url\":\"https:\\\/\\\/levasseur.org\\\/wp-content\\\/uploads\\\/2019\\\/06\\\/St-Leu_Gilles-1024x637.jpg\",\"contentUrl\":\"https:\\\/\\\/levasseur.org\\\/wp-content\\\/uploads\\\/2019\\\/06\\\/St-Leu_Gilles-1024x637.jpg\"},{\"@type\":\"BreadcrumbList\",\"@id\":\"https:\\\/\\\/levasseur.org\\\/fr\\\/nos-ancetres\\\/pierre-levasseur\\\/#breadcrumb\",\"itemListElement\":[{\"@type\":\"ListItem\",\"position\":1,\"name\":\"Accueil\",\"item\":\"https:\\\/\\\/levasseur.org\\\/fr\\\/\"},{\"@type\":\"ListItem\",\"position\":2,\"name\":\"Nos anc\u00eatres\",\"item\":\"https:\\\/\\\/levasseur.org\\\/fr\\\/nos-ancetres\\\/\"},{\"@type\":\"ListItem\",\"position\":3,\"name\":\"Pierre Levasseur\"}]},{\"@type\":\"WebSite\",\"@id\":\"https:\\\/\\\/levasseur.org\\\/fr\\\/#website\",\"url\":\"https:\\\/\\\/levasseur.org\\\/fr\\\/\",\"name\":\"Familles Levasseur & Carmel\",\"description\":\"Du mieux que je puis\",\"publisher\":{\"@id\":\"https:\\\/\\\/levasseur.org\\\/fr\\\/#organization\"},\"potentialAction\":[{\"@type\":\"SearchAction\",\"target\":{\"@type\":\"EntryPoint\",\"urlTemplate\":\"https:\\\/\\\/levasseur.org\\\/fr\\\/?s={search_term_string}\"},\"query-input\":{\"@type\":\"PropertyValueSpecification\",\"valueRequired\":true,\"valueName\":\"search_term_string\"}}],\"inLanguage\":\"fr-FR\"},{\"@type\":\"Organization\",\"@id\":\"https:\\\/\\\/levasseur.org\\\/fr\\\/#organization\",\"name\":\"Association des Levasseur d'Am\u00e9rique\",\"url\":\"https:\\\/\\\/levasseur.org\\\/fr\\\/\",\"logo\":{\"@type\":\"ImageObject\",\"inLanguage\":\"fr-FR\",\"@id\":\"https:\\\/\\\/levasseur.org\\\/fr\\\/#\\\/schema\\\/logo\\\/image\\\/\",\"url\":\"https:\\\/\\\/levasseur.org\\\/wp-content\\\/uploads\\\/2019\\\/04\\\/blason_nouv.gif\",\"contentUrl\":\"https:\\\/\\\/levasseur.org\\\/wp-content\\\/uploads\\\/2019\\\/04\\\/blason_nouv.gif\",\"width\":500,\"height\":487,\"caption\":\"Association des Levasseur d'Am\u00e9rique\"},\"image\":{\"@id\":\"https:\\\/\\\/levasseur.org\\\/fr\\\/#\\\/schema\\\/logo\\\/image\\\/\"},\"sameAs\":[\"https:\\\/\\\/www.facebook.com\\\/associationlevasseur\"]}]}<\/script>\n<!-- \/ Yoast SEO plugin. -->","yoast_head_json":{"title":"Pierre Levasseur - Familles Levasseur &amp; Carmel","description":"L\u2019Association des Levasseur et Carmel d\u2019Am\u00e9rique vous permet de consulter : documents historiques concernant les anc\u00eatres Jean, Pierre et Laurent Levasseur arriv\u00e9s en Nouvelle-France au 17e si\u00e8cle. Informations, objectifs, activit\u00e9s et rassemblements.","robots":{"index":"index","follow":"follow","max-snippet":"max-snippet:-1","max-image-preview":"max-image-preview:large","max-video-preview":"max-video-preview:-1"},"canonical":"https:\/\/levasseur.org\/fr\/nos-ancetres\/pierre-levasseur\/","og_locale":"fr_FR","og_type":"article","og_title":"Pierre Levasseur - Familles Levasseur &amp; Carmel","og_description":"L\u2019Association des Levasseur et Carmel d\u2019Am\u00e9rique vous permet de consulter : documents historiques concernant les anc\u00eatres Jean, Pierre et Laurent Levasseur arriv\u00e9s en Nouvelle-France au 17e si\u00e8cle. Informations, objectifs, activit\u00e9s et rassemblements.","og_url":"https:\/\/levasseur.org\/fr\/nos-ancetres\/pierre-levasseur\/","og_site_name":"Familles Levasseur &amp; Carmel","article_publisher":"https:\/\/www.facebook.com\/associationlevasseur","article_modified_time":"2019-06-15T13:09:33+00:00","og_image":[{"url":"https:\/\/levasseur.org\/wp-content\/uploads\/2019\/06\/St-Leu_Gilles-1024x637.jpg","type":"","width":"","height":""}],"twitter_card":"summary_large_image","twitter_misc":{"Dur\u00e9e de lecture estim\u00e9e":"3 minutes"},"schema":{"@context":"https:\/\/schema.org","@graph":[{"@type":"WebPage","@id":"https:\/\/levasseur.org\/fr\/nos-ancetres\/pierre-levasseur\/","url":"https:\/\/levasseur.org\/fr\/nos-ancetres\/pierre-levasseur\/","name":"Pierre Levasseur - Familles Levasseur &amp; Carmel","isPartOf":{"@id":"https:\/\/levasseur.org\/fr\/#website"},"primaryImageOfPage":{"@id":"https:\/\/levasseur.org\/fr\/nos-ancetres\/pierre-levasseur\/#primaryimage"},"image":{"@id":"https:\/\/levasseur.org\/fr\/nos-ancetres\/pierre-levasseur\/#primaryimage"},"thumbnailUrl":"https:\/\/levasseur.org\/wp-content\/uploads\/2019\/06\/St-Leu_Gilles-1024x637.jpg","datePublished":"2018-12-20T19:20:47+00:00","dateModified":"2019-06-15T13:09:33+00:00","description":"L\u2019Association des Levasseur et Carmel d\u2019Am\u00e9rique vous permet de consulter : documents historiques concernant les anc\u00eatres Jean, Pierre et Laurent Levasseur arriv\u00e9s en Nouvelle-France au 17e si\u00e8cle. Informations, objectifs, activit\u00e9s et rassemblements.","breadcrumb":{"@id":"https:\/\/levasseur.org\/fr\/nos-ancetres\/pierre-levasseur\/#breadcrumb"},"inLanguage":"fr-FR","potentialAction":[{"@type":"ReadAction","target":["https:\/\/levasseur.org\/fr\/nos-ancetres\/pierre-levasseur\/"]}]},{"@type":"ImageObject","inLanguage":"fr-FR","@id":"https:\/\/levasseur.org\/fr\/nos-ancetres\/pierre-levasseur\/#primaryimage","url":"https:\/\/levasseur.org\/wp-content\/uploads\/2019\/06\/St-Leu_Gilles-1024x637.jpg","contentUrl":"https:\/\/levasseur.org\/wp-content\/uploads\/2019\/06\/St-Leu_Gilles-1024x637.jpg"},{"@type":"BreadcrumbList","@id":"https:\/\/levasseur.org\/fr\/nos-ancetres\/pierre-levasseur\/#breadcrumb","itemListElement":[{"@type":"ListItem","position":1,"name":"Accueil","item":"https:\/\/levasseur.org\/fr\/"},{"@type":"ListItem","position":2,"name":"Nos anc\u00eatres","item":"https:\/\/levasseur.org\/fr\/nos-ancetres\/"},{"@type":"ListItem","position":3,"name":"Pierre Levasseur"}]},{"@type":"WebSite","@id":"https:\/\/levasseur.org\/fr\/#website","url":"https:\/\/levasseur.org\/fr\/","name":"Familles Levasseur & Carmel","description":"Du mieux que je puis","publisher":{"@id":"https:\/\/levasseur.org\/fr\/#organization"},"potentialAction":[{"@type":"SearchAction","target":{"@type":"EntryPoint","urlTemplate":"https:\/\/levasseur.org\/fr\/?s={search_term_string}"},"query-input":{"@type":"PropertyValueSpecification","valueRequired":true,"valueName":"search_term_string"}}],"inLanguage":"fr-FR"},{"@type":"Organization","@id":"https:\/\/levasseur.org\/fr\/#organization","name":"Association des Levasseur d'Am\u00e9rique","url":"https:\/\/levasseur.org\/fr\/","logo":{"@type":"ImageObject","inLanguage":"fr-FR","@id":"https:\/\/levasseur.org\/fr\/#\/schema\/logo\/image\/","url":"https:\/\/levasseur.org\/wp-content\/uploads\/2019\/04\/blason_nouv.gif","contentUrl":"https:\/\/levasseur.org\/wp-content\/uploads\/2019\/04\/blason_nouv.gif","width":500,"height":487,"caption":"Association des Levasseur d'Am\u00e9rique"},"image":{"@id":"https:\/\/levasseur.org\/fr\/#\/schema\/logo\/image\/"},"sameAs":["https:\/\/www.facebook.com\/associationlevasseur"]}]}},"_links":{"self":[{"href":"https:\/\/levasseur.org\/fr\/wp-json\/wp\/v2\/pages\/100","targetHints":{"allow":["GET"]}}],"collection":[{"href":"https:\/\/levasseur.org\/fr\/wp-json\/wp\/v2\/pages"}],"about":[{"href":"https:\/\/levasseur.org\/fr\/wp-json\/wp\/v2\/types\/page"}],"author":[{"embeddable":true,"href":"https:\/\/levasseur.org\/fr\/wp-json\/wp\/v2\/users\/1"}],"replies":[{"embeddable":true,"href":"https:\/\/levasseur.org\/fr\/wp-json\/wp\/v2\/comments?post=100"}],"version-history":[{"count":0,"href":"https:\/\/levasseur.org\/fr\/wp-json\/wp\/v2\/pages\/100\/revisions"}],"up":[{"embeddable":true,"href":"https:\/\/levasseur.org\/fr\/wp-json\/wp\/v2\/pages\/3528"}],"wp:attachment":[{"href":"https:\/\/levasseur.org\/fr\/wp-json\/wp\/v2\/media?parent=100"}],"curies":[{"name":"wp","href":"https:\/\/api.w.org\/{rel}","templated":true}]}}