{"id":29402,"date":"2025-06-01T08:23:53","date_gmt":"2025-06-01T12:23:53","guid":{"rendered":"https:\/\/levasseur.org\/familles_carmel_usa\/"},"modified":"2025-07-02T06:31:50","modified_gmt":"2025-07-02T10:31:50","slug":"familles_carmel_usa","status":"publish","type":"page","link":"https:\/\/levasseur.org\/en\/familles_carmel_usa\/","title":{"rendered":"The Carmels &#8211; A French-American family"},"content":{"rendered":"<p><div class=\"fusion-fullwidth fullwidth-box fusion-builder-row-1 fusion-flex-container nonhundred-percent-fullwidth non-hundred-percent-height-scrolling\" style=\"--awb-border-radius-top-left:0px;--awb-border-radius-top-right:0px;--awb-border-radius-bottom-right:0px;--awb-border-radius-bottom-left:0px;--awb-flex-wrap:wrap;\" ><div class=\"fusion-builder-row fusion-row fusion-flex-align-items-flex-start fusion-flex-content-wrap\" style=\"max-width:1144px;margin-left: calc(-4% \/ 2 );margin-right: calc(-4% \/ 2 );\"><div class=\"fusion-layout-column fusion_builder_column fusion-builder-column-0 fusion_builder_column_1_1 1_1 fusion-flex-column\" style=\"--awb-bg-size:cover;--awb-width-large:100%;--awb-margin-top-large:0px;--awb-spacing-right-large:1.92%;--awb-margin-bottom-large:0px;--awb-spacing-left-large:1.92%;--awb-width-medium:100%;--awb-spacing-right-medium:1.92%;--awb-spacing-left-medium:1.92%;--awb-width-small:100%;--awb-spacing-right-small:1.92%;--awb-spacing-left-small:1.92%;\"><div class=\"fusion-column-wrapper fusion-flex-justify-content-flex-start fusion-content-layout-column\"><div class=\"fusion-title title fusion-title-1 fusion-sep-none fusion-title-text fusion-title-size-one\" style=\"--awb-margin-top-small:0px;--awb-margin-right-small:0px;--awb-margin-bottom-small:10px;--awb-margin-left-small:0px;\"><h1 class=\"fusion-title-heading title-heading-left\" style=\"margin:0;\"><h1 style=\"text-align: center;\">A French Canadian American Family<\/h1>\n<h1 style=\"text-align: center;\">The Carmels (1596-2022)<\/h1>\n<hr \/>\n<h1 style=\"text-align: center;\"><\/h1><\/h1><\/div><\/div><\/div><\/div><\/div><div class=\"fusion-fullwidth fullwidth-box fusion-builder-row-2 fusion-flex-container has-pattern-background has-mask-background nonhundred-percent-fullwidth non-hundred-percent-height-scrolling\" style=\"--awb-border-radius-top-left:0px;--awb-border-radius-top-right:0px;--awb-border-radius-bottom-right:0px;--awb-border-radius-bottom-left:0px;--awb-flex-wrap:wrap;\" ><div class=\"fusion-builder-row fusion-row fusion-flex-align-items-flex-start fusion-flex-content-wrap\" style=\"max-width:1144px;margin-left: calc(-4% \/ 2 );margin-right: calc(-4% \/ 2 );\"><div class=\"fusion-layout-column fusion_builder_column fusion-builder-column-1 fusion_builder_column_3_4 3_4 fusion-flex-column\" style=\"--awb-bg-size:cover;--awb-width-large:75%;--awb-margin-top-large:0px;--awb-spacing-right-large:2.56%;--awb-margin-bottom-large:20px;--awb-spacing-left-large:2.56%;--awb-width-medium:100%;--awb-order-medium:0;--awb-spacing-right-medium:1.92%;--awb-spacing-left-medium:1.92%;--awb-width-small:100%;--awb-order-small:0;--awb-spacing-right-small:1.92%;--awb-spacing-left-small:1.92%;\" data-scroll-devices=\"small-visibility,medium-visibility,large-visibility\"><div class=\"fusion-column-wrapper fusion-column-has-shadow fusion-flex-justify-content-flex-start fusion-content-layout-column\"><div class=\"fusion-text fusion-text-1\"><p>Mr. Thomas Harte\u2019s text presents the fascinating history of the Carmel family, of French origin, spanning several centuries, beginning with Pierre Levasseur, the direct ancesto<img decoding=\"async\" class=\"lazyload alignleft wp-image-28324\" src=\"https:\/\/levasseur.org\/wp-content\/uploads\/2024\/09\/TH_003-225x300.webp\" data-orig-src=\"https:\/\/levasseur.org\/wp-content\/uploads\/2024\/09\/TH_003-225x300.webp\" alt=\"\" width=\"143\" height=\"191\" srcset=\"data:image\/svg+xml,%3Csvg%20xmlns%3D%27http%3A%2F%2Fwww.w3.org%2F2000%2Fsvg%27%20width%3D%27143%27%20height%3D%27191%27%20viewBox%3D%270%200%20143%20191%27%3E%3Crect%20width%3D%27143%27%20height%3D%27191%27%20fill-opacity%3D%220%22%2F%3E%3C%2Fsvg%3E\" data-srcset=\"https:\/\/levasseur.org\/wp-content\/uploads\/2024\/09\/TH_003-200x267.webp 200w, https:\/\/levasseur.org\/wp-content\/uploads\/2024\/09\/TH_003-225x300.webp 225w, https:\/\/levasseur.org\/wp-content\/uploads\/2024\/09\/TH_003-400x533.webp 400w, https:\/\/levasseur.org\/wp-content\/uploads\/2024\/09\/TH_003.webp 412w\" data-sizes=\"auto\" data-orig-sizes=\"(max-width: 143px) 100vw, 143px\" \/>r who left Paris to settle in New France in the 17th century. Originally known as Levasseur, the family later adopted the surname \u201cdit Carmel,\u201d a common practice at the time to distinguish families with common names. Pierre Levasseur and his descendants became renowned artisans, particularly for their work in constructing structures such as the Notre-Dame Cathedral in Qu\u00e9bec.<\/p>\n<p>The work details the hardships faced by these early settlers, including wars against the Iroquois and the British, as well as harsh weather conditions and disease. Despite these challenges, the Carmel family became firmly rooted in the colony over the generations, playing a significant role in the construction and expansion of Qu\u00e9bec City. The narrative also recounts the family\u2019s successive migrations to the Adirondacks in the United States, and later to Massachusetts in the 19th century, drawn by better economic opportunities.<\/p>\n<p><img decoding=\"async\" class=\"lazyload alignright wp-image-29406 size-medium\" src=\"https:\/\/levasseur.org\/wp-content\/uploads\/2025\/06\/The_Carmels-300x199.jpg\" data-orig-src=\"https:\/\/levasseur.org\/wp-content\/uploads\/2025\/06\/The_Carmels-300x199.jpg\" alt=\"\" width=\"300\" height=\"199\" srcset=\"data:image\/svg+xml,%3Csvg%20xmlns%3D%27http%3A%2F%2Fwww.w3.org%2F2000%2Fsvg%27%20width%3D%27300%27%20height%3D%27199%27%20viewBox%3D%270%200%20300%20199%27%3E%3Crect%20width%3D%27300%27%20height%3D%27199%27%20fill-opacity%3D%220%22%2F%3E%3C%2Fsvg%3E\" data-srcset=\"https:\/\/levasseur.org\/wp-content\/uploads\/2025\/06\/The_Carmels-200x133.jpg 200w, https:\/\/levasseur.org\/wp-content\/uploads\/2025\/06\/The_Carmels-300x199.jpg 300w, https:\/\/levasseur.org\/wp-content\/uploads\/2025\/06\/The_Carmels-400x265.jpg 400w, https:\/\/levasseur.org\/wp-content\/uploads\/2025\/06\/The_Carmels-600x398.jpg 600w, https:\/\/levasseur.org\/wp-content\/uploads\/2025\/06\/The_Carmels-768x509.jpg 768w, https:\/\/levasseur.org\/wp-content\/uploads\/2025\/06\/The_Carmels.jpg 796w\" data-sizes=\"auto\" data-orig-sizes=\"(max-width: 300px) 100vw, 300px\" \/>Mr. Harte pays tribute to the resilience and adaptability of his ancestors, who not only overcame the difficulties of immigration but also thrived in very different environments, from rural Qu\u00e9bec to industrial American cities. The book also explores the connections between different branches of the Carmel family and other pioneering families such as the Gagn\u00e9s, Cloutiers, and Dions, who also helped shape the family\u2019s legacy.<\/p>\n<p>This work is a valuable contribution to family memory, tracing not only the origins of the Carmel family but also the life choices and circumstances that shaped its journey. Mr. Thomas Harte deserves heartfelt thanks for his thorough research and dedication to preserving this history\u2014a precious legacy for future generations.<\/p>\n<\/div><\/div><\/div><div class=\"fusion-layout-column fusion_builder_column fusion-builder-column-2 fusion_builder_column_1_4 1_4 fusion-flex-column\" style=\"--awb-bg-size:cover;--awb-width-large:25%;--awb-margin-top-large:0px;--awb-spacing-right-large:7.68%;--awb-margin-bottom-large:20px;--awb-spacing-left-large:7.68%;--awb-width-medium:100%;--awb-order-medium:0;--awb-spacing-right-medium:1.92%;--awb-spacing-left-medium:1.92%;--awb-width-small:100%;--awb-order-small:0;--awb-spacing-right-small:1.92%;--awb-spacing-left-small:1.92%;\"><div class=\"fusion-column-wrapper fusion-column-has-shadow fusion-flex-justify-content-flex-start fusion-content-layout-column\"><CENTER>[<a class=\"_df_thumb \"  href=\"#\"  data-slug=\"29027\" data-_slug=\"29027\" _slug=\"29027\" data-title=\"the-carmel-family-mr-thomas-harte\" id=\"df_29027\" data-df-option=\"df_option_29027\" thumb=\"https:\/\/levasseur.org\/wp-content\/uploads\/dflip-thumbs\/29027.jpeg?1741946145\"  >The Carmel Family (Mr Thomas Harte)<\/a><script class=\"df-shortcode-script\" nowprocket type=\"application\/javascript\">window.df_option_29027 = {\"source\":\"https:\\\/\\\/levasseur.org\\\/wp-content\\\/uploads\\\/2024\\\/10\\\/202500801_en.pdf\",\"outline\":[],\"overwritePDFOutline\":false,\"pageSize\":\"0\",\"slug\":\"29027\",\"wpOptions\":\"true\",\"id\":29027}; if(window.DFLIP && window.DFLIP.parseBooks){window.DFLIP.parseBooks();}<\/script><\/CENTER><div class=\"fusion-text fusion-text-2\"><p style=\"text-align: center;\"><span style=\"color: #ff0000;\"><strong>Click on the image to view this book.<\/strong><\/span><\/p>\n<p style=\"text-align: center;\">Click on &#8220;Switch full page&#8221; to display in full screen. On your tablet, in landscape mode, you can activate &#8220;Simple Page View&#8221;.<\/p>\n<\/div><\/div><\/div><\/div><\/div><\/p>\n","protected":false},"excerpt":{"rendered":"","protected":false},"author":1,"featured_media":0,"parent":0,"menu_order":0,"comment_status":"closed","ping_status":"closed","template":"","meta":{"footnotes":""},"class_list":["post-29402","page","type-page","status-publish","hentry"],"yoast_head":"<!-- This site is optimized with the Yoast SEO plugin v27.3 - https:\/\/yoast.com\/product\/yoast-seo-wordpress\/ -->\n<title>The Carmels - A French-American family - Levasseur Association of America Inc<\/title>\n<meta name=\"description\" content=\"L\u2019Association des Levasseur et Carmel d\u2019Am\u00e9rique vous permet de consulter : documents historiques concernant les anc\u00eatres Jean, Pierre et Laurent Levasseur arriv\u00e9s en Nouvelle-France au 17e si\u00e8cle. Informations, objectifs, activit\u00e9s et rassemblements.\" \/>\n<meta name=\"robots\" content=\"index, follow, max-snippet:-1, max-image-preview:large, max-video-preview:-1\" \/>\n<link rel=\"canonical\" href=\"https:\/\/levasseur.org\/en\/familles_carmel_usa\/\" \/>\n<meta property=\"og:locale\" content=\"en_US\" \/>\n<meta property=\"og:type\" content=\"article\" \/>\n<meta property=\"og:title\" content=\"The Carmels - A French-American family - Levasseur Association of America Inc\" \/>\n<meta property=\"og:description\" content=\"L\u2019Association des Levasseur et Carmel d\u2019Am\u00e9rique vous permet de consulter : documents historiques concernant les anc\u00eatres Jean, Pierre et Laurent Levasseur arriv\u00e9s en Nouvelle-France au 17e si\u00e8cle. Informations, objectifs, activit\u00e9s et rassemblements.\" \/>\n<meta property=\"og:url\" content=\"https:\/\/levasseur.org\/en\/familles_carmel_usa\/\" \/>\n<meta property=\"og:site_name\" content=\"Levasseur Association of America Inc\" \/>\n<meta property=\"article:publisher\" content=\"https:\/\/www.facebook.com\/associationlevasseur\" \/>\n<meta property=\"article:modified_time\" content=\"2025-07-02T10:31:50+00:00\" \/>\n<meta property=\"og:image\" content=\"https:\/\/levasseur.org\/wp-content\/uploads\/2024\/09\/TH_003.webp\" \/>\n\t<meta property=\"og:image:width\" content=\"412\" \/>\n\t<meta property=\"og:image:height\" content=\"549\" \/>\n\t<meta property=\"og:image:type\" content=\"image\/webp\" \/>\n<meta name=\"twitter:card\" content=\"summary_large_image\" \/>\n<meta name=\"twitter:label1\" content=\"Est. reading time\" \/>\n\t<meta name=\"twitter:data1\" content=\"12 minutes\" \/>\n<script type=\"application\/ld+json\" class=\"yoast-schema-graph\">{\"@context\":\"https:\\\/\\\/schema.org\",\"@graph\":[{\"@type\":\"WebPage\",\"@id\":\"https:\\\/\\\/levasseur.org\\\/en\\\/familles_carmel_usa\\\/\",\"url\":\"https:\\\/\\\/levasseur.org\\\/en\\\/familles_carmel_usa\\\/\",\"name\":\"The Carmels - A French-American family - Levasseur Association of America Inc\",\"isPartOf\":{\"@id\":\"https:\\\/\\\/levasseur.org\\\/fr\\\/#website\"},\"primaryImageOfPage\":{\"@id\":\"https:\\\/\\\/levasseur.org\\\/en\\\/familles_carmel_usa\\\/#primaryimage\"},\"image\":{\"@id\":\"https:\\\/\\\/levasseur.org\\\/en\\\/familles_carmel_usa\\\/#primaryimage\"},\"thumbnailUrl\":\"https:\\\/\\\/levasseur.org\\\/wp-content\\\/uploads\\\/2024\\\/09\\\/TH_003-225x300.webp\",\"datePublished\":\"2025-06-01T12:23:53+00:00\",\"dateModified\":\"2025-07-02T10:31:50+00:00\",\"description\":\"L\u2019Association des Levasseur et Carmel d\u2019Am\u00e9rique vous permet de consulter : documents historiques concernant les anc\u00eatres Jean, Pierre et Laurent Levasseur arriv\u00e9s en Nouvelle-France au 17e si\u00e8cle. Informations, objectifs, activit\u00e9s et rassemblements.\",\"breadcrumb\":{\"@id\":\"https:\\\/\\\/levasseur.org\\\/en\\\/familles_carmel_usa\\\/#breadcrumb\"},\"inLanguage\":\"en-US\",\"potentialAction\":[{\"@type\":\"ReadAction\",\"target\":[\"https:\\\/\\\/levasseur.org\\\/en\\\/familles_carmel_usa\\\/\"]}]},{\"@type\":\"ImageObject\",\"inLanguage\":\"en-US\",\"@id\":\"https:\\\/\\\/levasseur.org\\\/en\\\/familles_carmel_usa\\\/#primaryimage\",\"url\":\"https:\\\/\\\/levasseur.org\\\/wp-content\\\/uploads\\\/2024\\\/09\\\/TH_003-225x300.webp\",\"contentUrl\":\"https:\\\/\\\/levasseur.org\\\/wp-content\\\/uploads\\\/2024\\\/09\\\/TH_003-225x300.webp\"},{\"@type\":\"BreadcrumbList\",\"@id\":\"https:\\\/\\\/levasseur.org\\\/en\\\/familles_carmel_usa\\\/#breadcrumb\",\"itemListElement\":[{\"@type\":\"ListItem\",\"position\":1,\"name\":\"Accueil\",\"item\":\"https:\\\/\\\/levasseur.org\\\/en\\\/\"},{\"@type\":\"ListItem\",\"position\":2,\"name\":\"The Carmels &#8211; A French-American family\"}]},{\"@type\":\"WebSite\",\"@id\":\"https:\\\/\\\/levasseur.org\\\/fr\\\/#website\",\"url\":\"https:\\\/\\\/levasseur.org\\\/fr\\\/\",\"name\":\"Familles Levasseur & Carmel\",\"description\":\"Du mieux que je puis\",\"publisher\":{\"@id\":\"https:\\\/\\\/levasseur.org\\\/fr\\\/#organization\"},\"potentialAction\":[{\"@type\":\"SearchAction\",\"target\":{\"@type\":\"EntryPoint\",\"urlTemplate\":\"https:\\\/\\\/levasseur.org\\\/fr\\\/?s={search_term_string}\"},\"query-input\":{\"@type\":\"PropertyValueSpecification\",\"valueRequired\":true,\"valueName\":\"search_term_string\"}}],\"inLanguage\":\"en-US\"},{\"@type\":\"Organization\",\"@id\":\"https:\\\/\\\/levasseur.org\\\/fr\\\/#organization\",\"name\":\"Association des Levasseur d'Am\u00e9rique\",\"url\":\"https:\\\/\\\/levasseur.org\\\/fr\\\/\",\"logo\":{\"@type\":\"ImageObject\",\"inLanguage\":\"en-US\",\"@id\":\"https:\\\/\\\/levasseur.org\\\/fr\\\/#\\\/schema\\\/logo\\\/image\\\/\",\"url\":\"https:\\\/\\\/levasseur.org\\\/wp-content\\\/uploads\\\/2019\\\/04\\\/blason_nouv.gif\",\"contentUrl\":\"https:\\\/\\\/levasseur.org\\\/wp-content\\\/uploads\\\/2019\\\/04\\\/blason_nouv.gif\",\"width\":500,\"height\":487,\"caption\":\"Association des Levasseur d'Am\u00e9rique\"},\"image\":{\"@id\":\"https:\\\/\\\/levasseur.org\\\/fr\\\/#\\\/schema\\\/logo\\\/image\\\/\"},\"sameAs\":[\"https:\\\/\\\/www.facebook.com\\\/associationlevasseur\"]}]}<\/script>\n<!-- \/ Yoast SEO plugin. -->","yoast_head_json":{"title":"The Carmels - A French-American family - Levasseur Association of America Inc","description":"L\u2019Association des Levasseur et Carmel d\u2019Am\u00e9rique vous permet de consulter : documents historiques concernant les anc\u00eatres Jean, Pierre et Laurent Levasseur arriv\u00e9s en Nouvelle-France au 17e si\u00e8cle. Informations, objectifs, activit\u00e9s et rassemblements.","robots":{"index":"index","follow":"follow","max-snippet":"max-snippet:-1","max-image-preview":"max-image-preview:large","max-video-preview":"max-video-preview:-1"},"canonical":"https:\/\/levasseur.org\/en\/familles_carmel_usa\/","og_locale":"en_US","og_type":"article","og_title":"The Carmels - A French-American family - Levasseur Association of America Inc","og_description":"L\u2019Association des Levasseur et Carmel d\u2019Am\u00e9rique vous permet de consulter : documents historiques concernant les anc\u00eatres Jean, Pierre et Laurent Levasseur arriv\u00e9s en Nouvelle-France au 17e si\u00e8cle. Informations, objectifs, activit\u00e9s et rassemblements.","og_url":"https:\/\/levasseur.org\/en\/familles_carmel_usa\/","og_site_name":"Levasseur Association of America Inc","article_publisher":"https:\/\/www.facebook.com\/associationlevasseur","article_modified_time":"2025-07-02T10:31:50+00:00","og_image":[{"width":412,"height":549,"url":"https:\/\/levasseur.org\/wp-content\/uploads\/2024\/09\/TH_003.webp","type":"image\/webp"}],"twitter_card":"summary_large_image","twitter_misc":{"Est. reading time":"12 minutes"},"schema":{"@context":"https:\/\/schema.org","@graph":[{"@type":"WebPage","@id":"https:\/\/levasseur.org\/en\/familles_carmel_usa\/","url":"https:\/\/levasseur.org\/en\/familles_carmel_usa\/","name":"The Carmels - A French-American family - Levasseur Association of America Inc","isPartOf":{"@id":"https:\/\/levasseur.org\/fr\/#website"},"primaryImageOfPage":{"@id":"https:\/\/levasseur.org\/en\/familles_carmel_usa\/#primaryimage"},"image":{"@id":"https:\/\/levasseur.org\/en\/familles_carmel_usa\/#primaryimage"},"thumbnailUrl":"https:\/\/levasseur.org\/wp-content\/uploads\/2024\/09\/TH_003-225x300.webp","datePublished":"2025-06-01T12:23:53+00:00","dateModified":"2025-07-02T10:31:50+00:00","description":"L\u2019Association des Levasseur et Carmel d\u2019Am\u00e9rique vous permet de consulter : documents historiques concernant les anc\u00eatres Jean, Pierre et Laurent Levasseur arriv\u00e9s en Nouvelle-France au 17e si\u00e8cle. Informations, objectifs, activit\u00e9s et rassemblements.","breadcrumb":{"@id":"https:\/\/levasseur.org\/en\/familles_carmel_usa\/#breadcrumb"},"inLanguage":"en-US","potentialAction":[{"@type":"ReadAction","target":["https:\/\/levasseur.org\/en\/familles_carmel_usa\/"]}]},{"@type":"ImageObject","inLanguage":"en-US","@id":"https:\/\/levasseur.org\/en\/familles_carmel_usa\/#primaryimage","url":"https:\/\/levasseur.org\/wp-content\/uploads\/2024\/09\/TH_003-225x300.webp","contentUrl":"https:\/\/levasseur.org\/wp-content\/uploads\/2024\/09\/TH_003-225x300.webp"},{"@type":"BreadcrumbList","@id":"https:\/\/levasseur.org\/en\/familles_carmel_usa\/#breadcrumb","itemListElement":[{"@type":"ListItem","position":1,"name":"Accueil","item":"https:\/\/levasseur.org\/en\/"},{"@type":"ListItem","position":2,"name":"The Carmels &#8211; A French-American family"}]},{"@type":"WebSite","@id":"https:\/\/levasseur.org\/fr\/#website","url":"https:\/\/levasseur.org\/fr\/","name":"Familles Levasseur & Carmel","description":"Du mieux que je puis","publisher":{"@id":"https:\/\/levasseur.org\/fr\/#organization"},"potentialAction":[{"@type":"SearchAction","target":{"@type":"EntryPoint","urlTemplate":"https:\/\/levasseur.org\/fr\/?s={search_term_string}"},"query-input":{"@type":"PropertyValueSpecification","valueRequired":true,"valueName":"search_term_string"}}],"inLanguage":"en-US"},{"@type":"Organization","@id":"https:\/\/levasseur.org\/fr\/#organization","name":"Association des Levasseur d'Am\u00e9rique","url":"https:\/\/levasseur.org\/fr\/","logo":{"@type":"ImageObject","inLanguage":"en-US","@id":"https:\/\/levasseur.org\/fr\/#\/schema\/logo\/image\/","url":"https:\/\/levasseur.org\/wp-content\/uploads\/2019\/04\/blason_nouv.gif","contentUrl":"https:\/\/levasseur.org\/wp-content\/uploads\/2019\/04\/blason_nouv.gif","width":500,"height":487,"caption":"Association des Levasseur d'Am\u00e9rique"},"image":{"@id":"https:\/\/levasseur.org\/fr\/#\/schema\/logo\/image\/"},"sameAs":["https:\/\/www.facebook.com\/associationlevasseur"]}]}},"_links":{"self":[{"href":"https:\/\/levasseur.org\/en\/wp-json\/wp\/v2\/pages\/29402","targetHints":{"allow":["GET"]}}],"collection":[{"href":"https:\/\/levasseur.org\/en\/wp-json\/wp\/v2\/pages"}],"about":[{"href":"https:\/\/levasseur.org\/en\/wp-json\/wp\/v2\/types\/page"}],"author":[{"embeddable":true,"href":"https:\/\/levasseur.org\/en\/wp-json\/wp\/v2\/users\/1"}],"replies":[{"embeddable":true,"href":"https:\/\/levasseur.org\/en\/wp-json\/wp\/v2\/comments?post=29402"}],"version-history":[{"count":1,"href":"https:\/\/levasseur.org\/en\/wp-json\/wp\/v2\/pages\/29402\/revisions"}],"predecessor-version":[{"id":29472,"href":"https:\/\/levasseur.org\/en\/wp-json\/wp\/v2\/pages\/29402\/revisions\/29472"}],"wp:attachment":[{"href":"https:\/\/levasseur.org\/en\/wp-json\/wp\/v2\/media?parent=29402"}],"curies":[{"name":"wp","href":"https:\/\/api.w.org\/{rel}","templated":true}]}}