{"id":29067,"date":"2025-03-17T17:06:31","date_gmt":"2025-03-17T21:06:31","guid":{"rendered":"https:\/\/levasseur.org\/?page_id=29067"},"modified":"2025-04-22T03:25:30","modified_gmt":"2025-04-22T07:25:30","slug":"vassaur","status":"publish","type":"page","link":"https:\/\/levasseur.org\/en\/vassaur\/","title":{"rendered":"The Vassaur  &#8211; A French Canadian American Family"},"content":{"rendered":"<p><div class=\"fusion-fullwidth fullwidth-box fusion-builder-row-1 fusion-flex-container nonhundred-percent-fullwidth non-hundred-percent-height-scrolling\" style=\"--awb-border-radius-top-left:0px;--awb-border-radius-top-right:0px;--awb-border-radius-bottom-right:0px;--awb-border-radius-bottom-left:0px;--awb-flex-wrap:wrap;\" ><div class=\"fusion-builder-row fusion-row fusion-flex-align-items-flex-start fusion-flex-content-wrap\" style=\"max-width:1144px;margin-left: calc(-4% \/ 2 );margin-right: calc(-4% \/ 2 );\"><div class=\"fusion-layout-column fusion_builder_column fusion-builder-column-0 fusion_builder_column_1_1 1_1 fusion-flex-column\" style=\"--awb-bg-size:cover;--awb-width-large:100%;--awb-margin-top-large:0px;--awb-spacing-right-large:1.92%;--awb-margin-bottom-large:0px;--awb-spacing-left-large:1.92%;--awb-width-medium:100%;--awb-spacing-right-medium:1.92%;--awb-spacing-left-medium:1.92%;--awb-width-small:100%;--awb-spacing-right-small:1.92%;--awb-spacing-left-small:1.92%;\"><div class=\"fusion-column-wrapper fusion-flex-justify-content-flex-start fusion-content-layout-column\"><div class=\"fusion-text fusion-text-1\"><h1 style=\"text-align: center;\"><b>The Vassaur family in Arkansas<\/b><\/h1>\n<\/div><div class=\"fusion-text fusion-text-2\"><p style=\"text-align: center;\">A line of descendants of Pierre Levasseur emigrated to Arkansas in the 18th century<\/p>\n<h6 style=\"text-align: right;\"><a href=\"https:\/\/levasseur.org\/fr\/vassaur\/\">version fran\u00e7aise<\/a><\/h6>\n<\/div><div class=\"fusion-text fusion-text-3\"><hr \/>\n<\/div><\/div><\/div><\/div><\/div><div class=\"fusion-fullwidth fullwidth-box fusion-builder-row-2 fusion-flex-container has-pattern-background has-mask-background nonhundred-percent-fullwidth non-hundred-percent-height-scrolling\" style=\"--awb-border-radius-top-left:0px;--awb-border-radius-top-right:0px;--awb-border-radius-bottom-right:0px;--awb-border-radius-bottom-left:0px;--awb-flex-wrap:wrap;\" ><div class=\"fusion-builder-row fusion-row fusion-flex-align-items-flex-start fusion-flex-content-wrap\" style=\"max-width:1144px;margin-left: calc(-4% \/ 2 );margin-right: calc(-4% \/ 2 );\"><div class=\"fusion-layout-column fusion_builder_column fusion-builder-column-1 fusion_builder_column_3_4 3_4 fusion-flex-column\" style=\"--awb-bg-size:cover;--awb-width-large:75%;--awb-margin-top-large:0px;--awb-spacing-right-large:2.56%;--awb-margin-bottom-large:20px;--awb-spacing-left-large:2.56%;--awb-width-medium:100%;--awb-order-medium:0;--awb-spacing-right-medium:1.92%;--awb-spacing-left-medium:1.92%;--awb-width-small:100%;--awb-order-small:0;--awb-spacing-right-small:1.92%;--awb-spacing-left-small:1.92%;\"><div class=\"fusion-column-wrapper fusion-column-has-shadow fusion-flex-justify-content-flex-start fusion-content-layout-column\"><div class=\"fusion-text fusion-text-4\" style=\"--awb-content-alignment:justify;\"><p><strong>Stanislas LeVasseur<\/strong>, son of Pierre-No\u00ebl LeVasseur and Marie-Agn\u00e8s de Lajoue, was born on June 2, 1732, in Quebec City. On October 25, 1756, he married <strong>Marie-Fran\u00e7oise de L\u2019Oeil<\/strong>, daughter of Fran\u00e7ois de l\u2019Oeil and Charlotte Corbin, also in Quebec. Marie-Fran\u00e7oise was born on April 28, 1736, in Quebec City.<\/p>\n<p>Stanislas was a master carpenter, carver, and sculptor. Along with his brother Charles, he received his education and artistic training from their father, the renowned craftsman Pierre-No\u00ebl LeVasseur. According to the manuscript of American <a href=\"https:\/\/levasseur.org\/fr\/hcj_levasseur\/\">Jean-Charles-Henri LeVasseur<\/a>, Stanislas was elected to the Illinois Legislature on February 10, 1782. He had left Quebec with his family in 1772 to settle in Kaskaskia, Illinois.<\/p>\n<p><strong><img decoding=\"async\" class=\"lazyload alignleft wp-image-29088\" src=\"https:\/\/levasseur.org\/wp-content\/uploads\/2025\/03\/jdv2-249x300.jpg\" data-orig-src=\"https:\/\/levasseur.org\/wp-content\/uploads\/2025\/03\/jdv2-249x300.jpg\" alt=\"\" width=\"207\" height=\"249\" srcset=\"data:image\/svg+xml,%3Csvg%20xmlns%3D%27http%3A%2F%2Fwww.w3.org%2F2000%2Fsvg%27%20width%3D%27207%27%20height%3D%27249%27%20viewBox%3D%270%200%20207%20249%27%3E%3Crect%20width%3D%27207%27%20height%3D%27249%27%20fill-opacity%3D%220%22%2F%3E%3C%2Fsvg%3E\" data-srcset=\"https:\/\/levasseur.org\/wp-content\/uploads\/2025\/03\/jdv2-200x241.jpg 200w, https:\/\/levasseur.org\/wp-content\/uploads\/2025\/03\/jdv2-249x300.jpg 249w, https:\/\/levasseur.org\/wp-content\/uploads\/2025\/03\/jdv2-400x481.jpg 400w, https:\/\/levasseur.org\/wp-content\/uploads\/2025\/03\/jdv2.jpg 562w\" data-sizes=\"auto\" data-orig-sizes=\"(max-width: 207px) 100vw, 207px\" \/>Jean Duval Vassaur\/Vasseur\/LeVasseur<\/strong> was born around 1802 or 1803 at Arkansas Post, in the Louisiana Territory. A Frenchman by heritage, he spoke very little English and was more commonly known by the Anglicized version of his name\u2014John.<\/p>\n<p>He was the son of \u00c9tienne Victorie LeVasseur and Marie Louise Jardelas.<\/p>\n<p>John first married <strong>Catherine Godin<\/strong> on February 12, 1829, in Arkansas County, Arkansas. Catherine passed away unexpectedly, though the exact date of her death remains unknown.<\/p>\n<p>Following her death, John married <strong>Louisa Jane Linn<\/strong> (or Lynn) on January 21, 1851, at New Gascony Catholic Church, in Desha County, Arkansas. Louisa Jane was born in 1829, either in Tennessee or Kentucky. She was the daughter of John W. Linn (or Lynn) and a mother whose name has not been recorded.<\/p>\n<\/div><\/div><\/div><div class=\"fusion-layout-column fusion_builder_column fusion-builder-column-2 fusion_builder_column_1_4 1_4 fusion-flex-column\" style=\"--awb-bg-size:cover;--awb-width-large:25%;--awb-margin-top-large:0px;--awb-spacing-right-large:7.68%;--awb-margin-bottom-large:20px;--awb-spacing-left-large:7.68%;--awb-width-medium:100%;--awb-order-medium:0;--awb-spacing-right-medium:1.92%;--awb-spacing-left-medium:1.92%;--awb-width-small:100%;--awb-order-small:0;--awb-spacing-right-small:1.92%;--awb-spacing-left-small:1.92%;\"><div class=\"fusion-column-wrapper fusion-column-has-shadow fusion-flex-justify-content-flex-start fusion-content-layout-column\"><a class=\"_df_thumb \"  href=\"#\"  data-slug=\"vassaur-family\" data-_slug=\"vassaur-family\" _slug=\"vassaur-family\" data-title=\"vassaur-family\" id=\"df_29114\" data-df-option=\"df_option_29114\" thumb=\"https:\/\/levasseur.org\/wp-content\/uploads\/dflip-thumbs\/29114.jpeg?1742811839\"  >Vassaur Family<\/a><script class=\"df-shortcode-script\" nowprocket type=\"application\/javascript\">window.df_option_29114 = {\"source\":\"https:\\\/\\\/levasseur.org\\\/wp-content\\\/uploads\\\/2025\\\/03\\\/20250501_en-1.pdf\",\"outline\":[],\"overwritePDFOutline\":false,\"pageSize\":\"0\",\"slug\":\"vassaur-family\",\"wpOptions\":\"true\",\"id\":29114}; if(window.DFLIP && window.DFLIP.parseBooks){window.DFLIP.parseBooks();}<\/script><div class=\"fusion-text fusion-text-5\"><h3 style=\"text-align: center;\"><img decoding=\"async\" class=\"lazyload aligncenter wp-image-29126\" src=\"https:\/\/levasseur.org\/wp-content\/uploads\/2025\/03\/fleche_rouge-278x300.jpg\" data-orig-src=\"https:\/\/levasseur.org\/wp-content\/uploads\/2025\/03\/fleche_rouge-278x300.jpg\" alt=\"\" width=\"56\" height=\"60\" srcset=\"data:image\/svg+xml,%3Csvg%20xmlns%3D%27http%3A%2F%2Fwww.w3.org%2F2000%2Fsvg%27%20width%3D%2756%27%20height%3D%2760%27%20viewBox%3D%270%200%2056%2060%27%3E%3Crect%20width%3D%2756%27%20height%3D%2760%27%20fill-opacity%3D%220%22%2F%3E%3C%2Fsvg%3E\" data-srcset=\"https:\/\/levasseur.org\/wp-content\/uploads\/2025\/03\/fleche_rouge-200x216.jpg 200w, https:\/\/levasseur.org\/wp-content\/uploads\/2025\/03\/fleche_rouge-278x300.jpg 278w, https:\/\/levasseur.org\/wp-content\/uploads\/2025\/03\/fleche_rouge-400x431.jpg 400w, https:\/\/levasseur.org\/wp-content\/uploads\/2025\/03\/fleche_rouge.jpg 486w\" data-sizes=\"auto\" data-orig-sizes=\"(max-width: 56px) 100vw, 56px\" \/><span style=\"font-size: small;\"><b><span style=\"color: #ff0000;\">Click on the image<\/span> to see an online version of this document. \u00a0Then, c<\/b><\/span><span style=\"font-size: small;\"><b>lick on &#8220;Toggle Full Page&#8221; at the bottom to see in full screen. On your tablet, in landscape mode, you can activate &#8220;Simple Page View&#8221;. You can also download this document <a href=\"https:\/\/levasseur.org\/capsules\/20250501_en.pdf\">by clicking here<\/a><\/b><\/span><\/h3>\n<\/div><\/div><\/div><\/div><\/div><div class=\"fusion-fullwidth fullwidth-box fusion-builder-row-3 fusion-flex-container has-pattern-background has-mask-background nonhundred-percent-fullwidth non-hundred-percent-height-scrolling\" style=\"--awb-border-radius-top-left:0px;--awb-border-radius-top-right:0px;--awb-border-radius-bottom-right:0px;--awb-border-radius-bottom-left:0px;--awb-flex-wrap:wrap;\" ><div class=\"fusion-builder-row fusion-row fusion-flex-align-items-flex-start fusion-flex-content-wrap\" style=\"max-width:1144px;margin-left: calc(-4% \/ 2 );margin-right: calc(-4% \/ 2 );\"><div class=\"fusion-layout-column fusion_builder_column fusion-builder-column-3 fusion_builder_column_1_1 1_1 fusion-flex-column\" style=\"--awb-bg-size:cover;--awb-width-large:100%;--awb-margin-top-large:0px;--awb-spacing-right-large:1.92%;--awb-margin-bottom-large:20px;--awb-spacing-left-large:1.92%;--awb-width-medium:100%;--awb-order-medium:0;--awb-spacing-right-medium:1.92%;--awb-spacing-left-medium:1.92%;--awb-width-small:100%;--awb-order-small:0;--awb-spacing-right-small:1.92%;--awb-spacing-left-small:1.92%;\"><div class=\"fusion-column-wrapper fusion-column-has-shadow fusion-flex-justify-content-flex-start fusion-content-layout-column\"><div class=\"fusion-text fusion-text-6\" style=\"--awb-content-alignment:justify;\"><hr \/>\n<p>For those who wish to learn more about the history of Stanislas LeVasseur\u2019s descendants, a database of photographs and previously unpublished documents is available at the following address: https:\/\/vassaur.org.<\/p>\n<p><a href=\"https:\/\/vassaur.org\"><img decoding=\"async\" class=\"lazyload alignright wp-image-29094\" src=\"https:\/\/levasseur.org\/wp-content\/uploads\/2025\/03\/vassaurhp-162x300.jpg\" data-orig-src=\"https:\/\/levasseur.org\/wp-content\/uploads\/2025\/03\/vassaurhp-162x300.jpg\" alt=\"\" width=\"111\" height=\"206\" srcset=\"data:image\/svg+xml,%3Csvg%20xmlns%3D%27http%3A%2F%2Fwww.w3.org%2F2000%2Fsvg%27%20width%3D%27111%27%20height%3D%27206%27%20viewBox%3D%270%200%20111%20206%27%3E%3Crect%20width%3D%27111%27%20height%3D%27206%27%20fill-opacity%3D%220%22%2F%3E%3C%2Fsvg%3E\" data-srcset=\"https:\/\/levasseur.org\/wp-content\/uploads\/2025\/03\/vassaurhp-162x300.jpg 162w, https:\/\/levasseur.org\/wp-content\/uploads\/2025\/03\/vassaurhp-200x370.jpg 200w, https:\/\/levasseur.org\/wp-content\/uploads\/2025\/03\/vassaurhp-400x740.jpg 400w, https:\/\/levasseur.org\/wp-content\/uploads\/2025\/03\/vassaurhp.jpg 430w\" data-sizes=\"auto\" data-orig-sizes=\"(max-width: 111px) 100vw, 111px\" \/><\/a>The Vassaur families, formerly known as LeVasseur, played an important role in the colonization of the region known as the \u201c<em>Cradle of the Mississippi<\/em>\u201d a key area of early European presence in North America. Stanislas LeVasseur, a prominent member of this lineage, was the first in his family to leave Quebec and settle in the United States.<\/p>\n<p class=\"\" data-start=\"52\" data-end=\"165\">Two separate databases are available on the website <a class=\"\" href=\"https:\/\/vassaur.org\/\" target=\"_new\" rel=\"noopener\" data-start=\"104\" data-end=\"146\">https:\/\/vassaur.org<\/a> for your research:<\/p>\n<ol>\n<li data-start=\"167\" data-end=\"517\">The first comes directly from the archives of the <strong data-start=\"217\" data-end=\"257\">Association des Levasseur d\u2019Am\u00e9rique<\/strong>.<\/li>\n<li data-start=\"167\" data-end=\"517\">The second was imported from <strong data-start=\"290\" data-end=\"306\">Ancestry.com<\/strong> and generously shared by <strong data-start=\"332\" data-end=\"350\">Cheryl Vassaur<\/strong>, the website administrator.<\/li>\n<\/ol>\n<p class=\"\" data-start=\"167\" data-end=\"517\">\ud83d\ude4f A special thank-you to <strong data-start=\"407\" data-end=\"429\">Joceline Levasseur<\/strong>, genealogist for the Association, for her outstanding research on the Vassaur families.<\/p>\n<hr \/>\n<\/div><\/div><\/div><\/div><\/div><\/p>\n","protected":false},"excerpt":{"rendered":"","protected":false},"author":1,"featured_media":0,"parent":0,"menu_order":0,"comment_status":"closed","ping_status":"closed","template":"","meta":{"footnotes":""},"class_list":["post-29067","page","type-page","status-publish","hentry"],"yoast_head":"<!-- This site is optimized with the Yoast SEO plugin v27.4 - https:\/\/yoast.com\/product\/yoast-seo-wordpress\/ -->\n<title>The Vassaur - A French Canadian American Family - Levasseur Association of America Inc<\/title>\n<meta name=\"description\" content=\"L\u2019Association des Levasseur et Carmel d\u2019Am\u00e9rique vous permet de consulter : documents historiques concernant les anc\u00eatres Jean, Pierre et Laurent Levasseur arriv\u00e9s en Nouvelle-France au 17e si\u00e8cle. Informations, objectifs, activit\u00e9s et rassemblements.\" \/>\n<meta name=\"robots\" content=\"index, follow, max-snippet:-1, max-image-preview:large, max-video-preview:-1\" \/>\n<link rel=\"canonical\" href=\"https:\/\/levasseur.org\/en\/vassaur\/\" \/>\n<meta property=\"og:locale\" content=\"en_US\" \/>\n<meta property=\"og:type\" content=\"article\" \/>\n<meta property=\"og:title\" content=\"The Vassaur - A French Canadian American Family - Levasseur Association of America Inc\" \/>\n<meta property=\"og:description\" content=\"L\u2019Association des Levasseur et Carmel d\u2019Am\u00e9rique vous permet de consulter : documents historiques concernant les anc\u00eatres Jean, Pierre et Laurent Levasseur arriv\u00e9s en Nouvelle-France au 17e si\u00e8cle. Informations, objectifs, activit\u00e9s et rassemblements.\" \/>\n<meta property=\"og:url\" content=\"https:\/\/levasseur.org\/en\/vassaur\/\" \/>\n<meta property=\"og:site_name\" content=\"Levasseur Association of America Inc\" \/>\n<meta property=\"article:publisher\" content=\"https:\/\/www.facebook.com\/associationlevasseur\" \/>\n<meta property=\"article:modified_time\" content=\"2025-04-22T07:25:30+00:00\" \/>\n<meta property=\"og:image\" content=\"https:\/\/levasseur.org\/wp-content\/uploads\/2025\/03\/jdv2-249x300.jpg\" \/>\n<meta name=\"twitter:card\" content=\"summary_large_image\" \/>\n<meta name=\"twitter:label1\" content=\"Est. reading time\" \/>\n\t<meta name=\"twitter:data1\" content=\"18 minutes\" \/>\n<script type=\"application\/ld+json\" class=\"yoast-schema-graph\">{\"@context\":\"https:\\\/\\\/schema.org\",\"@graph\":[{\"@type\":\"WebPage\",\"@id\":\"https:\\\/\\\/levasseur.org\\\/en\\\/vassaur\\\/\",\"url\":\"https:\\\/\\\/levasseur.org\\\/en\\\/vassaur\\\/\",\"name\":\"The Vassaur - A French Canadian American Family - Levasseur Association of America Inc\",\"isPartOf\":{\"@id\":\"https:\\\/\\\/levasseur.org\\\/fr\\\/#website\"},\"primaryImageOfPage\":{\"@id\":\"https:\\\/\\\/levasseur.org\\\/en\\\/vassaur\\\/#primaryimage\"},\"image\":{\"@id\":\"https:\\\/\\\/levasseur.org\\\/en\\\/vassaur\\\/#primaryimage\"},\"thumbnailUrl\":\"https:\\\/\\\/levasseur.org\\\/wp-content\\\/uploads\\\/2025\\\/03\\\/jdv2-249x300.jpg\",\"datePublished\":\"2025-03-17T21:06:31+00:00\",\"dateModified\":\"2025-04-22T07:25:30+00:00\",\"description\":\"L\u2019Association des Levasseur et Carmel d\u2019Am\u00e9rique vous permet de consulter : documents historiques concernant les anc\u00eatres Jean, Pierre et Laurent Levasseur arriv\u00e9s en Nouvelle-France au 17e si\u00e8cle. Informations, objectifs, activit\u00e9s et rassemblements.\",\"breadcrumb\":{\"@id\":\"https:\\\/\\\/levasseur.org\\\/en\\\/vassaur\\\/#breadcrumb\"},\"inLanguage\":\"en-US\",\"potentialAction\":[{\"@type\":\"ReadAction\",\"target\":[\"https:\\\/\\\/levasseur.org\\\/en\\\/vassaur\\\/\"]}]},{\"@type\":\"ImageObject\",\"inLanguage\":\"en-US\",\"@id\":\"https:\\\/\\\/levasseur.org\\\/en\\\/vassaur\\\/#primaryimage\",\"url\":\"https:\\\/\\\/levasseur.org\\\/wp-content\\\/uploads\\\/2025\\\/03\\\/jdv2-249x300.jpg\",\"contentUrl\":\"https:\\\/\\\/levasseur.org\\\/wp-content\\\/uploads\\\/2025\\\/03\\\/jdv2-249x300.jpg\"},{\"@type\":\"BreadcrumbList\",\"@id\":\"https:\\\/\\\/levasseur.org\\\/en\\\/vassaur\\\/#breadcrumb\",\"itemListElement\":[{\"@type\":\"ListItem\",\"position\":1,\"name\":\"Accueil\",\"item\":\"https:\\\/\\\/levasseur.org\\\/en\\\/\"},{\"@type\":\"ListItem\",\"position\":2,\"name\":\"The Vassaur &#8211; A French Canadian American Family\"}]},{\"@type\":\"WebSite\",\"@id\":\"https:\\\/\\\/levasseur.org\\\/fr\\\/#website\",\"url\":\"https:\\\/\\\/levasseur.org\\\/fr\\\/\",\"name\":\"Familles Levasseur & Carmel\",\"description\":\"Du mieux que je puis\",\"publisher\":{\"@id\":\"https:\\\/\\\/levasseur.org\\\/fr\\\/#organization\"},\"potentialAction\":[{\"@type\":\"SearchAction\",\"target\":{\"@type\":\"EntryPoint\",\"urlTemplate\":\"https:\\\/\\\/levasseur.org\\\/fr\\\/?s={search_term_string}\"},\"query-input\":{\"@type\":\"PropertyValueSpecification\",\"valueRequired\":true,\"valueName\":\"search_term_string\"}}],\"inLanguage\":\"en-US\"},{\"@type\":\"Organization\",\"@id\":\"https:\\\/\\\/levasseur.org\\\/fr\\\/#organization\",\"name\":\"Association des Levasseur d'Am\u00e9rique\",\"url\":\"https:\\\/\\\/levasseur.org\\\/fr\\\/\",\"logo\":{\"@type\":\"ImageObject\",\"inLanguage\":\"en-US\",\"@id\":\"https:\\\/\\\/levasseur.org\\\/fr\\\/#\\\/schema\\\/logo\\\/image\\\/\",\"url\":\"https:\\\/\\\/levasseur.org\\\/wp-content\\\/uploads\\\/2019\\\/04\\\/blason_nouv.gif\",\"contentUrl\":\"https:\\\/\\\/levasseur.org\\\/wp-content\\\/uploads\\\/2019\\\/04\\\/blason_nouv.gif\",\"width\":500,\"height\":487,\"caption\":\"Association des Levasseur d'Am\u00e9rique\"},\"image\":{\"@id\":\"https:\\\/\\\/levasseur.org\\\/fr\\\/#\\\/schema\\\/logo\\\/image\\\/\"},\"sameAs\":[\"https:\\\/\\\/www.facebook.com\\\/associationlevasseur\"]}]}<\/script>\n<!-- \/ Yoast SEO plugin. -->","yoast_head_json":{"title":"The Vassaur - A French Canadian American Family - Levasseur Association of America Inc","description":"L\u2019Association des Levasseur et Carmel d\u2019Am\u00e9rique vous permet de consulter : documents historiques concernant les anc\u00eatres Jean, Pierre et Laurent Levasseur arriv\u00e9s en Nouvelle-France au 17e si\u00e8cle. Informations, objectifs, activit\u00e9s et rassemblements.","robots":{"index":"index","follow":"follow","max-snippet":"max-snippet:-1","max-image-preview":"max-image-preview:large","max-video-preview":"max-video-preview:-1"},"canonical":"https:\/\/levasseur.org\/en\/vassaur\/","og_locale":"en_US","og_type":"article","og_title":"The Vassaur - A French Canadian American Family - Levasseur Association of America Inc","og_description":"L\u2019Association des Levasseur et Carmel d\u2019Am\u00e9rique vous permet de consulter : documents historiques concernant les anc\u00eatres Jean, Pierre et Laurent Levasseur arriv\u00e9s en Nouvelle-France au 17e si\u00e8cle. Informations, objectifs, activit\u00e9s et rassemblements.","og_url":"https:\/\/levasseur.org\/en\/vassaur\/","og_site_name":"Levasseur Association of America Inc","article_publisher":"https:\/\/www.facebook.com\/associationlevasseur","article_modified_time":"2025-04-22T07:25:30+00:00","og_image":[{"url":"https:\/\/levasseur.org\/wp-content\/uploads\/2025\/03\/jdv2-249x300.jpg","type":"","width":"","height":""}],"twitter_card":"summary_large_image","twitter_misc":{"Est. reading time":"18 minutes"},"schema":{"@context":"https:\/\/schema.org","@graph":[{"@type":"WebPage","@id":"https:\/\/levasseur.org\/en\/vassaur\/","url":"https:\/\/levasseur.org\/en\/vassaur\/","name":"The Vassaur - A French Canadian American Family - Levasseur Association of America Inc","isPartOf":{"@id":"https:\/\/levasseur.org\/fr\/#website"},"primaryImageOfPage":{"@id":"https:\/\/levasseur.org\/en\/vassaur\/#primaryimage"},"image":{"@id":"https:\/\/levasseur.org\/en\/vassaur\/#primaryimage"},"thumbnailUrl":"https:\/\/levasseur.org\/wp-content\/uploads\/2025\/03\/jdv2-249x300.jpg","datePublished":"2025-03-17T21:06:31+00:00","dateModified":"2025-04-22T07:25:30+00:00","description":"L\u2019Association des Levasseur et Carmel d\u2019Am\u00e9rique vous permet de consulter : documents historiques concernant les anc\u00eatres Jean, Pierre et Laurent Levasseur arriv\u00e9s en Nouvelle-France au 17e si\u00e8cle. Informations, objectifs, activit\u00e9s et rassemblements.","breadcrumb":{"@id":"https:\/\/levasseur.org\/en\/vassaur\/#breadcrumb"},"inLanguage":"en-US","potentialAction":[{"@type":"ReadAction","target":["https:\/\/levasseur.org\/en\/vassaur\/"]}]},{"@type":"ImageObject","inLanguage":"en-US","@id":"https:\/\/levasseur.org\/en\/vassaur\/#primaryimage","url":"https:\/\/levasseur.org\/wp-content\/uploads\/2025\/03\/jdv2-249x300.jpg","contentUrl":"https:\/\/levasseur.org\/wp-content\/uploads\/2025\/03\/jdv2-249x300.jpg"},{"@type":"BreadcrumbList","@id":"https:\/\/levasseur.org\/en\/vassaur\/#breadcrumb","itemListElement":[{"@type":"ListItem","position":1,"name":"Accueil","item":"https:\/\/levasseur.org\/en\/"},{"@type":"ListItem","position":2,"name":"The Vassaur &#8211; A French Canadian American Family"}]},{"@type":"WebSite","@id":"https:\/\/levasseur.org\/fr\/#website","url":"https:\/\/levasseur.org\/fr\/","name":"Familles Levasseur & Carmel","description":"Du mieux que je puis","publisher":{"@id":"https:\/\/levasseur.org\/fr\/#organization"},"potentialAction":[{"@type":"SearchAction","target":{"@type":"EntryPoint","urlTemplate":"https:\/\/levasseur.org\/fr\/?s={search_term_string}"},"query-input":{"@type":"PropertyValueSpecification","valueRequired":true,"valueName":"search_term_string"}}],"inLanguage":"en-US"},{"@type":"Organization","@id":"https:\/\/levasseur.org\/fr\/#organization","name":"Association des Levasseur d'Am\u00e9rique","url":"https:\/\/levasseur.org\/fr\/","logo":{"@type":"ImageObject","inLanguage":"en-US","@id":"https:\/\/levasseur.org\/fr\/#\/schema\/logo\/image\/","url":"https:\/\/levasseur.org\/wp-content\/uploads\/2019\/04\/blason_nouv.gif","contentUrl":"https:\/\/levasseur.org\/wp-content\/uploads\/2019\/04\/blason_nouv.gif","width":500,"height":487,"caption":"Association des Levasseur d'Am\u00e9rique"},"image":{"@id":"https:\/\/levasseur.org\/fr\/#\/schema\/logo\/image\/"},"sameAs":["https:\/\/www.facebook.com\/associationlevasseur"]}]}},"_links":{"self":[{"href":"https:\/\/levasseur.org\/en\/wp-json\/wp\/v2\/pages\/29067","targetHints":{"allow":["GET"]}}],"collection":[{"href":"https:\/\/levasseur.org\/en\/wp-json\/wp\/v2\/pages"}],"about":[{"href":"https:\/\/levasseur.org\/en\/wp-json\/wp\/v2\/types\/page"}],"author":[{"embeddable":true,"href":"https:\/\/levasseur.org\/en\/wp-json\/wp\/v2\/users\/1"}],"replies":[{"embeddable":true,"href":"https:\/\/levasseur.org\/en\/wp-json\/wp\/v2\/comments?post=29067"}],"version-history":[{"count":0,"href":"https:\/\/levasseur.org\/en\/wp-json\/wp\/v2\/pages\/29067\/revisions"}],"wp:attachment":[{"href":"https:\/\/levasseur.org\/en\/wp-json\/wp\/v2\/media?parent=29067"}],"curies":[{"name":"wp","href":"https:\/\/api.w.org\/{rel}","templated":true}]}}