{"id":16077,"date":"2020-12-04T15:31:53","date_gmt":"2020-12-04T20:31:53","guid":{"rendered":"https:\/\/levasseur.org\/?page_id=16077"},"modified":"2021-01-02T09:48:10","modified_gmt":"2021-01-02T14:48:10","slug":"newsletter-january-2021","status":"publish","type":"page","link":"https:\/\/levasseur.org\/en\/newsletter-january-2021\/","title":{"rendered":"Newsletter  &#8211; January 2021"},"content":{"rendered":"<h1 style=\"text-align: right;\">Levasseur Newsletter &#8211;\u00a0January 2021 edition<\/h1>\n<h3 style=\"text-align: right;\">Click on the &#8220;<strong>Toggle Full Screen<\/strong>&#8221; <a href=\"https:\/\/levasseur.org\/en\/?attachment_id=16022\" rel=\"attachment wp-att-16022\"><img decoding=\"async\" class=\"lazyload alignnone wp-image-16022\" src=\"data:image\/svg+xml,%3Csvg%20xmlns%3D%27http%3A%2F%2Fwww.w3.org%2F2000%2Fsvg%27%20width%3D%2720%27%20height%3D%2722%27%20viewBox%3D%270%200%2020%2022%27%3E%3Crect%20width%3D%2720%27%20height%3D%2722%27%20fill-opacity%3D%220%22%2F%3E%3C%2Fsvg%3E\" data-orig-src=\"https:\/\/levasseur.org\/wp-content\/uploads\/2020\/10\/fullscreen.jpg\" alt=\"\" width=\"20\" height=\"22\" \/><\/a> icon at the bottom if you want to view the bulletin in full screen<\/h3>\n<h4 style=\"text-align: right;\">You can also download a PDF version of this document <a href=\"https:\/\/levasseur.org\/infos\/a\/20210101.pdf\">by clicking on this link<\/a><\/h4>\n<div class=\"_df_book df-container df-loading \"  data-slug=\"newsletter_012021\" data-_slug=\"newsletter_012021\" _slug=\"newsletter_012021\" data-title=\"newsletter_012021\" id=\"df_16068\" data-df-option=\"df_option_16068\" ><\/div><script class=\"df-shortcode-script\" nowprocket type=\"application\/javascript\">window.df_option_16068 = {\"source\":\"https:\\\/\\\/levasseur.org\\\/wp-content\\\/uploads\\\/2020\\\/12\\\/20210101_A_Final.pdf\",\"outline\":[],\"autoEnableOutline\":false,\"autoEnableThumbnail\":false,\"overwritePDFOutline\":false,\"pageSize\":\"0\",\"direction\":\"1\",\"slug\":\"newsletter_012021\",\"wpOptions\":\"true\",\"id\":16068}; if(window.DFLIP && window.DFLIP.parseBooks){window.DFLIP.parseBooks();}<\/script>\n","protected":false},"excerpt":{"rendered":"<p>Levasseur Newsletter &#8211;\u00a0January 2021 edition Click on the &#8220;Toggle Full  [&#8230;]<\/p>\n","protected":false},"author":1,"featured_media":0,"parent":0,"menu_order":0,"comment_status":"closed","ping_status":"closed","template":"","meta":{"footnotes":""},"class_list":["post-16077","page","type-page","status-publish","hentry"],"yoast_head":"<!-- This site is optimized with the Yoast SEO plugin v27.3 - https:\/\/yoast.com\/product\/yoast-seo-wordpress\/ -->\n<title>Newsletter - January 2021 - Levasseur Association of America Inc<\/title>\n<meta name=\"description\" content=\"L\u2019Association des Levasseur et Carmel d\u2019Am\u00e9rique vous permet de consulter : documents historiques concernant les anc\u00eatres Jean, Pierre et Laurent Levasseur arriv\u00e9s en Nouvelle-France au 17e si\u00e8cle. Informations, objectifs, activit\u00e9s et rassemblements.\" \/>\n<meta name=\"robots\" content=\"index, follow, max-snippet:-1, max-image-preview:large, max-video-preview:-1\" \/>\n<link rel=\"canonical\" href=\"https:\/\/levasseur.org\/en\/newsletter-january-2021\/\" \/>\n<meta property=\"og:locale\" content=\"en_US\" \/>\n<meta property=\"og:type\" content=\"article\" \/>\n<meta property=\"og:title\" content=\"Newsletter - January 2021 - Levasseur Association of America Inc\" \/>\n<meta property=\"og:description\" content=\"L\u2019Association des Levasseur et Carmel d\u2019Am\u00e9rique vous permet de consulter : documents historiques concernant les anc\u00eatres Jean, Pierre et Laurent Levasseur arriv\u00e9s en Nouvelle-France au 17e si\u00e8cle. Informations, objectifs, activit\u00e9s et rassemblements.\" \/>\n<meta property=\"og:url\" content=\"https:\/\/levasseur.org\/en\/newsletter-january-2021\/\" \/>\n<meta property=\"og:site_name\" content=\"Levasseur Association of America Inc\" \/>\n<meta property=\"article:publisher\" content=\"https:\/\/www.facebook.com\/associationlevasseur\" \/>\n<meta property=\"article:modified_time\" content=\"2021-01-02T14:48:10+00:00\" \/>\n<meta property=\"og:image\" content=\"https:\/\/levasseur.org\/wp-content\/uploads\/2020\/10\/fullscreen.jpg\" \/>\n<meta name=\"twitter:card\" content=\"summary_large_image\" \/>\n<script type=\"application\/ld+json\" class=\"yoast-schema-graph\">{\"@context\":\"https:\\\/\\\/schema.org\",\"@graph\":[{\"@type\":\"WebPage\",\"@id\":\"https:\\\/\\\/levasseur.org\\\/en\\\/newsletter-january-2021\\\/\",\"url\":\"https:\\\/\\\/levasseur.org\\\/en\\\/newsletter-january-2021\\\/\",\"name\":\"Newsletter - January 2021 - Levasseur Association of America Inc\",\"isPartOf\":{\"@id\":\"https:\\\/\\\/levasseur.org\\\/fr\\\/#website\"},\"primaryImageOfPage\":{\"@id\":\"https:\\\/\\\/levasseur.org\\\/en\\\/newsletter-january-2021\\\/#primaryimage\"},\"image\":{\"@id\":\"https:\\\/\\\/levasseur.org\\\/en\\\/newsletter-january-2021\\\/#primaryimage\"},\"thumbnailUrl\":\"https:\\\/\\\/levasseur.org\\\/wp-content\\\/uploads\\\/2020\\\/10\\\/fullscreen.jpg\",\"datePublished\":\"2020-12-04T20:31:53+00:00\",\"dateModified\":\"2021-01-02T14:48:10+00:00\",\"description\":\"L\u2019Association des Levasseur et Carmel d\u2019Am\u00e9rique vous permet de consulter : documents historiques concernant les anc\u00eatres Jean, Pierre et Laurent Levasseur arriv\u00e9s en Nouvelle-France au 17e si\u00e8cle. Informations, objectifs, activit\u00e9s et rassemblements.\",\"breadcrumb\":{\"@id\":\"https:\\\/\\\/levasseur.org\\\/en\\\/newsletter-january-2021\\\/#breadcrumb\"},\"inLanguage\":\"en-US\",\"potentialAction\":[{\"@type\":\"ReadAction\",\"target\":[\"https:\\\/\\\/levasseur.org\\\/en\\\/newsletter-january-2021\\\/\"]}]},{\"@type\":\"ImageObject\",\"inLanguage\":\"en-US\",\"@id\":\"https:\\\/\\\/levasseur.org\\\/en\\\/newsletter-january-2021\\\/#primaryimage\",\"url\":\"https:\\\/\\\/levasseur.org\\\/wp-content\\\/uploads\\\/2020\\\/10\\\/fullscreen.jpg\",\"contentUrl\":\"https:\\\/\\\/levasseur.org\\\/wp-content\\\/uploads\\\/2020\\\/10\\\/fullscreen.jpg\"},{\"@type\":\"BreadcrumbList\",\"@id\":\"https:\\\/\\\/levasseur.org\\\/en\\\/newsletter-january-2021\\\/#breadcrumb\",\"itemListElement\":[{\"@type\":\"ListItem\",\"position\":1,\"name\":\"Accueil\",\"item\":\"https:\\\/\\\/levasseur.org\\\/en\\\/\"},{\"@type\":\"ListItem\",\"position\":2,\"name\":\"Newsletter &#8211; January 2021\"}]},{\"@type\":\"WebSite\",\"@id\":\"https:\\\/\\\/levasseur.org\\\/fr\\\/#website\",\"url\":\"https:\\\/\\\/levasseur.org\\\/fr\\\/\",\"name\":\"Familles Levasseur & Carmel\",\"description\":\"Du mieux que je puis\",\"publisher\":{\"@id\":\"https:\\\/\\\/levasseur.org\\\/fr\\\/#organization\"},\"potentialAction\":[{\"@type\":\"SearchAction\",\"target\":{\"@type\":\"EntryPoint\",\"urlTemplate\":\"https:\\\/\\\/levasseur.org\\\/fr\\\/?s={search_term_string}\"},\"query-input\":{\"@type\":\"PropertyValueSpecification\",\"valueRequired\":true,\"valueName\":\"search_term_string\"}}],\"inLanguage\":\"en-US\"},{\"@type\":\"Organization\",\"@id\":\"https:\\\/\\\/levasseur.org\\\/fr\\\/#organization\",\"name\":\"Association des Levasseur d'Am\u00e9rique\",\"url\":\"https:\\\/\\\/levasseur.org\\\/fr\\\/\",\"logo\":{\"@type\":\"ImageObject\",\"inLanguage\":\"en-US\",\"@id\":\"https:\\\/\\\/levasseur.org\\\/fr\\\/#\\\/schema\\\/logo\\\/image\\\/\",\"url\":\"https:\\\/\\\/levasseur.org\\\/wp-content\\\/uploads\\\/2019\\\/04\\\/blason_nouv.gif\",\"contentUrl\":\"https:\\\/\\\/levasseur.org\\\/wp-content\\\/uploads\\\/2019\\\/04\\\/blason_nouv.gif\",\"width\":500,\"height\":487,\"caption\":\"Association des Levasseur d'Am\u00e9rique\"},\"image\":{\"@id\":\"https:\\\/\\\/levasseur.org\\\/fr\\\/#\\\/schema\\\/logo\\\/image\\\/\"},\"sameAs\":[\"https:\\\/\\\/www.facebook.com\\\/associationlevasseur\"]}]}<\/script>\n<!-- \/ Yoast SEO plugin. -->","yoast_head_json":{"title":"Newsletter - January 2021 - Levasseur Association of America Inc","description":"L\u2019Association des Levasseur et Carmel d\u2019Am\u00e9rique vous permet de consulter : documents historiques concernant les anc\u00eatres Jean, Pierre et Laurent Levasseur arriv\u00e9s en Nouvelle-France au 17e si\u00e8cle. Informations, objectifs, activit\u00e9s et rassemblements.","robots":{"index":"index","follow":"follow","max-snippet":"max-snippet:-1","max-image-preview":"max-image-preview:large","max-video-preview":"max-video-preview:-1"},"canonical":"https:\/\/levasseur.org\/en\/newsletter-january-2021\/","og_locale":"en_US","og_type":"article","og_title":"Newsletter - January 2021 - Levasseur Association of America Inc","og_description":"L\u2019Association des Levasseur et Carmel d\u2019Am\u00e9rique vous permet de consulter : documents historiques concernant les anc\u00eatres Jean, Pierre et Laurent Levasseur arriv\u00e9s en Nouvelle-France au 17e si\u00e8cle. Informations, objectifs, activit\u00e9s et rassemblements.","og_url":"https:\/\/levasseur.org\/en\/newsletter-january-2021\/","og_site_name":"Levasseur Association of America Inc","article_publisher":"https:\/\/www.facebook.com\/associationlevasseur","article_modified_time":"2021-01-02T14:48:10+00:00","og_image":[{"url":"https:\/\/levasseur.org\/wp-content\/uploads\/2020\/10\/fullscreen.jpg","type":"","width":"","height":""}],"twitter_card":"summary_large_image","schema":{"@context":"https:\/\/schema.org","@graph":[{"@type":"WebPage","@id":"https:\/\/levasseur.org\/en\/newsletter-january-2021\/","url":"https:\/\/levasseur.org\/en\/newsletter-january-2021\/","name":"Newsletter - January 2021 - Levasseur Association of America Inc","isPartOf":{"@id":"https:\/\/levasseur.org\/fr\/#website"},"primaryImageOfPage":{"@id":"https:\/\/levasseur.org\/en\/newsletter-january-2021\/#primaryimage"},"image":{"@id":"https:\/\/levasseur.org\/en\/newsletter-january-2021\/#primaryimage"},"thumbnailUrl":"https:\/\/levasseur.org\/wp-content\/uploads\/2020\/10\/fullscreen.jpg","datePublished":"2020-12-04T20:31:53+00:00","dateModified":"2021-01-02T14:48:10+00:00","description":"L\u2019Association des Levasseur et Carmel d\u2019Am\u00e9rique vous permet de consulter : documents historiques concernant les anc\u00eatres Jean, Pierre et Laurent Levasseur arriv\u00e9s en Nouvelle-France au 17e si\u00e8cle. Informations, objectifs, activit\u00e9s et rassemblements.","breadcrumb":{"@id":"https:\/\/levasseur.org\/en\/newsletter-january-2021\/#breadcrumb"},"inLanguage":"en-US","potentialAction":[{"@type":"ReadAction","target":["https:\/\/levasseur.org\/en\/newsletter-january-2021\/"]}]},{"@type":"ImageObject","inLanguage":"en-US","@id":"https:\/\/levasseur.org\/en\/newsletter-january-2021\/#primaryimage","url":"https:\/\/levasseur.org\/wp-content\/uploads\/2020\/10\/fullscreen.jpg","contentUrl":"https:\/\/levasseur.org\/wp-content\/uploads\/2020\/10\/fullscreen.jpg"},{"@type":"BreadcrumbList","@id":"https:\/\/levasseur.org\/en\/newsletter-january-2021\/#breadcrumb","itemListElement":[{"@type":"ListItem","position":1,"name":"Accueil","item":"https:\/\/levasseur.org\/en\/"},{"@type":"ListItem","position":2,"name":"Newsletter &#8211; January 2021"}]},{"@type":"WebSite","@id":"https:\/\/levasseur.org\/fr\/#website","url":"https:\/\/levasseur.org\/fr\/","name":"Familles Levasseur & Carmel","description":"Du mieux que je puis","publisher":{"@id":"https:\/\/levasseur.org\/fr\/#organization"},"potentialAction":[{"@type":"SearchAction","target":{"@type":"EntryPoint","urlTemplate":"https:\/\/levasseur.org\/fr\/?s={search_term_string}"},"query-input":{"@type":"PropertyValueSpecification","valueRequired":true,"valueName":"search_term_string"}}],"inLanguage":"en-US"},{"@type":"Organization","@id":"https:\/\/levasseur.org\/fr\/#organization","name":"Association des Levasseur d'Am\u00e9rique","url":"https:\/\/levasseur.org\/fr\/","logo":{"@type":"ImageObject","inLanguage":"en-US","@id":"https:\/\/levasseur.org\/fr\/#\/schema\/logo\/image\/","url":"https:\/\/levasseur.org\/wp-content\/uploads\/2019\/04\/blason_nouv.gif","contentUrl":"https:\/\/levasseur.org\/wp-content\/uploads\/2019\/04\/blason_nouv.gif","width":500,"height":487,"caption":"Association des Levasseur d'Am\u00e9rique"},"image":{"@id":"https:\/\/levasseur.org\/fr\/#\/schema\/logo\/image\/"},"sameAs":["https:\/\/www.facebook.com\/associationlevasseur"]}]}},"_links":{"self":[{"href":"https:\/\/levasseur.org\/en\/wp-json\/wp\/v2\/pages\/16077","targetHints":{"allow":["GET"]}}],"collection":[{"href":"https:\/\/levasseur.org\/en\/wp-json\/wp\/v2\/pages"}],"about":[{"href":"https:\/\/levasseur.org\/en\/wp-json\/wp\/v2\/types\/page"}],"author":[{"embeddable":true,"href":"https:\/\/levasseur.org\/en\/wp-json\/wp\/v2\/users\/1"}],"replies":[{"embeddable":true,"href":"https:\/\/levasseur.org\/en\/wp-json\/wp\/v2\/comments?post=16077"}],"version-history":[{"count":0,"href":"https:\/\/levasseur.org\/en\/wp-json\/wp\/v2\/pages\/16077\/revisions"}],"wp:attachment":[{"href":"https:\/\/levasseur.org\/en\/wp-json\/wp\/v2\/media?parent=16077"}],"curies":[{"name":"wp","href":"https:\/\/api.w.org\/{rel}","templated":true}]}}