{"id":13589,"date":"2019-04-07T17:05:18","date_gmt":"2019-04-07T21:05:18","guid":{"rendered":"https:\/\/levasseur.org\/?page_id=13589"},"modified":"2025-12-06T06:47:44","modified_gmt":"2025-12-06T11:47:44","slug":"board-of-directors","status":"publish","type":"page","link":"https:\/\/levasseur.org\/en\/board-of-directors\/","title":{"rendered":"Board of directors"},"content":{"rendered":"<h1 style=\"text-align: center;\">Board of directors 2025-2026<br \/>\nLevasseur and Carmel Family Association<\/h1>\n<hr \/>\n<ul>\n<li>President: <strong>Guy Levasseur<\/strong>, Saint-Calixte, QC, CA (<a href=\"mailto:president@levasseur.org\">president@levasseur.org<\/a>)<\/li>\n<li>Vice-president (Canada): <strong>Karen LeVasseur<\/strong>, Ottawa, ON, CA (<a href=\"mailto:karen@levasseur.org\">karen@levasseur.org<\/a>)<\/li>\n<li>Vice-president (USA): <strong>Cheryl Vassaur<\/strong>, Salt Lake City, UT, USA (<a href=\"mailto:cheryl@levasseur.org\">cheryl@levasseur.org<\/a>) (*)<\/li>\n<li>Treasurer: <strong>Pierre LeVasseur<\/strong>, Ottawa, ON, CA (<a href=\"mailto:tresorier@levasseur.org\">tresorier@levasseur.org<\/a>)<\/li>\n<li>Director: <strong>Lisa LeVasseur<\/strong>, Las Vegas, NV, USA (<a href=\"mailto:lisa@levasseur.org\">lisa@levasseur.org<\/a>)<\/li>\n<li>Secretary: <strong>Joyce Adams<\/strong>, Thousand Oaks, CA, USA (<a href=\"mailto:joyce@levasseur.org\">joyce@levasseur.org<\/a>)<\/li>\n<\/ul>\n<p style=\"text-align: right;\"><em>(*) Visit the Vassaur families website at <a href=\"https:\/\/vassaur.org\">https:\/\/vassaur.org<\/a><\/em><\/p>\n<hr \/>\n<p style=\"text-align: left;\"><strong>Collaborators to the Association (In alphabetical order of responsibilities):<\/strong><\/p>\n<ol>\n<li>Help with genealogy: <strong>Lynda Levasseur<\/strong>, Kamouraska, Qc, CA (<a href=\"mailto:lynda@levasseur.org\">lynda@levasseur.org<\/a>)<\/li>\n<li>Recorder of obituaries and database Website: <strong>Gilles Carmel<\/strong>, N.D.-des-Prairies, Qc, CA (<a href=\"mailto:membership@levasseur.org\">membership@levasseur.org<\/a>)<\/li>\n<li>Social network (Facebook): <strong>Carmen Trottier<\/strong>, Longueuil, Qc, CA\u00a0\u00a0(<a href=\"mailto:carment@videotron.ca\">carment@videotron.ca<\/a>)<\/li>\n<li>Texts translation: <strong>Pierre LeVasseur<\/strong>, Ottawa, On, CA (<a href=\"mailto:pierre@levasseur.org\">pierre@levasseur.org<\/a>)<\/li>\n<li>Webmaster &amp; YouTube channel: \u00a0<strong>Jean-Pierre Levasseur<\/strong>, Qu\u00e9bec, Qc, CA (<a href=\"mailto:jean-pierre@levasseur.org\">jean-pierre@levasseur.org<\/a>)<\/li>\n<\/ol>\n<p>Join our team of volunteers,\u00a0<a href=\"mailto:webmaster@levasseur.org\">contact-us <\/a>!<\/p>\n","protected":false},"excerpt":{"rendered":"<p>Board of directors 2025-2026 Levasseur and Carmel Family Association President:  [&#8230;]<\/p>\n","protected":false},"author":1,"featured_media":0,"parent":0,"menu_order":0,"comment_status":"closed","ping_status":"closed","template":"","meta":{"footnotes":""},"class_list":["post-13589","page","type-page","status-publish","hentry"],"yoast_head":"<!-- This site is optimized with the Yoast SEO plugin v27.5 - https:\/\/yoast.com\/product\/yoast-seo-wordpress\/ -->\n<title>Board of directors - Levasseur Association of America Inc<\/title>\n<meta name=\"description\" content=\"L\u2019Association des Levasseur et Carmel d\u2019Am\u00e9rique vous permet de consulter : documents historiques concernant les anc\u00eatres Jean, Pierre et Laurent Levasseur arriv\u00e9s en Nouvelle-France au 17e si\u00e8cle. Informations, objectifs, activit\u00e9s et rassemblements.\" \/>\n<meta name=\"robots\" content=\"index, follow, max-snippet:-1, max-image-preview:large, max-video-preview:-1\" \/>\n<link rel=\"canonical\" href=\"https:\/\/levasseur.org\/en\/board-of-directors\/\" \/>\n<meta property=\"og:locale\" content=\"en_US\" \/>\n<meta property=\"og:type\" content=\"article\" \/>\n<meta property=\"og:title\" content=\"Board of directors - Levasseur Association of America Inc\" \/>\n<meta property=\"og:description\" content=\"L\u2019Association des Levasseur et Carmel d\u2019Am\u00e9rique vous permet de consulter : documents historiques concernant les anc\u00eatres Jean, Pierre et Laurent Levasseur arriv\u00e9s en Nouvelle-France au 17e si\u00e8cle. Informations, objectifs, activit\u00e9s et rassemblements.\" \/>\n<meta property=\"og:url\" content=\"https:\/\/levasseur.org\/en\/board-of-directors\/\" \/>\n<meta property=\"og:site_name\" content=\"Levasseur Association of America Inc\" \/>\n<meta property=\"article:publisher\" content=\"https:\/\/www.facebook.com\/associationlevasseur\" \/>\n<meta property=\"article:modified_time\" content=\"2025-12-06T11:47:44+00:00\" \/>\n<meta name=\"twitter:card\" content=\"summary_large_image\" \/>\n<meta name=\"twitter:label1\" content=\"Est. reading time\" \/>\n\t<meta name=\"twitter:data1\" content=\"1 minute\" \/>\n<script type=\"application\/ld+json\" class=\"yoast-schema-graph\">{\"@context\":\"https:\\\/\\\/schema.org\",\"@graph\":[{\"@type\":\"WebPage\",\"@id\":\"https:\\\/\\\/levasseur.org\\\/en\\\/board-of-directors\\\/\",\"url\":\"https:\\\/\\\/levasseur.org\\\/en\\\/board-of-directors\\\/\",\"name\":\"Board of directors - Levasseur Association of America Inc\",\"isPartOf\":{\"@id\":\"https:\\\/\\\/levasseur.org\\\/fr\\\/#website\"},\"datePublished\":\"2019-04-07T21:05:18+00:00\",\"dateModified\":\"2025-12-06T11:47:44+00:00\",\"description\":\"L\u2019Association des Levasseur et Carmel d\u2019Am\u00e9rique vous permet de consulter : documents historiques concernant les anc\u00eatres Jean, Pierre et Laurent Levasseur arriv\u00e9s en Nouvelle-France au 17e si\u00e8cle. Informations, objectifs, activit\u00e9s et rassemblements.\",\"breadcrumb\":{\"@id\":\"https:\\\/\\\/levasseur.org\\\/en\\\/board-of-directors\\\/#breadcrumb\"},\"inLanguage\":\"en-US\",\"potentialAction\":[{\"@type\":\"ReadAction\",\"target\":[\"https:\\\/\\\/levasseur.org\\\/en\\\/board-of-directors\\\/\"]}]},{\"@type\":\"BreadcrumbList\",\"@id\":\"https:\\\/\\\/levasseur.org\\\/en\\\/board-of-directors\\\/#breadcrumb\",\"itemListElement\":[{\"@type\":\"ListItem\",\"position\":1,\"name\":\"Accueil\",\"item\":\"https:\\\/\\\/levasseur.org\\\/en\\\/\"},{\"@type\":\"ListItem\",\"position\":2,\"name\":\"Board of directors\"}]},{\"@type\":\"WebSite\",\"@id\":\"https:\\\/\\\/levasseur.org\\\/fr\\\/#website\",\"url\":\"https:\\\/\\\/levasseur.org\\\/fr\\\/\",\"name\":\"Familles Levasseur & Carmel\",\"description\":\"Du mieux que je puis\",\"publisher\":{\"@id\":\"https:\\\/\\\/levasseur.org\\\/fr\\\/#organization\"},\"potentialAction\":[{\"@type\":\"SearchAction\",\"target\":{\"@type\":\"EntryPoint\",\"urlTemplate\":\"https:\\\/\\\/levasseur.org\\\/fr\\\/?s={search_term_string}\"},\"query-input\":{\"@type\":\"PropertyValueSpecification\",\"valueRequired\":true,\"valueName\":\"search_term_string\"}}],\"inLanguage\":\"en-US\"},{\"@type\":\"Organization\",\"@id\":\"https:\\\/\\\/levasseur.org\\\/fr\\\/#organization\",\"name\":\"Association des Levasseur d'Am\u00e9rique\",\"url\":\"https:\\\/\\\/levasseur.org\\\/fr\\\/\",\"logo\":{\"@type\":\"ImageObject\",\"inLanguage\":\"en-US\",\"@id\":\"https:\\\/\\\/levasseur.org\\\/fr\\\/#\\\/schema\\\/logo\\\/image\\\/\",\"url\":\"https:\\\/\\\/levasseur.org\\\/wp-content\\\/uploads\\\/2019\\\/04\\\/blason_nouv.gif\",\"contentUrl\":\"https:\\\/\\\/levasseur.org\\\/wp-content\\\/uploads\\\/2019\\\/04\\\/blason_nouv.gif\",\"width\":500,\"height\":487,\"caption\":\"Association des Levasseur d'Am\u00e9rique\"},\"image\":{\"@id\":\"https:\\\/\\\/levasseur.org\\\/fr\\\/#\\\/schema\\\/logo\\\/image\\\/\"},\"sameAs\":[\"https:\\\/\\\/www.facebook.com\\\/associationlevasseur\"]}]}<\/script>\n<!-- \/ Yoast SEO plugin. -->","yoast_head_json":{"title":"Board of directors - Levasseur Association of America Inc","description":"L\u2019Association des Levasseur et Carmel d\u2019Am\u00e9rique vous permet de consulter : documents historiques concernant les anc\u00eatres Jean, Pierre et Laurent Levasseur arriv\u00e9s en Nouvelle-France au 17e si\u00e8cle. Informations, objectifs, activit\u00e9s et rassemblements.","robots":{"index":"index","follow":"follow","max-snippet":"max-snippet:-1","max-image-preview":"max-image-preview:large","max-video-preview":"max-video-preview:-1"},"canonical":"https:\/\/levasseur.org\/en\/board-of-directors\/","og_locale":"en_US","og_type":"article","og_title":"Board of directors - Levasseur Association of America Inc","og_description":"L\u2019Association des Levasseur et Carmel d\u2019Am\u00e9rique vous permet de consulter : documents historiques concernant les anc\u00eatres Jean, Pierre et Laurent Levasseur arriv\u00e9s en Nouvelle-France au 17e si\u00e8cle. Informations, objectifs, activit\u00e9s et rassemblements.","og_url":"https:\/\/levasseur.org\/en\/board-of-directors\/","og_site_name":"Levasseur Association of America Inc","article_publisher":"https:\/\/www.facebook.com\/associationlevasseur","article_modified_time":"2025-12-06T11:47:44+00:00","twitter_card":"summary_large_image","twitter_misc":{"Est. reading time":"1 minute"},"schema":{"@context":"https:\/\/schema.org","@graph":[{"@type":"WebPage","@id":"https:\/\/levasseur.org\/en\/board-of-directors\/","url":"https:\/\/levasseur.org\/en\/board-of-directors\/","name":"Board of directors - Levasseur Association of America Inc","isPartOf":{"@id":"https:\/\/levasseur.org\/fr\/#website"},"datePublished":"2019-04-07T21:05:18+00:00","dateModified":"2025-12-06T11:47:44+00:00","description":"L\u2019Association des Levasseur et Carmel d\u2019Am\u00e9rique vous permet de consulter : documents historiques concernant les anc\u00eatres Jean, Pierre et Laurent Levasseur arriv\u00e9s en Nouvelle-France au 17e si\u00e8cle. Informations, objectifs, activit\u00e9s et rassemblements.","breadcrumb":{"@id":"https:\/\/levasseur.org\/en\/board-of-directors\/#breadcrumb"},"inLanguage":"en-US","potentialAction":[{"@type":"ReadAction","target":["https:\/\/levasseur.org\/en\/board-of-directors\/"]}]},{"@type":"BreadcrumbList","@id":"https:\/\/levasseur.org\/en\/board-of-directors\/#breadcrumb","itemListElement":[{"@type":"ListItem","position":1,"name":"Accueil","item":"https:\/\/levasseur.org\/en\/"},{"@type":"ListItem","position":2,"name":"Board of directors"}]},{"@type":"WebSite","@id":"https:\/\/levasseur.org\/fr\/#website","url":"https:\/\/levasseur.org\/fr\/","name":"Familles Levasseur & Carmel","description":"Du mieux que je puis","publisher":{"@id":"https:\/\/levasseur.org\/fr\/#organization"},"potentialAction":[{"@type":"SearchAction","target":{"@type":"EntryPoint","urlTemplate":"https:\/\/levasseur.org\/fr\/?s={search_term_string}"},"query-input":{"@type":"PropertyValueSpecification","valueRequired":true,"valueName":"search_term_string"}}],"inLanguage":"en-US"},{"@type":"Organization","@id":"https:\/\/levasseur.org\/fr\/#organization","name":"Association des Levasseur d'Am\u00e9rique","url":"https:\/\/levasseur.org\/fr\/","logo":{"@type":"ImageObject","inLanguage":"en-US","@id":"https:\/\/levasseur.org\/fr\/#\/schema\/logo\/image\/","url":"https:\/\/levasseur.org\/wp-content\/uploads\/2019\/04\/blason_nouv.gif","contentUrl":"https:\/\/levasseur.org\/wp-content\/uploads\/2019\/04\/blason_nouv.gif","width":500,"height":487,"caption":"Association des Levasseur d'Am\u00e9rique"},"image":{"@id":"https:\/\/levasseur.org\/fr\/#\/schema\/logo\/image\/"},"sameAs":["https:\/\/www.facebook.com\/associationlevasseur"]}]}},"_links":{"self":[{"href":"https:\/\/levasseur.org\/en\/wp-json\/wp\/v2\/pages\/13589","targetHints":{"allow":["GET"]}}],"collection":[{"href":"https:\/\/levasseur.org\/en\/wp-json\/wp\/v2\/pages"}],"about":[{"href":"https:\/\/levasseur.org\/en\/wp-json\/wp\/v2\/types\/page"}],"author":[{"embeddable":true,"href":"https:\/\/levasseur.org\/en\/wp-json\/wp\/v2\/users\/1"}],"replies":[{"embeddable":true,"href":"https:\/\/levasseur.org\/en\/wp-json\/wp\/v2\/comments?post=13589"}],"version-history":[{"count":9,"href":"https:\/\/levasseur.org\/en\/wp-json\/wp\/v2\/pages\/13589\/revisions"}],"predecessor-version":[{"id":29734,"href":"https:\/\/levasseur.org\/en\/wp-json\/wp\/v2\/pages\/13589\/revisions\/29734"}],"wp:attachment":[{"href":"https:\/\/levasseur.org\/en\/wp-json\/wp\/v2\/media?parent=13589"}],"curies":[{"name":"wp","href":"https:\/\/api.w.org\/{rel}","templated":true}]}}