{"id":13550,"date":"2019-04-06T15:50:08","date_gmt":"2019-04-06T19:50:08","guid":{"rendered":"https:\/\/levasseur.org\/?page_id=13550"},"modified":"2026-02-21T07:22:58","modified_gmt":"2026-02-21T12:22:58","slug":"fiche-de-collecte","status":"publish","type":"page","link":"https:\/\/levasseur.org\/en\/fiche-de-collecte\/","title":{"rendered":"Family file"},"content":{"rendered":"<h1 style=\"text-align: center;\">Your family file<\/h1>\n<hr \/>\n<p>You are invited to provide us with genealogical information about your family to complement our valuable database. Thank you !<\/p>\n<p style=\"padding-left: 40px;\">You do not need to fill all of the spaces. If you do not have the information for certain persons or dates, leave a blank space or indicate N.A. (non applicable).<\/p>\n<p>IMPORTANT: Use the TAB key to move from one space to another. Once you have completed the form, you may send it by clicking on \u201cSUBMIT\u201d at the end of the form.<\/p>\n<p>Do NOT use the ENTER key, which would result in sending the form before it is completed. If this should happen inadvertently, just click on \u201cPREVIOUS PAGE\u201d and complete the form, then click on \u201cSUBMIT\u201d. Use the \u201cCANCEL\u201d key sparingly since it will erase all spaces. If this should happen inadvertently, just click on \u201cPREVIOUS PAGE\u201d and complete the form, then click on \u201cSUBMIT\u201d.<\/p>\n<p>If you wish to convey special information, you may use the space entitled \u201cNotes or details\u201d to indicate your comments.<\/p>\n<p>For reasons of uniformity, please indicate dates as follows: dd\/mm\/yyyy, for example 19\/06\/1956 for June 19, 1956.<\/p>\n<hr \/>\n<p>En travail. Contactez nous<\/p>\n<p>&nbsp;<\/p>\n<p>&nbsp;<\/p>\n<p>&nbsp;<\/p>\n<p>&nbsp;<\/p>\n","protected":false},"excerpt":{"rendered":"<p>Your family file You are invited to provide us with  [&#8230;]<\/p>\n","protected":false},"author":1,"featured_media":0,"parent":0,"menu_order":0,"comment_status":"closed","ping_status":"closed","template":"","meta":{"footnotes":""},"class_list":["post-13550","page","type-page","status-publish","hentry"],"yoast_head":"<!-- This site is optimized with the Yoast SEO plugin v27.4 - https:\/\/yoast.com\/product\/yoast-seo-wordpress\/ -->\n<title>Family file - Levasseur Association of America Inc<\/title>\n<meta name=\"description\" content=\"L\u2019Association des Levasseur et Carmel d\u2019Am\u00e9rique vous permet de consulter : documents historiques concernant les anc\u00eatres Jean, Pierre et Laurent Levasseur arriv\u00e9s en Nouvelle-France au 17e si\u00e8cle. Informations, objectifs, activit\u00e9s et rassemblements.\" \/>\n<meta name=\"robots\" content=\"index, follow, max-snippet:-1, max-image-preview:large, max-video-preview:-1\" \/>\n<link rel=\"canonical\" href=\"https:\/\/levasseur.org\/en\/fiche-de-collecte\/\" \/>\n<meta property=\"og:locale\" content=\"en_US\" \/>\n<meta property=\"og:type\" content=\"article\" \/>\n<meta property=\"og:title\" content=\"Family file - Levasseur Association of America Inc\" \/>\n<meta property=\"og:description\" content=\"L\u2019Association des Levasseur et Carmel d\u2019Am\u00e9rique vous permet de consulter : documents historiques concernant les anc\u00eatres Jean, Pierre et Laurent Levasseur arriv\u00e9s en Nouvelle-France au 17e si\u00e8cle. Informations, objectifs, activit\u00e9s et rassemblements.\" \/>\n<meta property=\"og:url\" content=\"https:\/\/levasseur.org\/en\/fiche-de-collecte\/\" \/>\n<meta property=\"og:site_name\" content=\"Levasseur Association of America Inc\" \/>\n<meta property=\"article:publisher\" content=\"https:\/\/www.facebook.com\/associationlevasseur\" \/>\n<meta property=\"article:modified_time\" content=\"2026-02-21T12:22:58+00:00\" \/>\n<meta name=\"twitter:card\" content=\"summary_large_image\" \/>\n<meta name=\"twitter:label1\" content=\"Est. reading time\" \/>\n\t<meta name=\"twitter:data1\" content=\"1 minute\" \/>\n<script type=\"application\/ld+json\" class=\"yoast-schema-graph\">{\"@context\":\"https:\\\/\\\/schema.org\",\"@graph\":[{\"@type\":\"WebPage\",\"@id\":\"https:\\\/\\\/levasseur.org\\\/en\\\/fiche-de-collecte\\\/\",\"url\":\"https:\\\/\\\/levasseur.org\\\/en\\\/fiche-de-collecte\\\/\",\"name\":\"Family file - Levasseur Association of America Inc\",\"isPartOf\":{\"@id\":\"https:\\\/\\\/levasseur.org\\\/fr\\\/#website\"},\"datePublished\":\"2019-04-06T19:50:08+00:00\",\"dateModified\":\"2026-02-21T12:22:58+00:00\",\"description\":\"L\u2019Association des Levasseur et Carmel d\u2019Am\u00e9rique vous permet de consulter : documents historiques concernant les anc\u00eatres Jean, Pierre et Laurent Levasseur arriv\u00e9s en Nouvelle-France au 17e si\u00e8cle. Informations, objectifs, activit\u00e9s et rassemblements.\",\"breadcrumb\":{\"@id\":\"https:\\\/\\\/levasseur.org\\\/en\\\/fiche-de-collecte\\\/#breadcrumb\"},\"inLanguage\":\"en-US\",\"potentialAction\":[{\"@type\":\"ReadAction\",\"target\":[\"https:\\\/\\\/levasseur.org\\\/en\\\/fiche-de-collecte\\\/\"]}]},{\"@type\":\"BreadcrumbList\",\"@id\":\"https:\\\/\\\/levasseur.org\\\/en\\\/fiche-de-collecte\\\/#breadcrumb\",\"itemListElement\":[{\"@type\":\"ListItem\",\"position\":1,\"name\":\"Accueil\",\"item\":\"https:\\\/\\\/levasseur.org\\\/en\\\/\"},{\"@type\":\"ListItem\",\"position\":2,\"name\":\"Family file\"}]},{\"@type\":\"WebSite\",\"@id\":\"https:\\\/\\\/levasseur.org\\\/fr\\\/#website\",\"url\":\"https:\\\/\\\/levasseur.org\\\/fr\\\/\",\"name\":\"Familles Levasseur & Carmel\",\"description\":\"Du mieux que je puis\",\"publisher\":{\"@id\":\"https:\\\/\\\/levasseur.org\\\/fr\\\/#organization\"},\"potentialAction\":[{\"@type\":\"SearchAction\",\"target\":{\"@type\":\"EntryPoint\",\"urlTemplate\":\"https:\\\/\\\/levasseur.org\\\/fr\\\/?s={search_term_string}\"},\"query-input\":{\"@type\":\"PropertyValueSpecification\",\"valueRequired\":true,\"valueName\":\"search_term_string\"}}],\"inLanguage\":\"en-US\"},{\"@type\":\"Organization\",\"@id\":\"https:\\\/\\\/levasseur.org\\\/fr\\\/#organization\",\"name\":\"Association des Levasseur d'Am\u00e9rique\",\"url\":\"https:\\\/\\\/levasseur.org\\\/fr\\\/\",\"logo\":{\"@type\":\"ImageObject\",\"inLanguage\":\"en-US\",\"@id\":\"https:\\\/\\\/levasseur.org\\\/fr\\\/#\\\/schema\\\/logo\\\/image\\\/\",\"url\":\"https:\\\/\\\/levasseur.org\\\/wp-content\\\/uploads\\\/2019\\\/04\\\/blason_nouv.gif\",\"contentUrl\":\"https:\\\/\\\/levasseur.org\\\/wp-content\\\/uploads\\\/2019\\\/04\\\/blason_nouv.gif\",\"width\":500,\"height\":487,\"caption\":\"Association des Levasseur d'Am\u00e9rique\"},\"image\":{\"@id\":\"https:\\\/\\\/levasseur.org\\\/fr\\\/#\\\/schema\\\/logo\\\/image\\\/\"},\"sameAs\":[\"https:\\\/\\\/www.facebook.com\\\/associationlevasseur\"]}]}<\/script>\n<!-- \/ Yoast SEO plugin. -->","yoast_head_json":{"title":"Family file - Levasseur Association of America Inc","description":"L\u2019Association des Levasseur et Carmel d\u2019Am\u00e9rique vous permet de consulter : documents historiques concernant les anc\u00eatres Jean, Pierre et Laurent Levasseur arriv\u00e9s en Nouvelle-France au 17e si\u00e8cle. Informations, objectifs, activit\u00e9s et rassemblements.","robots":{"index":"index","follow":"follow","max-snippet":"max-snippet:-1","max-image-preview":"max-image-preview:large","max-video-preview":"max-video-preview:-1"},"canonical":"https:\/\/levasseur.org\/en\/fiche-de-collecte\/","og_locale":"en_US","og_type":"article","og_title":"Family file - Levasseur Association of America Inc","og_description":"L\u2019Association des Levasseur et Carmel d\u2019Am\u00e9rique vous permet de consulter : documents historiques concernant les anc\u00eatres Jean, Pierre et Laurent Levasseur arriv\u00e9s en Nouvelle-France au 17e si\u00e8cle. Informations, objectifs, activit\u00e9s et rassemblements.","og_url":"https:\/\/levasseur.org\/en\/fiche-de-collecte\/","og_site_name":"Levasseur Association of America Inc","article_publisher":"https:\/\/www.facebook.com\/associationlevasseur","article_modified_time":"2026-02-21T12:22:58+00:00","twitter_card":"summary_large_image","twitter_misc":{"Est. reading time":"1 minute"},"schema":{"@context":"https:\/\/schema.org","@graph":[{"@type":"WebPage","@id":"https:\/\/levasseur.org\/en\/fiche-de-collecte\/","url":"https:\/\/levasseur.org\/en\/fiche-de-collecte\/","name":"Family file - Levasseur Association of America Inc","isPartOf":{"@id":"https:\/\/levasseur.org\/fr\/#website"},"datePublished":"2019-04-06T19:50:08+00:00","dateModified":"2026-02-21T12:22:58+00:00","description":"L\u2019Association des Levasseur et Carmel d\u2019Am\u00e9rique vous permet de consulter : documents historiques concernant les anc\u00eatres Jean, Pierre et Laurent Levasseur arriv\u00e9s en Nouvelle-France au 17e si\u00e8cle. Informations, objectifs, activit\u00e9s et rassemblements.","breadcrumb":{"@id":"https:\/\/levasseur.org\/en\/fiche-de-collecte\/#breadcrumb"},"inLanguage":"en-US","potentialAction":[{"@type":"ReadAction","target":["https:\/\/levasseur.org\/en\/fiche-de-collecte\/"]}]},{"@type":"BreadcrumbList","@id":"https:\/\/levasseur.org\/en\/fiche-de-collecte\/#breadcrumb","itemListElement":[{"@type":"ListItem","position":1,"name":"Accueil","item":"https:\/\/levasseur.org\/en\/"},{"@type":"ListItem","position":2,"name":"Family file"}]},{"@type":"WebSite","@id":"https:\/\/levasseur.org\/fr\/#website","url":"https:\/\/levasseur.org\/fr\/","name":"Familles Levasseur & Carmel","description":"Du mieux que je puis","publisher":{"@id":"https:\/\/levasseur.org\/fr\/#organization"},"potentialAction":[{"@type":"SearchAction","target":{"@type":"EntryPoint","urlTemplate":"https:\/\/levasseur.org\/fr\/?s={search_term_string}"},"query-input":{"@type":"PropertyValueSpecification","valueRequired":true,"valueName":"search_term_string"}}],"inLanguage":"en-US"},{"@type":"Organization","@id":"https:\/\/levasseur.org\/fr\/#organization","name":"Association des Levasseur d'Am\u00e9rique","url":"https:\/\/levasseur.org\/fr\/","logo":{"@type":"ImageObject","inLanguage":"en-US","@id":"https:\/\/levasseur.org\/fr\/#\/schema\/logo\/image\/","url":"https:\/\/levasseur.org\/wp-content\/uploads\/2019\/04\/blason_nouv.gif","contentUrl":"https:\/\/levasseur.org\/wp-content\/uploads\/2019\/04\/blason_nouv.gif","width":500,"height":487,"caption":"Association des Levasseur d'Am\u00e9rique"},"image":{"@id":"https:\/\/levasseur.org\/fr\/#\/schema\/logo\/image\/"},"sameAs":["https:\/\/www.facebook.com\/associationlevasseur"]}]}},"_links":{"self":[{"href":"https:\/\/levasseur.org\/en\/wp-json\/wp\/v2\/pages\/13550","targetHints":{"allow":["GET"]}}],"collection":[{"href":"https:\/\/levasseur.org\/en\/wp-json\/wp\/v2\/pages"}],"about":[{"href":"https:\/\/levasseur.org\/en\/wp-json\/wp\/v2\/types\/page"}],"author":[{"embeddable":true,"href":"https:\/\/levasseur.org\/en\/wp-json\/wp\/v2\/users\/1"}],"replies":[{"embeddable":true,"href":"https:\/\/levasseur.org\/en\/wp-json\/wp\/v2\/comments?post=13550"}],"version-history":[{"count":1,"href":"https:\/\/levasseur.org\/en\/wp-json\/wp\/v2\/pages\/13550\/revisions"}],"predecessor-version":[{"id":29815,"href":"https:\/\/levasseur.org\/en\/wp-json\/wp\/v2\/pages\/13550\/revisions\/29815"}],"wp:attachment":[{"href":"https:\/\/levasseur.org\/en\/wp-json\/wp\/v2\/media?parent=13550"}],"curies":[{"name":"wp","href":"https:\/\/api.w.org\/{rel}","templated":true}]}}