{"id":13448,"date":"2019-04-05T04:51:45","date_gmt":"2019-04-05T08:51:45","guid":{"rendered":"https:\/\/levasseur.org\/?page_id=13448"},"modified":"2019-04-08T05:16:34","modified_gmt":"2019-04-08T09:16:34","slug":"chronologie","status":"publish","type":"page","link":"https:\/\/levasseur.org\/en\/our-ancestors\/chronologie\/","title":{"rendered":"Chronology"},"content":{"rendered":"<h1 style=\"text-align: center;\">Our ancestors throughout history<\/h1>\n<hr \/>\n<ul>\n<li>1535 French explorer Jacques Cartier discovers Canada.<\/li>\n<li>1608 Samuel de Champlain, founder of Qu\u00e9bec.<\/li>\n<li>1617 Louis H\u00e9bert is the first farmer to establish himself in Quebec. His farm is where the Latin quarters are presently located.<\/li>\n<li>1635 Foundation of the Jesuit College in Qu\u00e9bec.<\/li>\n<li>1639 The arrival of the Ursulines and the Augustines Sisters in Qu\u00e9bec.<\/li>\n<li>1651 <span style=\"color: #ff0000;\"><strong>Jean Levasseur <\/strong><\/span>returns with his wife. He is a Master Carpenter.<\/li>\n<li>1654 Arrival of <span style=\"color: #ff0000;\"><strong>Pierre Levasseur<\/strong> <\/span>(1627-1694) to Qu\u00e9bec. He is a Master Carpenter.<\/li>\n<li>1663 Arrival of <span style=\"color: #3366ff;\"><strong>Laurent Levasseur<\/strong><\/span>,\u00a0 (1648-1726).He is hired by Guillemette H\u00e9bert during six years. Laurent is only 14 when he arrives to Canada.<\/li>\n<li>1663 <span style=\"color: #ff0000;\"><strong>Jean Levasseur <\/strong><\/span>is named bailiff of the Sovereign Council.<\/li>\n<li>1663 Mgr Fran\u00e7ois de Laval is the founder of the Qu\u00e9bec seminary.<\/li>\n<li>1666 On the 1666 census, <span style=\"color: #3366ff;\"><strong>Laurent Levasseur<\/strong><\/span> is listed as being hired by Guillemette H\u00e9bert. He is 18 years old.<\/li>\n<li>1669 <span style=\"color: #3366ff;\"><strong>Laurent Levasseur<\/strong><\/span> rents a home on C\u00f4te de Lauzon. He marries two months later.<\/li>\n<li>1681 On the 1681 census, <span style=\"color: #ff0000;\"><strong>Jean Levasseur<\/strong> <\/span>is with the Royal provost ship of Quebec. He is the bailiff.<\/li>\n<li>1681 According to the 1681 census, <span style=\"color: #ff0000;\"><strong>Pierre Levasseur<\/strong><\/span> lives in the\u00a0 Haute-Ville de Qu\u00e9bec.<\/li>\n<li>1681 On the 1681 census, <span style=\"color: #3366ff;\"><strong>Laurent Levasseur<\/strong><\/span> lives on the C\u00f4te de Lauzon.<\/li>\n<li>1685 Inauguration of the first palace of the intendant.<\/li>\n<li>1686 Death of <span style=\"color: #ff0000;\"><strong>Jean Levasseur<\/strong><\/span>.<\/li>\n<li>1694 Death of <span style=\"color: #ff0000;\"><strong>Pierre Levasseur<\/strong><\/span> at l\u2019H\u00f4tel-Dieu de Qu\u00e9bec.<\/li>\n<li>1726 Death of <span style=\"color: #ff0000;\"><strong>Laurent Levasseur<\/strong><\/span>.<\/li>\n<li>1759 Battle of the Plaines of Abraham. England defeats France. Death of the Captains, Wolfe and Montcalm.<\/li>\n<li>1834 Destruction by fire of the Ch\u00e2teau Saint-Louis, governors\u2019 residence.<\/li>\n<li>1852 Foundation of Laval University, first French University in America.<\/li>\n<li>1871 Departure of the last British troops in Qu\u00e9bec.<\/li>\n<li>1877-1886 Construction of the present Parliament.<\/li>\n<li>1893 Inauguration of the Ch\u00e2teau Frontenac.<\/li>\n<li>1943-1944 Winston Churchill, Prime-Minister of Great Britain and Franklin D. Roosevelt, president of the United States participate at the Qu\u00e9bec Conferences.<\/li>\n<li>1985 Quebec historical surrounding is listed as UNESCO\u2019s World Heritage site.<\/li>\n<li>2008 400th anniversary of the foundation of Qu\u00e9bec.<\/li>\n<\/ul>\n<p>&nbsp;<\/p>\n<p>&nbsp;<\/p>\n","protected":false},"excerpt":{"rendered":"<p>Our ancestors throughout history 1535 French explorer Jacques Cartier discovers  [&#8230;]<\/p>\n","protected":false},"author":1,"featured_media":0,"parent":13379,"menu_order":0,"comment_status":"closed","ping_status":"closed","template":"","meta":{"footnotes":""},"class_list":["post-13448","page","type-page","status-publish","hentry"],"yoast_head":"<!-- This site is optimized with the Yoast SEO plugin v27.4 - https:\/\/yoast.com\/product\/yoast-seo-wordpress\/ -->\n<title>Chronology - Levasseur Association of America Inc<\/title>\n<meta name=\"description\" content=\"L\u2019Association des Levasseur et Carmel d\u2019Am\u00e9rique vous permet de consulter : documents historiques concernant les anc\u00eatres Jean, Pierre et Laurent Levasseur arriv\u00e9s en Nouvelle-France au 17e si\u00e8cle. Informations, objectifs, activit\u00e9s et rassemblements.\" \/>\n<meta name=\"robots\" content=\"index, follow, max-snippet:-1, max-image-preview:large, max-video-preview:-1\" \/>\n<link rel=\"canonical\" href=\"https:\/\/levasseur.org\/fr\/nos-ancetres\/chronologie\/\" \/>\n<meta property=\"og:locale\" content=\"en_US\" \/>\n<meta property=\"og:type\" content=\"article\" \/>\n<meta property=\"og:title\" content=\"Chronology - Levasseur Association of America Inc\" \/>\n<meta property=\"og:description\" content=\"L\u2019Association des Levasseur et Carmel d\u2019Am\u00e9rique vous permet de consulter : documents historiques concernant les anc\u00eatres Jean, Pierre et Laurent Levasseur arriv\u00e9s en Nouvelle-France au 17e si\u00e8cle. Informations, objectifs, activit\u00e9s et rassemblements.\" \/>\n<meta property=\"og:url\" content=\"https:\/\/levasseur.org\/fr\/nos-ancetres\/chronologie\/\" \/>\n<meta property=\"og:site_name\" content=\"Levasseur Association of America Inc\" \/>\n<meta property=\"article:publisher\" content=\"https:\/\/www.facebook.com\/associationlevasseur\" \/>\n<meta property=\"article:modified_time\" content=\"2019-04-08T09:16:34+00:00\" \/>\n<meta name=\"twitter:card\" content=\"summary_large_image\" \/>\n<meta name=\"twitter:label1\" content=\"Est. reading time\" \/>\n\t<meta name=\"twitter:data1\" content=\"2 minutes\" \/>\n<script type=\"application\/ld+json\" class=\"yoast-schema-graph\">{\"@context\":\"https:\\\/\\\/schema.org\",\"@graph\":[{\"@type\":\"WebPage\",\"@id\":\"https:\\\/\\\/levasseur.org\\\/fr\\\/nos-ancetres\\\/chronologie\\\/\",\"url\":\"https:\\\/\\\/levasseur.org\\\/fr\\\/nos-ancetres\\\/chronologie\\\/\",\"name\":\"Chronology - Levasseur Association of America Inc\",\"isPartOf\":{\"@id\":\"https:\\\/\\\/levasseur.org\\\/fr\\\/#website\"},\"datePublished\":\"2019-04-05T08:51:45+00:00\",\"dateModified\":\"2019-04-08T09:16:34+00:00\",\"description\":\"L\u2019Association des Levasseur et Carmel d\u2019Am\u00e9rique vous permet de consulter : documents historiques concernant les anc\u00eatres Jean, Pierre et Laurent Levasseur arriv\u00e9s en Nouvelle-France au 17e si\u00e8cle. Informations, objectifs, activit\u00e9s et rassemblements.\",\"breadcrumb\":{\"@id\":\"https:\\\/\\\/levasseur.org\\\/fr\\\/nos-ancetres\\\/chronologie\\\/#breadcrumb\"},\"inLanguage\":\"en-US\",\"potentialAction\":[{\"@type\":\"ReadAction\",\"target\":[\"https:\\\/\\\/levasseur.org\\\/fr\\\/nos-ancetres\\\/chronologie\\\/\"]}]},{\"@type\":\"BreadcrumbList\",\"@id\":\"https:\\\/\\\/levasseur.org\\\/fr\\\/nos-ancetres\\\/chronologie\\\/#breadcrumb\",\"itemListElement\":[{\"@type\":\"ListItem\",\"position\":1,\"name\":\"Accueil\",\"item\":\"https:\\\/\\\/levasseur.org\\\/en\\\/\"},{\"@type\":\"ListItem\",\"position\":2,\"name\":\"Our ancestors\",\"item\":\"https:\\\/\\\/levasseur.org\\\/en\\\/our-ancestors\\\/\"},{\"@type\":\"ListItem\",\"position\":3,\"name\":\"Chronology\"}]},{\"@type\":\"WebSite\",\"@id\":\"https:\\\/\\\/levasseur.org\\\/fr\\\/#website\",\"url\":\"https:\\\/\\\/levasseur.org\\\/fr\\\/\",\"name\":\"Familles Levasseur & Carmel\",\"description\":\"Du mieux que je puis\",\"publisher\":{\"@id\":\"https:\\\/\\\/levasseur.org\\\/fr\\\/#organization\"},\"potentialAction\":[{\"@type\":\"SearchAction\",\"target\":{\"@type\":\"EntryPoint\",\"urlTemplate\":\"https:\\\/\\\/levasseur.org\\\/fr\\\/?s={search_term_string}\"},\"query-input\":{\"@type\":\"PropertyValueSpecification\",\"valueRequired\":true,\"valueName\":\"search_term_string\"}}],\"inLanguage\":\"en-US\"},{\"@type\":\"Organization\",\"@id\":\"https:\\\/\\\/levasseur.org\\\/fr\\\/#organization\",\"name\":\"Association des Levasseur d'Am\u00e9rique\",\"url\":\"https:\\\/\\\/levasseur.org\\\/fr\\\/\",\"logo\":{\"@type\":\"ImageObject\",\"inLanguage\":\"en-US\",\"@id\":\"https:\\\/\\\/levasseur.org\\\/fr\\\/#\\\/schema\\\/logo\\\/image\\\/\",\"url\":\"https:\\\/\\\/levasseur.org\\\/wp-content\\\/uploads\\\/2019\\\/04\\\/blason_nouv.gif\",\"contentUrl\":\"https:\\\/\\\/levasseur.org\\\/wp-content\\\/uploads\\\/2019\\\/04\\\/blason_nouv.gif\",\"width\":500,\"height\":487,\"caption\":\"Association des Levasseur d'Am\u00e9rique\"},\"image\":{\"@id\":\"https:\\\/\\\/levasseur.org\\\/fr\\\/#\\\/schema\\\/logo\\\/image\\\/\"},\"sameAs\":[\"https:\\\/\\\/www.facebook.com\\\/associationlevasseur\"]}]}<\/script>\n<!-- \/ Yoast SEO plugin. -->","yoast_head_json":{"title":"Chronology - Levasseur Association of America Inc","description":"L\u2019Association des Levasseur et Carmel d\u2019Am\u00e9rique vous permet de consulter : documents historiques concernant les anc\u00eatres Jean, Pierre et Laurent Levasseur arriv\u00e9s en Nouvelle-France au 17e si\u00e8cle. Informations, objectifs, activit\u00e9s et rassemblements.","robots":{"index":"index","follow":"follow","max-snippet":"max-snippet:-1","max-image-preview":"max-image-preview:large","max-video-preview":"max-video-preview:-1"},"canonical":"https:\/\/levasseur.org\/fr\/nos-ancetres\/chronologie\/","og_locale":"en_US","og_type":"article","og_title":"Chronology - Levasseur Association of America Inc","og_description":"L\u2019Association des Levasseur et Carmel d\u2019Am\u00e9rique vous permet de consulter : documents historiques concernant les anc\u00eatres Jean, Pierre et Laurent Levasseur arriv\u00e9s en Nouvelle-France au 17e si\u00e8cle. Informations, objectifs, activit\u00e9s et rassemblements.","og_url":"https:\/\/levasseur.org\/fr\/nos-ancetres\/chronologie\/","og_site_name":"Levasseur Association of America Inc","article_publisher":"https:\/\/www.facebook.com\/associationlevasseur","article_modified_time":"2019-04-08T09:16:34+00:00","twitter_card":"summary_large_image","twitter_misc":{"Est. reading time":"2 minutes"},"schema":{"@context":"https:\/\/schema.org","@graph":[{"@type":"WebPage","@id":"https:\/\/levasseur.org\/fr\/nos-ancetres\/chronologie\/","url":"https:\/\/levasseur.org\/fr\/nos-ancetres\/chronologie\/","name":"Chronology - Levasseur Association of America Inc","isPartOf":{"@id":"https:\/\/levasseur.org\/fr\/#website"},"datePublished":"2019-04-05T08:51:45+00:00","dateModified":"2019-04-08T09:16:34+00:00","description":"L\u2019Association des Levasseur et Carmel d\u2019Am\u00e9rique vous permet de consulter : documents historiques concernant les anc\u00eatres Jean, Pierre et Laurent Levasseur arriv\u00e9s en Nouvelle-France au 17e si\u00e8cle. Informations, objectifs, activit\u00e9s et rassemblements.","breadcrumb":{"@id":"https:\/\/levasseur.org\/fr\/nos-ancetres\/chronologie\/#breadcrumb"},"inLanguage":"en-US","potentialAction":[{"@type":"ReadAction","target":["https:\/\/levasseur.org\/fr\/nos-ancetres\/chronologie\/"]}]},{"@type":"BreadcrumbList","@id":"https:\/\/levasseur.org\/fr\/nos-ancetres\/chronologie\/#breadcrumb","itemListElement":[{"@type":"ListItem","position":1,"name":"Accueil","item":"https:\/\/levasseur.org\/en\/"},{"@type":"ListItem","position":2,"name":"Our ancestors","item":"https:\/\/levasseur.org\/en\/our-ancestors\/"},{"@type":"ListItem","position":3,"name":"Chronology"}]},{"@type":"WebSite","@id":"https:\/\/levasseur.org\/fr\/#website","url":"https:\/\/levasseur.org\/fr\/","name":"Familles Levasseur & Carmel","description":"Du mieux que je puis","publisher":{"@id":"https:\/\/levasseur.org\/fr\/#organization"},"potentialAction":[{"@type":"SearchAction","target":{"@type":"EntryPoint","urlTemplate":"https:\/\/levasseur.org\/fr\/?s={search_term_string}"},"query-input":{"@type":"PropertyValueSpecification","valueRequired":true,"valueName":"search_term_string"}}],"inLanguage":"en-US"},{"@type":"Organization","@id":"https:\/\/levasseur.org\/fr\/#organization","name":"Association des Levasseur d'Am\u00e9rique","url":"https:\/\/levasseur.org\/fr\/","logo":{"@type":"ImageObject","inLanguage":"en-US","@id":"https:\/\/levasseur.org\/fr\/#\/schema\/logo\/image\/","url":"https:\/\/levasseur.org\/wp-content\/uploads\/2019\/04\/blason_nouv.gif","contentUrl":"https:\/\/levasseur.org\/wp-content\/uploads\/2019\/04\/blason_nouv.gif","width":500,"height":487,"caption":"Association des Levasseur d'Am\u00e9rique"},"image":{"@id":"https:\/\/levasseur.org\/fr\/#\/schema\/logo\/image\/"},"sameAs":["https:\/\/www.facebook.com\/associationlevasseur"]}]}},"_links":{"self":[{"href":"https:\/\/levasseur.org\/en\/wp-json\/wp\/v2\/pages\/13448","targetHints":{"allow":["GET"]}}],"collection":[{"href":"https:\/\/levasseur.org\/en\/wp-json\/wp\/v2\/pages"}],"about":[{"href":"https:\/\/levasseur.org\/en\/wp-json\/wp\/v2\/types\/page"}],"author":[{"embeddable":true,"href":"https:\/\/levasseur.org\/en\/wp-json\/wp\/v2\/users\/1"}],"replies":[{"embeddable":true,"href":"https:\/\/levasseur.org\/en\/wp-json\/wp\/v2\/comments?post=13448"}],"version-history":[{"count":0,"href":"https:\/\/levasseur.org\/en\/wp-json\/wp\/v2\/pages\/13448\/revisions"}],"up":[{"embeddable":true,"href":"https:\/\/levasseur.org\/en\/wp-json\/wp\/v2\/pages\/13379"}],"wp:attachment":[{"href":"https:\/\/levasseur.org\/en\/wp-json\/wp\/v2\/media?parent=13448"}],"curies":[{"name":"wp","href":"https:\/\/api.w.org\/{rel}","templated":true}]}}