{"id":13330,"date":"2019-04-01T18:30:14","date_gmt":"2019-04-01T22:30:14","guid":{"rendered":"https:\/\/levasseur.org\/?page_id=13330"},"modified":"2026-02-06T05:04:43","modified_gmt":"2026-02-06T10:04:43","slug":"our-coat-of-arms","status":"publish","type":"page","link":"https:\/\/levasseur.org\/en\/our-coat-of-arms\/","title":{"rendered":"Our Coat of arms"},"content":{"rendered":"<h1 style=\"text-align: center;\">Coat or Arms<\/h1>\n<hr \/>\n<h1 style=\"text-align: center;\">History and meaning<\/h1>\n<p>L\u2019ASSOCIATION DES LEVASSEUR D\u2019AM\u00c9RIQUE was incorporated on the 21st day of March 1989 by the Minister of Consumer and Corporate Affairs pursuant to the Canada Corporations Act. Its main objectives being to bring together the Levasseur families of America, to preserve their collective heritage, to promote research and the diffusion of historical and genealogical knowledge concerning the Levasseurs of America and to honor the memory of the ancestors Jean, Pierre and Laurent Levasseur and the achievements of their descendants with monuments, plaques and other marks of recognition.<\/p>\n<p>In the early 1990 the Association wanted to have a coat of arms enabling its members to identify and distinguish themselves. Many Associations had a coat of arms but only a few were officially recognized by the chief herald of Canada.<\/p>\n<p><img decoding=\"async\" class=\"lazyload alignleft\" src=\"data:image\/svg+xml,%3Csvg%20xmlns%3D%27http%3A%2F%2Fwww.w3.org%2F2000%2Fsvg%27%20width%3D%27178%27%20height%3D%27230%27%20viewBox%3D%270%200%20178%20230%27%3E%3Crect%20width%3D%27178%27%20height%3D%27230%27%20fill-opacity%3D%220%22%2F%3E%3C%2Fsvg%3E\" data-orig-src=\"https:\/\/levasseur.org\/images\/blason_ancien.jpg\" width=\"178\" height=\"230\" \/>The Association undertook the necessary steps to develop an official coat of arms. An artist was commission to prepare different proposals. Our objective was to have a simple coat of arms, not overwhelming, that would represent the origins of the two branches of Levasseur, that of Pierre and Jean, who were master builders with Laurent\u2019s branch who was a farmer. We also wanted to represent the Levasseur from all parts of America from our origins to today and the values that animate and animated our ancestors and their descendants<\/p>\n<p>After considering various models the board selected a coat of arms slightly different than the one officially recognized today. The first coat of arms had a yellow chevron and on each side there was a plow to represent Laurent\u2019s agricultural side of the Levasseurs and on the other a chisel to represent the Pierre and Jean, master builder side of the Levasseur family. At the bottom there was a tree of unknown species.<\/p>\n<p><img decoding=\"async\" class=\"lazyload alignright\" src=\"data:image\/svg+xml,%3Csvg%20xmlns%3D%27http%3A%2F%2Fwww.w3.org%2F2000%2Fsvg%27%20width%3D%27221%27%20height%3D%27215%27%20viewBox%3D%270%200%20221%20215%27%3E%3Crect%20width%3D%27221%27%20height%3D%27215%27%20fill-opacity%3D%220%22%2F%3E%3C%2Fsvg%3E\" data-orig-src=\"https:\/\/levasseur.org\/images\/blason_nouveau.jpg\" width=\"221\" height=\"215\" \/>After a few years with this coat of arms, we presented to the chief herald of Canada in November 1995 a request to provide a registered coat of arms bearing the name l\u2019Association des Levasseur<\/p>\n<p>The Coat of Arms has been granted and assigned by the Herald of Canada on October 15, 1997 to l\u2019Association des Levasseur d\u2019Am\u00e9rique.<\/p>\n<p><strong>Arms<\/strong>:<\/p>\n<p>Azure a chevron between an oak tree an base and a chief Argent charged with a maple leaf Gules between dexter a fleur-de-lis and sinister a mullet Azure ; And for a Motto: <strong>DU MIEUX QUE JE PUIS<br \/>\n<\/strong><br \/>\nThe new coat of arms is simpler without the plow and the chisel. The tree is clearly defined as an oak tree.<\/p>\n<p>Here is the meaning of the elements and colors in our coat of arms<\/p>\n<p><strong>SILVER <\/strong>: the Coat of Arms is Azure, a sky blue color that is the emblem of justice, loyalty and beauty : two characteristics of the works of our ancestors and their descendants<\/p>\n<p><strong>AZURE<\/strong> : A sky blue color representing justice and loyalty, a privilege to us.<\/p>\n<p><strong>CHEVRON<\/strong>: The Chevron (rafter form) refers to a supporting member. It signifies mutual aid and support amongst the Levasseurs. The point also symbolizes the plow of the Laurent branch of the Levasseur family.<\/p>\n<p><strong>THE OAK<\/strong>: tree represents the wood used by our ancestors who were sculptures and builders. It represents on the coat of arms our roots, continuity and our traditions.<\/p>\n<p><strong>FLEUR DE LYS<\/strong>: Represents France our country of origin.<\/p>\n<p><strong>MAPLE LEAF<\/strong>: The Levasseurs of Canada.<\/p>\n<p><strong>THE STAR<\/strong>: The Levasseurs from the United States and the five continents.<\/p>\n<p><strong>OUR MOTTO<\/strong>: \u00abDu mieux que je puis\u00bb \u00abAs best as I can\u00bb (Doing the best one can) Encourages us to do the best we could do, aware of our limitations. It is a source of growth and forces us to surpass and to excel.<\/p>\n<p>&nbsp;<\/p>\n","protected":false},"excerpt":{"rendered":"<p>Coat or Arms History and meaning L\u2019ASSOCIATION DES LEVASSEUR D\u2019AM\u00c9RIQUE  [&#8230;]<\/p>\n","protected":false},"author":1,"featured_media":0,"parent":0,"menu_order":0,"comment_status":"closed","ping_status":"closed","template":"","meta":{"footnotes":""},"class_list":["post-13330","page","type-page","status-publish","hentry"],"yoast_head":"<!-- This site is optimized with the Yoast SEO plugin v27.3 - https:\/\/yoast.com\/product\/yoast-seo-wordpress\/ -->\n<title>Our Coat of arms - Levasseur Association of America Inc<\/title>\n<meta name=\"description\" content=\"L\u2019Association des Levasseur et Carmel d\u2019Am\u00e9rique vous permet de consulter : documents historiques concernant les anc\u00eatres Jean, Pierre et Laurent Levasseur arriv\u00e9s en Nouvelle-France au 17e si\u00e8cle. Informations, objectifs, activit\u00e9s et rassemblements.\" \/>\n<meta name=\"robots\" content=\"index, follow, max-snippet:-1, max-image-preview:large, max-video-preview:-1\" \/>\n<link rel=\"canonical\" href=\"https:\/\/levasseur.org\/en\/our-coat-of-arms\/\" \/>\n<meta property=\"og:locale\" content=\"en_US\" \/>\n<meta property=\"og:type\" content=\"article\" \/>\n<meta property=\"og:title\" content=\"Our Coat of arms - Levasseur Association of America Inc\" \/>\n<meta property=\"og:description\" content=\"L\u2019Association des Levasseur et Carmel d\u2019Am\u00e9rique vous permet de consulter : documents historiques concernant les anc\u00eatres Jean, Pierre et Laurent Levasseur arriv\u00e9s en Nouvelle-France au 17e si\u00e8cle. Informations, objectifs, activit\u00e9s et rassemblements.\" \/>\n<meta property=\"og:url\" content=\"https:\/\/levasseur.org\/en\/our-coat-of-arms\/\" \/>\n<meta property=\"og:site_name\" content=\"Levasseur Association of America Inc\" \/>\n<meta property=\"article:publisher\" content=\"https:\/\/www.facebook.com\/associationlevasseur\" \/>\n<meta property=\"article:modified_time\" content=\"2026-02-06T10:04:43+00:00\" \/>\n<meta property=\"og:image\" content=\"https:\/\/levasseur.org\/images\/blason_ancien.jpg\" \/>\n<meta name=\"twitter:card\" content=\"summary_large_image\" \/>\n<meta name=\"twitter:label1\" content=\"Est. reading time\" \/>\n\t<meta name=\"twitter:data1\" content=\"3 minutes\" \/>\n<script type=\"application\/ld+json\" class=\"yoast-schema-graph\">{\"@context\":\"https:\\\/\\\/schema.org\",\"@graph\":[{\"@type\":\"WebPage\",\"@id\":\"https:\\\/\\\/levasseur.org\\\/en\\\/our-coat-of-arms\\\/\",\"url\":\"https:\\\/\\\/levasseur.org\\\/en\\\/our-coat-of-arms\\\/\",\"name\":\"Our Coat of arms - Levasseur Association of America Inc\",\"isPartOf\":{\"@id\":\"https:\\\/\\\/levasseur.org\\\/fr\\\/#website\"},\"primaryImageOfPage\":{\"@id\":\"https:\\\/\\\/levasseur.org\\\/en\\\/our-coat-of-arms\\\/#primaryimage\"},\"image\":{\"@id\":\"https:\\\/\\\/levasseur.org\\\/en\\\/our-coat-of-arms\\\/#primaryimage\"},\"thumbnailUrl\":\"https:\\\/\\\/levasseur.org\\\/images\\\/blason_ancien.jpg\",\"datePublished\":\"2019-04-01T22:30:14+00:00\",\"dateModified\":\"2026-02-06T10:04:43+00:00\",\"description\":\"L\u2019Association des Levasseur et Carmel d\u2019Am\u00e9rique vous permet de consulter : documents historiques concernant les anc\u00eatres Jean, Pierre et Laurent Levasseur arriv\u00e9s en Nouvelle-France au 17e si\u00e8cle. Informations, objectifs, activit\u00e9s et rassemblements.\",\"breadcrumb\":{\"@id\":\"https:\\\/\\\/levasseur.org\\\/en\\\/our-coat-of-arms\\\/#breadcrumb\"},\"inLanguage\":\"en-US\",\"potentialAction\":[{\"@type\":\"ReadAction\",\"target\":[\"https:\\\/\\\/levasseur.org\\\/en\\\/our-coat-of-arms\\\/\"]}]},{\"@type\":\"ImageObject\",\"inLanguage\":\"en-US\",\"@id\":\"https:\\\/\\\/levasseur.org\\\/en\\\/our-coat-of-arms\\\/#primaryimage\",\"url\":\"https:\\\/\\\/levasseur.org\\\/images\\\/blason_ancien.jpg\",\"contentUrl\":\"https:\\\/\\\/levasseur.org\\\/images\\\/blason_ancien.jpg\"},{\"@type\":\"BreadcrumbList\",\"@id\":\"https:\\\/\\\/levasseur.org\\\/en\\\/our-coat-of-arms\\\/#breadcrumb\",\"itemListElement\":[{\"@type\":\"ListItem\",\"position\":1,\"name\":\"Accueil\",\"item\":\"https:\\\/\\\/levasseur.org\\\/en\\\/\"},{\"@type\":\"ListItem\",\"position\":2,\"name\":\"Our Coat of arms\"}]},{\"@type\":\"WebSite\",\"@id\":\"https:\\\/\\\/levasseur.org\\\/fr\\\/#website\",\"url\":\"https:\\\/\\\/levasseur.org\\\/fr\\\/\",\"name\":\"Familles Levasseur & Carmel\",\"description\":\"Du mieux que je puis\",\"publisher\":{\"@id\":\"https:\\\/\\\/levasseur.org\\\/fr\\\/#organization\"},\"potentialAction\":[{\"@type\":\"SearchAction\",\"target\":{\"@type\":\"EntryPoint\",\"urlTemplate\":\"https:\\\/\\\/levasseur.org\\\/fr\\\/?s={search_term_string}\"},\"query-input\":{\"@type\":\"PropertyValueSpecification\",\"valueRequired\":true,\"valueName\":\"search_term_string\"}}],\"inLanguage\":\"en-US\"},{\"@type\":\"Organization\",\"@id\":\"https:\\\/\\\/levasseur.org\\\/fr\\\/#organization\",\"name\":\"Association des Levasseur d'Am\u00e9rique\",\"url\":\"https:\\\/\\\/levasseur.org\\\/fr\\\/\",\"logo\":{\"@type\":\"ImageObject\",\"inLanguage\":\"en-US\",\"@id\":\"https:\\\/\\\/levasseur.org\\\/fr\\\/#\\\/schema\\\/logo\\\/image\\\/\",\"url\":\"https:\\\/\\\/levasseur.org\\\/wp-content\\\/uploads\\\/2019\\\/04\\\/blason_nouv.gif\",\"contentUrl\":\"https:\\\/\\\/levasseur.org\\\/wp-content\\\/uploads\\\/2019\\\/04\\\/blason_nouv.gif\",\"width\":500,\"height\":487,\"caption\":\"Association des Levasseur d'Am\u00e9rique\"},\"image\":{\"@id\":\"https:\\\/\\\/levasseur.org\\\/fr\\\/#\\\/schema\\\/logo\\\/image\\\/\"},\"sameAs\":[\"https:\\\/\\\/www.facebook.com\\\/associationlevasseur\"]}]}<\/script>\n<!-- \/ Yoast SEO plugin. -->","yoast_head_json":{"title":"Our Coat of arms - Levasseur Association of America Inc","description":"L\u2019Association des Levasseur et Carmel d\u2019Am\u00e9rique vous permet de consulter : documents historiques concernant les anc\u00eatres Jean, Pierre et Laurent Levasseur arriv\u00e9s en Nouvelle-France au 17e si\u00e8cle. Informations, objectifs, activit\u00e9s et rassemblements.","robots":{"index":"index","follow":"follow","max-snippet":"max-snippet:-1","max-image-preview":"max-image-preview:large","max-video-preview":"max-video-preview:-1"},"canonical":"https:\/\/levasseur.org\/en\/our-coat-of-arms\/","og_locale":"en_US","og_type":"article","og_title":"Our Coat of arms - Levasseur Association of America Inc","og_description":"L\u2019Association des Levasseur et Carmel d\u2019Am\u00e9rique vous permet de consulter : documents historiques concernant les anc\u00eatres Jean, Pierre et Laurent Levasseur arriv\u00e9s en Nouvelle-France au 17e si\u00e8cle. Informations, objectifs, activit\u00e9s et rassemblements.","og_url":"https:\/\/levasseur.org\/en\/our-coat-of-arms\/","og_site_name":"Levasseur Association of America Inc","article_publisher":"https:\/\/www.facebook.com\/associationlevasseur","article_modified_time":"2026-02-06T10:04:43+00:00","og_image":[{"url":"https:\/\/levasseur.org\/images\/blason_ancien.jpg","type":"","width":"","height":""}],"twitter_card":"summary_large_image","twitter_misc":{"Est. reading time":"3 minutes"},"schema":{"@context":"https:\/\/schema.org","@graph":[{"@type":"WebPage","@id":"https:\/\/levasseur.org\/en\/our-coat-of-arms\/","url":"https:\/\/levasseur.org\/en\/our-coat-of-arms\/","name":"Our Coat of arms - Levasseur Association of America Inc","isPartOf":{"@id":"https:\/\/levasseur.org\/fr\/#website"},"primaryImageOfPage":{"@id":"https:\/\/levasseur.org\/en\/our-coat-of-arms\/#primaryimage"},"image":{"@id":"https:\/\/levasseur.org\/en\/our-coat-of-arms\/#primaryimage"},"thumbnailUrl":"https:\/\/levasseur.org\/images\/blason_ancien.jpg","datePublished":"2019-04-01T22:30:14+00:00","dateModified":"2026-02-06T10:04:43+00:00","description":"L\u2019Association des Levasseur et Carmel d\u2019Am\u00e9rique vous permet de consulter : documents historiques concernant les anc\u00eatres Jean, Pierre et Laurent Levasseur arriv\u00e9s en Nouvelle-France au 17e si\u00e8cle. Informations, objectifs, activit\u00e9s et rassemblements.","breadcrumb":{"@id":"https:\/\/levasseur.org\/en\/our-coat-of-arms\/#breadcrumb"},"inLanguage":"en-US","potentialAction":[{"@type":"ReadAction","target":["https:\/\/levasseur.org\/en\/our-coat-of-arms\/"]}]},{"@type":"ImageObject","inLanguage":"en-US","@id":"https:\/\/levasseur.org\/en\/our-coat-of-arms\/#primaryimage","url":"https:\/\/levasseur.org\/images\/blason_ancien.jpg","contentUrl":"https:\/\/levasseur.org\/images\/blason_ancien.jpg"},{"@type":"BreadcrumbList","@id":"https:\/\/levasseur.org\/en\/our-coat-of-arms\/#breadcrumb","itemListElement":[{"@type":"ListItem","position":1,"name":"Accueil","item":"https:\/\/levasseur.org\/en\/"},{"@type":"ListItem","position":2,"name":"Our Coat of arms"}]},{"@type":"WebSite","@id":"https:\/\/levasseur.org\/fr\/#website","url":"https:\/\/levasseur.org\/fr\/","name":"Familles Levasseur & Carmel","description":"Du mieux que je puis","publisher":{"@id":"https:\/\/levasseur.org\/fr\/#organization"},"potentialAction":[{"@type":"SearchAction","target":{"@type":"EntryPoint","urlTemplate":"https:\/\/levasseur.org\/fr\/?s={search_term_string}"},"query-input":{"@type":"PropertyValueSpecification","valueRequired":true,"valueName":"search_term_string"}}],"inLanguage":"en-US"},{"@type":"Organization","@id":"https:\/\/levasseur.org\/fr\/#organization","name":"Association des Levasseur d'Am\u00e9rique","url":"https:\/\/levasseur.org\/fr\/","logo":{"@type":"ImageObject","inLanguage":"en-US","@id":"https:\/\/levasseur.org\/fr\/#\/schema\/logo\/image\/","url":"https:\/\/levasseur.org\/wp-content\/uploads\/2019\/04\/blason_nouv.gif","contentUrl":"https:\/\/levasseur.org\/wp-content\/uploads\/2019\/04\/blason_nouv.gif","width":500,"height":487,"caption":"Association des Levasseur d'Am\u00e9rique"},"image":{"@id":"https:\/\/levasseur.org\/fr\/#\/schema\/logo\/image\/"},"sameAs":["https:\/\/www.facebook.com\/associationlevasseur"]}]}},"_links":{"self":[{"href":"https:\/\/levasseur.org\/en\/wp-json\/wp\/v2\/pages\/13330","targetHints":{"allow":["GET"]}}],"collection":[{"href":"https:\/\/levasseur.org\/en\/wp-json\/wp\/v2\/pages"}],"about":[{"href":"https:\/\/levasseur.org\/en\/wp-json\/wp\/v2\/types\/page"}],"author":[{"embeddable":true,"href":"https:\/\/levasseur.org\/en\/wp-json\/wp\/v2\/users\/1"}],"replies":[{"embeddable":true,"href":"https:\/\/levasseur.org\/en\/wp-json\/wp\/v2\/comments?post=13330"}],"version-history":[{"count":1,"href":"https:\/\/levasseur.org\/en\/wp-json\/wp\/v2\/pages\/13330\/revisions"}],"predecessor-version":[{"id":29811,"href":"https:\/\/levasseur.org\/en\/wp-json\/wp\/v2\/pages\/13330\/revisions\/29811"}],"wp:attachment":[{"href":"https:\/\/levasseur.org\/en\/wp-json\/wp\/v2\/media?parent=13330"}],"curies":[{"name":"wp","href":"https:\/\/api.w.org\/{rel}","templated":true}]}}