{"id":13241,"date":"2019-03-31T19:39:59","date_gmt":"2019-03-31T23:39:59","guid":{"rendered":"https:\/\/levasseur.org\/?page_id=13241"},"modified":"2021-10-17T09:49:26","modified_gmt":"2021-10-17T13:49:26","slug":"nos-bases-de-donnes","status":"publish","type":"page","link":"https:\/\/levasseur.org\/en\/nos-bases-de-donnes\/","title":{"rendered":"Our database"},"content":{"rendered":"<h1 style=\"text-align: center;\">Online database<\/h1>\n<hr \/>\n<p><span id=\"result_box\" lang=\"en\">The Levasseur Association of America has a database of more than 140,000 records. This is the result of several years of work of the founder of the Association and genealogist Vincent Levasseur. The database is updated on a continuous basis by our genealogist Joceline Levasseur assisted by Gilles Carmel.<br \/>\n<\/span><\/p>\n<p>To access this valuable source of information, you must become a member of the Levassseur Association of America ($20 per year). <a href=\"https:\/\/levasseur.org\/en\/join-the-ala\/\" target=\"_blank\" rel=\"noopener noreferrer\">Follow this link to pay<\/a> for your membership by credit card via PayPal. Within hours of receiving your payment, your access codes will be sent to you by using your email address. Your membership also gives you access to the association&#8217;s archives since its founding and to thousands of old photos and obituaries<br \/>\n<span id=\"result_box\" lang=\"en\"><\/span><\/p>\n<p>Then, here is the direct link to access the Levasseur Association&#8217;s databases:<\/p>\n<p style=\"text-align: center;\"><a href=\"https:\/\/iowa.shnw.net\/~levasseu\/\" target=\"_blank\" rel=\"noopener noreferrer\">https:\/\/levasseur.org\/tng\/<\/a> or directly : <a href=\"https:\/\/iowa.shnw.net\/~levasseu\/\" target=\"_blank\" rel=\"noopener noreferrer\">https:\/\/iowa.shnw.net\/~levasseu\/<\/a><\/p>\n<p><a href=\"https:\/\/levasseur.org\/wp-content\/uploads\/2019\/04\/tng_english.jpg\"><img decoding=\"async\" class=\"lazyload wp-image-13343 aligncenter\" src=\"https:\/\/levasseur.org\/wp-content\/uploads\/2019\/04\/tng_english.jpg\" data-orig-src=\"https:\/\/levasseur.org\/wp-content\/uploads\/2019\/04\/tng_english.jpg\" alt=\"\" width=\"591\" height=\"358\" srcset=\"data:image\/svg+xml,%3Csvg%20xmlns%3D%27http%3A%2F%2Fwww.w3.org%2F2000%2Fsvg%27%20width%3D%27591%27%20height%3D%27358%27%20viewBox%3D%270%200%20591%20358%27%3E%3Crect%20width%3D%27591%27%20height%3D%27358%27%20fill-opacity%3D%220%22%2F%3E%3C%2Fsvg%3E\" data-srcset=\"https:\/\/levasseur.org\/wp-content\/uploads\/2019\/04\/tng_english-200x121.jpg 200w, https:\/\/levasseur.org\/wp-content\/uploads\/2019\/04\/tng_english-300x182.jpg 300w, https:\/\/levasseur.org\/wp-content\/uploads\/2019\/04\/tng_english-400x242.jpg 400w, https:\/\/levasseur.org\/wp-content\/uploads\/2019\/04\/tng_english-600x363.jpg 600w, https:\/\/levasseur.org\/wp-content\/uploads\/2019\/04\/tng_english-768x465.jpg 768w, https:\/\/levasseur.org\/wp-content\/uploads\/2019\/04\/tng_english-800x485.jpg 800w, https:\/\/levasseur.org\/wp-content\/uploads\/2019\/04\/tng_english.jpg 852w\" data-sizes=\"auto\" data-orig-sizes=\"(max-width: 591px) 100vw, 591px\" \/><\/a><\/p>\n<p>The Board of Directors hopes you will enjoy working with this valuable and unique data base.<\/p>\n<p>Webmaster and technical contact: <a href=\"mailto:webmaster@levasseur.org\">Jean-Pierre Levasseur<\/a><\/p>\n<p>Association genealogist: <a href=\"mailto:jolevasseur@videotron.ca\">Joceline Levasseur<\/a><\/p>\n<p>&nbsp;<\/p>\n<p>&nbsp;<\/p>\n","protected":false},"excerpt":{"rendered":"<p>Online database The Levasseur Association of America has a database  [&#8230;]<\/p>\n","protected":false},"author":1,"featured_media":0,"parent":0,"menu_order":0,"comment_status":"closed","ping_status":"closed","template":"","meta":{"footnotes":""},"class_list":["post-13241","page","type-page","status-publish","hentry"],"yoast_head":"<!-- This site is optimized with the Yoast SEO plugin v27.4 - https:\/\/yoast.com\/product\/yoast-seo-wordpress\/ -->\n<title>Our database - Levasseur Association of America Inc<\/title>\n<meta name=\"description\" content=\"L\u2019Association des Levasseur et Carmel d\u2019Am\u00e9rique vous permet de consulter : documents historiques concernant les anc\u00eatres Jean, Pierre et Laurent Levasseur arriv\u00e9s en Nouvelle-France au 17e si\u00e8cle. Informations, objectifs, activit\u00e9s et rassemblements.\" \/>\n<meta name=\"robots\" content=\"index, follow, max-snippet:-1, max-image-preview:large, max-video-preview:-1\" \/>\n<link rel=\"canonical\" href=\"https:\/\/levasseur.org\/en\/nos-bases-de-donnes\/\" \/>\n<meta property=\"og:locale\" content=\"en_US\" \/>\n<meta property=\"og:type\" content=\"article\" \/>\n<meta property=\"og:title\" content=\"Our database - Levasseur Association of America Inc\" \/>\n<meta property=\"og:description\" content=\"L\u2019Association des Levasseur et Carmel d\u2019Am\u00e9rique vous permet de consulter : documents historiques concernant les anc\u00eatres Jean, Pierre et Laurent Levasseur arriv\u00e9s en Nouvelle-France au 17e si\u00e8cle. Informations, objectifs, activit\u00e9s et rassemblements.\" \/>\n<meta property=\"og:url\" content=\"https:\/\/levasseur.org\/en\/nos-bases-de-donnes\/\" \/>\n<meta property=\"og:site_name\" content=\"Levasseur Association of America Inc\" \/>\n<meta property=\"article:publisher\" content=\"https:\/\/www.facebook.com\/associationlevasseur\" \/>\n<meta property=\"article:modified_time\" content=\"2021-10-17T13:49:26+00:00\" \/>\n<meta property=\"og:image\" content=\"https:\/\/levasseur.org\/wp-content\/uploads\/2019\/04\/tng_english.jpg\" \/>\n<meta name=\"twitter:card\" content=\"summary_large_image\" \/>\n<meta name=\"twitter:label1\" content=\"Est. reading time\" \/>\n\t<meta name=\"twitter:data1\" content=\"1 minute\" \/>\n<script type=\"application\/ld+json\" class=\"yoast-schema-graph\">{\"@context\":\"https:\\\/\\\/schema.org\",\"@graph\":[{\"@type\":\"WebPage\",\"@id\":\"https:\\\/\\\/levasseur.org\\\/en\\\/nos-bases-de-donnes\\\/\",\"url\":\"https:\\\/\\\/levasseur.org\\\/en\\\/nos-bases-de-donnes\\\/\",\"name\":\"Our database - Levasseur Association of America Inc\",\"isPartOf\":{\"@id\":\"https:\\\/\\\/levasseur.org\\\/fr\\\/#website\"},\"primaryImageOfPage\":{\"@id\":\"https:\\\/\\\/levasseur.org\\\/en\\\/nos-bases-de-donnes\\\/#primaryimage\"},\"image\":{\"@id\":\"https:\\\/\\\/levasseur.org\\\/en\\\/nos-bases-de-donnes\\\/#primaryimage\"},\"thumbnailUrl\":\"https:\\\/\\\/levasseur.org\\\/wp-content\\\/uploads\\\/2019\\\/04\\\/tng_english.jpg\",\"datePublished\":\"2019-03-31T23:39:59+00:00\",\"dateModified\":\"2021-10-17T13:49:26+00:00\",\"description\":\"L\u2019Association des Levasseur et Carmel d\u2019Am\u00e9rique vous permet de consulter : documents historiques concernant les anc\u00eatres Jean, Pierre et Laurent Levasseur arriv\u00e9s en Nouvelle-France au 17e si\u00e8cle. Informations, objectifs, activit\u00e9s et rassemblements.\",\"breadcrumb\":{\"@id\":\"https:\\\/\\\/levasseur.org\\\/en\\\/nos-bases-de-donnes\\\/#breadcrumb\"},\"inLanguage\":\"en-US\",\"potentialAction\":[{\"@type\":\"ReadAction\",\"target\":[\"https:\\\/\\\/levasseur.org\\\/en\\\/nos-bases-de-donnes\\\/\"]}]},{\"@type\":\"ImageObject\",\"inLanguage\":\"en-US\",\"@id\":\"https:\\\/\\\/levasseur.org\\\/en\\\/nos-bases-de-donnes\\\/#primaryimage\",\"url\":\"https:\\\/\\\/levasseur.org\\\/wp-content\\\/uploads\\\/2019\\\/04\\\/tng_english.jpg\",\"contentUrl\":\"https:\\\/\\\/levasseur.org\\\/wp-content\\\/uploads\\\/2019\\\/04\\\/tng_english.jpg\"},{\"@type\":\"BreadcrumbList\",\"@id\":\"https:\\\/\\\/levasseur.org\\\/en\\\/nos-bases-de-donnes\\\/#breadcrumb\",\"itemListElement\":[{\"@type\":\"ListItem\",\"position\":1,\"name\":\"Accueil\",\"item\":\"https:\\\/\\\/levasseur.org\\\/en\\\/\"},{\"@type\":\"ListItem\",\"position\":2,\"name\":\"Our database\"}]},{\"@type\":\"WebSite\",\"@id\":\"https:\\\/\\\/levasseur.org\\\/fr\\\/#website\",\"url\":\"https:\\\/\\\/levasseur.org\\\/fr\\\/\",\"name\":\"Familles Levasseur & Carmel\",\"description\":\"Du mieux que je puis\",\"publisher\":{\"@id\":\"https:\\\/\\\/levasseur.org\\\/fr\\\/#organization\"},\"potentialAction\":[{\"@type\":\"SearchAction\",\"target\":{\"@type\":\"EntryPoint\",\"urlTemplate\":\"https:\\\/\\\/levasseur.org\\\/fr\\\/?s={search_term_string}\"},\"query-input\":{\"@type\":\"PropertyValueSpecification\",\"valueRequired\":true,\"valueName\":\"search_term_string\"}}],\"inLanguage\":\"en-US\"},{\"@type\":\"Organization\",\"@id\":\"https:\\\/\\\/levasseur.org\\\/fr\\\/#organization\",\"name\":\"Association des Levasseur d'Am\u00e9rique\",\"url\":\"https:\\\/\\\/levasseur.org\\\/fr\\\/\",\"logo\":{\"@type\":\"ImageObject\",\"inLanguage\":\"en-US\",\"@id\":\"https:\\\/\\\/levasseur.org\\\/fr\\\/#\\\/schema\\\/logo\\\/image\\\/\",\"url\":\"https:\\\/\\\/levasseur.org\\\/wp-content\\\/uploads\\\/2019\\\/04\\\/blason_nouv.gif\",\"contentUrl\":\"https:\\\/\\\/levasseur.org\\\/wp-content\\\/uploads\\\/2019\\\/04\\\/blason_nouv.gif\",\"width\":500,\"height\":487,\"caption\":\"Association des Levasseur d'Am\u00e9rique\"},\"image\":{\"@id\":\"https:\\\/\\\/levasseur.org\\\/fr\\\/#\\\/schema\\\/logo\\\/image\\\/\"},\"sameAs\":[\"https:\\\/\\\/www.facebook.com\\\/associationlevasseur\"]}]}<\/script>\n<!-- \/ Yoast SEO plugin. -->","yoast_head_json":{"title":"Our database - Levasseur Association of America Inc","description":"L\u2019Association des Levasseur et Carmel d\u2019Am\u00e9rique vous permet de consulter : documents historiques concernant les anc\u00eatres Jean, Pierre et Laurent Levasseur arriv\u00e9s en Nouvelle-France au 17e si\u00e8cle. Informations, objectifs, activit\u00e9s et rassemblements.","robots":{"index":"index","follow":"follow","max-snippet":"max-snippet:-1","max-image-preview":"max-image-preview:large","max-video-preview":"max-video-preview:-1"},"canonical":"https:\/\/levasseur.org\/en\/nos-bases-de-donnes\/","og_locale":"en_US","og_type":"article","og_title":"Our database - Levasseur Association of America Inc","og_description":"L\u2019Association des Levasseur et Carmel d\u2019Am\u00e9rique vous permet de consulter : documents historiques concernant les anc\u00eatres Jean, Pierre et Laurent Levasseur arriv\u00e9s en Nouvelle-France au 17e si\u00e8cle. Informations, objectifs, activit\u00e9s et rassemblements.","og_url":"https:\/\/levasseur.org\/en\/nos-bases-de-donnes\/","og_site_name":"Levasseur Association of America Inc","article_publisher":"https:\/\/www.facebook.com\/associationlevasseur","article_modified_time":"2021-10-17T13:49:26+00:00","og_image":[{"url":"https:\/\/levasseur.org\/wp-content\/uploads\/2019\/04\/tng_english.jpg","type":"","width":"","height":""}],"twitter_card":"summary_large_image","twitter_misc":{"Est. reading time":"1 minute"},"schema":{"@context":"https:\/\/schema.org","@graph":[{"@type":"WebPage","@id":"https:\/\/levasseur.org\/en\/nos-bases-de-donnes\/","url":"https:\/\/levasseur.org\/en\/nos-bases-de-donnes\/","name":"Our database - Levasseur Association of America Inc","isPartOf":{"@id":"https:\/\/levasseur.org\/fr\/#website"},"primaryImageOfPage":{"@id":"https:\/\/levasseur.org\/en\/nos-bases-de-donnes\/#primaryimage"},"image":{"@id":"https:\/\/levasseur.org\/en\/nos-bases-de-donnes\/#primaryimage"},"thumbnailUrl":"https:\/\/levasseur.org\/wp-content\/uploads\/2019\/04\/tng_english.jpg","datePublished":"2019-03-31T23:39:59+00:00","dateModified":"2021-10-17T13:49:26+00:00","description":"L\u2019Association des Levasseur et Carmel d\u2019Am\u00e9rique vous permet de consulter : documents historiques concernant les anc\u00eatres Jean, Pierre et Laurent Levasseur arriv\u00e9s en Nouvelle-France au 17e si\u00e8cle. Informations, objectifs, activit\u00e9s et rassemblements.","breadcrumb":{"@id":"https:\/\/levasseur.org\/en\/nos-bases-de-donnes\/#breadcrumb"},"inLanguage":"en-US","potentialAction":[{"@type":"ReadAction","target":["https:\/\/levasseur.org\/en\/nos-bases-de-donnes\/"]}]},{"@type":"ImageObject","inLanguage":"en-US","@id":"https:\/\/levasseur.org\/en\/nos-bases-de-donnes\/#primaryimage","url":"https:\/\/levasseur.org\/wp-content\/uploads\/2019\/04\/tng_english.jpg","contentUrl":"https:\/\/levasseur.org\/wp-content\/uploads\/2019\/04\/tng_english.jpg"},{"@type":"BreadcrumbList","@id":"https:\/\/levasseur.org\/en\/nos-bases-de-donnes\/#breadcrumb","itemListElement":[{"@type":"ListItem","position":1,"name":"Accueil","item":"https:\/\/levasseur.org\/en\/"},{"@type":"ListItem","position":2,"name":"Our database"}]},{"@type":"WebSite","@id":"https:\/\/levasseur.org\/fr\/#website","url":"https:\/\/levasseur.org\/fr\/","name":"Familles Levasseur & Carmel","description":"Du mieux que je puis","publisher":{"@id":"https:\/\/levasseur.org\/fr\/#organization"},"potentialAction":[{"@type":"SearchAction","target":{"@type":"EntryPoint","urlTemplate":"https:\/\/levasseur.org\/fr\/?s={search_term_string}"},"query-input":{"@type":"PropertyValueSpecification","valueRequired":true,"valueName":"search_term_string"}}],"inLanguage":"en-US"},{"@type":"Organization","@id":"https:\/\/levasseur.org\/fr\/#organization","name":"Association des Levasseur d'Am\u00e9rique","url":"https:\/\/levasseur.org\/fr\/","logo":{"@type":"ImageObject","inLanguage":"en-US","@id":"https:\/\/levasseur.org\/fr\/#\/schema\/logo\/image\/","url":"https:\/\/levasseur.org\/wp-content\/uploads\/2019\/04\/blason_nouv.gif","contentUrl":"https:\/\/levasseur.org\/wp-content\/uploads\/2019\/04\/blason_nouv.gif","width":500,"height":487,"caption":"Association des Levasseur d'Am\u00e9rique"},"image":{"@id":"https:\/\/levasseur.org\/fr\/#\/schema\/logo\/image\/"},"sameAs":["https:\/\/www.facebook.com\/associationlevasseur"]}]}},"_links":{"self":[{"href":"https:\/\/levasseur.org\/en\/wp-json\/wp\/v2\/pages\/13241","targetHints":{"allow":["GET"]}}],"collection":[{"href":"https:\/\/levasseur.org\/en\/wp-json\/wp\/v2\/pages"}],"about":[{"href":"https:\/\/levasseur.org\/en\/wp-json\/wp\/v2\/types\/page"}],"author":[{"embeddable":true,"href":"https:\/\/levasseur.org\/en\/wp-json\/wp\/v2\/users\/1"}],"replies":[{"embeddable":true,"href":"https:\/\/levasseur.org\/en\/wp-json\/wp\/v2\/comments?post=13241"}],"version-history":[{"count":0,"href":"https:\/\/levasseur.org\/en\/wp-json\/wp\/v2\/pages\/13241\/revisions"}],"wp:attachment":[{"href":"https:\/\/levasseur.org\/en\/wp-json\/wp\/v2\/media?parent=13241"}],"curies":[{"name":"wp","href":"https:\/\/api.w.org\/{rel}","templated":true}]}}